{"id":5696,"date":"2025-07-24T07:51:02","date_gmt":"2025-07-24T07:51:02","guid":{"rendered":"https:\/\/puffvapestore.com\/?post_type=product&#038;p=5696"},"modified":"2026-01-19T10:54:36","modified_gmt":"2026-01-19T10:54:36","slug":"blue-razz-ice-strawberry-watermelon-watermelon-ice-bang-king-85000-3-en-1","status":"publish","type":"product","link":"https:\/\/puffvapestore.com\/pt\/product\/blue-razz-ice-morango-melancia-melancia-ice-bang-king-85000-3-em-1\/","title":{"rendered":"Blue Razz Ice &amp; Strawberry Watermelon &amp; Watermelon Ice - Bang King Triple 85000 3 em 1"},"content":{"rendered":"<div data-elementor-type=\"wp-post\" data-elementor-id=\"5696\" class=\"elementor elementor-5696\">\n\t\t\t\t<div class=\"elementor-element elementor-element-08c26f9 e-flex e-con-boxed e-con e-parent\" data-id=\"08c26f9\" data-element_type=\"container\" data-e-type=\"container\">\n\t\t\t\t\t<div class=\"e-con-inner\">\n\t\t\t\t<div class=\"elementor-element elementor-element-a005a97 elementor-widget elementor-widget-text-editor\" data-id=\"a005a97\" data-element_type=\"widget\" data-e-type=\"widget\" data-widget_type=\"text-editor.default\">\n\t\t\t\t<div class=\"elementor-widget-container\">\n\t\t\t\t\t\t\t\t\t<p>O sabor Blue Razz Ice oferece um aroma poderoso de mirtilo e framboesa, combinado com um toque de menta fresca, como um copo de sumo gelado na praia de Marselha no ver\u00e3o, dissipando instantaneamente o calor. O sabor Morango Melancia \u00e9 uma do\u00e7ura suave e complexa, onde a do\u00e7ura dos morangos e a frescura da melancia se misturam na boca, como nos campos da Proven\u00e7a, onde o sol brilha \u00e0 sombra das \u00e1rvores e a do\u00e7ura \u00e9 omnipresente. O sabor Iced Watermelon \u00e9 ainda mais fresco e puro, combinando na perfei\u00e7\u00e3o o sabor sumarento da melancia com a sua frescura. Depois de uma inala\u00e7\u00e3o, sentir-se-\u00e1 como se estivesse no Sena, em Paris, embalado pela brisa e relaxado.<\/p><p>Basta utilizar o seletor de sabores do cigarro eletr\u00f3nico para escolher entre os tr\u00eas sabores dispon\u00edveis e satisfazer os seus desejos mais exigentes. A vida oferece mais do que um sabor, e o seu cigarro eletr\u00f3nico n\u00e3o deve oferecer-lhe uma \u00fanica escolha.<\/p><p>O Bang King 85000 Blue Razz Ice &amp; Strawberry Watermelon &amp; Watermelon Ice 3 em 1 Triple Flavour est\u00e1 equipado com uma bateria de l\u00edtio recarreg\u00e1vel de 600 mAh de alto desempenho e suporta carregamento r\u00e1pido via USB-C, proporcionando-lhe uma experi\u00eancia de vape est\u00e1vel e duradoura. Mesmo os utilizadores intensivos podem gerir facilmente a utiliza\u00e7\u00e3o di\u00e1ria sem a necessidade de recargas frequentes.<\/p><p>Equipado com um ecr\u00e3 OLED inteligente e de alta defini\u00e7\u00e3o, mostra o n\u00edvel da bateria e a quantidade de e-l\u00edquido restante em tempo real. Os utilizadores podem ver intuitivamente o estado do dispositivo, o que lhes permite carregar antecipadamente e mudar de sabor \u00e0 vontade.<\/p><h2>Tr\u00eas sabores numa s\u00f3 m\u00e1quina<\/h2><p>O Bang King 85000 Blue Razz Ice &amp; Strawberry Watermelon &amp; Watermelon Ice possui um dep\u00f3sito original com tr\u00eas e-l\u00edquidos, cada um dos quais pode ser injetado independentemente com diferentes sabores de e-l\u00edquidos, para uma capacidade total de at\u00e9 63 ml (21 ml por dep\u00f3sito). O seletor de sabores permite-lhe mudar livremente de sabor em qualquer altura, sem alterar o dispositivo ou o cartucho, para satisfazer todas as suas necessidades.<\/p><p>Cada cigarro eletr\u00f3nico Bang King Triple 85000 Blue Razz Ice &amp; Strawberry Watermelon &amp; Watermelon Ice oferece at\u00e9 85.000 baforadas de fumo, e cada sabor cerca de 28.300 baforadas de forma independente. Vers\u00e1til e dur\u00e1vel, \u00e9 o cigarro eletr\u00f3nico de alta capacidade l\u00edder no mercado.<\/p><h2>Tr\u00eas conjuntos de resist\u00eancias de malha independentes de 1,0 \u03a9<\/h2><p>O Bang King 85000 Blue Razz Ice &amp; Strawberry Watermelon &amp; Watermelon Ice 3 em 1 Triple Flavor est\u00e1 equipado com tr\u00eas conjuntos de resist\u00eancias de malha independentes integradas de 1,0 \u03a9, que alimentam os respectivos dep\u00f3sitos com e-l\u00edquido, preservando a pureza de cada sabor e melhorando a uniformidade da atomiza\u00e7\u00e3o e a riqueza do sabor. Sem mistura de sabores, \u00e9 a escolha ideal para a derradeira experi\u00eancia de sabor.<\/p><h2>V\u00e1rias op\u00e7\u00f5es de concentra\u00e7\u00e3o de nicotina<\/h2><p>Para satisfazer as necessidades de cada utilizador, o Bang King Triple 85000 Blue Razz Ice &amp; Strawberry Watermelon &amp; Watermelon Ice oferece quatro op\u00e7\u00f5es de concentra\u00e7\u00e3o de nicotina:<\/p><p>0 % (vers\u00e3o sem nicotina, ideal para os adeptos dos cigarros electr\u00f3nicos que desejam a melhor experi\u00eancia de sabor poss\u00edvel)<\/p><p>2 %, 3 %, 5 % (v\u00e1rias concentra\u00e7\u00f5es de nicotina dispon\u00edveis)<\/p><p>Escolha a intensidade que mais lhe conv\u00e9m, desde uma redu\u00e7\u00e3o f\u00e1cil at\u00e9 um sabor refrescante e satisfat\u00f3rio.<\/p><p>Em viagem, numa festa ou em casa, a grande capacidade e a sele\u00e7\u00e3o de sabores da Bang King Triple 85000 Blue Razz Ice &amp; Strawberry Watermelon &amp; Watermelon Ice adaptam-se a todas as necessidades, seja qual for o ambiente. Combinado com um design industrial requintado e uma disposi\u00e7\u00e3o ergon\u00f3mica, alia funcionalidade e est\u00e9tica.<\/p><h2>Especifica\u00e7\u00f5es para Bang King 85000 Blue Razz Ice &amp; Strawberry Watermelon &amp; Watermelon Ice 3 em 1 Triplo Sabor<\/h2><p>Volume m\u00e1ximo de baforadas: 85.000 baforadas (aproximadamente 28.300 baforadas por sabor)<\/p><p>Capacidade total de e-l\u00edquido: 63 ml (3 x 21 ml)<\/p><p>Capacidade da bateria: 600 mAh, recarreg\u00e1vel<\/p><p>Carregamento r\u00e1pido: interface USB-C<\/p><p>Configura\u00e7\u00e3o da resist\u00eancia: tr\u00eas conjuntos de resist\u00eancias de malha independentes de 1,0 \u03a9<\/p><p>Op\u00e7\u00f5es de concentra\u00e7\u00e3o de nicotina: 0 %, 2 %, 3 %, 5 %<\/p><p>Fun\u00e7\u00e3o de visualiza\u00e7\u00e3o: ecr\u00e3 OLED (apresenta a carga da bateria e a quantidade de e-l\u00edquido restante)<\/p><p>Carater\u00edsticas principais: altern\u00e2ncia f\u00e1cil entre tr\u00eas sabores, sem sobreposi\u00e7\u00e3o de sabores<\/p>\t\t\t\t\t\t\t\t<\/div>\n\t\t\t\t<\/div>\n\t\t\t\t\t<\/div>\n\t\t\t\t<\/div>\n\t\t\t\t<\/div>","protected":false},"excerpt":{"rendered":"<p>La saveur Blue Razz Ice offre un ar\u00f4me puissant de myrtille et de framboise, associ\u00e9 \u00e0 une touche de menthe fra\u00eeche, comme un verre de jus glac\u00e9 sur la plage de Marseille en \u00e9t\u00e9, dissipant instantan\u00e9ment la chaleur. La saveur Fraise Past\u00e8que est une douceur douce et complexe, o\u00f9 la douceur des fraises et la [&hellip;]<\/p>\n","protected":false},"featured_media":5390,"comment_status":"open","ping_status":"closed","template":"","meta":{"site-sidebar-layout":"no-sidebar","site-content-layout":"page-builder","ast-site-content-layout":"normal-width-container","site-content-style":"default","site-sidebar-style":"default","ast-global-header-display":"","ast-banner-title-visibility":"","ast-main-header-display":"","ast-hfb-above-header-display":"","ast-hfb-below-header-display":"","ast-hfb-mobile-header-display":"","site-post-title":"disabled","ast-breadcrumbs-content":"","ast-featured-img":"disabled","footer-sml-layout":"","ast-disable-related-posts":"","theme-transparent-header-meta":"default","adv-header-id-meta":"","stick-header-meta":"default","header-above-stick-meta":"","header-main-stick-meta":"","header-below-stick-meta":"","astra-migrate-meta-layouts":"set","ast-page-background-enabled":"default","ast-page-background-meta":{"desktop":{"background-color":"","background-image":"","background-repeat":"repeat","background-position":"center center","background-size":"auto","background-attachment":"scroll","background-type":"","background-media":"","overlay-type":"","overlay-color":"","overlay-opacity":"","overlay-gradient":""},"tablet":{"background-color":"","background-image":"","background-repeat":"repeat","background-position":"center center","background-size":"auto","background-attachment":"scroll","background-type":"","background-media":"","overlay-type":"","overlay-color":"","overlay-opacity":"","overlay-gradient":""},"mobile":{"background-color":"","background-image":"","background-repeat":"repeat","background-position":"center center","background-size":"auto","background-attachment":"scroll","background-type":"","background-media":"","overlay-type":"","overlay-color":"","overlay-opacity":"","overlay-gradient":""}},"ast-content-background-meta":{"desktop":{"background-color":"var(--ast-global-color-5)","background-image":"","background-repeat":"repeat","background-position":"center center","background-size":"auto","background-attachment":"scroll","background-type":"","background-media":"","overlay-type":"","overlay-color":"","overlay-opacity":"","overlay-gradient":""},"tablet":{"background-color":"var(--ast-global-color-5)","background-image":"","background-repeat":"repeat","background-position":"center center","background-size":"auto","background-attachment":"scroll","background-type":"","background-media":"","overlay-type":"","overlay-color":"","overlay-opacity":"","overlay-gradient":""},"mobile":{"background-color":"var(--ast-global-color-5)","background-image":"","background-repeat":"repeat","background-position":"center center","background-size":"auto","background-attachment":"scroll","background-type":"","background-media":"","overlay-type":"","overlay-color":"","overlay-opacity":"","overlay-gradient":""}}},"product_brand":[52],"product_cat":[51,107,15],"product_tag":[],"class_list":{"0":"post-5696","1":"product","2":"type-product","3":"status-publish","4":"has-post-thumbnail","6":"product_brand-bang-king","7":"product_cat-bang-king-triple-85000-trois-saveurs-en-une","8":"product_cat-puff-85k","9":"product_cat-magasin-cigarette-electronique","10":"desktop-align-center","11":"tablet-align-center","12":"mobile-align-center","13":"ast-product-gallery-layout-horizontal","14":"ast-product-gallery-with-no-image","15":"ast-product-single-variable","16":"ast-product-tabs-layout-horizontal","17":"ast-qv-on-image","19":"first","20":"instock","21":"sale","22":"shipping-taxable","23":"purchasable","24":"product-type-variable","25":"has-default-attributes"},"tiered_pricing_type":"fixed","tiered_pricing_fixed_rules":[],"tiered_pricing_product_settings":{"layout":"default","base_unit_name":{"singular":null,"plural":null},"default_variation":null},"tiered_pricing_minimum_quantity":null,"tiered_pricing_roles_data":[],"tiered_pricing_percentage_rules":[],"_links":{"self":[{"href":"https:\/\/puffvapestore.com\/pt\/wp-json\/wp\/v2\/product\/5696","targetHints":{"allow":["GET"]}}],"collection":[{"href":"https:\/\/puffvapestore.com\/pt\/wp-json\/wp\/v2\/product"}],"about":[{"href":"https:\/\/puffvapestore.com\/pt\/wp-json\/wp\/v2\/types\/product"}],"replies":[{"embeddable":true,"href":"https:\/\/puffvapestore.com\/pt\/wp-json\/wp\/v2\/comments?post=5696"}],"version-history":[{"count":8,"href":"https:\/\/puffvapestore.com\/pt\/wp-json\/wp\/v2\/product\/5696\/revisions"}],"predecessor-version":[{"id":10709,"href":"https:\/\/puffvapestore.com\/pt\/wp-json\/wp\/v2\/product\/5696\/revisions\/10709"}],"wp:featuredmedia":[{"embeddable":true,"href":"https:\/\/puffvapestore.com\/pt\/wp-json\/wp\/v2\/media\/5390"}],"wp:attachment":[{"href":"https:\/\/puffvapestore.com\/pt\/wp-json\/wp\/v2\/media?parent=5696"}],"wp:term":[{"taxonomy":"product_brand","embeddable":true,"href":"https:\/\/puffvapestore.com\/pt\/wp-json\/wp\/v2\/product_brand?post=5696"},{"taxonomy":"product_cat","embeddable":true,"href":"https:\/\/puffvapestore.com\/pt\/wp-json\/wp\/v2\/product_cat?post=5696"},{"taxonomy":"product_tag","embeddable":true,"href":"https:\/\/puffvapestore.com\/pt\/wp-json\/wp\/v2\/product_tag?post=5696"}],"curies":[{"name":"wp","href":"https:\/\/api.w.org\/{rel}","templated":true}]}}