{"id":5680,"date":"2025-07-24T05:37:12","date_gmt":"2025-07-24T05:37:12","guid":{"rendered":"https:\/\/puffvapestore.com\/?post_type=product&#038;p=5680"},"modified":"2026-01-19T10:54:36","modified_gmt":"2026-01-19T10:54:36","slug":"kiwi-passion-fruit-guava-lush-ice-straw-mango-bang-king-85k-un-plaisir-et-un-soulagement-instantanes","status":"publish","type":"product","link":"https:\/\/puffvapestore.com\/pt\/product\/kiwi-maracuja-goiaba-gelo-exuberante-palha-manga-bang-king-85k-prazer-e-alivio-imediatos\/","title":{"rendered":"Kiwi Maracuj\u00e1 Goiaba &amp; Lush Ice &amp; Straw Manga - Bang King Triplo 85000 3 em 1"},"content":{"rendered":"<div data-elementor-type=\"wp-post\" data-elementor-id=\"5680\" class=\"elementor elementor-5680\">\n\t\t\t\t<div class=\"elementor-element elementor-element-08c26f9 e-flex e-con-boxed e-con e-parent\" data-id=\"08c26f9\" data-element_type=\"container\" data-e-type=\"container\">\n\t\t\t\t\t<div class=\"e-con-inner\">\n\t\t\t\t<div class=\"elementor-element elementor-element-a005a97 elementor-widget elementor-widget-text-editor\" data-id=\"a005a97\" data-element_type=\"widget\" data-e-type=\"widget\" data-widget_type=\"text-editor.default\">\n\t\t\t\t<div class=\"elementor-widget-container\">\n\t\t\t\t\t\t\t\t\t<p>Os tr\u00eas sabores Kiwi Maracuj\u00e1 Goiaba &amp; Lush Ice &amp; Straw Manga incorporam o poder dos aromas de frutos tropicais, a frescura da menta fresca e a suavidade da polpa de fruta doce. Gra\u00e7as ao seletor inteligente, pode mudar de sabor instantaneamente ajustando simplesmente o seletor, transformando cada inala\u00e7\u00e3o numa verdadeira viagem.<\/p><h2>Kiwi Maracuj\u00e1 Goiaba<\/h2><p>Este trio tropical \u00fanico combina kiwi doce e \u00e1cido, maracuj\u00e1 perfumado e goiaba sumarenta para um sabor intenso e complexo. Sentado na sua varanda ao p\u00f4r do sol, d\u00ea uma passa neste cigarro eletr\u00f3nico aromatizado e sentir-se-\u00e1 como se estivesse numa praia da Martinica, deixando os seus pensamentos flutuar ao vento.<\/p><h2>Gelo exuberante<\/h2><p>A do\u00e7ura da melancia \u00e9 delicadamente envolvida pela frescura da menta, refrescando as suas papilas gustativas. Este cigarro eletr\u00f3nico com sabor a Lush Ice \u00e9 ideal para relaxar durante a tarde, especialmente no ver\u00e3o. Saia do caf\u00e9 e d\u00ea uma passa de Lush Ice, como uma brisa fresca no seu rosto.<\/p><h2>Manga de palha<\/h2><p>A combina\u00e7\u00e3o de manga cremosa e morango picante \u00e9 como um batido caseiro. Depois de uma bebida ou de um momento de leitura, inspire Straw Mango para um momento de relaxamento e prazer.<\/p><p>O Bang King 85000 Kiwi Passion Fruit Guava &amp; Lush Ice &amp; Straw Mango 3 em 1 Triple Flavour est\u00e1 equipado com uma bateria de l\u00edtio recarreg\u00e1vel de 600 mAh de alto desempenho e suporta carregamento r\u00e1pido via USB-C, proporcionando-lhe uma experi\u00eancia de vapor est\u00e1vel e duradoura. Mesmo os utilizadores intensivos podem gerir facilmente a utiliza\u00e7\u00e3o di\u00e1ria sem a necessidade de recargas frequentes.<\/p><p>Equipado com um ecr\u00e3 OLED inteligente e de alta defini\u00e7\u00e3o, mostra o n\u00edvel da bateria e a quantidade de e-l\u00edquido restante em tempo real. Os utilizadores podem ver intuitivamente o estado do dispositivo, o que lhes permite carregar antecipadamente e mudar de sabor \u00e0 vontade.<\/p><h2>Tr\u00eas sabores numa s\u00f3 m\u00e1quina<\/h2><p>O Bang King 85000 Kiwi Passion Fruit Guava &amp; Lush Ice &amp; Straw Mango possui um dep\u00f3sito original com tr\u00eas e-l\u00edquidos, cada um dos quais pode ser injetado independentemente com diferentes sabores de e-l\u00edquidos, para uma capacidade total de at\u00e9 63 ml (21 ml por dep\u00f3sito). O seletor de sabores permite-lhe mudar livremente de sabor em qualquer altura, sem mudar de dispositivo ou de cartucho, para satisfazer todas as suas necessidades.<\/p><p>Cada cigarro eletr\u00f3nico Bang King Triple 85000 Kiwi Passion Fruit Guava &amp; Lush Ice &amp; Straw Mango oferece at\u00e9 85.000 baforadas de fumo, e cada sabor cerca de 28.300 baforadas independentemente. Vers\u00e1til e duradouro, \u00e9 o cigarro eletr\u00f3nico de alta capacidade l\u00edder no mercado.<\/p><h2>Tr\u00eas conjuntos de resist\u00eancias de malha independentes de 1,0 \u03a9<\/h2><p>O Bang King 85000 Kiwi Maracuj\u00e1 Goiaba &amp; Lush Ice &amp; Straw Manga 3 em 1 Triplo Sabor est\u00e1 equipado com tr\u00eas conjuntos de resist\u00eancias de malha independentes integradas de 1,0 \u03a9, que alimentam os respectivos dep\u00f3sitos com e-l\u00edquido, preservando a pureza de cada sabor e melhorando a uniformidade da atomiza\u00e7\u00e3o e a riqueza do sabor. Sem mistura de sabores, \u00e9 a escolha ideal para a derradeira experi\u00eancia de sabor.<\/p><h2>V\u00e1rias op\u00e7\u00f5es de concentra\u00e7\u00e3o de nicotina<\/h2><p>Para satisfazer as necessidades de cada utilizador, o Bang King Triple 85000 Kiwi Passion Fruit Guava &amp; Lush Ice &amp; Straw Mango oferece quatro op\u00e7\u00f5es de concentra\u00e7\u00e3o de nicotina:<\/p><p>0 % (vers\u00e3o sem nicotina, ideal para os adeptos dos cigarros electr\u00f3nicos que desejam a melhor experi\u00eancia de sabor poss\u00edvel)<\/p><p>2 %, 3 %, 5 % (v\u00e1rias concentra\u00e7\u00f5es de nicotina dispon\u00edveis)<\/p><p>Escolha a intensidade que mais lhe conv\u00e9m, desde uma redu\u00e7\u00e3o f\u00e1cil at\u00e9 um sabor refrescante e satisfat\u00f3rio.<\/p><p>Em viagem, numa festa ou em casa, a grande capacidade e a sele\u00e7\u00e3o de sabores da Bang King Triple 85000 Kiwi Maracuj\u00e1 Goiaba &amp; Lush Ice &amp; Straw Manga adaptam-se a todas as necessidades, seja qual for o ambiente. Combinado com um design industrial requintado e um conceito ergon\u00f3mico, combina funcionalidade e est\u00e9tica.<\/p><h2>Especifica\u00e7\u00f5es do Bang King 85000 3 em 1 Triplo Sabor<\/h2><p>Volume m\u00e1ximo de baforadas: 85.000 baforadas (aproximadamente 28.300 baforadas por sabor)<\/p><p>Capacidade total de e-l\u00edquido: 63 ml (3 x 21 ml)<\/p><p>Capacidade da bateria: 600 mAh, recarreg\u00e1vel<\/p><p>Carregamento r\u00e1pido: interface USB-C<\/p><p>Configura\u00e7\u00e3o da resist\u00eancia: tr\u00eas conjuntos de resist\u00eancias de malha independentes de 1,0 \u03a9<\/p><p>Op\u00e7\u00f5es de concentra\u00e7\u00e3o de nicotina: 0 %, 2 %, 3 %, 5 %<\/p><p>Fun\u00e7\u00e3o de visualiza\u00e7\u00e3o: ecr\u00e3 OLED (apresenta a carga da bateria e a quantidade de e-l\u00edquido restante)<\/p><p>Carater\u00edsticas principais: altern\u00e2ncia f\u00e1cil entre tr\u00eas sabores, sem sobreposi\u00e7\u00e3o de sabores<\/p>\t\t\t\t\t\t\t\t<\/div>\n\t\t\t\t<\/div>\n\t\t\t\t\t<\/div>\n\t\t\t\t<\/div>\n\t\t\t\t<\/div>","protected":false},"excerpt":{"rendered":"<p>Les trois saveurs Kiwi Passion Fruit Guava &amp; Lush Ice &amp; Straw Mango incarnent la puissance des ar\u00f4mes de fruits tropicaux, la fra\u00eecheur de la menthe fra\u00eeche et la douceur de la pulpe de fruit sucr\u00e9e. Gr\u00e2ce au s\u00e9lecteur intelligent, vous pouvez changer de saveur instantan\u00e9ment en ajustant simplement le s\u00e9lecteur, transformant chaque inhalation en [&hellip;]<\/p>\n","protected":false},"featured_media":5395,"comment_status":"open","ping_status":"closed","template":"","meta":{"site-sidebar-layout":"no-sidebar","site-content-layout":"page-builder","ast-site-content-layout":"normal-width-container","site-content-style":"default","site-sidebar-style":"default","ast-global-header-display":"","ast-banner-title-visibility":"","ast-main-header-display":"","ast-hfb-above-header-display":"","ast-hfb-below-header-display":"","ast-hfb-mobile-header-display":"","site-post-title":"disabled","ast-breadcrumbs-content":"","ast-featured-img":"disabled","footer-sml-layout":"","ast-disable-related-posts":"","theme-transparent-header-meta":"default","adv-header-id-meta":"","stick-header-meta":"default","header-above-stick-meta":"","header-main-stick-meta":"","header-below-stick-meta":"","astra-migrate-meta-layouts":"set","ast-page-background-enabled":"default","ast-page-background-meta":{"desktop":{"background-color":"","background-image":"","background-repeat":"repeat","background-position":"center center","background-size":"auto","background-attachment":"scroll","background-type":"","background-media":"","overlay-type":"","overlay-color":"","overlay-opacity":"","overlay-gradient":""},"tablet":{"background-color":"","background-image":"","background-repeat":"repeat","background-position":"center center","background-size":"auto","background-attachment":"scroll","background-type":"","background-media":"","overlay-type":"","overlay-color":"","overlay-opacity":"","overlay-gradient":""},"mobile":{"background-color":"","background-image":"","background-repeat":"repeat","background-position":"center center","background-size":"auto","background-attachment":"scroll","background-type":"","background-media":"","overlay-type":"","overlay-color":"","overlay-opacity":"","overlay-gradient":""}},"ast-content-background-meta":{"desktop":{"background-color":"var(--ast-global-color-5)","background-image":"","background-repeat":"repeat","background-position":"center center","background-size":"auto","background-attachment":"scroll","background-type":"","background-media":"","overlay-type":"","overlay-color":"","overlay-opacity":"","overlay-gradient":""},"tablet":{"background-color":"var(--ast-global-color-5)","background-image":"","background-repeat":"repeat","background-position":"center center","background-size":"auto","background-attachment":"scroll","background-type":"","background-media":"","overlay-type":"","overlay-color":"","overlay-opacity":"","overlay-gradient":""},"mobile":{"background-color":"var(--ast-global-color-5)","background-image":"","background-repeat":"repeat","background-position":"center center","background-size":"auto","background-attachment":"scroll","background-type":"","background-media":"","overlay-type":"","overlay-color":"","overlay-opacity":"","overlay-gradient":""}}},"product_brand":[52],"product_cat":[51,107,15],"product_tag":[],"class_list":{"0":"post-5680","1":"product","2":"type-product","3":"status-publish","4":"has-post-thumbnail","6":"product_brand-bang-king","7":"product_cat-bang-king-triple-85000-trois-saveurs-en-une","8":"product_cat-puff-85k","9":"product_cat-magasin-cigarette-electronique","10":"desktop-align-center","11":"tablet-align-center","12":"mobile-align-center","13":"ast-product-gallery-layout-horizontal","14":"ast-product-gallery-with-no-image","15":"ast-product-single-variable","16":"ast-product-tabs-layout-horizontal","17":"ast-qv-on-image","19":"first","20":"instock","21":"sale","22":"shipping-taxable","23":"purchasable","24":"product-type-variable","25":"has-default-attributes"},"tiered_pricing_type":"fixed","tiered_pricing_fixed_rules":[],"tiered_pricing_product_settings":{"layout":"default","base_unit_name":{"singular":null,"plural":null},"default_variation":null},"tiered_pricing_minimum_quantity":null,"tiered_pricing_roles_data":[],"tiered_pricing_percentage_rules":[],"_links":{"self":[{"href":"https:\/\/puffvapestore.com\/pt\/wp-json\/wp\/v2\/product\/5680","targetHints":{"allow":["GET"]}}],"collection":[{"href":"https:\/\/puffvapestore.com\/pt\/wp-json\/wp\/v2\/product"}],"about":[{"href":"https:\/\/puffvapestore.com\/pt\/wp-json\/wp\/v2\/types\/product"}],"replies":[{"embeddable":true,"href":"https:\/\/puffvapestore.com\/pt\/wp-json\/wp\/v2\/comments?post=5680"}],"version-history":[{"count":12,"href":"https:\/\/puffvapestore.com\/pt\/wp-json\/wp\/v2\/product\/5680\/revisions"}],"predecessor-version":[{"id":10708,"href":"https:\/\/puffvapestore.com\/pt\/wp-json\/wp\/v2\/product\/5680\/revisions\/10708"}],"wp:featuredmedia":[{"embeddable":true,"href":"https:\/\/puffvapestore.com\/pt\/wp-json\/wp\/v2\/media\/5395"}],"wp:attachment":[{"href":"https:\/\/puffvapestore.com\/pt\/wp-json\/wp\/v2\/media?parent=5680"}],"wp:term":[{"taxonomy":"product_brand","embeddable":true,"href":"https:\/\/puffvapestore.com\/pt\/wp-json\/wp\/v2\/product_brand?post=5680"},{"taxonomy":"product_cat","embeddable":true,"href":"https:\/\/puffvapestore.com\/pt\/wp-json\/wp\/v2\/product_cat?post=5680"},{"taxonomy":"product_tag","embeddable":true,"href":"https:\/\/puffvapestore.com\/pt\/wp-json\/wp\/v2\/product_tag?post=5680"}],"curies":[{"name":"wp","href":"https:\/\/api.w.org\/{rel}","templated":true}]}}