{"id":5650,"date":"2025-07-23T10:11:33","date_gmt":"2025-07-23T10:11:33","guid":{"rendered":"https:\/\/puffvapestore.com\/?post_type=product&#038;p=5650"},"modified":"2026-01-19T10:54:36","modified_gmt":"2026-01-19T10:54:36","slug":"double-apple-pineapple-ice-fruity-fusion-bang-king-85000-3-en-1-triple-saveur","status":"publish","type":"product","link":"https:\/\/puffvapestore.com\/pt\/product\/dupla-maca-ananas-gelo-frutado-fusion-bang-king-85000-3-em-1-sabor-triplo\/","title":{"rendered":"Double Apple &amp; Pineapple Ice &amp; Fruity Fusion - Bang King 85000 3 em 1 Triplo Sabor"},"content":{"rendered":"<div data-elementor-type=\"wp-post\" data-elementor-id=\"5650\" class=\"elementor elementor-5650\">\n\t\t\t\t<div class=\"elementor-element elementor-element-08c26f9 e-flex e-con-boxed e-con e-parent\" data-id=\"08c26f9\" data-element_type=\"container\" data-e-type=\"container\">\n\t\t\t\t\t<div class=\"e-con-inner\">\n\t\t\t\t<div class=\"elementor-element elementor-element-a005a97 elementor-widget elementor-widget-text-editor\" data-id=\"a005a97\" data-element_type=\"widget\" data-e-type=\"widget\" data-widget_type=\"text-editor.default\">\n\t\t\t\t<div class=\"elementor-widget-container\">\n\t\t\t\t\t\t\t\t\t<p>A combina\u00e7\u00e3o \u00abDouble Apple &amp; Glazed Pineapple &amp; Fruity Fusion\u00bb tornou-se a escolha ideal para os habitantes da cidade que querem relaxar gra\u00e7as ao seu sabor refrescante, rico e ex\u00f3tico.<\/p><h2>Este aroma triplo frutado \u00fanico combina :<\/h2><p>Double Apple: um aroma agridoce, t\u00edpico do narguil\u00e9, fonte de inspira\u00e7\u00e3o frequente na cultura francesa do caf\u00e9.<\/p><p>Iced Pineapple: Refrescante e estimulante, com uma ligeira sensa\u00e7\u00e3o de gelo, como um anan\u00e1s fresco esmagado no Mediterr\u00e2neo, para uma sensa\u00e7\u00e3o imediata de frescura.<\/p><p>Fus\u00e3o frutada: Uma variedade de frutas misturam-se para criar um aroma doce, como um pomar ensolarado, equilibrando a estimula\u00e7\u00e3o e a do\u00e7ura dos dois primeiros sabores.<\/p><p>Quer se trate de um caf\u00e9 expresso \u00e0 tarde numa esplanada em Paris ou de uma noite \u00e0 beira-mar no sul de Fran\u00e7a, esta combina\u00e7\u00e3o de sabores do cigarro eletr\u00f3nico Bang King 85000 evoca prazer sensorial e relaxamento mental.<\/p><h2>Ecr\u00e3 HD inteligente<\/h2><p>O Bang King Triple 85000 Double Apple &amp; Pineapple Ice &amp; Fruity Fusion est\u00e1 equipado com um avan\u00e7ado ecr\u00e3 HD integrado, que oferece uma experi\u00eancia de utiliza\u00e7\u00e3o intuitiva. O ecr\u00e3 apresenta informa\u00e7\u00f5es importantes em tempo real, incluindo a carga restante da bateria e a quantidade de e-l\u00edquido restante, permitindo aos utilizadores monitorizar sempre o estado do dispositivo e otimizar a sua experi\u00eancia.<\/p><h2>Escolha de tr\u00eas sabores e reservat\u00f3rio de \u00f3leo independente<\/h2><p>O Bang King 85000 Double Apple &amp; Pineapple Ice &amp; Fruity Fusion 3 em 1 Triple Flavour integra de forma inovadora tr\u00eas dep\u00f3sitos de e-l\u00edquido independentes, cada um pr\u00e9-carregado com 21 ml de e-l\u00edquido, para uma capacidade total de at\u00e9 63 ml. Um pr\u00e1tico seletor permite-lhe escolher livremente entre tr\u00eas sabores. Cada sabor proporciona at\u00e9 28.300 baforadas e at\u00e9 85.000 baforadas no total, para uma experi\u00eancia de vaporiza\u00e7\u00e3o variada e duradoura.<\/p><p>Para responder \u00e0s necessidades de cada utilizador, o Bang King Triple 85000 Double Apple &amp; Pineapple Ice &amp; Fruity Fusion oferece quatro n\u00edveis de concentra\u00e7\u00e3o de nicotina: 0 % (sem nicotina), 2 %, 3 % e 5 %. Esta flexibilidade permite-lhe escolher a dosagem que melhor se adapta \u00e0s suas prefer\u00eancias, desde fumadores a utilizadores ocasionais.<\/p><p>Este cigarro eletr\u00f3nico est\u00e1 equipado com uma bateria recarreg\u00e1vel de 600 mAh e suporta a tecnologia de carregamento r\u00e1pido USB-C. Isto permite que o dispositivo seja recarregado rapidamente, reduzindo o tempo de espera e garantindo uma disponibilidade constante, o que \u00e9 ideal para uma utiliza\u00e7\u00e3o frequente.<\/p><h2>Configura\u00e7\u00e3o optimizada das resist\u00eancias<\/h2><p>O Bang King Triple 85000 Double Apple &amp; Pineapple Ice &amp; Fruity Fusion adopta uma resist\u00eancia de malha de tr\u00eas n\u00edveis de 1,0 \u03a9, optimizada para uma reprodu\u00e7\u00e3o ideal do sabor e da atomiza\u00e7\u00e3o. A resist\u00eancia de malha assegura um aquecimento uniforme, garantindo um sabor intenso e a produ\u00e7\u00e3o de vapor em cada tragada.<\/p><p>Cada cigarro eletr\u00f3nico Bang King Triple 85000 Double Apple &amp; Pineapple Ice &amp; Fruity Fusion tem uma capacidade total de 63 ml de e-l\u00edquido (3 dep\u00f3sitos de 21 ml cada) e at\u00e9 85.000 baforadas, o que o torna um dos dispositivos mais duradouros do mercado. Quer o utilize todos os dias ou saia durante muito tempo, desfrutar\u00e1 de uma experi\u00eancia de vaporiza\u00e7\u00e3o despreocupada.<\/p>\t\t\t\t\t\t\t\t<\/div>\n\t\t\t\t<\/div>\n\t\t\t\t\t<\/div>\n\t\t\t\t<\/div>\n\t\t\t\t<\/div>","protected":false},"excerpt":{"rendered":"<p>La combinaison \u00ab\u00a0Double Pomme &amp; Ananas Glac\u00e9 &amp; Fusion Fruit\u00e9e\u00a0\u00bb est devenue un choix id\u00e9al pour les citadins qui souhaitent se d\u00e9tendre gr\u00e2ce \u00e0 son go\u00fbt rafra\u00eechissant, riche et exotique. Ce triple ar\u00f4me fruit\u00e9 unique combine\u00a0: Double Pomme\u00a0: un ar\u00f4me aigre-doux, typique du narguil\u00e9, une source d&rsquo;inspiration fr\u00e9quente dans la culture des caf\u00e9s fran\u00e7ais. Ananas [&hellip;]<\/p>\n","protected":false},"featured_media":5393,"comment_status":"open","ping_status":"closed","template":"","meta":{"site-sidebar-layout":"no-sidebar","site-content-layout":"page-builder","ast-site-content-layout":"normal-width-container","site-content-style":"default","site-sidebar-style":"default","ast-global-header-display":"","ast-banner-title-visibility":"","ast-main-header-display":"","ast-hfb-above-header-display":"","ast-hfb-below-header-display":"","ast-hfb-mobile-header-display":"","site-post-title":"disabled","ast-breadcrumbs-content":"","ast-featured-img":"disabled","footer-sml-layout":"","ast-disable-related-posts":"","theme-transparent-header-meta":"default","adv-header-id-meta":"","stick-header-meta":"default","header-above-stick-meta":"","header-main-stick-meta":"","header-below-stick-meta":"","astra-migrate-meta-layouts":"set","ast-page-background-enabled":"default","ast-page-background-meta":{"desktop":{"background-color":"","background-image":"","background-repeat":"repeat","background-position":"center center","background-size":"auto","background-attachment":"scroll","background-type":"","background-media":"","overlay-type":"","overlay-color":"","overlay-opacity":"","overlay-gradient":""},"tablet":{"background-color":"","background-image":"","background-repeat":"repeat","background-position":"center center","background-size":"auto","background-attachment":"scroll","background-type":"","background-media":"","overlay-type":"","overlay-color":"","overlay-opacity":"","overlay-gradient":""},"mobile":{"background-color":"","background-image":"","background-repeat":"repeat","background-position":"center center","background-size":"auto","background-attachment":"scroll","background-type":"","background-media":"","overlay-type":"","overlay-color":"","overlay-opacity":"","overlay-gradient":""}},"ast-content-background-meta":{"desktop":{"background-color":"var(--ast-global-color-5)","background-image":"","background-repeat":"repeat","background-position":"center center","background-size":"auto","background-attachment":"scroll","background-type":"","background-media":"","overlay-type":"","overlay-color":"","overlay-opacity":"","overlay-gradient":""},"tablet":{"background-color":"var(--ast-global-color-5)","background-image":"","background-repeat":"repeat","background-position":"center center","background-size":"auto","background-attachment":"scroll","background-type":"","background-media":"","overlay-type":"","overlay-color":"","overlay-opacity":"","overlay-gradient":""},"mobile":{"background-color":"var(--ast-global-color-5)","background-image":"","background-repeat":"repeat","background-position":"center center","background-size":"auto","background-attachment":"scroll","background-type":"","background-media":"","overlay-type":"","overlay-color":"","overlay-opacity":"","overlay-gradient":""}}},"product_brand":[52],"product_cat":[51,107,15],"product_tag":[],"class_list":{"0":"post-5650","1":"product","2":"type-product","3":"status-publish","4":"has-post-thumbnail","6":"product_brand-bang-king","7":"product_cat-bang-king-triple-85000-trois-saveurs-en-une","8":"product_cat-puff-85k","9":"product_cat-magasin-cigarette-electronique","10":"desktop-align-center","11":"tablet-align-center","12":"mobile-align-center","13":"ast-product-gallery-layout-horizontal","14":"ast-product-gallery-with-no-image","15":"ast-product-single-variable","16":"ast-product-tabs-layout-horizontal","17":"ast-qv-on-image","19":"first","20":"instock","21":"sale","22":"shipping-taxable","23":"purchasable","24":"product-type-variable","25":"has-default-attributes"},"tiered_pricing_type":"fixed","tiered_pricing_fixed_rules":[],"tiered_pricing_product_settings":{"layout":"default","base_unit_name":{"singular":null,"plural":null},"default_variation":null},"tiered_pricing_minimum_quantity":null,"tiered_pricing_roles_data":[],"tiered_pricing_percentage_rules":[],"_links":{"self":[{"href":"https:\/\/puffvapestore.com\/pt\/wp-json\/wp\/v2\/product\/5650","targetHints":{"allow":["GET"]}}],"collection":[{"href":"https:\/\/puffvapestore.com\/pt\/wp-json\/wp\/v2\/product"}],"about":[{"href":"https:\/\/puffvapestore.com\/pt\/wp-json\/wp\/v2\/types\/product"}],"replies":[{"embeddable":true,"href":"https:\/\/puffvapestore.com\/pt\/wp-json\/wp\/v2\/comments?post=5650"}],"version-history":[{"count":8,"href":"https:\/\/puffvapestore.com\/pt\/wp-json\/wp\/v2\/product\/5650\/revisions"}],"predecessor-version":[{"id":10699,"href":"https:\/\/puffvapestore.com\/pt\/wp-json\/wp\/v2\/product\/5650\/revisions\/10699"}],"wp:featuredmedia":[{"embeddable":true,"href":"https:\/\/puffvapestore.com\/pt\/wp-json\/wp\/v2\/media\/5393"}],"wp:attachment":[{"href":"https:\/\/puffvapestore.com\/pt\/wp-json\/wp\/v2\/media?parent=5650"}],"wp:term":[{"taxonomy":"product_brand","embeddable":true,"href":"https:\/\/puffvapestore.com\/pt\/wp-json\/wp\/v2\/product_brand?post=5650"},{"taxonomy":"product_cat","embeddable":true,"href":"https:\/\/puffvapestore.com\/pt\/wp-json\/wp\/v2\/product_cat?post=5650"},{"taxonomy":"product_tag","embeddable":true,"href":"https:\/\/puffvapestore.com\/pt\/wp-json\/wp\/v2\/product_tag?post=5650"}],"curies":[{"name":"wp","href":"https:\/\/api.w.org\/{rel}","templated":true}]}}