{"id":5639,"date":"2025-07-23T08:03:48","date_gmt":"2025-07-23T08:03:48","guid":{"rendered":"https:\/\/puffvapestore.com\/?post_type=product&#038;p=5639"},"modified":"2026-01-19T10:54:36","modified_gmt":"2026-01-19T10:54:36","slug":"berry-lemonade-strawberry-red-bull-strawberry-pomp-bang-king-85000-3-en-1","status":"publish","type":"product","link":"https:\/\/puffvapestore.com\/pt\/product\/limonada-de-bagas-morango-red-bull-morango-pompa-bang-king-85000-3-em-1\/","title":{"rendered":"Berry Lemonade &amp; Strawberry Red Bull &amp; Strawberry Pomp - Bang King 85000 3 em 1 Triplo Sabor"},"content":{"rendered":"<div data-elementor-type=\"wp-post\" data-elementor-id=\"5639\" class=\"elementor elementor-5639\">\n\t\t\t\t<div class=\"elementor-element elementor-element-08c26f9 e-flex e-con-boxed e-con e-parent\" data-id=\"08c26f9\" data-element_type=\"container\" data-e-type=\"container\">\n\t\t\t\t\t<div class=\"e-con-inner\">\n\t\t\t\t<div class=\"elementor-element elementor-element-a005a97 elementor-widget elementor-widget-text-editor\" data-id=\"a005a97\" data-element_type=\"widget\" data-e-type=\"widget\" data-widget_type=\"text-editor.default\">\n\t\t\t\t<div class=\"elementor-widget-container\">\n\t\t\t\t\t\t\t\t\t<h2>Trio de sabores, liberte o seu conforto franc\u00eas.<\/h2><p>Ao anoitecer, nas margens do Sena, em Paris, pega neste cigarro eletr\u00f3nico Bang King 85000 3 em 1 Triple Flavour, escolhe o seu sabor preferido e respira fundo.<\/p><p>O sabor ligeiramente \u00e1cido e doce da limonada de frutos vermelhos d\u00e1-lhe um sabor refrescante e gourmet no in\u00edcio do ver\u00e3o.<\/p><p>Mudar para o Red Bull sabor morango \u00e9 um verdadeiro despertar de sabores: a do\u00e7ura dos morangos e a estimula\u00e7\u00e3o das bebidas energ\u00e9ticas juntam-se, ideais para recuperar a vitalidade antes do anoitecer.<\/p><p>A fragr\u00e2ncia Strawberry Pomp combina o aroma frutado dos morangos com um toque de mousse cremosa, densa e delicada, com um travo persistente como o sol de uma tarde no Sul de Fran\u00e7a.<\/p><p>Estas tr\u00eas fragr\u00e2ncias adaptam-se ao seu estado de esp\u00edrito, \u00e0 ocasi\u00e3o e ao momento, tal como o seu perfume, a sua roupa ou a sua lista de reprodu\u00e7\u00e3o.<\/p><h2>Ecr\u00e3 HD inteligente<\/h2><p>O Bang King Triple 85000 Berry Lemonade &amp; Strawberry Red Bull &amp; Strawberry Pomp est\u00e1 equipado com um avan\u00e7ado visor HD integrado, que oferece uma experi\u00eancia de utiliza\u00e7\u00e3o intuitiva. O visor apresenta informa\u00e7\u00f5es importantes em tempo real, incluindo a carga restante da bateria e a quantidade de e-l\u00edquido restante, permitindo aos utilizadores monitorizar sempre o estado do dispositivo e otimizar a sua experi\u00eancia.<\/p><h2>Escolha de tr\u00eas sabores e reservat\u00f3rio de \u00f3leo independente<\/h2><p>O Bang King 85000 3 em 1 Triple Flavour integra de forma inovadora tr\u00eas dep\u00f3sitos de e-l\u00edquido independentes, cada um pr\u00e9-carregado com 21 ml de e-l\u00edquido, para uma capacidade total de at\u00e9 63 ml. Um pr\u00e1tico seletor permite-lhe escolher livremente entre tr\u00eas sabores. Cada sabor proporciona at\u00e9 28.300 baforadas e at\u00e9 85.000 baforadas no total, para uma experi\u00eancia de vaporiza\u00e7\u00e3o variada e duradoura.<\/p><p>Para satisfazer as necessidades de cada utilizador, o Bang King Triple 85000 Berry Lemonade &amp; Strawberry Red Bull &amp; Strawberry Pomp oferece quatro n\u00edveis de concentra\u00e7\u00e3o de nicotina: 0 % (sem nicotina), 2 %, 3 % e 5 %. Esta flexibilidade significa que pode escolher a dosagem que melhor se adapta \u00e0s suas prefer\u00eancias, desde fumadores a utilizadores ocasionais.<\/p><p>Este cigarro eletr\u00f3nico est\u00e1 equipado com uma bateria recarreg\u00e1vel de 600 mAh e suporta a tecnologia de carregamento r\u00e1pido USB-C. Isto permite que o dispositivo seja recarregado rapidamente, reduzindo o tempo de espera e garantindo uma disponibilidade constante, o que \u00e9 ideal para uma utiliza\u00e7\u00e3o frequente.<\/p><h2>Configura\u00e7\u00e3o optimizada das resist\u00eancias<\/h2><p>O Bang King Triple 85000 Berry Lemonade &amp; Strawberry Red Bull &amp; Strawberry Pomp possui uma resist\u00eancia de malha de tr\u00eas fases de 1,0 \u03a9, optimizada para uma reprodu\u00e7\u00e3o e atomiza\u00e7\u00e3o ideais do sabor. A resist\u00eancia de malha assegura um aquecimento uniforme, garantindo um sabor intenso e a produ\u00e7\u00e3o de vapor em cada tragada.<\/p><p>Cada cigarro eletr\u00f3nico Bang King Triple 85000 oferece uma capacidade total de 63 ml de e-l\u00edquido (3 dep\u00f3sitos de 21 ml cada) e at\u00e9 85.000 baforadas, o que o torna um dos dispositivos mais duradouros do mercado. Quer o utilize todos os dias ou saia durante muito tempo, desfrutar\u00e1 de uma experi\u00eancia de vaporiza\u00e7\u00e3o despreocupada.<\/p>\t\t\t\t\t\t\t\t<\/div>\n\t\t\t\t<\/div>\n\t\t\t\t\t<\/div>\n\t\t\t\t<\/div>\n\t\t\t\t<\/div>","protected":false},"excerpt":{"rendered":"<p>Trio de saveurs, lib\u00e9rez votre confort fran\u00e7ais. Au cr\u00e9puscule, sur les quais de la Seine \u00e0 Paris, vous prenez cette cigarette \u00e9lectronique Bang King 85000 3 en 1 Triple Saveur, vous choisissez votre saveur pr\u00e9f\u00e9r\u00e9e et vous inspirez profond\u00e9ment. Le go\u00fbt l\u00e9g\u00e8rement acidul\u00e9 et sucr\u00e9 de la limonade aux fruits rouges, vous offre un parfum [&hellip;]<\/p>\n","protected":false},"featured_media":5389,"comment_status":"open","ping_status":"closed","template":"","meta":{"site-sidebar-layout":"no-sidebar","site-content-layout":"page-builder","ast-site-content-layout":"normal-width-container","site-content-style":"default","site-sidebar-style":"default","ast-global-header-display":"","ast-banner-title-visibility":"","ast-main-header-display":"","ast-hfb-above-header-display":"","ast-hfb-below-header-display":"","ast-hfb-mobile-header-display":"","site-post-title":"disabled","ast-breadcrumbs-content":"","ast-featured-img":"disabled","footer-sml-layout":"","ast-disable-related-posts":"","theme-transparent-header-meta":"default","adv-header-id-meta":"","stick-header-meta":"default","header-above-stick-meta":"","header-main-stick-meta":"","header-below-stick-meta":"","astra-migrate-meta-layouts":"set","ast-page-background-enabled":"default","ast-page-background-meta":{"desktop":{"background-color":"","background-image":"","background-repeat":"repeat","background-position":"center center","background-size":"auto","background-attachment":"scroll","background-type":"","background-media":"","overlay-type":"","overlay-color":"","overlay-opacity":"","overlay-gradient":""},"tablet":{"background-color":"","background-image":"","background-repeat":"repeat","background-position":"center center","background-size":"auto","background-attachment":"scroll","background-type":"","background-media":"","overlay-type":"","overlay-color":"","overlay-opacity":"","overlay-gradient":""},"mobile":{"background-color":"","background-image":"","background-repeat":"repeat","background-position":"center center","background-size":"auto","background-attachment":"scroll","background-type":"","background-media":"","overlay-type":"","overlay-color":"","overlay-opacity":"","overlay-gradient":""}},"ast-content-background-meta":{"desktop":{"background-color":"var(--ast-global-color-5)","background-image":"","background-repeat":"repeat","background-position":"center center","background-size":"auto","background-attachment":"scroll","background-type":"","background-media":"","overlay-type":"","overlay-color":"","overlay-opacity":"","overlay-gradient":""},"tablet":{"background-color":"var(--ast-global-color-5)","background-image":"","background-repeat":"repeat","background-position":"center center","background-size":"auto","background-attachment":"scroll","background-type":"","background-media":"","overlay-type":"","overlay-color":"","overlay-opacity":"","overlay-gradient":""},"mobile":{"background-color":"var(--ast-global-color-5)","background-image":"","background-repeat":"repeat","background-position":"center center","background-size":"auto","background-attachment":"scroll","background-type":"","background-media":"","overlay-type":"","overlay-color":"","overlay-opacity":"","overlay-gradient":""}}},"product_brand":[52],"product_cat":[51,107,15],"product_tag":[],"class_list":{"0":"post-5639","1":"product","2":"type-product","3":"status-publish","4":"has-post-thumbnail","6":"product_brand-bang-king","7":"product_cat-bang-king-triple-85000-trois-saveurs-en-une","8":"product_cat-puff-85k","9":"product_cat-magasin-cigarette-electronique","10":"desktop-align-center","11":"tablet-align-center","12":"mobile-align-center","13":"ast-product-gallery-layout-horizontal","14":"ast-product-gallery-with-no-image","15":"ast-product-single-variable","16":"ast-product-tabs-layout-horizontal","17":"ast-qv-on-image","19":"first","20":"instock","21":"sale","22":"shipping-taxable","23":"purchasable","24":"product-type-variable","25":"has-default-attributes"},"tiered_pricing_type":"fixed","tiered_pricing_fixed_rules":[],"tiered_pricing_product_settings":{"layout":"default","base_unit_name":{"singular":null,"plural":null},"default_variation":null},"tiered_pricing_minimum_quantity":null,"tiered_pricing_roles_data":[],"tiered_pricing_percentage_rules":[],"_links":{"self":[{"href":"https:\/\/puffvapestore.com\/pt\/wp-json\/wp\/v2\/product\/5639","targetHints":{"allow":["GET"]}}],"collection":[{"href":"https:\/\/puffvapestore.com\/pt\/wp-json\/wp\/v2\/product"}],"about":[{"href":"https:\/\/puffvapestore.com\/pt\/wp-json\/wp\/v2\/types\/product"}],"replies":[{"embeddable":true,"href":"https:\/\/puffvapestore.com\/pt\/wp-json\/wp\/v2\/comments?post=5639"}],"version-history":[{"count":8,"href":"https:\/\/puffvapestore.com\/pt\/wp-json\/wp\/v2\/product\/5639\/revisions"}],"predecessor-version":[{"id":10700,"href":"https:\/\/puffvapestore.com\/pt\/wp-json\/wp\/v2\/product\/5639\/revisions\/10700"}],"wp:featuredmedia":[{"embeddable":true,"href":"https:\/\/puffvapestore.com\/pt\/wp-json\/wp\/v2\/media\/5389"}],"wp:attachment":[{"href":"https:\/\/puffvapestore.com\/pt\/wp-json\/wp\/v2\/media?parent=5639"}],"wp:term":[{"taxonomy":"product_brand","embeddable":true,"href":"https:\/\/puffvapestore.com\/pt\/wp-json\/wp\/v2\/product_brand?post=5639"},{"taxonomy":"product_cat","embeddable":true,"href":"https:\/\/puffvapestore.com\/pt\/wp-json\/wp\/v2\/product_cat?post=5639"},{"taxonomy":"product_tag","embeddable":true,"href":"https:\/\/puffvapestore.com\/pt\/wp-json\/wp\/v2\/product_tag?post=5639"}],"curies":[{"name":"wp","href":"https:\/\/api.w.org\/{rel}","templated":true}]}}