{"id":5617,"date":"2025-07-23T02:37:15","date_gmt":"2025-07-23T02:37:15","guid":{"rendered":"https:\/\/puffvapestore.com\/?post_type=product&#038;p=5617"},"modified":"2026-01-19T10:54:36","modified_gmt":"2026-01-19T10:54:36","slug":"strawberry-donut-love-66-banana-ice-bang-king-85k","status":"publish","type":"product","link":"https:\/\/puffvapestore.com\/pt\/product\/morango-donut-love-66-banana-ice-bang-king-85k\/","title":{"rendered":"Donut de Morango &amp; Amor 66 &amp; Gelo de Banana - Bang King 85000 3 em 1 Triplo Sabor"},"content":{"rendered":"<div data-elementor-type=\"wp-post\" data-elementor-id=\"5617\" class=\"elementor elementor-5617\">\n\t\t\t\t<div class=\"elementor-element elementor-element-08c26f9 e-flex e-con-boxed e-con e-parent\" data-id=\"08c26f9\" data-element_type=\"container\" data-e-type=\"container\">\n\t\t\t\t\t<div class=\"e-con-inner\">\n\t\t\t\t<div class=\"elementor-element elementor-element-a005a97 elementor-widget elementor-widget-text-editor\" data-id=\"a005a97\" data-element_type=\"widget\" data-e-type=\"widget\" data-widget_type=\"text-editor.default\">\n\t\t\t\t<div class=\"elementor-widget-container\">\n\t\t\t\t\t\t\t\t\t<h2>Donut Fraise - Como a primeira dentada de um donut nas ruas de Paris<\/h2><p>Quando mudar do Bang King 85000 para o Donut Fraise, um sabor doce e perfumado a creme de morango envolver\u00e1 o seu paladar, como um passeio matinal pelos Campos El\u00edsios, e os donuts de morango acabados de cozer nas pastelarias francesas \u00e0 beira da estrada ser\u00e3o suaves e quentes. Para al\u00e9m do sabor dos cigarros electr\u00f3nicos, \u00e9 um conforto familiar e suave. Fumar um cigarro enquanto dorme a sesta junto \u00e0 janela \u00e9 como relaxar no aroma das sobremesas e saborear um momento de pura felicidade francesa.<\/p><h2>Love 66 - Paix\u00e3o frutada para uma noite rom\u00e2ntica<\/h2><p>O aroma Love 66, esta misteriosa e popular combina\u00e7\u00e3o frutada, est\u00e1 particularmente bem adaptado a Fran\u00e7a, um pa\u00eds naturalmente sens\u00edvel ao romance. A mistura subtil da do\u00e7ura da melancia e dos frutos tropicais n\u00e3o s\u00f3 d\u00e1 uma sensa\u00e7\u00e3o de prazer gustativo, como tamb\u00e9m estimula uma ligeira palpita\u00e7\u00e3o card\u00edaca. Quer seja ao entardecer, sozinho \u00e0 beira do Sena ou numa sa\u00edda \u00e0 noite com os amigos, um trago de fumo Love 66 para relaxar pode mergulh\u00e1-lo na pregui\u00e7a emocional e na vol\u00fapia.<\/p><h2>Banane Glac\u00e9e - Um abra\u00e7o fresco \u00e0 beira-mar no ver\u00e3o<\/h2><p>O aroma Frozen Banana \u00e9 um refrescante escape do ver\u00e3o. O aroma denso da banana mistura-se com a frescura, dando-lhe uma respira\u00e7\u00e3o livre como a costa azul do sul de Fran\u00e7a. Quando a cidade est\u00e1 quente e insuport\u00e1vel, mudar para o sabor Banane Glac\u00e9e \u00e9 como passear na praia, com o sol a brilhar nos ombros e a frescura a invadir a garganta. Assim que se inala o fumo, o cansa\u00e7o dissipa-se instantaneamente.<\/p><h2>Ecr\u00e3 HD inteligente<\/h2><p>O Bang King Triple 85000 Strawberry Donut &amp; Love 66 &amp; Banana Ice est\u00e1 equipado com um avan\u00e7ado visor HD integrado, que oferece uma experi\u00eancia de utiliza\u00e7\u00e3o intuitiva. O visor apresenta informa\u00e7\u00f5es importantes em tempo real, incluindo a carga restante da bateria e a quantidade de e-l\u00edquido restante, permitindo aos utilizadores monitorizar sempre o estado do dispositivo e otimizar a sua experi\u00eancia.<\/p><h2>Escolha de tr\u00eas sabores e reservat\u00f3rio de \u00f3leo independente<\/h2><p>O Bang King 85000 3 em 1 Triple Flavour integra de forma inovadora tr\u00eas dep\u00f3sitos de e-l\u00edquido independentes, cada um pr\u00e9-carregado com 21 ml de e-l\u00edquido, para uma capacidade total de at\u00e9 63 ml. Um pr\u00e1tico seletor permite-lhe escolher livremente entre tr\u00eas sabores. Cada sabor proporciona at\u00e9 28.300 baforadas e at\u00e9 85.000 baforadas no total, para uma experi\u00eancia de vaporiza\u00e7\u00e3o variada e duradoura.<\/p><p>Para satisfazer as necessidades de cada utilizador, o Bang King Triple 85000 Strawberry Donut &amp; Love 66 &amp; Banana Ice oferece quatro n\u00edveis de concentra\u00e7\u00e3o de nicotina: 0 % (sem nicotina), 2 %, 3 % e 5 %. Esta flexibilidade significa que pode escolher a dosagem que melhor se adapta \u00e0s suas prefer\u00eancias, desde fumadores a utilizadores ocasionais.<\/p><p>Este cigarro eletr\u00f3nico est\u00e1 equipado com uma bateria recarreg\u00e1vel de 600 mAh e suporta a tecnologia de carregamento r\u00e1pido USB-C. Isto permite que o dispositivo seja recarregado rapidamente, reduzindo o tempo de espera e garantindo uma disponibilidade constante, o que \u00e9 ideal para uma utiliza\u00e7\u00e3o frequente.<\/p><h2>Configura\u00e7\u00e3o optimizada das resist\u00eancias<\/h2><p>O Bang King Triple 85000 Strawberry Donut &amp; Love 66 &amp; Banana Ice adopta uma resist\u00eancia de malha de tr\u00eas n\u00edveis de 1,0 \u03a9, optimizada para uma reprodu\u00e7\u00e3o ideal do sabor e da atomiza\u00e7\u00e3o. A resist\u00eancia de malha assegura um aquecimento uniforme, garantindo um sabor intenso e a produ\u00e7\u00e3o de vapor em cada tragada.<\/p><p>Cada cigarro eletr\u00f3nico Bang King Triple 85000 Strawberry Donut &amp; Love 66 &amp; Banana Ice tem uma capacidade total de 63 ml de e-l\u00edquido (3 dep\u00f3sitos de 21 ml cada) e at\u00e9 85.000 baforadas, o que o torna um dos dispositivos mais duradouros do mercado. Quer o utilize todos os dias ou durante um longo per\u00edodo de tempo, desfrutar\u00e1 de uma experi\u00eancia de vaporiza\u00e7\u00e3o despreocupada.<\/p>\t\t\t\t\t\t\t\t<\/div>\n\t\t\t\t<\/div>\n\t\t\t\t\t<\/div>\n\t\t\t\t<\/div>\n\t\t\t\t<\/div>","protected":false},"excerpt":{"rendered":"<p>Donut Fraise &#8211; Comme la premi\u00e8re bouch\u00e9e d&rsquo;un donut dans les rues de Paris Lorsque vous passez du Bang King 85000 au Donut Fraise, une douce et parfum\u00e9e saveur fraise-cr\u00e8me enveloppera votre palais, comme une promenade matinale sur les Champs-\u00c9lys\u00e9es, et les beignets \u00e0 la fraise fra\u00eechement sortis du four dans les p\u00e2tisseries fran\u00e7aises du [&hellip;]<\/p>\n","protected":false},"featured_media":5400,"comment_status":"open","ping_status":"closed","template":"","meta":{"site-sidebar-layout":"no-sidebar","site-content-layout":"page-builder","ast-site-content-layout":"normal-width-container","site-content-style":"default","site-sidebar-style":"default","ast-global-header-display":"","ast-banner-title-visibility":"","ast-main-header-display":"","ast-hfb-above-header-display":"","ast-hfb-below-header-display":"","ast-hfb-mobile-header-display":"","site-post-title":"disabled","ast-breadcrumbs-content":"","ast-featured-img":"disabled","footer-sml-layout":"","ast-disable-related-posts":"","theme-transparent-header-meta":"default","adv-header-id-meta":"","stick-header-meta":"default","header-above-stick-meta":"","header-main-stick-meta":"","header-below-stick-meta":"","astra-migrate-meta-layouts":"set","ast-page-background-enabled":"default","ast-page-background-meta":{"desktop":{"background-color":"","background-image":"","background-repeat":"repeat","background-position":"center center","background-size":"auto","background-attachment":"scroll","background-type":"","background-media":"","overlay-type":"","overlay-color":"","overlay-opacity":"","overlay-gradient":""},"tablet":{"background-color":"","background-image":"","background-repeat":"repeat","background-position":"center center","background-size":"auto","background-attachment":"scroll","background-type":"","background-media":"","overlay-type":"","overlay-color":"","overlay-opacity":"","overlay-gradient":""},"mobile":{"background-color":"","background-image":"","background-repeat":"repeat","background-position":"center center","background-size":"auto","background-attachment":"scroll","background-type":"","background-media":"","overlay-type":"","overlay-color":"","overlay-opacity":"","overlay-gradient":""}},"ast-content-background-meta":{"desktop":{"background-color":"var(--ast-global-color-5)","background-image":"","background-repeat":"repeat","background-position":"center center","background-size":"auto","background-attachment":"scroll","background-type":"","background-media":"","overlay-type":"","overlay-color":"","overlay-opacity":"","overlay-gradient":""},"tablet":{"background-color":"var(--ast-global-color-5)","background-image":"","background-repeat":"repeat","background-position":"center center","background-size":"auto","background-attachment":"scroll","background-type":"","background-media":"","overlay-type":"","overlay-color":"","overlay-opacity":"","overlay-gradient":""},"mobile":{"background-color":"var(--ast-global-color-5)","background-image":"","background-repeat":"repeat","background-position":"center center","background-size":"auto","background-attachment":"scroll","background-type":"","background-media":"","overlay-type":"","overlay-color":"","overlay-opacity":"","overlay-gradient":""}}},"product_brand":[52],"product_cat":[51,107,15],"product_tag":[],"class_list":{"0":"post-5617","1":"product","2":"type-product","3":"status-publish","4":"has-post-thumbnail","6":"product_brand-bang-king","7":"product_cat-bang-king-triple-85000-trois-saveurs-en-une","8":"product_cat-puff-85k","9":"product_cat-magasin-cigarette-electronique","10":"desktop-align-center","11":"tablet-align-center","12":"mobile-align-center","13":"ast-product-gallery-layout-horizontal","14":"ast-product-gallery-with-no-image","15":"ast-product-single-variable","16":"ast-product-tabs-layout-horizontal","17":"ast-qv-on-image","19":"first","20":"instock","21":"sale","22":"shipping-taxable","23":"purchasable","24":"product-type-variable","25":"has-default-attributes"},"tiered_pricing_type":"fixed","tiered_pricing_fixed_rules":[],"tiered_pricing_product_settings":{"layout":"default","base_unit_name":{"singular":null,"plural":null},"default_variation":null},"tiered_pricing_minimum_quantity":null,"tiered_pricing_roles_data":[],"tiered_pricing_percentage_rules":[],"_links":{"self":[{"href":"https:\/\/puffvapestore.com\/pt\/wp-json\/wp\/v2\/product\/5617","targetHints":{"allow":["GET"]}}],"collection":[{"href":"https:\/\/puffvapestore.com\/pt\/wp-json\/wp\/v2\/product"}],"about":[{"href":"https:\/\/puffvapestore.com\/pt\/wp-json\/wp\/v2\/types\/product"}],"replies":[{"embeddable":true,"href":"https:\/\/puffvapestore.com\/pt\/wp-json\/wp\/v2\/comments?post=5617"}],"version-history":[{"count":8,"href":"https:\/\/puffvapestore.com\/pt\/wp-json\/wp\/v2\/product\/5617\/revisions"}],"predecessor-version":[{"id":10695,"href":"https:\/\/puffvapestore.com\/pt\/wp-json\/wp\/v2\/product\/5617\/revisions\/10695"}],"wp:featuredmedia":[{"embeddable":true,"href":"https:\/\/puffvapestore.com\/pt\/wp-json\/wp\/v2\/media\/5400"}],"wp:attachment":[{"href":"https:\/\/puffvapestore.com\/pt\/wp-json\/wp\/v2\/media?parent=5617"}],"wp:term":[{"taxonomy":"product_brand","embeddable":true,"href":"https:\/\/puffvapestore.com\/pt\/wp-json\/wp\/v2\/product_brand?post=5617"},{"taxonomy":"product_cat","embeddable":true,"href":"https:\/\/puffvapestore.com\/pt\/wp-json\/wp\/v2\/product_cat?post=5617"},{"taxonomy":"product_tag","embeddable":true,"href":"https:\/\/puffvapestore.com\/pt\/wp-json\/wp\/v2\/product_tag?post=5617"}],"curies":[{"name":"wp","href":"https:\/\/api.w.org\/{rel}","templated":true}]}}