{"id":5590,"date":"2025-07-22T11:04:48","date_gmt":"2025-07-22T11:04:48","guid":{"rendered":"https:\/\/puffvapestore.com\/?post_type=product&#038;p=5590"},"modified":"2026-01-19T10:54:36","modified_gmt":"2026-01-19T10:54:36","slug":"bang-king-85k-pineapple-coconut-blue-razz-strawberry-banana-vous-offre-un-moment-de-detente","status":"publish","type":"product","link":"https:\/\/puffvapestore.com\/pt\/product\/bang-king-85k-ananas-coco-azul-razz-morango-banana-oferece-lhe-um-momento-de-relaxamento\/","title":{"rendered":"Bang King Triple 85000 3 em 1 - Anan\u00e1s Coco &amp; Blue Razz &amp; Morango Banana"},"content":{"rendered":"<div data-elementor-type=\"wp-post\" data-elementor-id=\"5590\" class=\"elementor elementor-5590\">\n\t\t\t\t<div class=\"elementor-element elementor-element-08c26f9 e-flex e-con-boxed e-con e-parent\" data-id=\"08c26f9\" data-element_type=\"container\" data-e-type=\"container\">\n\t\t\t\t\t<div class=\"e-con-inner\">\n\t\t\t\t<div class=\"elementor-element elementor-element-a005a97 elementor-widget elementor-widget-text-editor\" data-id=\"a005a97\" data-element_type=\"widget\" data-e-type=\"widget\" data-widget_type=\"text-editor.default\">\n\t\t\t\t<div class=\"elementor-widget-container\">\n\t\t\t\t\t\t\t\t\t<p>Uma baforada densa e frutada de cigarro eletr\u00f3nico tornou-se uma parte essencial do relaxamento franc\u00eas contempor\u00e2neo.<\/p><p>O cigarro eletr\u00f3nico tr\u00eas em um Bang King Triple 85000 nasceu para este momento. Rompe com a monotonia de um \u00fanico aroma e combina os tr\u00eas sabores tropicais \u00abAnan\u00e1s, Coco\u00bb, \u00abBlue Razz\u00bb e \u00abBanana Morango\u00bb de uma forma inovadora. Pode alternar livremente entre eles simplesmente ajustando o seletor de sabores.<\/p><p>O aroma de Anan\u00e1s e Coco transporta-o para as brisas das Cara\u00edbas: o anan\u00e1s doce e azedo encontra-se com o aroma sedoso do coco, e cada baforada oferece-lhe um momento de relaxamento nas costas do Mediterr\u00e2neo.<\/p><p>O sabor Blue Razz \u00e9 um encontro com um pomar franc\u00eas, onde framboesas e mirtilos picantes se combinam para despertar as suas papilas gustativas quando est\u00e1 cansado.<\/p><p>O sabor de Morango e Banana \u00e9 como a sobremesa de um piquenique na Proven\u00e7a, doce e denso, com um aroma persistente nos l\u00e1bios e nos dentes, que d\u00e1 vontade de desfrutar de um momento tranquilo ao entardecer.<\/p><h2>Sistema de mudan\u00e7a de sabor triplo<\/h2><p>O Bang King 85000 Pineapple Coconut &amp; Blue Razz &amp; Strawberry Banana 3 in 1 Triple Flavour vem com tr\u00eas reservat\u00f3rios de e-l\u00edquido independentes, cada um pr\u00e9-carregado com 21 ml de e-l\u00edquido de alta qualidade, para uma capacidade total de at\u00e9 63 ml. Assim, pode mudar os sabores \u00e0 vontade. Mude facilmente de um sabor para outro, sem mudar de dispositivo. Descubra tr\u00eas sabores diferentes para satisfazer at\u00e9 os paladares mais exigentes.<\/p><p>A Bang King Triple 85000 Pineapple Coconut &amp; Blue Razz &amp; Strawberry Banana oferece 85.000 puffs, ou seja, cerca de 28.300 puffs por sabor. Quer a utilize todos os dias ou em viagem, poder\u00e1 contar com ela durante muito tempo sem ter de a substituir frequentemente.<\/p><h2>Ecr\u00e3 digital inteligente, claro num relance<\/h2><p>O Bang King 85000 Pineapple Coconut &amp; Blue Razz &amp; Strawberry Banana 3 em 1 Triple Flavour tem um ecr\u00e3 inteligente de alta defini\u00e7\u00e3o incorporado que mostra a carga da bateria e o n\u00edvel de e-l\u00edquido restante em tempo real. As indica\u00e7\u00f5es intuitivas facilitam a visualiza\u00e7\u00e3o do estado de utiliza\u00e7\u00e3o e garantem uma carga constante de e-l\u00edquido e de bateria.<\/p><h2>Est\u00e3o dispon\u00edveis diferentes concentra\u00e7\u00f5es de nicotina para satisfazer diferentes necessidades.<\/h2><p>Bang King Triple 85000 Pineapple Coconut &amp; Blue Razz &amp; Strawberry Banana oferece quatro concentra\u00e7\u00f5es de nicotina: 0 %, 2 %, 3 % e 5 %, para se adaptar a diferentes h\u00e1bitos de consumo. Desde o simples prazer sem nicotina at\u00e9 altas concentra\u00e7\u00f5es para uso intensivo, adapta-se a uma variedade de cen\u00e1rios de utiliza\u00e7\u00e3o.<\/p><p>Tr\u00eas conjuntos de resist\u00eancias de malha independentes de 1,0 \u03a9, incorporadas em cada caixa de \u00f3leo, melhoram a efici\u00eancia da atomiza\u00e7\u00e3o e a reprodu\u00e7\u00e3o do sabor. A estrutura em malha aquece de forma mais uniforme, o vapor \u00e9 mais rico e a entrada de fumo mais suave, para uma experi\u00eancia de fumo pura e suave.<\/p><p>Equipado com uma bateria recarreg\u00e1vel de 600 mAh de alto desempenho, \u00e9 compat\u00edvel com a tecnologia de carregamento r\u00e1pido USB-C. O carregamento \u00e9 r\u00e1pido e permite-lhe continuar a desfrutar do seu vape sem se preocupar com a dura\u00e7\u00e3o da bateria, tornando-o ideal para vapers frequentes ou utilizadores de longa dura\u00e7\u00e3o.<\/p><h2>Novo visual e design ergon\u00f3mico<\/h2><p>O corpo do Bang King 85000 Pineapple Coconut &amp; Blue Razz &amp; Strawberry Banana 3 in 1 Triple Flavour tem uma forma moderna e aerodin\u00e2mica, combinando tecnologia e praticidade. O design \u00e0 prova de fugas da estrutura do e-l\u00edquido garante um transporte di\u00e1rio sem problemas, e a qualidade artesanal reflecte-se em todos os detalhes.<\/p>\t\t\t\t\t\t\t\t<\/div>\n\t\t\t\t<\/div>\n\t\t\t\t\t<\/div>\n\t\t\t\t<\/div>\n\t\t\t\t<\/div>","protected":false},"excerpt":{"rendered":"<p>Une bouff\u00e9e de cigarette \u00e9lectronique dense et fruit\u00e9e est devenue un incontournable de la d\u00e9tente contemporaine \u00e0 la fran\u00e7aise. La cigarette \u00e9lectronique trois en un Bang King Triple 85000 est n\u00e9e pour ce moment. Elle rompt avec la monotonie d&rsquo;un ar\u00f4me unique et combine de mani\u00e8re innovante les trois saveurs tropicales \u00ab Ananas, Noix de [&hellip;]<\/p>\n","protected":false},"featured_media":5398,"comment_status":"open","ping_status":"closed","template":"","meta":{"site-sidebar-layout":"no-sidebar","site-content-layout":"page-builder","ast-site-content-layout":"normal-width-container","site-content-style":"default","site-sidebar-style":"default","ast-global-header-display":"","ast-banner-title-visibility":"","ast-main-header-display":"","ast-hfb-above-header-display":"","ast-hfb-below-header-display":"","ast-hfb-mobile-header-display":"","site-post-title":"disabled","ast-breadcrumbs-content":"","ast-featured-img":"disabled","footer-sml-layout":"","ast-disable-related-posts":"","theme-transparent-header-meta":"default","adv-header-id-meta":"","stick-header-meta":"default","header-above-stick-meta":"","header-main-stick-meta":"","header-below-stick-meta":"","astra-migrate-meta-layouts":"set","ast-page-background-enabled":"default","ast-page-background-meta":{"desktop":{"background-color":"","background-image":"","background-repeat":"repeat","background-position":"center center","background-size":"auto","background-attachment":"scroll","background-type":"","background-media":"","overlay-type":"","overlay-color":"","overlay-opacity":"","overlay-gradient":""},"tablet":{"background-color":"","background-image":"","background-repeat":"repeat","background-position":"center center","background-size":"auto","background-attachment":"scroll","background-type":"","background-media":"","overlay-type":"","overlay-color":"","overlay-opacity":"","overlay-gradient":""},"mobile":{"background-color":"","background-image":"","background-repeat":"repeat","background-position":"center center","background-size":"auto","background-attachment":"scroll","background-type":"","background-media":"","overlay-type":"","overlay-color":"","overlay-opacity":"","overlay-gradient":""}},"ast-content-background-meta":{"desktop":{"background-color":"var(--ast-global-color-5)","background-image":"","background-repeat":"repeat","background-position":"center center","background-size":"auto","background-attachment":"scroll","background-type":"","background-media":"","overlay-type":"","overlay-color":"","overlay-opacity":"","overlay-gradient":""},"tablet":{"background-color":"var(--ast-global-color-5)","background-image":"","background-repeat":"repeat","background-position":"center center","background-size":"auto","background-attachment":"scroll","background-type":"","background-media":"","overlay-type":"","overlay-color":"","overlay-opacity":"","overlay-gradient":""},"mobile":{"background-color":"var(--ast-global-color-5)","background-image":"","background-repeat":"repeat","background-position":"center center","background-size":"auto","background-attachment":"scroll","background-type":"","background-media":"","overlay-type":"","overlay-color":"","overlay-opacity":"","overlay-gradient":""}}},"product_brand":[52],"product_cat":[51,107,15],"product_tag":[],"class_list":{"0":"post-5590","1":"product","2":"type-product","3":"status-publish","4":"has-post-thumbnail","6":"product_brand-bang-king","7":"product_cat-bang-king-triple-85000-trois-saveurs-en-une","8":"product_cat-puff-85k","9":"product_cat-magasin-cigarette-electronique","10":"desktop-align-center","11":"tablet-align-center","12":"mobile-align-center","13":"ast-product-gallery-layout-horizontal","14":"ast-product-gallery-with-no-image","15":"ast-product-single-variable","16":"ast-product-tabs-layout-horizontal","17":"ast-qv-on-image","19":"first","20":"instock","21":"sale","22":"shipping-taxable","23":"purchasable","24":"product-type-variable","25":"has-default-attributes"},"tiered_pricing_type":"fixed","tiered_pricing_fixed_rules":[],"tiered_pricing_product_settings":{"layout":"default","base_unit_name":{"singular":null,"plural":null},"default_variation":null},"tiered_pricing_minimum_quantity":null,"tiered_pricing_roles_data":[],"tiered_pricing_percentage_rules":[],"_links":{"self":[{"href":"https:\/\/puffvapestore.com\/pt\/wp-json\/wp\/v2\/product\/5590","targetHints":{"allow":["GET"]}}],"collection":[{"href":"https:\/\/puffvapestore.com\/pt\/wp-json\/wp\/v2\/product"}],"about":[{"href":"https:\/\/puffvapestore.com\/pt\/wp-json\/wp\/v2\/types\/product"}],"replies":[{"embeddable":true,"href":"https:\/\/puffvapestore.com\/pt\/wp-json\/wp\/v2\/comments?post=5590"}],"version-history":[{"count":8,"href":"https:\/\/puffvapestore.com\/pt\/wp-json\/wp\/v2\/product\/5590\/revisions"}],"predecessor-version":[{"id":10702,"href":"https:\/\/puffvapestore.com\/pt\/wp-json\/wp\/v2\/product\/5590\/revisions\/10702"}],"wp:featuredmedia":[{"embeddable":true,"href":"https:\/\/puffvapestore.com\/pt\/wp-json\/wp\/v2\/media\/5398"}],"wp:attachment":[{"href":"https:\/\/puffvapestore.com\/pt\/wp-json\/wp\/v2\/media?parent=5590"}],"wp:term":[{"taxonomy":"product_brand","embeddable":true,"href":"https:\/\/puffvapestore.com\/pt\/wp-json\/wp\/v2\/product_brand?post=5590"},{"taxonomy":"product_cat","embeddable":true,"href":"https:\/\/puffvapestore.com\/pt\/wp-json\/wp\/v2\/product_cat?post=5590"},{"taxonomy":"product_tag","embeddable":true,"href":"https:\/\/puffvapestore.com\/pt\/wp-json\/wp\/v2\/product_tag?post=5590"}],"curies":[{"name":"wp","href":"https:\/\/api.w.org\/{rel}","templated":true}]}}