{"id":5579,"date":"2025-07-22T08:56:29","date_gmt":"2025-07-22T08:56:29","guid":{"rendered":"https:\/\/puffvapestore.com\/?post_type=product&#038;p=5579"},"modified":"2026-01-19T10:54:36","modified_gmt":"2026-01-19T10:54:36","slug":"85k-bang-king-tropical-fruit-lemon-peach-strawberry-watermelon","status":"publish","type":"product","link":"https:\/\/puffvapestore.com\/pt\/product\/85k-bang-king-fruta-tropical-limao-pessego-morango-melancia\/","title":{"rendered":"Bang King Triple 85000 3 em 1 - Frutos tropicais e lim\u00e3o P\u00eassego e morango Melancia"},"content":{"rendered":"<div data-elementor-type=\"wp-post\" data-elementor-id=\"5579\" class=\"elementor elementor-5579\">\n\t\t\t\t<div class=\"elementor-element elementor-element-08c26f9 e-flex e-con-boxed e-con e-parent\" data-id=\"08c26f9\" data-element_type=\"container\" data-e-type=\"container\">\n\t\t\t\t\t<div class=\"e-con-inner\">\n\t\t\t\t<div class=\"elementor-element elementor-element-a005a97 elementor-widget elementor-widget-text-editor\" data-id=\"a005a97\" data-element_type=\"widget\" data-e-type=\"widget\" data-widget_type=\"text-editor.default\">\n\t\t\t\t<div class=\"elementor-widget-container\">\n\t\t\t\t\t\t\t\t\t<p>Gra\u00e7as aos tr\u00eas dep\u00f3sitos de e-l\u00edquido independentes e ao sistema de sele\u00e7\u00e3o de sabores do Bang King Triple 85000, o utilizador pode escolher livremente entre estes tr\u00eas sabores, de acordo com o seu estado de esp\u00edrito, para que cada inala\u00e7\u00e3o lhe reserve novas surpresas. O Bang King Triple 85000 n\u00e3o \u00e9 apenas um cigarro eletr\u00f3nico, \u00e9 tamb\u00e9m uma caixa de viagem personaliz\u00e1vel.<\/p><p><strong>Frutos tropicais :<\/strong><br \/>Este sabor evoca o sol de ver\u00e3o na costa sul de Fran\u00e7a, fresco e sumarento. Um leve aroma a fumo convida a relaxar numa espregui\u00e7adeira debaixo de uma palmeira, e a brisa do mar com os seus aromas a frutos tropicais \u00e9 a forma perfeita de come\u00e7ar o dia.<\/p><p><strong>P\u00eassego-lim\u00e3o :<\/strong><br \/>Combinando a frescura do lim\u00e3o com a do\u00e7ura do p\u00eassego, o seu sabor \u00e9 vivo sem ser demasiado estimulante. Ideal para ler na varanda \u00e0 tarde, fumar um cigarro e saborear tranquilamente o conforto e a eleg\u00e2ncia do estilo de vida franc\u00eas.<\/p><p><strong>Morango Melancia :<\/strong><br \/>Esta combina\u00e7\u00e3o doce e n\u00e3o oleosa \u00e9 ideal para as noites em casa e para as noites fora. A do\u00e7ura dos morangos e a frescura da melancia misturam-se, convidando-o a dar uma longa passa enquanto relaxa, como num sonho de uma noite de ver\u00e3o.<\/p><h2>Sistema de mudan\u00e7a de sabor triplo<\/h2><p>O Bang King 85000 Tropical Fruit &amp; Lemon Peach &amp; Strawberry Watermelon tem tr\u00eas dep\u00f3sitos de e-l\u00edquido independentes, cada um pr\u00e9-carregado com 21 ml de e-l\u00edquido de alta qualidade, para uma capacidade total de at\u00e9 63 ml. Assim, pode mudar de sabor a seu gosto. Mude facilmente de um sabor para outro, sem mudar de dispositivo. Descubra tr\u00eas sabores diferentes para satisfazer at\u00e9 os paladares mais exigentes.<\/p><p>A Bang King Triple 85000 Tropical Fruit &amp; Lemon Peach &amp; Strawberry Watermelon oferece 85.000 baforadas, ou seja, cerca de 28.300 baforadas por sabor. Quer o utilize todos os dias ou em viagem, poder\u00e1 contar com ele durante muito tempo sem ter de o substituir frequentemente.<\/p><h2>Ecr\u00e3 digital inteligente, claro num relance<\/h2><p>O Bang King 85000 Tropical Fruit &amp; Lemon Peach &amp; Strawberry Watermelon 3 in 1 Triple Flavour tem um ecr\u00e3 inteligente de alta defini\u00e7\u00e3o incorporado que mostra a carga da bateria e o n\u00edvel de e-l\u00edquido restante em tempo real. As indica\u00e7\u00f5es intuitivas facilitam a visualiza\u00e7\u00e3o do estado de utiliza\u00e7\u00e3o e garantem uma carga constante de e-l\u00edquido e de bateria.<\/p><h2>Est\u00e3o dispon\u00edveis diferentes concentra\u00e7\u00f5es de nicotina para satisfazer diferentes necessidades.<\/h2><p>Bang King Triple 85000 Tropical Fruit &amp; Lemon Peach &amp; Strawberry Watermelon oferece quatro concentra\u00e7\u00f5es de nicotina: 0 %, 2 %, 3 % e 5 %, para se adaptar a diferentes h\u00e1bitos de consumo. Desde o simples prazer sem nicotina at\u00e9 altas concentra\u00e7\u00f5es para uso intensivo, adapta-se a uma variedade de cen\u00e1rios de utiliza\u00e7\u00e3o.<\/p><p>Tr\u00eas conjuntos de resist\u00eancias de malha independentes de 1,0 \u03a9, incorporadas em cada caixa de \u00f3leo, melhoram a efici\u00eancia da atomiza\u00e7\u00e3o e a reprodu\u00e7\u00e3o do sabor. A estrutura em malha aquece de forma mais uniforme, o vapor \u00e9 mais rico e a entrada de fumo mais suave, para uma experi\u00eancia de fumo pura e suave.<\/p><p>Equipado com uma bateria recarreg\u00e1vel de 600 mAh de alto desempenho, \u00e9 compat\u00edvel com a tecnologia de carregamento r\u00e1pido USB-C. O carregamento \u00e9 r\u00e1pido e permite-lhe continuar a desfrutar do seu vape sem se preocupar com a dura\u00e7\u00e3o da bateria, tornando-o ideal para vapers frequentes ou utilizadores de longa dura\u00e7\u00e3o.<\/p><h2>Novo visual e design ergon\u00f3mico<\/h2><p>O corpo do Bang King 85000 3 em 1 Triple Flavour tem uma forma moderna e aerodin\u00e2mica, combinando tecnologia e praticidade. O design \u00e0 prova de fugas da estrutura do e-l\u00edquido garante um transporte di\u00e1rio sem problemas, e a qualidade artesanal reflecte-se em todos os detalhes.<\/p>\t\t\t\t\t\t\t\t<\/div>\n\t\t\t\t<\/div>\n\t\t\t\t\t<\/div>\n\t\t\t\t<\/div>\n\t\t\t\t<\/div>","protected":false},"excerpt":{"rendered":"<p>Gr\u00e2ce aux trois r\u00e9servoirs d&rsquo;e-liquide ind\u00e9pendants et au syst\u00e8me de s\u00e9lection d&rsquo;ar\u00f4mes de la Bang King Triple 85000, les utilisateurs peuvent choisir librement parmi ces trois saveurs selon leur humeur, pour que chaque inhalation leur r\u00e9serve de nouvelles surprises. La Bang King Triple 85000 n&rsquo;est pas seulement une cigarette \u00e9lectronique, c&rsquo;est aussi une bo\u00eete de [&hellip;]<\/p>\n","protected":false},"featured_media":5403,"comment_status":"open","ping_status":"closed","template":"","meta":{"site-sidebar-layout":"no-sidebar","site-content-layout":"page-builder","ast-site-content-layout":"normal-width-container","site-content-style":"default","site-sidebar-style":"default","ast-global-header-display":"","ast-banner-title-visibility":"","ast-main-header-display":"","ast-hfb-above-header-display":"","ast-hfb-below-header-display":"","ast-hfb-mobile-header-display":"","site-post-title":"disabled","ast-breadcrumbs-content":"","ast-featured-img":"disabled","footer-sml-layout":"","ast-disable-related-posts":"","theme-transparent-header-meta":"default","adv-header-id-meta":"","stick-header-meta":"default","header-above-stick-meta":"","header-main-stick-meta":"","header-below-stick-meta":"","astra-migrate-meta-layouts":"set","ast-page-background-enabled":"default","ast-page-background-meta":{"desktop":{"background-color":"","background-image":"","background-repeat":"repeat","background-position":"center center","background-size":"auto","background-attachment":"scroll","background-type":"","background-media":"","overlay-type":"","overlay-color":"","overlay-opacity":"","overlay-gradient":""},"tablet":{"background-color":"","background-image":"","background-repeat":"repeat","background-position":"center center","background-size":"auto","background-attachment":"scroll","background-type":"","background-media":"","overlay-type":"","overlay-color":"","overlay-opacity":"","overlay-gradient":""},"mobile":{"background-color":"","background-image":"","background-repeat":"repeat","background-position":"center center","background-size":"auto","background-attachment":"scroll","background-type":"","background-media":"","overlay-type":"","overlay-color":"","overlay-opacity":"","overlay-gradient":""}},"ast-content-background-meta":{"desktop":{"background-color":"var(--ast-global-color-5)","background-image":"","background-repeat":"repeat","background-position":"center center","background-size":"auto","background-attachment":"scroll","background-type":"","background-media":"","overlay-type":"","overlay-color":"","overlay-opacity":"","overlay-gradient":""},"tablet":{"background-color":"var(--ast-global-color-5)","background-image":"","background-repeat":"repeat","background-position":"center center","background-size":"auto","background-attachment":"scroll","background-type":"","background-media":"","overlay-type":"","overlay-color":"","overlay-opacity":"","overlay-gradient":""},"mobile":{"background-color":"var(--ast-global-color-5)","background-image":"","background-repeat":"repeat","background-position":"center center","background-size":"auto","background-attachment":"scroll","background-type":"","background-media":"","overlay-type":"","overlay-color":"","overlay-opacity":"","overlay-gradient":""}}},"product_brand":[52],"product_cat":[51,107,15],"product_tag":[],"class_list":{"0":"post-5579","1":"product","2":"type-product","3":"status-publish","4":"has-post-thumbnail","6":"product_brand-bang-king","7":"product_cat-bang-king-triple-85000-trois-saveurs-en-une","8":"product_cat-puff-85k","9":"product_cat-magasin-cigarette-electronique","10":"desktop-align-center","11":"tablet-align-center","12":"mobile-align-center","13":"ast-product-gallery-layout-horizontal","14":"ast-product-gallery-with-no-image","15":"ast-product-single-variable","16":"ast-product-tabs-layout-horizontal","17":"ast-qv-on-image","19":"first","20":"instock","21":"sale","22":"shipping-taxable","23":"purchasable","24":"product-type-variable","25":"has-default-attributes"},"tiered_pricing_type":"fixed","tiered_pricing_fixed_rules":[],"tiered_pricing_product_settings":{"layout":"default","base_unit_name":{"singular":null,"plural":null},"default_variation":null},"tiered_pricing_minimum_quantity":null,"tiered_pricing_roles_data":[],"tiered_pricing_percentage_rules":[],"_links":{"self":[{"href":"https:\/\/puffvapestore.com\/pt\/wp-json\/wp\/v2\/product\/5579","targetHints":{"allow":["GET"]}}],"collection":[{"href":"https:\/\/puffvapestore.com\/pt\/wp-json\/wp\/v2\/product"}],"about":[{"href":"https:\/\/puffvapestore.com\/pt\/wp-json\/wp\/v2\/types\/product"}],"replies":[{"embeddable":true,"href":"https:\/\/puffvapestore.com\/pt\/wp-json\/wp\/v2\/comments?post=5579"}],"version-history":[{"count":8,"href":"https:\/\/puffvapestore.com\/pt\/wp-json\/wp\/v2\/product\/5579\/revisions"}],"predecessor-version":[{"id":10703,"href":"https:\/\/puffvapestore.com\/pt\/wp-json\/wp\/v2\/product\/5579\/revisions\/10703"}],"wp:featuredmedia":[{"embeddable":true,"href":"https:\/\/puffvapestore.com\/pt\/wp-json\/wp\/v2\/media\/5403"}],"wp:attachment":[{"href":"https:\/\/puffvapestore.com\/pt\/wp-json\/wp\/v2\/media?parent=5579"}],"wp:term":[{"taxonomy":"product_brand","embeddable":true,"href":"https:\/\/puffvapestore.com\/pt\/wp-json\/wp\/v2\/product_brand?post=5579"},{"taxonomy":"product_cat","embeddable":true,"href":"https:\/\/puffvapestore.com\/pt\/wp-json\/wp\/v2\/product_cat?post=5579"},{"taxonomy":"product_tag","embeddable":true,"href":"https:\/\/puffvapestore.com\/pt\/wp-json\/wp\/v2\/product_tag?post=5579"}],"curies":[{"name":"wp","href":"https:\/\/api.w.org\/{rel}","templated":true}]}}