{"id":5568,"date":"2025-07-22T05:31:10","date_gmt":"2025-07-22T05:31:10","guid":{"rendered":"https:\/\/puffvapestore.com\/?post_type=product&#038;p=5568"},"modified":"2026-01-19T10:54:36","modified_gmt":"2026-01-19T10:54:36","slug":"bang-king-triple-85k-strawberry-watermelon-triple-melon-strawberry-ice","status":"publish","type":"product","link":"https:\/\/puffvapestore.com\/pt\/product\/bang-king-triplo-85k-morango-melancia-triplo-melao-morango-gelo\/","title":{"rendered":"Bang King Triple 85000 3 em 1 - Melancia Morango &amp; Mel\u00e3o Triplo &amp; Gelo Morango"},"content":{"rendered":"<div data-elementor-type=\"wp-post\" data-elementor-id=\"5568\" class=\"elementor elementor-5568\">\n\t\t\t\t<div class=\"elementor-element elementor-element-08c26f9 e-flex e-con-boxed e-con e-parent\" data-id=\"08c26f9\" data-element_type=\"container\" data-e-type=\"container\">\n\t\t\t\t\t<div class=\"e-con-inner\">\n\t\t\t\t<div class=\"elementor-element elementor-element-a005a97 elementor-widget elementor-widget-text-editor\" data-id=\"a005a97\" data-element_type=\"widget\" data-e-type=\"widget\" data-widget_type=\"text-editor.default\">\n\t\t\t\t<div class=\"elementor-widget-container\">\n\t\t\t\t\t\t\t\t\t<p>O Bang King Triple 85000 n\u00e3o \u00e9 apenas um cigarro eletr\u00f3nico, \u00e9 tamb\u00e9m uma ferramenta essencial para variar os seus prazeres di\u00e1rios. Possui tr\u00eas dep\u00f3sitos independentes, cada um com uma capacidade de 21 ml. Descubra sabores diferentes mudando simplesmente de sabor com o seletor. Cada cigarro eletr\u00f3nico oferece at\u00e9 85.000 baforadas, um equil\u00edbrio perfeito entre rentabilidade e prazer de topo de gama.<\/p><h2>Melancia com morango: o aroma de um pomar numa tarde de sol em Fran\u00e7a<\/h2><p>Num banco junto ao Sena, em Paris, enquanto o sol espreita por entre as folhas sobre os seus ombros, saboreie um gole de fumo com sabor a Melancia e Morango, como se estivesse no cora\u00e7\u00e3o de um pomar no in\u00edcio do ver\u00e3o. A do\u00e7ura dos morangos e a frescura da melancia misturam-se, criando uma sensa\u00e7\u00e3o suave e brilhante na boca. O sabor faz lembrar as bancas de fruta do sul de Fran\u00e7a no pico do ver\u00e3o, natural, fresco e sem excessos.<\/p><h2>Triple Melon: Suculento e doce, ao estilo do Sul de Fran\u00e7a<\/h2><p>O sabor Triple Melon \u00e9 um tributo perfeito ao amor franc\u00eas pela complexidade frutada. A fus\u00e3o de tr\u00eas variedades de mel\u00e3o e de fruta, camada sobre camada: a do\u00e7ura do mel\u00e3o, a delicadeza do mel\u00e3o melado e a ligeira acidez do mel\u00e3o, criam um sabor rico e persistente. Desfrute de um gole de fumo aromatizado Triple Melon como se estivesse a caminho do mercado na Proven\u00e7a, onde o sol brilha nas bancas de fruta coloridas e o ar est\u00e1 impregnado de fragr\u00e2ncias frutadas. Esta fragr\u00e2ncia \u00e9 especialmente ideal depois de escurecer, sentado na sua varanda a conversar com amigos. Entre em modo de relaxamento a qualquer altura e em qualquer lugar.<\/p><h2>Fraise Glac\u00e9e: Uma escolha refrescante para as noites parisienses modernas<\/h2><p>Se \u00e9 um amante da noite, o sabor Fraise Glac\u00e9e tornar-se-\u00e1 a sua inspira\u00e7\u00e3o. A do\u00e7ura dos morangos, refor\u00e7ada pela frescura da menta, tem um efeito refrescante, como um cocktail de frutos vermelhos depois de um passeio noturno pelos Campos El\u00edsios. A sensa\u00e7\u00e3o de frescura n\u00e3o \u00e9 pungente, mas de subtileza francesa: elegante e s\u00f3bria. Esta fragr\u00e2ncia \u00e9 ideal para ler, ouvir jazz ou meditar sozinho. Depois de um gole de fumo aromatizado Fraise Glac\u00e9e, o cansa\u00e7o desaparece, deixando espa\u00e7o para pensamentos claros.<\/p><h2>Sistema de mudan\u00e7a de sabor triplo<\/h2><p>O Bang King 85000 Strawberry Watermelon &amp; Triple Melon &amp; Strawberry Ice 3 in 1 Triple Flavour vem com tr\u00eas reservat\u00f3rios de e-l\u00edquido independentes, cada um pr\u00e9-carregado com 21 ml de e-l\u00edquido de alta qualidade, para uma capacidade total de at\u00e9 63 ml. Assim, pode mudar os sabores \u00e0 vontade. Mude facilmente de um sabor para outro, sem mudar de dispositivo. Descubra tr\u00eas sabores diferentes para satisfazer at\u00e9 os paladares mais exigentes.<\/p><p>A Bang King Triple 85000 Strawberry Watermelon &amp; Triple Melon &amp; Strawberry Ice oferece 85.000 baforadas, ou seja, cerca de 28.300 baforadas por sabor. Quer a utilize todos os dias ou em viagem, poder\u00e1 contar com ela durante muito tempo sem ter de a substituir frequentemente.<\/p><h2>Ecr\u00e3 digital inteligente, claro num relance<\/h2><p>O Bang King 85000 Strawberry Watermelon &amp; Triple Melon &amp; Strawberry Ice 3 em 1 Triple Flavour tem um visor inteligente de alta defini\u00e7\u00e3o incorporado que mostra a carga da bateria e o n\u00edvel de e-l\u00edquido restante em tempo real. As indica\u00e7\u00f5es intuitivas facilitam a visualiza\u00e7\u00e3o do estado de utiliza\u00e7\u00e3o e garantem uma carga constante de e-l\u00edquido e de bateria.<\/p><h2>Est\u00e3o dispon\u00edveis diferentes concentra\u00e7\u00f5es de nicotina para satisfazer diferentes necessidades.<\/h2><p>O Bang King Triple 85000 oferece quatro concentra\u00e7\u00f5es de nicotina: 0 %, 2 %, 3 % e 5 %, para se adaptar a diferentes h\u00e1bitos de consumo. Do simples prazer sem nicotina \u00e0 alta concentra\u00e7\u00e3o para necessidades intensivas, adapta-se a v\u00e1rios cen\u00e1rios de utiliza\u00e7\u00e3o.<\/p><p>Tr\u00eas conjuntos de resist\u00eancias de malha independentes de 1,0 \u03a9, incorporadas em cada caixa de \u00f3leo, melhoram a efici\u00eancia da atomiza\u00e7\u00e3o e a reprodu\u00e7\u00e3o do sabor. A estrutura em malha aquece de forma mais uniforme, o vapor \u00e9 mais rico e a entrada de fumo mais suave, para uma experi\u00eancia de fumo pura e suave.<\/p><p>Equipado com uma bateria recarreg\u00e1vel de 600 mAh de alto desempenho, \u00e9 compat\u00edvel com a tecnologia de carregamento r\u00e1pido USB-C. O carregamento \u00e9 r\u00e1pido e permite-lhe continuar a desfrutar do seu vape sem se preocupar com a dura\u00e7\u00e3o da bateria, tornando-o ideal para vapers frequentes ou utilizadores de longa dura\u00e7\u00e3o.<\/p><h2>Novo visual e design ergon\u00f3mico<\/h2><p>O corpo do Bang King 85000 Strawberry Watermelon &amp; Triple Melon &amp; Strawberry Ice 3 in 1 Triple Flavour tem uma forma moderna e aerodin\u00e2mica, combinando tecnologia e praticidade. O design \u00e0 prova de fugas da estrutura do e-l\u00edquido garante um transporte di\u00e1rio sem problemas, e a qualidade artesanal reflecte-se em todos os detalhes.<\/p>\t\t\t\t\t\t\t\t<\/div>\n\t\t\t\t<\/div>\n\t\t\t\t\t<\/div>\n\t\t\t\t<\/div>\n\t\t\t\t<\/div>","protected":false},"excerpt":{"rendered":"<p>La Bang King Triple 85000 est non seulement une cigarette \u00e9lectronique, mais aussi un outil indispensable pour varier les plaisirs au quotidien. Elle est \u00e9quip\u00e9e de trois r\u00e9servoirs ind\u00e9pendants, chacun offrant une capacit\u00e9 de 21 ml. D\u00e9couvrez diff\u00e9rentes saveurs en changeant simplement de saveur gr\u00e2ce au s\u00e9lecteur. Chaque cigarette \u00e9lectronique offre jusqu&rsquo;\u00e0 85000 bouff\u00e9es, un [&hellip;]<\/p>\n","protected":false},"featured_media":5402,"comment_status":"open","ping_status":"closed","template":"","meta":{"site-sidebar-layout":"no-sidebar","site-content-layout":"page-builder","ast-site-content-layout":"normal-width-container","site-content-style":"default","site-sidebar-style":"default","ast-global-header-display":"","ast-banner-title-visibility":"","ast-main-header-display":"","ast-hfb-above-header-display":"","ast-hfb-below-header-display":"","ast-hfb-mobile-header-display":"","site-post-title":"disabled","ast-breadcrumbs-content":"","ast-featured-img":"disabled","footer-sml-layout":"","ast-disable-related-posts":"","theme-transparent-header-meta":"default","adv-header-id-meta":"","stick-header-meta":"default","header-above-stick-meta":"","header-main-stick-meta":"","header-below-stick-meta":"","astra-migrate-meta-layouts":"set","ast-page-background-enabled":"default","ast-page-background-meta":{"desktop":{"background-color":"","background-image":"","background-repeat":"repeat","background-position":"center center","background-size":"auto","background-attachment":"scroll","background-type":"","background-media":"","overlay-type":"","overlay-color":"","overlay-opacity":"","overlay-gradient":""},"tablet":{"background-color":"","background-image":"","background-repeat":"repeat","background-position":"center center","background-size":"auto","background-attachment":"scroll","background-type":"","background-media":"","overlay-type":"","overlay-color":"","overlay-opacity":"","overlay-gradient":""},"mobile":{"background-color":"","background-image":"","background-repeat":"repeat","background-position":"center center","background-size":"auto","background-attachment":"scroll","background-type":"","background-media":"","overlay-type":"","overlay-color":"","overlay-opacity":"","overlay-gradient":""}},"ast-content-background-meta":{"desktop":{"background-color":"var(--ast-global-color-5)","background-image":"","background-repeat":"repeat","background-position":"center center","background-size":"auto","background-attachment":"scroll","background-type":"","background-media":"","overlay-type":"","overlay-color":"","overlay-opacity":"","overlay-gradient":""},"tablet":{"background-color":"var(--ast-global-color-5)","background-image":"","background-repeat":"repeat","background-position":"center center","background-size":"auto","background-attachment":"scroll","background-type":"","background-media":"","overlay-type":"","overlay-color":"","overlay-opacity":"","overlay-gradient":""},"mobile":{"background-color":"var(--ast-global-color-5)","background-image":"","background-repeat":"repeat","background-position":"center center","background-size":"auto","background-attachment":"scroll","background-type":"","background-media":"","overlay-type":"","overlay-color":"","overlay-opacity":"","overlay-gradient":""}}},"product_brand":[52],"product_cat":[51,107,15],"product_tag":[],"class_list":{"0":"post-5568","1":"product","2":"type-product","3":"status-publish","4":"has-post-thumbnail","6":"product_brand-bang-king","7":"product_cat-bang-king-triple-85000-trois-saveurs-en-une","8":"product_cat-puff-85k","9":"product_cat-magasin-cigarette-electronique","10":"desktop-align-center","11":"tablet-align-center","12":"mobile-align-center","13":"ast-product-gallery-layout-horizontal","14":"ast-product-gallery-with-no-image","15":"ast-product-single-variable","16":"ast-product-tabs-layout-horizontal","17":"ast-qv-on-image","19":"first","20":"instock","21":"sale","22":"shipping-taxable","23":"purchasable","24":"product-type-variable","25":"has-default-attributes"},"tiered_pricing_type":"fixed","tiered_pricing_fixed_rules":[],"tiered_pricing_product_settings":{"layout":"default","base_unit_name":{"singular":null,"plural":null},"default_variation":null},"tiered_pricing_minimum_quantity":null,"tiered_pricing_roles_data":[],"tiered_pricing_percentage_rules":[],"_links":{"self":[{"href":"https:\/\/puffvapestore.com\/pt\/wp-json\/wp\/v2\/product\/5568","targetHints":{"allow":["GET"]}}],"collection":[{"href":"https:\/\/puffvapestore.com\/pt\/wp-json\/wp\/v2\/product"}],"about":[{"href":"https:\/\/puffvapestore.com\/pt\/wp-json\/wp\/v2\/types\/product"}],"replies":[{"embeddable":true,"href":"https:\/\/puffvapestore.com\/pt\/wp-json\/wp\/v2\/comments?post=5568"}],"version-history":[{"count":8,"href":"https:\/\/puffvapestore.com\/pt\/wp-json\/wp\/v2\/product\/5568\/revisions"}],"predecessor-version":[{"id":10704,"href":"https:\/\/puffvapestore.com\/pt\/wp-json\/wp\/v2\/product\/5568\/revisions\/10704"}],"wp:featuredmedia":[{"embeddable":true,"href":"https:\/\/puffvapestore.com\/pt\/wp-json\/wp\/v2\/media\/5402"}],"wp:attachment":[{"href":"https:\/\/puffvapestore.com\/pt\/wp-json\/wp\/v2\/media?parent=5568"}],"wp:term":[{"taxonomy":"product_brand","embeddable":true,"href":"https:\/\/puffvapestore.com\/pt\/wp-json\/wp\/v2\/product_brand?post=5568"},{"taxonomy":"product_cat","embeddable":true,"href":"https:\/\/puffvapestore.com\/pt\/wp-json\/wp\/v2\/product_cat?post=5568"},{"taxonomy":"product_tag","embeddable":true,"href":"https:\/\/puffvapestore.com\/pt\/wp-json\/wp\/v2\/product_tag?post=5568"}],"curies":[{"name":"wp","href":"https:\/\/api.w.org\/{rel}","templated":true}]}}