{"id":5538,"date":"2025-07-22T00:48:59","date_gmt":"2025-07-22T00:48:59","guid":{"rendered":"https:\/\/puffvapestore.com\/?post_type=product&#038;p=5538"},"modified":"2026-01-19T10:54:36","modified_gmt":"2026-01-19T10:54:36","slug":"bang-king-85k-strawberry-vanilla-coke-black-dragon-ice-peach-ice","status":"publish","type":"product","link":"https:\/\/puffvapestore.com\/pt\/product\/bang-king-85k-morango-baunilha-coca-cola-dragao-negro-gelo-pessego-gelo\/","title":{"rendered":"Bang King 85000 3 em 1 Triplo Sabor - Coca-Cola de morango e baunilha, Black Dragon Ice e Peach Ice"},"content":{"rendered":"<div data-elementor-type=\"wp-post\" data-elementor-id=\"5538\" class=\"elementor elementor-5538\">\n\t\t\t\t<div class=\"elementor-element elementor-element-08c26f9 e-flex e-con-boxed e-con e-parent\" data-id=\"08c26f9\" data-element_type=\"container\" data-e-type=\"container\">\n\t\t\t\t\t<div class=\"e-con-inner\">\n\t\t\t\t<div class=\"elementor-element elementor-element-a005a97 elementor-widget elementor-widget-text-editor\" data-id=\"a005a97\" data-element_type=\"widget\" data-e-type=\"widget\" data-widget_type=\"text-editor.default\">\n\t\t\t\t<div class=\"elementor-widget-container\">\n\t\t\t\t\t\t\t\t\t<p>O Bang King Triple 85000 tem um dep\u00f3sito triplo de e-l\u00edquido. Gra\u00e7as ao seletor de sabores, pode facilmente mudar de sabor e de universo em qualquer altura, dependendo da sua disposi\u00e7\u00e3o. Com 63 ml de e-l\u00edquido pr\u00e9-instalado, ou seja, 21 ml por sabor, pode fumar cerca de 28 300 baforadas, o que lhe d\u00e1 um total impressionante de 85 000 baforadas, ultrapassando largamente a maioria dos produtos no mercado.<\/p><p>Coca-Cola sabor Morango Baunilha: a do\u00e7ura do morango mistura-se com a suavidade da baunilha e as subtis bolhas da cola. Um sopro de fumo evoca o regresso \u00e0s primeiras noites de ver\u00e3o no sul de Fran\u00e7a. Sentado na esplanada de um caf\u00e9, a az\u00e1fama da cidade desvanece-se gradualmente. Dar uma passa \u00e9 como abrir uma garrafa de refrigerante da nossa inf\u00e2ncia: relaxante, satisfat\u00f3rio e com um toque retro.<\/p><p>Sabor Black Dragon Ice: o nome Black Dragon Ice revela um toque de mist\u00e9rio e de frescura. A combina\u00e7\u00e3o de frescura e de aromas frutados ricos evoca uma brisa fresca e refrescante da montanha nos confins dos Alpes. Em medita\u00e7\u00e3o ou a s\u00f3s \u00e0 noite, dar uma passa num cigarro \u00e9 como partir o gelo, ficar imediatamente s\u00f3brio e mergulhar nas suas camadas suaves.<\/p><p>Saveur P\u00eache Glac\u00e9e: p\u00eassegos doces e sumarentos combinam com a frescura do gelado. Como numa tarde proven\u00e7al, o sol brilha atrav\u00e9s da janela de gaze branca, uma ch\u00e1vena de ch\u00e1 gelado de p\u00eassego na m\u00e3o, uma m\u00fasica melodiosa toca e o corpo e a mente relaxam. Esta fragr\u00e2ncia \u00e9 ideal para fumar um cigarro e relaxar, como esquecer o stress do mundo, deixando espa\u00e7o para a gentileza e um sorriso reconfortante.<\/p><h2>Design inovador tr\u00eas em um - tr\u00eas sistemas de aromas independentes<\/h2><p>O Bang King Triple 85000 Strawberry Vanilla Coke &amp; Black Dragon Ice &amp; Peach Ice oferece um n\u00famero m\u00e1ximo de baforadas, um recorde de mercado, com 85.000 baforadas. Um \u00fanico cigarro eletr\u00f3nico BangKing Triple85000 proporciona uma utiliza\u00e7\u00e3o duradoura, sem necessidade de substitui\u00e7\u00e3o ou transporte frequentes, o que o torna ideal para utilizadores intensivos ou viajantes de longa dura\u00e7\u00e3o. Quer seja utilizado diariamente ou como acess\u00f3rio de emerg\u00eancia, oferece uma pot\u00eancia de vaporiza\u00e7\u00e3o est\u00e1vel e duradoura, mantendo-se extremamente econ\u00f3mico.<\/p><p>O Bang King Triple 85000 Strawberry Vanilla Coke &amp; Black Dragon Ice &amp; Peach Ice apresenta um dep\u00f3sito \u00fanico com tr\u00eas e-l\u00edquidos, cada um pr\u00e9-carregado com um e-l\u00edquido espec\u00edfico. O utilizador pode escolher entre tr\u00eas sabores diferentes \u00e0 vontade, gra\u00e7as ao seletor, e at\u00e9 misturar e fumar, para uma experi\u00eancia de sabor totalmente nova.<\/p><h2>Design recarreg\u00e1vel amigo do ambiente - Carregamento r\u00e1pido tipo C<\/h2><p>O Bang King Triple 85000 Strawberry Vanilla Coke &amp; Black Dragon Ice &amp; Peach Ice est\u00e1 equipado com uma bateria de l\u00edtio de 600 mAh de alto desempenho e uma interface de carregamento r\u00e1pido Tipo C, que permite v\u00e1rios ciclos de carregamento. Em compara\u00e7\u00e3o com os cigarros electr\u00f3nicos descart\u00e1veis tradicionais, n\u00e3o s\u00f3 \u00e9 mais amigo do ambiente, como tamb\u00e9m \u00e9 mais econ\u00f3mico a longo prazo. Al\u00e9m disso, a dura\u00e7\u00e3o da bateria \u00e9 est\u00e1vel e a pot\u00eancia fornecida em cada tragada \u00e9 constante, garantindo um sabor consistente.<\/p><p>Cada reservat\u00f3rio de e-l\u00edquido est\u00e1 equipado com uma resist\u00eancia de atomiza\u00e7\u00e3o de malha de 1,0 \u03a9 de alta efici\u00eancia, que proporciona uma condu\u00e7\u00e3o uniforme do calor, um aquecimento r\u00e1pido, uma atomiza\u00e7\u00e3o mais completa e um sabor mais suave e completo. Quer se trate de fruta fresca ou de uma sobremesa de creme, reproduz fielmente o sabor original do e-l\u00edquido, para um fumo que se derrete na boca e um travo persistente, melhorando drasticamente a experi\u00eancia de fumar. Mesmo com uma inala\u00e7\u00e3o cont\u00ednua, n\u00e3o se registam problemas de queimadura ou sobreaquecimento.<\/p><h2>Ecr\u00e3 LED inteligente<\/h2><p>O Bang King Triple 85000 Strawberry Vanilla Coke &amp; Black Dragon Ice &amp; Peach Ice est\u00e1 equipado com um ecr\u00e3 LED inteligente na parte da frente, que apresenta o n\u00edvel da bateria, o n\u00edvel de e-l\u00edquido restante e outras informa\u00e7\u00f5es em tempo real, permitindo aos utilizadores gerir eficazmente o seu tempo de utiliza\u00e7\u00e3o e a capacidade restante. Para os utilizadores regulares, j\u00e1 n\u00e3o \u00e9 necess\u00e1rio estimar a vida \u00fatil restante do dispositivo: a utiliza\u00e7\u00e3o visual \u00e9 mais humana e inteligente.<\/p><p>O BangKing Triple 85000 Strawberry Vanilla Coke &amp; Black Dragon Ice &amp; Peach Ice oferece at\u00e9 quatro n\u00edveis de concentra\u00e7\u00e3o de nicotina: 0 %, 2 %, 3 % e 5 %. Quer pretenda deixar de fumar, reduzir o consumo de nicotina ou manter o prazer do sabor, encontrar\u00e1 a solu\u00e7\u00e3o ideal. Para os utilizadores de cigarros electr\u00f3nicos de todos os n\u00edveis, este design oferece uma grande liberdade e uma conce\u00e7\u00e3o cuidada, respondendo n\u00e3o s\u00f3 \u00e0s necessidades dos principiantes, mas tamb\u00e9m \u00e0 experi\u00eancia personalizada dos utilizadores experientes.<\/p><h2>Outros destaques:<\/h2><p>Fun\u00e7\u00e3o de ativa\u00e7\u00e3o autom\u00e1tica: n\u00e3o \u00e9 necess\u00e1rio premir um bot\u00e3o, a inala\u00e7\u00e3o ativa o cigarro eletr\u00f3nico, tornando-o f\u00e1cil de utilizar.<\/p><p>Visual moderno e colorido: design multicolorido e efeitos de ilumina\u00e7\u00e3o modernos, para um visual mais tecnol\u00f3gico e moderno.<\/p><h2>Especifica\u00e7\u00f5es do Bang King Triple 85000 3 em 1 Strawberry Vanilla Coke &amp; Black Dragon Ice &amp; Peach Ice<\/h2><p>N\u00famero m\u00e1ximo de baforadas: at\u00e9 85 000 baforadas (28 300 baforadas para cada um dos tr\u00eas sabores)<\/p><p>Tr\u00eas reservat\u00f3rios de \u00f3leo: Cont\u00e9m 3 reservat\u00f3rios de \u00f3leo, com um seletor para mudar o sabor.<\/p><p>Volume total: 63 ml de e-l\u00edquido pr\u00e9-cheio (21 ml x 3 cada).<\/p><p>Capacidade da bateria e carga: bateria recarreg\u00e1vel de 600 mAh, compat\u00edvel com carregamento r\u00e1pido USB-C.<\/p><p>Configura\u00e7\u00e3o da resist\u00eancia: tr\u00eas conjuntos de resist\u00eancias de malha de 1,0 \u03a9 para melhorar o sabor e o desempenho da atomiza\u00e7\u00e3o.<\/p><p>Concentra\u00e7\u00e3o de nicotina: quatro n\u00edveis \u00e0 escolha: 0 %, 2 %, 3 % e 5 %.<\/p><p>Ecr\u00e3 inteligente: Equipado com um ecr\u00e3 de alta defini\u00e7\u00e3o que mostra a carga da bateria e o n\u00edvel de \u00f3leo restante.<\/p>\t\t\t\t\t\t\t\t<\/div>\n\t\t\t\t<\/div>\n\t\t\t\t\t<\/div>\n\t\t\t\t<\/div>\n\t\t\t\t<\/div>","protected":false},"excerpt":{"rendered":"<p>La Bang King Triple 85000 est dot\u00e9e d&rsquo;un triple r\u00e9servoir d&rsquo;e-liquide. Gr\u00e2ce au s\u00e9lecteur de saveurs, vous pouvez facilement changer de saveur et d&rsquo;univers \u00e0 tout moment, selon votre humeur. Avec 63 ml d&rsquo;e-liquide pr\u00e9-install\u00e9, soit 21 ml par saveur, vous pouvez fumer environ 28300 bouff\u00e9es, soit un total impressionnant de 85000 bouff\u00e9es, d\u00e9passant largement [&hellip;]<\/p>\n","protected":false},"featured_media":5401,"comment_status":"open","ping_status":"closed","template":"","meta":{"site-sidebar-layout":"no-sidebar","site-content-layout":"page-builder","ast-site-content-layout":"normal-width-container","site-content-style":"default","site-sidebar-style":"default","ast-global-header-display":"","ast-banner-title-visibility":"","ast-main-header-display":"","ast-hfb-above-header-display":"","ast-hfb-below-header-display":"","ast-hfb-mobile-header-display":"","site-post-title":"disabled","ast-breadcrumbs-content":"","ast-featured-img":"disabled","footer-sml-layout":"","ast-disable-related-posts":"","theme-transparent-header-meta":"default","adv-header-id-meta":"","stick-header-meta":"default","header-above-stick-meta":"","header-main-stick-meta":"","header-below-stick-meta":"","astra-migrate-meta-layouts":"set","ast-page-background-enabled":"default","ast-page-background-meta":{"desktop":{"background-color":"","background-image":"","background-repeat":"repeat","background-position":"center center","background-size":"auto","background-attachment":"scroll","background-type":"","background-media":"","overlay-type":"","overlay-color":"","overlay-opacity":"","overlay-gradient":""},"tablet":{"background-color":"","background-image":"","background-repeat":"repeat","background-position":"center center","background-size":"auto","background-attachment":"scroll","background-type":"","background-media":"","overlay-type":"","overlay-color":"","overlay-opacity":"","overlay-gradient":""},"mobile":{"background-color":"","background-image":"","background-repeat":"repeat","background-position":"center center","background-size":"auto","background-attachment":"scroll","background-type":"","background-media":"","overlay-type":"","overlay-color":"","overlay-opacity":"","overlay-gradient":""}},"ast-content-background-meta":{"desktop":{"background-color":"var(--ast-global-color-5)","background-image":"","background-repeat":"repeat","background-position":"center center","background-size":"auto","background-attachment":"scroll","background-type":"","background-media":"","overlay-type":"","overlay-color":"","overlay-opacity":"","overlay-gradient":""},"tablet":{"background-color":"var(--ast-global-color-5)","background-image":"","background-repeat":"repeat","background-position":"center center","background-size":"auto","background-attachment":"scroll","background-type":"","background-media":"","overlay-type":"","overlay-color":"","overlay-opacity":"","overlay-gradient":""},"mobile":{"background-color":"var(--ast-global-color-5)","background-image":"","background-repeat":"repeat","background-position":"center center","background-size":"auto","background-attachment":"scroll","background-type":"","background-media":"","overlay-type":"","overlay-color":"","overlay-opacity":"","overlay-gradient":""}}},"product_brand":[52],"product_cat":[51,107,15],"product_tag":[],"class_list":{"0":"post-5538","1":"product","2":"type-product","3":"status-publish","4":"has-post-thumbnail","6":"product_brand-bang-king","7":"product_cat-bang-king-triple-85000-trois-saveurs-en-une","8":"product_cat-puff-85k","9":"product_cat-magasin-cigarette-electronique","10":"desktop-align-center","11":"tablet-align-center","12":"mobile-align-center","13":"ast-product-gallery-layout-horizontal","14":"ast-product-gallery-with-no-image","15":"ast-product-single-variable","16":"ast-product-tabs-layout-horizontal","17":"ast-qv-on-image","19":"first","20":"instock","21":"sale","22":"shipping-taxable","23":"purchasable","24":"product-type-variable","25":"has-default-attributes"},"tiered_pricing_type":"fixed","tiered_pricing_fixed_rules":[],"tiered_pricing_product_settings":{"layout":"default","base_unit_name":{"singular":null,"plural":null},"default_variation":null},"tiered_pricing_minimum_quantity":null,"tiered_pricing_roles_data":[],"tiered_pricing_percentage_rules":[],"_links":{"self":[{"href":"https:\/\/puffvapestore.com\/pt\/wp-json\/wp\/v2\/product\/5538","targetHints":{"allow":["GET"]}}],"collection":[{"href":"https:\/\/puffvapestore.com\/pt\/wp-json\/wp\/v2\/product"}],"about":[{"href":"https:\/\/puffvapestore.com\/pt\/wp-json\/wp\/v2\/types\/product"}],"replies":[{"embeddable":true,"href":"https:\/\/puffvapestore.com\/pt\/wp-json\/wp\/v2\/comments?post=5538"}],"version-history":[{"count":11,"href":"https:\/\/puffvapestore.com\/pt\/wp-json\/wp\/v2\/product\/5538\/revisions"}],"predecessor-version":[{"id":10706,"href":"https:\/\/puffvapestore.com\/pt\/wp-json\/wp\/v2\/product\/5538\/revisions\/10706"}],"wp:featuredmedia":[{"embeddable":true,"href":"https:\/\/puffvapestore.com\/pt\/wp-json\/wp\/v2\/media\/5401"}],"wp:attachment":[{"href":"https:\/\/puffvapestore.com\/pt\/wp-json\/wp\/v2\/media?parent=5538"}],"wp:term":[{"taxonomy":"product_brand","embeddable":true,"href":"https:\/\/puffvapestore.com\/pt\/wp-json\/wp\/v2\/product_brand?post=5538"},{"taxonomy":"product_cat","embeddable":true,"href":"https:\/\/puffvapestore.com\/pt\/wp-json\/wp\/v2\/product_cat?post=5538"},{"taxonomy":"product_tag","embeddable":true,"href":"https:\/\/puffvapestore.com\/pt\/wp-json\/wp\/v2\/product_tag?post=5538"}],"curies":[{"name":"wp","href":"https:\/\/api.w.org\/{rel}","templated":true}]}}