{"id":5523,"date":"2025-07-20T06:44:42","date_gmt":"2025-07-20T06:44:42","guid":{"rendered":"https:\/\/puffvapestore.com\/?post_type=product&#038;p=5523"},"modified":"2026-01-19T10:54:36","modified_gmt":"2026-01-19T10:54:36","slug":"bang-king-85000-mixed-berries-mango-peach-grape-ice","status":"publish","type":"product","link":"https:\/\/puffvapestore.com\/pt\/product\/bang-king-85000-mistura-de-bagas-manga-pessego-uva-gelo\/","title":{"rendered":"Bang King 85000 3 em 1 Triplo Sabor - Bagas Mistas e Manga P\u00eassego e Uva Gelo"},"content":{"rendered":"<div data-elementor-type=\"wp-post\" data-elementor-id=\"5523\" class=\"elementor elementor-5523\">\n\t\t\t\t<div class=\"elementor-element elementor-element-d3f3f97 e-flex e-con-boxed e-con e-parent\" data-id=\"d3f3f97\" data-element_type=\"container\" data-e-type=\"container\">\n\t\t\t\t\t<div class=\"e-con-inner\">\n\t\t\t\t<div class=\"elementor-element elementor-element-9600b1d elementor-widget elementor-widget-text-editor\" data-id=\"9600b1d\" data-element_type=\"widget\" data-e-type=\"widget\" data-widget_type=\"text-editor.default\">\n\t\t\t\t<div class=\"elementor-widget-container\">\n\t\t\t\t\t\t\t\t\t<p>O Bang King 85000 3 em 1 Triple Flavour - Mixed Berries &amp; Mango Peach &amp; Grape Ice permite aos utilizadores escolher livremente entre os tr\u00eas sabores \u00abMixed Berries\u00bb, \u00abMango Peach\u00bb e \u00abGrape Ice\u00bb. Este design oferece uma variedade de escolhas para se adequar a todos os estados de esp\u00edrito e cen\u00e1rios. Cada sabor oferece uma experi\u00eancia gustativa completa. O Mixed Berry \u00e9 para os amantes da fruta, o Mango Peach oferece sabores tropicais e o Iced Grape \u00e9 para os amantes da frescura.<\/p><h2>Bagas mistas<\/h2><p>Quando o fumo entra no palato, a primeira impress\u00e3o \u00e9 a de um poderoso aroma a frutos silvestres, que lembra a fus\u00e3o de mirtilos e amoras, com uma do\u00e7ura moderada e uma ligeira acidez de frutos silvestres. O complexo sabor frutado \u00e9 caracterizado por uma suave e doce nota de topo de mirtilo, seguida por uma ligeira acidez de amoras e framboesas no meio, acrescentando complexidade. O conjunto \u00e9 encorpado e n\u00e3o gorduroso, com um leve aroma verde de frutos silvestres que lembra bagas acabadas de colher.<\/p><h2>Manga P\u00eassego<\/h2><p>A do\u00e7ura rica e tropical da manga e o aroma suave e carnudo do p\u00eassego branco misturam-se, doces sem serem gordurosos, suaves e naturais. A polpa espessa da manga \u00e9 a primeira sensa\u00e7\u00e3o sentida, seguida da redondeza e da delicadeza do p\u00eassego, integrando-se harmoniosamente.<\/p><p>Aromas: O final de boca evoca o calor de um pomar ensolarado, enquanto a do\u00e7ura da polpa se prolonga entre os l\u00e1bios e os dentes.<\/p><h2>Gelo de uva<\/h2><p>Sabor: Com uma base de uvas roxas doces, combinada com uma forte sensa\u00e7\u00e3o de frescura, este \u00e9 o mais refrescante dos tr\u00eas.<\/p><p>Pormenores do sabor: O aroma a uva \u00e9 muito completo, com uma ligeira do\u00e7ura de refrigerante de uva e um aroma frutado natural. A sensa\u00e7\u00e3o de gelo que penetra rapidamente na garganta explode, proporcionando uma experi\u00eancia extremamente refrescante, particularmente adequada para aliviar sensa\u00e7\u00f5es de gordura ou calor.<\/p><p>Aromas: Frescos e persistentes, semelhantes ao travo de um gelado de uva ou de uma pastilha el\u00e1stica de uva, com uma ligeira frescura persistente.<\/p>\t\t\t\t\t\t\t\t<\/div>\n\t\t\t\t<\/div>\n\t\t\t\t\t<\/div>\n\t\t\t\t<\/div>\n\t\t<div class=\"elementor-element elementor-element-08c26f9 e-flex e-con-boxed e-con e-parent\" data-id=\"08c26f9\" data-element_type=\"container\" data-e-type=\"container\">\n\t\t\t\t\t<div class=\"e-con-inner\">\n\t\t\t\t<div class=\"elementor-element elementor-element-a005a97 elementor-widget elementor-widget-text-editor\" data-id=\"a005a97\" data-element_type=\"widget\" data-e-type=\"widget\" data-widget_type=\"text-editor.default\">\n\t\t\t\t<div class=\"elementor-widget-container\">\n\t\t\t\t\t\t\t\t\t<h2>Design inovador tr\u00eas em um - tr\u00eas sistemas de aromas independentes<\/h2><p>O Bang King Triple 85000 Mixed Berries &amp; Mango Peach &amp; Grape Ice oferece um n\u00famero m\u00e1ximo de puffs, um recorde de mercado, com 85.000 puffs. Um \u00fanico cigarro eletr\u00f3nico BangKing Triple85000 permite uma utiliza\u00e7\u00e3o a longo prazo, sem necessidade de substitui\u00e7\u00e3o ou transporte frequentes, o que o torna ideal para utilizadores intensivos ou viajantes de longa dura\u00e7\u00e3o. Quer seja utilizado diariamente ou como acess\u00f3rio de emerg\u00eancia, oferece uma pot\u00eancia de vaporiza\u00e7\u00e3o est\u00e1vel e duradoura, mantendo-se extremamente econ\u00f3mico.<\/p><p>O Bang King Triple 85000 Mixed Berries &amp; Mango Peach &amp; Grape Ice apresenta um dep\u00f3sito \u00fanico com tr\u00eas e-l\u00edquidos, cada um pr\u00e9-carregado com um e-l\u00edquido espec\u00edfico. O utilizador pode escolher entre tr\u00eas sabores diferentes \u00e0 vontade, gra\u00e7as ao seletor, e at\u00e9 misturar e fumar, para uma experi\u00eancia de sabor sem precedentes.<\/p><h2>Design recarreg\u00e1vel amigo do ambiente - Carregamento r\u00e1pido tipo C<\/h2><p>O Bang King Triple 85000 est\u00e1 equipado com uma bateria de l\u00edtio de 600 mAh de alto desempenho e uma interface de carregamento r\u00e1pido Tipo C, que permite v\u00e1rios ciclos de carregamento. Em compara\u00e7\u00e3o com os cigarros electr\u00f3nicos descart\u00e1veis tradicionais, n\u00e3o s\u00f3 \u00e9 mais amigo do ambiente, como tamb\u00e9m \u00e9 mais econ\u00f3mico a longo prazo. Al\u00e9m disso, a dura\u00e7\u00e3o da bateria \u00e9 est\u00e1vel e a pot\u00eancia fornecida em cada tragada \u00e9 constante, garantindo um sabor consistente.<\/p><p>Cada reservat\u00f3rio de e-l\u00edquido est\u00e1 equipado com uma resist\u00eancia de atomiza\u00e7\u00e3o de malha de 1,0 \u03a9 de alta efici\u00eancia, que proporciona uma condu\u00e7\u00e3o uniforme do calor, um aquecimento r\u00e1pido, uma atomiza\u00e7\u00e3o mais completa e um sabor mais suave e completo. Quer se trate de fruta fresca ou de uma sobremesa de creme, reproduz fielmente o sabor original do e-l\u00edquido, para um fumo que se derrete na boca e um travo persistente, melhorando drasticamente a experi\u00eancia de fumar. Mesmo com uma inala\u00e7\u00e3o cont\u00ednua, n\u00e3o se registam problemas de queimadura ou sobreaquecimento.<\/p><h2>Ecr\u00e3 LED inteligente<\/h2><p>O Bang King Triple 85000 Mixed Berries &amp; Mango Peach &amp; Grape Ice est\u00e1 equipado com um ecr\u00e3 LED inteligente na parte frontal, que apresenta o n\u00edvel da bateria, o n\u00edvel de e-l\u00edquido restante e outras informa\u00e7\u00f5es em tempo real, permitindo aos utilizadores gerir eficazmente o seu tempo de utiliza\u00e7\u00e3o e a capacidade restante. Para os utilizadores regulares, j\u00e1 n\u00e3o \u00e9 necess\u00e1rio estimar a vida \u00fatil restante do dispositivo: a utiliza\u00e7\u00e3o visual \u00e9 mais humana e inteligente.<\/p><p>BangKing Triple 85000 Mixed Berries &amp; Mango Peach &amp; Grape Ice oferece at\u00e9 quatro n\u00edveis de concentra\u00e7\u00e3o de nicotina: 0 %, 2 %, 3 % e 5 %. Quer pretenda deixar de fumar, reduzir a sua ingest\u00e3o de nicotina ou manter o seu prazer gustativo, encontrar\u00e1 a solu\u00e7\u00e3o ideal. Para os utilizadores de cigarros electr\u00f3nicos de todos os n\u00edveis, este design oferece uma grande liberdade e uma conce\u00e7\u00e3o cuidada, respondendo n\u00e3o s\u00f3 \u00e0s necessidades dos principiantes, mas tamb\u00e9m \u00e0 experi\u00eancia personalizada dos utilizadores experientes.<\/p><h2>Outros destaques:<\/h2><p>Fun\u00e7\u00e3o de ativa\u00e7\u00e3o autom\u00e1tica: n\u00e3o \u00e9 necess\u00e1rio premir um bot\u00e3o, a inala\u00e7\u00e3o ativa o cigarro eletr\u00f3nico, tornando-o f\u00e1cil de utilizar.<\/p><p>Visual moderno e colorido: design multicolorido e efeitos de ilumina\u00e7\u00e3o modernos, para um visual mais tecnol\u00f3gico e moderno.<\/p><h2>Especifica\u00e7\u00f5es de Bang King Triple 85000 3 em 1 Mixed Berries &amp; Mango Peach &amp; Grape Ice<\/h2><p>N\u00famero m\u00e1ximo de baforadas: at\u00e9 85 000 baforadas (28 300 baforadas para cada um dos tr\u00eas sabores)<\/p><p>Tr\u00eas reservat\u00f3rios de \u00f3leo: Cont\u00e9m 3 reservat\u00f3rios de \u00f3leo, com um seletor para mudar o sabor.<\/p><p>Volume total: 63 ml de e-l\u00edquido pr\u00e9-cheio (21 ml x 3 cada).<\/p><p>Capacidade da bateria e carga: bateria recarreg\u00e1vel de 600 mAh, compat\u00edvel com carregamento r\u00e1pido USB-C.<\/p><p>Configura\u00e7\u00e3o da resist\u00eancia: tr\u00eas conjuntos de resist\u00eancias de malha de 1,0 \u03a9 para melhorar o sabor e o desempenho da atomiza\u00e7\u00e3o.<\/p><p>Concentra\u00e7\u00e3o de nicotina: quatro n\u00edveis \u00e0 escolha: 0 %, 2 %, 3 % e 5 %.<\/p><p>Ecr\u00e3 inteligente: Equipado com um ecr\u00e3 de alta defini\u00e7\u00e3o que mostra a carga da bateria e o n\u00edvel de \u00f3leo restante.<\/p>\t\t\t\t\t\t\t\t<\/div>\n\t\t\t\t<\/div>\n\t\t\t\t\t<\/div>\n\t\t\t\t<\/div>\n\t\t\t\t<\/div>","protected":false},"excerpt":{"rendered":"<p>La Bang King 85000 3 en 1 Triple Saveur &#8211; Mixed Berries &amp; Mango Peach &amp; Grape Ice permet aux utilisateurs de choisir librement entre les trois saveurs \u00ab Baies Mixtes \u00bb, \u00ab Mangue, P\u00eache \u00bb et \u00ab Raisin Glac\u00e9 \u00bb. Ce design offre une vari\u00e9t\u00e9 de choix pour r\u00e9pondre \u00e0 toutes les humeurs et [&hellip;]<\/p>\n","protected":false},"featured_media":5396,"comment_status":"open","ping_status":"closed","template":"","meta":{"site-sidebar-layout":"no-sidebar","site-content-layout":"page-builder","ast-site-content-layout":"normal-width-container","site-content-style":"default","site-sidebar-style":"default","ast-global-header-display":"","ast-banner-title-visibility":"","ast-main-header-display":"","ast-hfb-above-header-display":"","ast-hfb-below-header-display":"","ast-hfb-mobile-header-display":"","site-post-title":"disabled","ast-breadcrumbs-content":"","ast-featured-img":"disabled","footer-sml-layout":"","ast-disable-related-posts":"","theme-transparent-header-meta":"default","adv-header-id-meta":"","stick-header-meta":"default","header-above-stick-meta":"","header-main-stick-meta":"","header-below-stick-meta":"","astra-migrate-meta-layouts":"set","ast-page-background-enabled":"default","ast-page-background-meta":{"desktop":{"background-color":"","background-image":"","background-repeat":"repeat","background-position":"center center","background-size":"auto","background-attachment":"scroll","background-type":"","background-media":"","overlay-type":"","overlay-color":"","overlay-opacity":"","overlay-gradient":""},"tablet":{"background-color":"","background-image":"","background-repeat":"repeat","background-position":"center center","background-size":"auto","background-attachment":"scroll","background-type":"","background-media":"","overlay-type":"","overlay-color":"","overlay-opacity":"","overlay-gradient":""},"mobile":{"background-color":"","background-image":"","background-repeat":"repeat","background-position":"center center","background-size":"auto","background-attachment":"scroll","background-type":"","background-media":"","overlay-type":"","overlay-color":"","overlay-opacity":"","overlay-gradient":""}},"ast-content-background-meta":{"desktop":{"background-color":"var(--ast-global-color-5)","background-image":"","background-repeat":"repeat","background-position":"center center","background-size":"auto","background-attachment":"scroll","background-type":"","background-media":"","overlay-type":"","overlay-color":"","overlay-opacity":"","overlay-gradient":""},"tablet":{"background-color":"var(--ast-global-color-5)","background-image":"","background-repeat":"repeat","background-position":"center center","background-size":"auto","background-attachment":"scroll","background-type":"","background-media":"","overlay-type":"","overlay-color":"","overlay-opacity":"","overlay-gradient":""},"mobile":{"background-color":"var(--ast-global-color-5)","background-image":"","background-repeat":"repeat","background-position":"center center","background-size":"auto","background-attachment":"scroll","background-type":"","background-media":"","overlay-type":"","overlay-color":"","overlay-opacity":"","overlay-gradient":""}}},"product_brand":[52],"product_cat":[51,107,15],"product_tag":[],"class_list":{"0":"post-5523","1":"product","2":"type-product","3":"status-publish","4":"has-post-thumbnail","6":"product_brand-bang-king","7":"product_cat-bang-king-triple-85000-trois-saveurs-en-une","8":"product_cat-puff-85k","9":"product_cat-magasin-cigarette-electronique","10":"desktop-align-center","11":"tablet-align-center","12":"mobile-align-center","13":"ast-product-gallery-layout-horizontal","14":"ast-product-gallery-with-no-image","15":"ast-product-single-variable","16":"ast-product-tabs-layout-horizontal","17":"ast-qv-on-image","19":"first","20":"instock","21":"sale","22":"shipping-taxable","23":"purchasable","24":"product-type-variable","25":"has-default-attributes"},"tiered_pricing_type":"fixed","tiered_pricing_fixed_rules":[],"tiered_pricing_product_settings":{"layout":"default","base_unit_name":{"singular":null,"plural":null},"default_variation":null},"tiered_pricing_minimum_quantity":null,"tiered_pricing_roles_data":[],"tiered_pricing_percentage_rules":[],"_links":{"self":[{"href":"https:\/\/puffvapestore.com\/pt\/wp-json\/wp\/v2\/product\/5523","targetHints":{"allow":["GET"]}}],"collection":[{"href":"https:\/\/puffvapestore.com\/pt\/wp-json\/wp\/v2\/product"}],"about":[{"href":"https:\/\/puffvapestore.com\/pt\/wp-json\/wp\/v2\/types\/product"}],"replies":[{"embeddable":true,"href":"https:\/\/puffvapestore.com\/pt\/wp-json\/wp\/v2\/comments?post=5523"}],"version-history":[{"count":8,"href":"https:\/\/puffvapestore.com\/pt\/wp-json\/wp\/v2\/product\/5523\/revisions"}],"predecessor-version":[{"id":10707,"href":"https:\/\/puffvapestore.com\/pt\/wp-json\/wp\/v2\/product\/5523\/revisions\/10707"}],"wp:featuredmedia":[{"embeddable":true,"href":"https:\/\/puffvapestore.com\/pt\/wp-json\/wp\/v2\/media\/5396"}],"wp:attachment":[{"href":"https:\/\/puffvapestore.com\/pt\/wp-json\/wp\/v2\/media?parent=5523"}],"wp:term":[{"taxonomy":"product_brand","embeddable":true,"href":"https:\/\/puffvapestore.com\/pt\/wp-json\/wp\/v2\/product_brand?post=5523"},{"taxonomy":"product_cat","embeddable":true,"href":"https:\/\/puffvapestore.com\/pt\/wp-json\/wp\/v2\/product_cat?post=5523"},{"taxonomy":"product_tag","embeddable":true,"href":"https:\/\/puffvapestore.com\/pt\/wp-json\/wp\/v2\/product_tag?post=5523"}],"curies":[{"name":"wp","href":"https:\/\/api.w.org\/{rel}","templated":true}]}}