{"id":5432,"date":"2025-07-20T01:07:06","date_gmt":"2025-07-20T01:07:06","guid":{"rendered":"https:\/\/puffvapestore.com\/?post_type=product&#038;p=5432"},"modified":"2026-01-19T10:54:35","modified_gmt":"2026-01-19T10:54:35","slug":"bang-king-85000-3-in-1-triple-flavor-equipe-de-resistances-mesh","status":"publish","type":"product","link":"https:\/\/puffvapestore.com\/pt\/product\/bang-king-85000-3-em-1-de-sabor-triplo-com-resistencias-de-malha\/","title":{"rendered":"Bang King 85000 3 em 1 Triple Flavor: Oferece 85K puffs, equipado com resist\u00eancias de malha"},"content":{"rendered":"<div data-elementor-type=\"wp-post\" data-elementor-id=\"5432\" class=\"elementor elementor-5432\">\n\t\t\t\t<div class=\"elementor-element elementor-element-08c26f9 e-flex e-con-boxed e-con e-parent\" data-id=\"08c26f9\" data-element_type=\"container\" data-e-type=\"container\">\n\t\t\t\t\t<div class=\"e-con-inner\">\n\t\t\t\t<div class=\"elementor-element elementor-element-a005a97 elementor-widget elementor-widget-text-editor\" data-id=\"a005a97\" data-element_type=\"widget\" data-e-type=\"widget\" data-widget_type=\"text-editor.default\">\n\t\t\t\t<div class=\"elementor-widget-container\">\n\t\t\t\t\t\t\t\t\t<h2>Design inovador tr\u00eas em um - tr\u00eas sistemas de aromas independentes<\/h2><p>O Bang King Triple 85000 oferece um n\u00famero m\u00e1ximo de puffs, um recorde de mercado, com 85.000 puffs. Um \u00fanico cigarro eletr\u00f3nico BangKing Triple85000 permite uma utiliza\u00e7\u00e3o a longo prazo, sem necessidade de substitui\u00e7\u00e3o ou transporte frequentes, o que o torna ideal para utilizadores intensivos ou viajantes de longa dura\u00e7\u00e3o. Quer seja utilizado diariamente ou como acess\u00f3rio de emerg\u00eancia, oferece uma pot\u00eancia de vaporiza\u00e7\u00e3o est\u00e1vel e duradoura, mantendo-se extremamente econ\u00f3mico.<\/p><p>O Bang King Triple 85000 possui um dep\u00f3sito \u00fanico com tr\u00eas e-l\u00edquidos, cada um pr\u00e9-carregado com um e-l\u00edquido espec\u00edfico. O utilizador pode escolher entre tr\u00eas sabores diferentes \u00e0 vontade, gra\u00e7as ao seletor, e at\u00e9 misturar e fumar, para uma experi\u00eancia de sabor sem precedentes.<\/p><h2>Design recarreg\u00e1vel amigo do ambiente - Carregamento r\u00e1pido tipo C<\/h2><p>O Bang King Triple 85000 est\u00e1 equipado com uma bateria de l\u00edtio de 600 mAh de alto desempenho e uma interface de carregamento r\u00e1pido Tipo C, que permite v\u00e1rios ciclos de carregamento. Em compara\u00e7\u00e3o com os cigarros electr\u00f3nicos descart\u00e1veis tradicionais, n\u00e3o s\u00f3 \u00e9 mais amigo do ambiente, como tamb\u00e9m \u00e9 mais econ\u00f3mico a longo prazo. Al\u00e9m disso, a dura\u00e7\u00e3o da bateria \u00e9 est\u00e1vel e a pot\u00eancia fornecida em cada tragada \u00e9 constante, garantindo um sabor consistente.<\/p><p>Cada reservat\u00f3rio de e-l\u00edquido est\u00e1 equipado com uma resist\u00eancia de atomiza\u00e7\u00e3o de malha de 1,0 \u03a9 de alta efici\u00eancia, que proporciona uma condu\u00e7\u00e3o uniforme do calor, um aquecimento r\u00e1pido, uma atomiza\u00e7\u00e3o mais completa e um sabor mais suave e completo. Quer se trate de fruta fresca ou de uma sobremesa de creme, reproduz fielmente o sabor original do e-l\u00edquido, para um fumo que se derrete na boca e um travo persistente, melhorando drasticamente a experi\u00eancia de fumar. Mesmo com uma inala\u00e7\u00e3o cont\u00ednua, n\u00e3o se registam problemas de queimadura ou sobreaquecimento.<\/p><h2>Ecr\u00e3 LED inteligente<\/h2><p>O Bang King Triple 85000 est\u00e1 equipado com um ecr\u00e3 LED inteligente na parte frontal, que apresenta o n\u00edvel da bateria, o n\u00edvel de e-l\u00edquido restante e outras informa\u00e7\u00f5es em tempo real, permitindo aos utilizadores gerir eficazmente o tempo de utiliza\u00e7\u00e3o e a capacidade restante. Para os utilizadores regulares, j\u00e1 n\u00e3o \u00e9 necess\u00e1rio estimar a vida \u00fatil restante do dispositivo: a utiliza\u00e7\u00e3o visual \u00e9 mais humana e inteligente.<\/p><p>O BangKing Triple 85000 oferece at\u00e9 quatro n\u00edveis de concentra\u00e7\u00e3o de nicotina: 0 %, 2 %, 3 % e 5 %. Quer pretenda deixar de fumar, reduzir o consumo de nicotina ou manter o prazer do sabor, encontrar\u00e1 a solu\u00e7\u00e3o ideal. Para os utilizadores de cigarros electr\u00f3nicos de todos os n\u00edveis, este design oferece uma grande liberdade e uma conce\u00e7\u00e3o cuidada, respondendo n\u00e3o s\u00f3 \u00e0s necessidades dos principiantes, mas tamb\u00e9m \u00e0 experi\u00eancia personalizada dos utilizadores experientes.<\/p><h2>Outros destaques:<\/h2><p>Fun\u00e7\u00e3o de ativa\u00e7\u00e3o autom\u00e1tica: n\u00e3o \u00e9 necess\u00e1rio premir um bot\u00e3o, a inala\u00e7\u00e3o ativa o cigarro eletr\u00f3nico, tornando-o f\u00e1cil de utilizar.<\/p><p>Visual moderno e colorido: design multicolorido e efeitos de ilumina\u00e7\u00e3o modernos, para um visual mais tecnol\u00f3gico e moderno.<\/p><h2>Especifica\u00e7\u00f5es do Bang King Triple 85000 3 em 1<\/h2><p>N\u00famero m\u00e1ximo de baforadas: at\u00e9 85 000 baforadas (28 300 baforadas para cada um dos tr\u00eas sabores)<\/p><p>Tr\u00eas reservat\u00f3rios de \u00f3leo: Cont\u00e9m 3 reservat\u00f3rios de \u00f3leo, com um seletor para mudar o sabor.<\/p><p>Volume total: 63 ml de e-l\u00edquido pr\u00e9-cheio (21 ml x 3 cada).<\/p><p>Capacidade da bateria e carga: bateria recarreg\u00e1vel de 600 mAh, compat\u00edvel com carregamento r\u00e1pido USB-C.<\/p><p>Configura\u00e7\u00e3o da resist\u00eancia: tr\u00eas conjuntos de resist\u00eancias de malha de 1,0 \u03a9 para melhorar o sabor e o desempenho da atomiza\u00e7\u00e3o.<\/p><p>Concentra\u00e7\u00e3o de nicotina: quatro n\u00edveis \u00e0 escolha: 0 %, 2 %, 3 % e 5 %.<\/p><p>Ecr\u00e3 inteligente: Equipado com um ecr\u00e3 de alta defini\u00e7\u00e3o que mostra a carga da bateria e o n\u00edvel de \u00f3leo restante.<\/p>\t\t\t\t\t\t\t\t<\/div>\n\t\t\t\t<\/div>\n\t\t\t\t\t<\/div>\n\t\t\t\t<\/div>\n\t\t<div class=\"elementor-element elementor-element-d3f3f97 e-flex e-con-boxed e-con e-parent\" data-id=\"d3f3f97\" data-element_type=\"container\" data-e-type=\"container\">\n\t\t\t\t\t<div class=\"e-con-inner\">\n\t\t\t\t<div class=\"elementor-element elementor-element-9600b1d elementor-widget elementor-widget-text-editor\" data-id=\"9600b1d\" data-element_type=\"widget\" data-e-type=\"widget\" data-widget_type=\"text-editor.default\">\n\t\t\t\t<div class=\"elementor-widget-container\">\n\t\t\t\t\t\t\t\t\t<h2>16 sabores triplos de Bang King Triple 85000<\/h2><p>Os 16 sabores do Bang King Triple 85K oferecem uma combina\u00e7\u00e3o rica e criativa de sabores, centrando-se nos tr\u00eas temas principais: fruta, bebidas e sobremesas. Cada sabor \u00e9 uma mistura de tr\u00eas sabores de cartucho diferentes, para uma experi\u00eancia rica e complexa. Por exemplo, \u00abBerry Lemonade &amp; Strawberry Red Bull &amp; Strawberry Pomp\u00bb combina o sabor refrescante da limonada de frutos vermelhos, a vivacidade do Red Bull de morango e a do\u00e7ura da rom\u00e3 de morango, enquanto \u00abBlue Razz Ice &amp; Strawberry Watermelon &amp; Watermelon Ice\u00bb pega na frescura do batido de mirtilo e acrescenta o sabor estival da melancia de morango e do gelo puro de melancia. Esta combina\u00e7\u00e3o n\u00e3o s\u00f3 mant\u00e9m a assinatura de sabor \u00fanico, como tamb\u00e9m acrescenta frescura atrav\u00e9s das suas combina\u00e7\u00f5es.<\/p><p>A s\u00e9rie apresenta uma s\u00e9rie de combina\u00e7\u00f5es ousadas e transfronteiri\u00e7as, como \u00abStrawberry Vanilla Coke &amp; Black Dragon Ice &amp; Peach Ice\u00bb, que combina bebidas e frutas, ou \u00abStrawberry Donut &amp; Love 66 &amp; Banana Ice\u00bb, inspirada em sobremesas. Os sabores de frutas tropicais tamb\u00e9m t\u00eam um lugar de destaque, como \u00abTropical Fruit &amp; Lemon Peach &amp; Strawberry Watermelon\u00bb e \u00abKiwi Passion Fruit Guava &amp; Lush Ice &amp; Straw Mango\u00bb, que criam uma atmosfera ex\u00f3tica gra\u00e7as aos ricos aromas frutados de maracuj\u00e1, goiaba, manga e outros.<\/p><p>O design do sabor do Bang King Triple 85K real\u00e7a o equil\u00edbrio entre o sabor gelado (como muitos sabores chamados \u00abIce\u00bb) e a do\u00e7ura, satisfazendo as necessidades cl\u00e1ssicas (como cola, Red Bull) e inovadoras (como donuts, anan\u00e1s e coco). As diferentes combina\u00e7\u00f5es adequam-se a diferentes cen\u00e1rios. Por exemplo, \u00abIce Tea Lemon Ice &amp; Lychee Ice Cream &amp; Mango On Ice\u00bb \u00e9 ideal para aliviar as sensa\u00e7\u00f5es de gordura, enquanto a gama Red Bull oferece um efeito refrescante para satisfazer os diferentes gostos dos consumidores.<\/p>\t\t\t\t\t\t\t\t<\/div>\n\t\t\t\t<\/div>\n\t\t\t\t\t<\/div>\n\t\t\t\t<\/div>\n\t\t\t\t<\/div>","protected":false},"excerpt":{"rendered":"<p>Conception innovante trois-en-un &#8211; trois syst\u00e8mes de saveurs ind\u00e9pendants La Bang King Triple 85000 offre un nombre maximal de bouff\u00e9es, un record du march\u00e9, avec 85000 bouff\u00e9es. Une seule cigarette \u00e9lectronique BangKing Triple85000 permet une utilisation longue dur\u00e9e, sans avoir \u00e0 la remplacer fr\u00e9quemment ni \u00e0 la transporter, ce qui est id\u00e9al pour les utilisateurs [&hellip;]<\/p>\n","protected":false},"featured_media":5408,"comment_status":"open","ping_status":"closed","template":"","meta":{"site-sidebar-layout":"no-sidebar","site-content-layout":"page-builder","ast-site-content-layout":"normal-width-container","site-content-style":"default","site-sidebar-style":"default","ast-global-header-display":"","ast-banner-title-visibility":"","ast-main-header-display":"","ast-hfb-above-header-display":"","ast-hfb-below-header-display":"","ast-hfb-mobile-header-display":"","site-post-title":"disabled","ast-breadcrumbs-content":"","ast-featured-img":"disabled","footer-sml-layout":"","ast-disable-related-posts":"","theme-transparent-header-meta":"default","adv-header-id-meta":"","stick-header-meta":"default","header-above-stick-meta":"","header-main-stick-meta":"","header-below-stick-meta":"","astra-migrate-meta-layouts":"set","ast-page-background-enabled":"default","ast-page-background-meta":{"desktop":{"background-color":"","background-image":"","background-repeat":"repeat","background-position":"center center","background-size":"auto","background-attachment":"scroll","background-type":"","background-media":"","overlay-type":"","overlay-color":"","overlay-opacity":"","overlay-gradient":""},"tablet":{"background-color":"","background-image":"","background-repeat":"repeat","background-position":"center center","background-size":"auto","background-attachment":"scroll","background-type":"","background-media":"","overlay-type":"","overlay-color":"","overlay-opacity":"","overlay-gradient":""},"mobile":{"background-color":"","background-image":"","background-repeat":"repeat","background-position":"center center","background-size":"auto","background-attachment":"scroll","background-type":"","background-media":"","overlay-type":"","overlay-color":"","overlay-opacity":"","overlay-gradient":""}},"ast-content-background-meta":{"desktop":{"background-color":"var(--ast-global-color-5)","background-image":"","background-repeat":"repeat","background-position":"center center","background-size":"auto","background-attachment":"scroll","background-type":"","background-media":"","overlay-type":"","overlay-color":"","overlay-opacity":"","overlay-gradient":""},"tablet":{"background-color":"var(--ast-global-color-5)","background-image":"","background-repeat":"repeat","background-position":"center center","background-size":"auto","background-attachment":"scroll","background-type":"","background-media":"","overlay-type":"","overlay-color":"","overlay-opacity":"","overlay-gradient":""},"mobile":{"background-color":"var(--ast-global-color-5)","background-image":"","background-repeat":"repeat","background-position":"center center","background-size":"auto","background-attachment":"scroll","background-type":"","background-media":"","overlay-type":"","overlay-color":"","overlay-opacity":"","overlay-gradient":""}}},"product_brand":[52],"product_cat":[51,107,15],"product_tag":[],"class_list":{"0":"post-5432","1":"product","2":"type-product","3":"status-publish","4":"has-post-thumbnail","6":"product_brand-bang-king","7":"product_cat-bang-king-triple-85000-trois-saveurs-en-une","8":"product_cat-puff-85k","9":"product_cat-magasin-cigarette-electronique","10":"desktop-align-center","11":"tablet-align-center","12":"mobile-align-center","13":"ast-product-gallery-layout-horizontal","14":"ast-product-single-variable","15":"ast-product-tabs-layout-horizontal","16":"ast-qv-on-image","18":"first","19":"instock","20":"sale","21":"shipping-taxable","22":"purchasable","23":"product-type-variable","24":"has-default-attributes"},"tiered_pricing_type":"fixed","tiered_pricing_fixed_rules":[],"tiered_pricing_product_settings":{"layout":"default","base_unit_name":{"singular":null,"plural":null},"default_variation":null},"tiered_pricing_minimum_quantity":null,"tiered_pricing_roles_data":[],"tiered_pricing_percentage_rules":[],"_links":{"self":[{"href":"https:\/\/puffvapestore.com\/pt\/wp-json\/wp\/v2\/product\/5432","targetHints":{"allow":["GET"]}}],"collection":[{"href":"https:\/\/puffvapestore.com\/pt\/wp-json\/wp\/v2\/product"}],"about":[{"href":"https:\/\/puffvapestore.com\/pt\/wp-json\/wp\/v2\/types\/product"}],"replies":[{"embeddable":true,"href":"https:\/\/puffvapestore.com\/pt\/wp-json\/wp\/v2\/comments?post=5432"}],"version-history":[{"count":8,"href":"https:\/\/puffvapestore.com\/pt\/wp-json\/wp\/v2\/product\/5432\/revisions"}],"predecessor-version":[{"id":10711,"href":"https:\/\/puffvapestore.com\/pt\/wp-json\/wp\/v2\/product\/5432\/revisions\/10711"}],"wp:featuredmedia":[{"embeddable":true,"href":"https:\/\/puffvapestore.com\/pt\/wp-json\/wp\/v2\/media\/5408"}],"wp:attachment":[{"href":"https:\/\/puffvapestore.com\/pt\/wp-json\/wp\/v2\/media?parent=5432"}],"wp:term":[{"taxonomy":"product_brand","embeddable":true,"href":"https:\/\/puffvapestore.com\/pt\/wp-json\/wp\/v2\/product_brand?post=5432"},{"taxonomy":"product_cat","embeddable":true,"href":"https:\/\/puffvapestore.com\/pt\/wp-json\/wp\/v2\/product_cat?post=5432"},{"taxonomy":"product_tag","embeddable":true,"href":"https:\/\/puffvapestore.com\/pt\/wp-json\/wp\/v2\/product_tag?post=5432"}],"curies":[{"name":"wp","href":"https:\/\/api.w.org\/{rel}","templated":true}]}}