{"id":5378,"date":"2025-07-19T09:02:00","date_gmt":"2025-07-19T09:02:00","guid":{"rendered":"https:\/\/puffvapestore.com\/?post_type=product&#038;p=5378"},"modified":"2026-04-21T07:08:56","modified_gmt":"2026-04-21T07:08:56","slug":"blueberry-cherry-cranberry-fumot-40000-offre-un-gout-doux","status":"publish","type":"product","link":"https:\/\/puffvapestore.com\/pt\/product\/mirtilo-cereja-amora-fumot-40000-oferece-um-sabor-doce\/","title":{"rendered":"Mirtilo Cereja Arando - Fumot RandM Tornado 40000"},"content":{"rendered":"<div data-elementor-type=\"wp-post\" data-elementor-id=\"5378\" class=\"elementor elementor-5378\">\n\t\t\t\t<div class=\"elementor-element elementor-element-08c26f9 e-flex e-con-boxed e-con e-parent\" data-id=\"08c26f9\" data-element_type=\"container\" data-e-type=\"container\">\n\t\t\t\t\t<div class=\"e-con-inner\">\n\t\t\t\t<div class=\"elementor-element elementor-element-a005a97 elementor-widget elementor-widget-text-editor\" data-id=\"a005a97\" data-element_type=\"widget\" data-e-type=\"widget\" data-widget_type=\"text-editor.default\">\n\t\t\t\t<div class=\"elementor-widget-container\">\n\t\t\t\t\t\t\t\t\t<p>No festival de comida de rua francesa, o ar encheu-se com o aroma de crepes acabados de cozinhar e o sabor tentador de carac\u00f3is quentes com queijo. Ao segurar um cigarro eletr\u00f3nico RandM Tornado 40000 Blueberry Cherry Cranberry, exala-se um fumo que combina delicadamente a frescura dos mirtilos, a do\u00e7ura das cerejas e a ligeira acidez dos arandos, criando uma experi\u00eancia sensorial \u00fanica gra\u00e7as a esta mistura de sabores e aromas.<\/p><p>Mirtilo: O mirtilo confere uma base doce e ligeiramente \u00e1cida a este aroma. O seu aroma capta o sumo suculento dos mirtilos maduros, proporcionando um sabor frutado fresco e natural. O sabor \u00e9 semelhante ao dos mirtilos acabados de colher, com uma redondeza no paladar e um aroma frutado natural.<\/p><p>Cereja: A cereja traz uma do\u00e7ura rica e um toque de acidez, acrescentando nuance e complexidade ao sabor. Proporciona uma experi\u00eancia frutada mais completa, como se estivesse a saborear o sumo rico de uma cereja fresca.<\/p><p>Cranberry: O cranberry fecha o sabor e revela-se gradualmente na expira\u00e7\u00e3o. A sua acidez pronunciada d\u00e1 o toque final, conferindo ao conjunto uma nota refrescante e adstringente.<\/p><h2>Fumot Leopard 40000 Blueberry Cherry Cranberry \u00e9 adequado para :<\/h2><p>Aprecia aromas de frutos vermelhos mistos<\/p><p>Utilizadores de cigarros electr\u00f3nicos que preferem sabores ligeiramente \u00e1cidos, leves e frescos<\/p><p>Utilizadores que n\u00e3o gostam de sabores demasiado doces ou de um s\u00f3 fruto<\/p>\t\t\t\t\t\t\t\t<\/div>\n\t\t\t\t<\/div>\n\t\t\t\t\t<\/div>\n\t\t\t\t<\/div>\n\t\t<div class=\"elementor-element elementor-element-718b380 e-flex e-con-boxed e-con e-parent\" data-id=\"718b380\" data-element_type=\"container\" data-e-type=\"container\">\n\t\t\t\t\t<div class=\"e-con-inner\">\n\t\t\t\t<div class=\"elementor-element elementor-element-d2cc8fa elementor-widget elementor-widget-text-editor\" data-id=\"d2cc8fa\" data-element_type=\"widget\" data-e-type=\"widget\" data-widget_type=\"text-editor.default\">\n\t\t\t\t<div class=\"elementor-widget-container\">\n\t\t\t\t\t\t\t\t\t<h2>Bateria de alta capacidade - Bateria de l\u00edtio recarreg\u00e1vel de 700 mAh<\/h2><p>O Fumot Leopard 40000 (RandM Tornado 40K) Blueberry Cherry Cranberry oferece at\u00e9 40000 baforadas, ultrapassando largamente a m\u00e9dia do mercado. Oferece uma experi\u00eancia de longa dura\u00e7\u00e3o, particularmente adequada a utilizadores regulares, eliminando o problema da substitui\u00e7\u00e3o frequente do dispositivo.<\/p><p>A sua bateria integrada de alta capacidade de 700 mAh pode ser recarregada v\u00e1rias vezes atrav\u00e9s da interface USB tipo C. Em compara\u00e7\u00e3o com os descart\u00e1veis tradicionais, o seu design recarreg\u00e1vel \u00e9 mais ecol\u00f3gico e econ\u00f3mico, e a dura\u00e7\u00e3o da bateria \u00e9 longa, permitindo que mesmo os utilizadores intensivos a utilizem durante mais de um dia.<\/p><p>Adoptando a moderna interface USB Type-C, n\u00e3o s\u00f3 oferece uma maior efici\u00eancia de carregamento, como tamb\u00e9m facilita a liga\u00e7\u00e3o e a desliga\u00e7\u00e3o. Gra\u00e7as \u00e0 tecnologia de carregamento r\u00e1pido, normalmente carrega totalmente num curto espa\u00e7o de tempo, reduzindo o tempo de espera e permitindo-lhe manter-se ligado a qualquer hora e em qualquer lugar.<\/p><h2>Tecnologia de resist\u00eancia de malha dupla<\/h2><p>O Fumot Leopard 40000 (RandM Tornado 40K) Blueberry Cherry Cranberry possui uma estrutura avan\u00e7ada de fio de aquecimento de malha dupla para um aquecimento mais uniforme e eficiente, proporcionando um fumo rico e delicado com sabores suaves a cada tragada. A resist\u00eancia dupla prolonga efetivamente a vida \u00fatil da resist\u00eancia, preserva a estabilidade do sabor e evita a degrada\u00e7\u00e3o.<\/p><p>Para satisfazer as prefer\u00eancias de cada utilizador, o Fumot Leopard 40000 oferece quatro concentra\u00e7\u00f5es de nicotina: 0 %, 2 %, 3 % e 5 %. Quer seja um utilizador ocasional que n\u00e3o consome nicotina ou um fumador inveterado que necessita de uma concentra\u00e7\u00e3o elevada para satisfazer as suas necessidades de abstin\u00eancia, encontrar\u00e1 o produto ideal.<\/p><h2>Ecr\u00e3 LED de alta defini\u00e7\u00e3o<\/h2><p>O Fumot Leopard 40000 (RandM Tornado 40K) est\u00e1 equipado com um sofisticado visor digital LED que mostra o n\u00edvel de e-l\u00edquido restante e a carga da bateria em tempo real. Isto significa que os utilizadores podem verificar o estado do dispositivo num relance, antecipar quando \u00e9 altura de carregar ou recarregar a bateria e evitar apag\u00f5es ou esgotamento da bateria.<\/p><p>A concha com textura de leopardo, feita de um material de alta transmiss\u00e3o, combina impacto visual com eleg\u00e2ncia. Ao inalar, as luzes RGB din\u00e2micas e modernas giram e piscam, dando a cada tragada uma sensa\u00e7\u00e3o de discoteca. \u00c9 um produto moderno, ideal para festas e ocasi\u00f5es especiais.<\/p><p>A pr\u00e1tica tecnologia de inala\u00e7\u00e3o autom\u00e1tica n\u00e3o tem bot\u00f5es nem defini\u00e7\u00f5es, o que facilita a aprendizagem para os principiantes. Basta inalar suavemente e o dispositivo come\u00e7a automaticamente a atomizar, para uma experi\u00eancia de inala\u00e7\u00e3o suave e agrad\u00e1vel.<\/p><h2>Design ergon\u00f3mico<\/h2><p>O design ergon\u00f3mico do Fumot Leopard 40000 (RandM Tornado 40K) Blueberry Cherry Cranberry \u00e9 confort\u00e1vel de segurar e o seu tamanho compacto facilita o seu transporte. Leve, \u00e9 f\u00e1cil de transportar e levar consigo.<\/p>\t\t\t\t\t\t\t\t<\/div>\n\t\t\t\t<\/div>\n\t\t\t\t\t<\/div>\n\t\t\t\t<\/div>\n\t\t\t\t<\/div>","protected":false},"excerpt":{"rendered":"<p>Lors du festival de street food fran\u00e7ais, l&rsquo;air \u00e9tait envahi par l&rsquo;ar\u00f4me des cr\u00eapes fra\u00eechement cuites et le go\u00fbt all\u00e9chant des escargots chauds au fromage. Tenant une cigarette \u00e9lectronique RandM Tornado 40000 Myrtille Cerise Canneberge, vous exhalez une fum\u00e9e qui allie d\u00e9licatement la fra\u00eecheur des myrtilles, la douceur des cerises et la l\u00e9g\u00e8re acidit\u00e9 des [&hellip;]<\/p>\n","protected":false},"featured_media":5083,"comment_status":"open","ping_status":"closed","template":"","meta":{"site-sidebar-layout":"no-sidebar","site-content-layout":"page-builder","ast-site-content-layout":"normal-width-container","site-content-style":"default","site-sidebar-style":"default","ast-global-header-display":"","ast-banner-title-visibility":"","ast-main-header-display":"","ast-hfb-above-header-display":"","ast-hfb-below-header-display":"","ast-hfb-mobile-header-display":"","site-post-title":"disabled","ast-breadcrumbs-content":"","ast-featured-img":"disabled","footer-sml-layout":"","ast-disable-related-posts":"","theme-transparent-header-meta":"default","adv-header-id-meta":"","stick-header-meta":"default","header-above-stick-meta":"","header-main-stick-meta":"","header-below-stick-meta":"","astra-migrate-meta-layouts":"set","ast-page-background-enabled":"default","ast-page-background-meta":{"desktop":{"background-color":"","background-image":"","background-repeat":"repeat","background-position":"center center","background-size":"auto","background-attachment":"scroll","background-type":"","background-media":"","overlay-type":"","overlay-color":"","overlay-opacity":"","overlay-gradient":""},"tablet":{"background-color":"","background-image":"","background-repeat":"repeat","background-position":"center center","background-size":"auto","background-attachment":"scroll","background-type":"","background-media":"","overlay-type":"","overlay-color":"","overlay-opacity":"","overlay-gradient":""},"mobile":{"background-color":"","background-image":"","background-repeat":"repeat","background-position":"center center","background-size":"auto","background-attachment":"scroll","background-type":"","background-media":"","overlay-type":"","overlay-color":"","overlay-opacity":"","overlay-gradient":""}},"ast-content-background-meta":{"desktop":{"background-color":"var(--ast-global-color-5)","background-image":"","background-repeat":"repeat","background-position":"center center","background-size":"auto","background-attachment":"scroll","background-type":"","background-media":"","overlay-type":"","overlay-color":"","overlay-opacity":"","overlay-gradient":""},"tablet":{"background-color":"var(--ast-global-color-5)","background-image":"","background-repeat":"repeat","background-position":"center center","background-size":"auto","background-attachment":"scroll","background-type":"","background-media":"","overlay-type":"","overlay-color":"","overlay-opacity":"","overlay-gradient":""},"mobile":{"background-color":"var(--ast-global-color-5)","background-image":"","background-repeat":"repeat","background-position":"center center","background-size":"auto","background-attachment":"scroll","background-type":"","background-media":"","overlay-type":"","overlay-color":"","overlay-opacity":"","overlay-gradient":""}}},"product_brand":[42],"product_cat":[50,88,77,15],"product_tag":[],"class_list":{"0":"post-5378","1":"product","2":"type-product","3":"status-publish","4":"has-post-thumbnail","6":"product_brand-randm-tornado","7":"product_cat-randm-tornado-40000-avec-ecran-led-hd","8":"product_cat-puff-40k","9":"product_cat-entrepot-de-lue","10":"product_cat-magasin-cigarette-electronique","11":"desktop-align-center","12":"tablet-align-center","13":"mobile-align-center","14":"ast-product-gallery-layout-horizontal","15":"ast-product-gallery-with-no-image","16":"ast-product-single-variable","17":"ast-product-tabs-layout-horizontal","18":"ast-qv-on-image","20":"first","21":"instock","22":"sale","23":"shipping-taxable","24":"purchasable","25":"product-type-variable","26":"has-default-attributes"},"tiered_pricing_type":"fixed","tiered_pricing_fixed_rules":{"30":10.42,"60":9.26,"100":8.05,"200":7.8,"500":7.67,"1000":7.38},"tiered_pricing_product_settings":{"layout":"default","base_unit_name":{"singular":null,"plural":null},"default_variation":null},"tiered_pricing_minimum_quantity":null,"tiered_pricing_roles_data":[],"tiered_pricing_percentage_rules":[],"_links":{"self":[{"href":"https:\/\/puffvapestore.com\/pt\/wp-json\/wp\/v2\/product\/5378","targetHints":{"allow":["GET"]}}],"collection":[{"href":"https:\/\/puffvapestore.com\/pt\/wp-json\/wp\/v2\/product"}],"about":[{"href":"https:\/\/puffvapestore.com\/pt\/wp-json\/wp\/v2\/types\/product"}],"replies":[{"embeddable":true,"href":"https:\/\/puffvapestore.com\/pt\/wp-json\/wp\/v2\/comments?post=5378"}],"version-history":[{"count":7,"href":"https:\/\/puffvapestore.com\/pt\/wp-json\/wp\/v2\/product\/5378\/revisions"}],"predecessor-version":[{"id":10758,"href":"https:\/\/puffvapestore.com\/pt\/wp-json\/wp\/v2\/product\/5378\/revisions\/10758"}],"wp:featuredmedia":[{"embeddable":true,"href":"https:\/\/puffvapestore.com\/pt\/wp-json\/wp\/v2\/media\/5083"}],"wp:attachment":[{"href":"https:\/\/puffvapestore.com\/pt\/wp-json\/wp\/v2\/media?parent=5378"}],"wp:term":[{"taxonomy":"product_brand","embeddable":true,"href":"https:\/\/puffvapestore.com\/pt\/wp-json\/wp\/v2\/product_brand?post=5378"},{"taxonomy":"product_cat","embeddable":true,"href":"https:\/\/puffvapestore.com\/pt\/wp-json\/wp\/v2\/product_cat?post=5378"},{"taxonomy":"product_tag","embeddable":true,"href":"https:\/\/puffvapestore.com\/pt\/wp-json\/wp\/v2\/product_tag?post=5378"}],"curies":[{"name":"wp","href":"https:\/\/api.w.org\/{rel}","templated":true}]}}