{"id":5367,"date":"2025-07-19T06:53:51","date_gmt":"2025-07-19T06:53:51","guid":{"rendered":"https:\/\/puffvapestore.com\/?post_type=product&#038;p=5367"},"modified":"2026-04-21T07:08:46","modified_gmt":"2026-04-21T07:08:46","slug":"dr-blue-fumot-leopard-40000","status":"publish","type":"product","link":"https:\/\/puffvapestore.com\/pt\/product\/dr-azul-fumot-leopard-40000\/","title":{"rendered":"Dr. Blue - Fumot RandM Tornado 40000"},"content":{"rendered":"<div data-elementor-type=\"wp-post\" data-elementor-id=\"5367\" class=\"elementor elementor-5367\">\n\t\t\t\t<div class=\"elementor-element elementor-element-08c26f9 e-flex e-con-boxed e-con e-parent\" data-id=\"08c26f9\" data-element_type=\"container\" data-e-type=\"container\">\n\t\t\t\t\t<div class=\"e-con-inner\">\n\t\t\t\t<div class=\"elementor-element elementor-element-a005a97 elementor-widget elementor-widget-text-editor\" data-id=\"a005a97\" data-element_type=\"widget\" data-e-type=\"widget\" data-widget_type=\"text-editor.default\">\n\t\t\t\t<div class=\"elementor-widget-container\">\n\t\t\t\t\t\t\t\t\t<p>O aroma do Dr Blue, como os blues de jazz da meia-noite em Paris, \u00e9 discreto mas marcante, exalando um encanto misterioso e refrescante. Combina o rico aroma frutado do mirtilo com a frescura de uma pitada de menta, e cada gole \u00e9 como uma brisa de ver\u00e3o na costa.<\/p><p>Base de mirtilo: Dr Blue tem normalmente o mirtilo como sabor principal, revelando as carater\u00edsticas doces e ligeiramente \u00e1cidas dos mirtilos maduros. O sabor do mirtilo tem geralmente um toque de aroma frutado natural, uma sensa\u00e7\u00e3o suave na boca, uma ligeira do\u00e7ura de frutos vermelhos e um travo refrescante.<\/p><p>Mistura de sabores frutados: Dr Blue incorpora outros frutos (como framboesas ou amoras) para um toque subtil. Esta mistura acrescenta complexidade ao sabor, com aromas frutados doces e um ligeiro equil\u00edbrio \u00e1cido.<\/p><h2>Detalhes do gosto :<\/h2><p>Notas de prova: O Dr Blue pode ser dominado por aromas doces de mirtilo, proporcionando uma nota frutada suave, semelhante \u00e0 dos mirtilos acabados de colher, doce sem ser gordurosa.<\/p><p>Paladar m\u00e9dio: Durante a inala\u00e7\u00e3o, sentir\u00e1 a adi\u00e7\u00e3o subtil de outros frutos (como framboesas ou uvas) para acentuar a complexidade do sabor. A adi\u00e7\u00e3o de um elemento refrescante pode causar uma ligeira sensa\u00e7\u00e3o de arrefecimento no meio do palato, acrescentando um toque refrescante.<\/p><p>Sabor residual: O sabor residual pode ser uma combina\u00e7\u00e3o de aromas frutados frescos e uma sensa\u00e7\u00e3o de frescura, deixando um sabor residual limpo e refrescante, evitando qualquer sensa\u00e7\u00e3o doce residual. A tecnologia Dual Mesh Coil do Fumot Leopard 40000 garante um aquecimento uniforme em cada tragada, produzindo um vapor rico e cremoso e real\u00e7ando a delicadeza do sabor.<\/p>\t\t\t\t\t\t\t\t<\/div>\n\t\t\t\t<\/div>\n\t\t\t\t\t<\/div>\n\t\t\t\t<\/div>\n\t\t<div class=\"elementor-element elementor-element-718b380 e-flex e-con-boxed e-con e-parent\" data-id=\"718b380\" data-element_type=\"container\" data-e-type=\"container\">\n\t\t\t\t\t<div class=\"e-con-inner\">\n\t\t\t\t<div class=\"elementor-element elementor-element-d2cc8fa elementor-widget elementor-widget-text-editor\" data-id=\"d2cc8fa\" data-element_type=\"widget\" data-e-type=\"widget\" data-widget_type=\"text-editor.default\">\n\t\t\t\t<div class=\"elementor-widget-container\">\n\t\t\t\t\t\t\t\t\t<h2>Bateria de alta capacidade - Bateria de l\u00edtio recarreg\u00e1vel de 700 mAh<\/h2><p>A Dr Blue Fumot Leopard 40000 (RandM Tornado 40K) oferece at\u00e9 40.000 baforadas, ultrapassando largamente a m\u00e9dia do mercado. Oferece uma experi\u00eancia de longa dura\u00e7\u00e3o, particularmente adequada a utilizadores regulares, eliminando o problema da substitui\u00e7\u00e3o frequente do dispositivo.<\/p><p>A sua bateria integrada de alta capacidade de 700 mAh pode ser recarregada v\u00e1rias vezes atrav\u00e9s da interface USB tipo C. Em compara\u00e7\u00e3o com os descart\u00e1veis tradicionais, o seu design recarreg\u00e1vel \u00e9 mais ecol\u00f3gico e econ\u00f3mico, e a dura\u00e7\u00e3o da bateria \u00e9 longa, permitindo que mesmo os utilizadores intensivos a utilizem durante mais de um dia.<\/p><p>Adoptando a moderna interface USB Type-C, n\u00e3o s\u00f3 oferece uma maior efici\u00eancia de carregamento, como tamb\u00e9m facilita a liga\u00e7\u00e3o e a desliga\u00e7\u00e3o. Gra\u00e7as \u00e0 tecnologia de carregamento r\u00e1pido, normalmente carrega totalmente num curto espa\u00e7o de tempo, reduzindo o tempo de espera e permitindo-lhe manter-se ligado a qualquer hora e em qualquer lugar.<\/p><h2>Tecnologia de resist\u00eancia de malha dupla<\/h2><p>O Dr Blue Fumot Leopard 40000 (RandM Tornado 40K) possui uma estrutura avan\u00e7ada de fio de aquecimento de malha dupla para um aquecimento mais uniforme e eficiente, proporcionando um fumo rico e delicado com sabores suaves em cada tragada. A resist\u00eancia dupla prolonga efetivamente a vida \u00fatil da resist\u00eancia, preserva a estabilidade do sabor e evita a degrada\u00e7\u00e3o.<\/p><p>Para satisfazer as prefer\u00eancias de cada utilizador, o Fumot Leopard 40000 oferece quatro concentra\u00e7\u00f5es de nicotina: 0 %, 2 %, 3 % e 5 %. Quer seja um utilizador ocasional que n\u00e3o consome nicotina ou um fumador inveterado que necessita de uma concentra\u00e7\u00e3o elevada para satisfazer as suas necessidades de abstin\u00eancia, encontrar\u00e1 o produto ideal.<\/p><h2>Ecr\u00e3 LED de alta defini\u00e7\u00e3o<\/h2><p>O Fumot Leopard 40000 (RandM Tornado 40K) Dr Blue est\u00e1 equipado com um sofisticado visor digital LED que mostra o n\u00edvel de e-l\u00edquido restante e a carga da bateria em tempo real. Isto significa que os utilizadores podem verificar o estado do dispositivo num relance, antecipar quando \u00e9 altura de recarregar ou recarregar a bateria e evitar cortes de energia ou esgotamento da bateria.<\/p><p>A concha com textura de leopardo, feita de um material de alta transmiss\u00e3o, combina impacto visual com eleg\u00e2ncia. Ao inalar, as luzes RGB din\u00e2micas e modernas giram e piscam, dando a cada tragada uma sensa\u00e7\u00e3o de discoteca. \u00c9 um produto moderno, ideal para festas e ocasi\u00f5es especiais.<\/p><p>A pr\u00e1tica tecnologia de inala\u00e7\u00e3o autom\u00e1tica n\u00e3o tem bot\u00f5es nem defini\u00e7\u00f5es, o que facilita a aprendizagem para os principiantes. Basta inalar suavemente e o dispositivo come\u00e7a automaticamente a atomizar, para uma experi\u00eancia de inala\u00e7\u00e3o suave e agrad\u00e1vel.<\/p><h2>Design ergon\u00f3mico<\/h2><p>O design ergon\u00f3mico do Fumot Leopard 40000 (RandM Tornado 40K) Dr Blue \u00e9 confort\u00e1vel de segurar e o seu tamanho compacto facilita o seu transporte. Leve, \u00e9 f\u00e1cil de transportar e levar consigo.<\/p>\t\t\t\t\t\t\t\t<\/div>\n\t\t\t\t<\/div>\n\t\t\t\t\t<\/div>\n\t\t\t\t<\/div>\n\t\t\t\t<\/div>","protected":false},"excerpt":{"rendered":"<p>L&rsquo;ar\u00f4me du Dr Blue, tel le blues jazz de minuit \u00e0 Paris, est discret mais saisissant, d\u00e9gageant un charme myst\u00e9rieux et rafra\u00eechissant. Il allie le riche ar\u00f4me fruit\u00e9 de la myrtille \u00e0 la fra\u00eecheur d&rsquo;une touche de menthe, et chaque gorg\u00e9e est comme une brise estivale sur le littoral. Base de myrtille\u00a0: Le Dr Blue [&hellip;]<\/p>\n","protected":false},"featured_media":5087,"comment_status":"open","ping_status":"closed","template":"","meta":{"site-sidebar-layout":"no-sidebar","site-content-layout":"page-builder","ast-site-content-layout":"normal-width-container","site-content-style":"default","site-sidebar-style":"default","ast-global-header-display":"","ast-banner-title-visibility":"","ast-main-header-display":"","ast-hfb-above-header-display":"","ast-hfb-below-header-display":"","ast-hfb-mobile-header-display":"","site-post-title":"disabled","ast-breadcrumbs-content":"","ast-featured-img":"disabled","footer-sml-layout":"","ast-disable-related-posts":"","theme-transparent-header-meta":"default","adv-header-id-meta":"","stick-header-meta":"default","header-above-stick-meta":"","header-main-stick-meta":"","header-below-stick-meta":"","astra-migrate-meta-layouts":"set","ast-page-background-enabled":"default","ast-page-background-meta":{"desktop":{"background-color":"","background-image":"","background-repeat":"repeat","background-position":"center center","background-size":"auto","background-attachment":"scroll","background-type":"","background-media":"","overlay-type":"","overlay-color":"","overlay-opacity":"","overlay-gradient":""},"tablet":{"background-color":"","background-image":"","background-repeat":"repeat","background-position":"center center","background-size":"auto","background-attachment":"scroll","background-type":"","background-media":"","overlay-type":"","overlay-color":"","overlay-opacity":"","overlay-gradient":""},"mobile":{"background-color":"","background-image":"","background-repeat":"repeat","background-position":"center center","background-size":"auto","background-attachment":"scroll","background-type":"","background-media":"","overlay-type":"","overlay-color":"","overlay-opacity":"","overlay-gradient":""}},"ast-content-background-meta":{"desktop":{"background-color":"var(--ast-global-color-5)","background-image":"","background-repeat":"repeat","background-position":"center center","background-size":"auto","background-attachment":"scroll","background-type":"","background-media":"","overlay-type":"","overlay-color":"","overlay-opacity":"","overlay-gradient":""},"tablet":{"background-color":"var(--ast-global-color-5)","background-image":"","background-repeat":"repeat","background-position":"center center","background-size":"auto","background-attachment":"scroll","background-type":"","background-media":"","overlay-type":"","overlay-color":"","overlay-opacity":"","overlay-gradient":""},"mobile":{"background-color":"var(--ast-global-color-5)","background-image":"","background-repeat":"repeat","background-position":"center center","background-size":"auto","background-attachment":"scroll","background-type":"","background-media":"","overlay-type":"","overlay-color":"","overlay-opacity":"","overlay-gradient":""}}},"product_brand":[42],"product_cat":[50,88,77,15],"product_tag":[],"class_list":{"0":"post-5367","1":"product","2":"type-product","3":"status-publish","4":"has-post-thumbnail","6":"product_brand-randm-tornado","7":"product_cat-randm-tornado-40000-avec-ecran-led-hd","8":"product_cat-puff-40k","9":"product_cat-entrepot-de-lue","10":"product_cat-magasin-cigarette-electronique","11":"desktop-align-center","12":"tablet-align-center","13":"mobile-align-center","14":"ast-product-gallery-layout-horizontal","15":"ast-product-gallery-with-no-image","16":"ast-product-single-variable","17":"ast-product-tabs-layout-horizontal","18":"ast-qv-on-image","20":"first","21":"instock","22":"sale","23":"shipping-taxable","24":"purchasable","25":"product-type-variable","26":"has-default-attributes"},"tiered_pricing_type":"fixed","tiered_pricing_fixed_rules":{"30":10.42,"60":9.26,"100":8.05,"200":7.8,"500":7.67,"1000":7.38},"tiered_pricing_product_settings":{"layout":"default","base_unit_name":{"singular":null,"plural":null},"default_variation":null},"tiered_pricing_minimum_quantity":null,"tiered_pricing_roles_data":[],"tiered_pricing_percentage_rules":[],"_links":{"self":[{"href":"https:\/\/puffvapestore.com\/pt\/wp-json\/wp\/v2\/product\/5367","targetHints":{"allow":["GET"]}}],"collection":[{"href":"https:\/\/puffvapestore.com\/pt\/wp-json\/wp\/v2\/product"}],"about":[{"href":"https:\/\/puffvapestore.com\/pt\/wp-json\/wp\/v2\/types\/product"}],"replies":[{"embeddable":true,"href":"https:\/\/puffvapestore.com\/pt\/wp-json\/wp\/v2\/comments?post=5367"}],"version-history":[{"count":7,"href":"https:\/\/puffvapestore.com\/pt\/wp-json\/wp\/v2\/product\/5367\/revisions"}],"predecessor-version":[{"id":10759,"href":"https:\/\/puffvapestore.com\/pt\/wp-json\/wp\/v2\/product\/5367\/revisions\/10759"}],"wp:featuredmedia":[{"embeddable":true,"href":"https:\/\/puffvapestore.com\/pt\/wp-json\/wp\/v2\/media\/5087"}],"wp:attachment":[{"href":"https:\/\/puffvapestore.com\/pt\/wp-json\/wp\/v2\/media?parent=5367"}],"wp:term":[{"taxonomy":"product_brand","embeddable":true,"href":"https:\/\/puffvapestore.com\/pt\/wp-json\/wp\/v2\/product_brand?post=5367"},{"taxonomy":"product_cat","embeddable":true,"href":"https:\/\/puffvapestore.com\/pt\/wp-json\/wp\/v2\/product_cat?post=5367"},{"taxonomy":"product_tag","embeddable":true,"href":"https:\/\/puffvapestore.com\/pt\/wp-json\/wp\/v2\/product_tag?post=5367"}],"curies":[{"name":"wp","href":"https:\/\/api.w.org\/{rel}","templated":true}]}}