{"id":5304,"date":"2025-07-17T15:00:31","date_gmt":"2025-07-17T15:00:31","guid":{"rendered":"https:\/\/puffvapestore.com\/?post_type=product&#038;p=5304"},"modified":"2026-04-21T07:09:38","modified_gmt":"2026-04-21T07:09:38","slug":"watermelon-ice-fumot-randm-tornado-40000","status":"publish","type":"product","link":"https:\/\/puffvapestore.com\/pt\/product\/gelo-de-melancia-fumot-randm-tornado-40000\/","title":{"rendered":"Fumot Leopard 40000 - Melancia Gelo"},"content":{"rendered":"<div data-elementor-type=\"wp-post\" data-elementor-id=\"5304\" class=\"elementor elementor-5304\">\n\t\t\t\t<div class=\"elementor-element elementor-element-08c26f9 e-flex e-con-boxed e-con e-parent\" data-id=\"08c26f9\" data-element_type=\"container\" data-e-type=\"container\">\n\t\t\t\t\t<div class=\"e-con-inner\">\n\t\t\t\t<div class=\"elementor-element elementor-element-a005a97 elementor-widget elementor-widget-text-editor\" data-id=\"a005a97\" data-element_type=\"widget\" data-e-type=\"widget\" data-widget_type=\"text-editor.default\">\n\t\t\t\t<div class=\"elementor-widget-container\">\n\t\t\t\t\t\t\t\t\t<p>Fumot Leopard 40000 (Fumot RandM Tornado 40000) Watermelon Ice \u00e9 inspirado principalmente no aroma doce da melancia madura, com uma estrutura arom\u00e1tica dupla de menta fresca. Na inala\u00e7\u00e3o, o fumo oferece um sabor pleno e sumarento, refrescante na exala\u00e7\u00e3o, e um travo fresco que lembra as bebidas de ver\u00e3o: doce e fresco, redondo e refrescante, ideal para os amantes de sabores frutados e frescos.<\/p><p><strong>Sabor principal: Melancia doce<\/strong><br \/>A do\u00e7ura evidente da polpa da melancia, como uma melancia madura acabada de cortar, \u00e9 um sumo doce com um aroma frutado natural, pr\u00f3ximo da do\u00e7ura de uma verdadeira melancia madura.<\/p><p><strong>Benef\u00edcios refrescantes : Hortel\u00e3 refrescante<\/strong><br \/>Logo que se inspira, sente-se a frescura da menta ou do borneol, semelhante \u00e0 dos cubos de gelo. Esta sensa\u00e7\u00e3o refrescante acentua a frescura e neutraliza ligeiramente a do\u00e7ura da melancia, tornando-a mais refrescante na boca.<\/p><h2>Estrutura e estratifica\u00e7\u00e3o do gosto<\/h2><p>Inala\u00e7\u00e3o suave: gra\u00e7as \u00e0 tecnologia de atomiza\u00e7\u00e3o de malha dupla, o l\u00edquido evapora-se uniformemente, melhorando a pureza e a intensidade do sabor.<\/p><p>Equil\u00edbrio entre do\u00e7ura e frescura: a do\u00e7ura e a frescura misturam-se naturalmente, com o sabor suave da melancia e a sensa\u00e7\u00e3o de frescura proporcionada pelo gelo; o sabor mant\u00e9m-se constante durante toda a inala\u00e7\u00e3o.<\/p>\t\t\t\t\t\t\t\t<\/div>\n\t\t\t\t<\/div>\n\t\t\t\t\t<\/div>\n\t\t\t\t<\/div>\n\t\t<div class=\"elementor-element elementor-element-718b380 e-flex e-con-boxed e-con e-parent\" data-id=\"718b380\" data-element_type=\"container\" data-e-type=\"container\">\n\t\t\t\t\t<div class=\"e-con-inner\">\n\t\t\t\t<div class=\"elementor-element elementor-element-d2cc8fa elementor-widget elementor-widget-text-editor\" data-id=\"d2cc8fa\" data-element_type=\"widget\" data-e-type=\"widget\" data-widget_type=\"text-editor.default\">\n\t\t\t\t<div class=\"elementor-widget-container\">\n\t\t\t\t\t\t\t\t\t<h2>Carater\u00edsticas do Fumot Leopard 40000 Watermelon Ice:<\/h2><p>Puffs e bateria: Equipado com uma bateria recarreg\u00e1vel de 700 mAh que recarrega via USB-C para at\u00e9 40.000 puffs.<\/p><p>Sistema de resist\u00eancia de malha dupla: Equipado com uma resist\u00eancia de malha dupla que aquece continuamente e produz um vapor rico e cremoso durante toda a sua vida \u00fatil.<\/p><p>LED e ecr\u00e3 digital: Equipado com um conjunto de luzes RGB e um ecr\u00e3 de tubo digital duplo: um lado mostra o n\u00edvel de e-l\u00edquido restante, o outro o n\u00edvel da bateria.<\/p><p>N\u00edveis de nicotina e sabores: Dispon\u00edvel em n\u00edveis de nicotina 0 %, 2 %, 3 % ou 5 %.<\/p><p>Design: Concha transparente com um atraente estampado de leopardo, luzes interiores coloridas que rodam com cada sopro.<\/p><h2>Vantagens do Fumot Leopard 40000 Watermelon Ice:<\/h2><p>\u00c9 recarreg\u00e1vel, pelo que n\u00e3o h\u00e1 necessidade de o deitar fora prematuramente.<\/p><p>Elegantes gr\u00e1ficos LED + design claro e atrativo.<\/p><p>Monitoriza\u00e7\u00e3o f\u00e1cil do l\u00edquido eletr\u00f3nico restante e do n\u00edvel da bateria.<\/p>\t\t\t\t\t\t\t\t<\/div>\n\t\t\t\t<\/div>\n\t\t\t\t\t<\/div>\n\t\t\t\t<\/div>\n\t\t\t\t<\/div>","protected":false},"excerpt":{"rendered":"<p>Fumot Leopard 40000 (Fumot RandM Tornado 40000) Past\u00e8que Glac\u00e9e est principalement inspir\u00e9 de l&rsquo;ar\u00f4me sucr\u00e9 de la past\u00e8que m\u00fbre, avec une double structure aromatique de menthe fra\u00eeche. \u00c0 l&rsquo;inhalation, la fum\u00e9e offre un go\u00fbt ample et juteux, rafra\u00eechissant \u00e0 l&rsquo;expiration, et un arri\u00e8re-go\u00fbt frais, \u00e9voquant les boissons estivales\u00a0: sucr\u00e9 et frais, rond et rafra\u00eechissant, id\u00e9al [&hellip;]<\/p>\n","protected":false},"featured_media":5097,"comment_status":"open","ping_status":"closed","template":"","meta":{"site-sidebar-layout":"no-sidebar","site-content-layout":"page-builder","ast-site-content-layout":"normal-width-container","site-content-style":"default","site-sidebar-style":"default","ast-global-header-display":"","ast-banner-title-visibility":"","ast-main-header-display":"","ast-hfb-above-header-display":"","ast-hfb-below-header-display":"","ast-hfb-mobile-header-display":"","site-post-title":"disabled","ast-breadcrumbs-content":"","ast-featured-img":"disabled","footer-sml-layout":"","ast-disable-related-posts":"","theme-transparent-header-meta":"default","adv-header-id-meta":"","stick-header-meta":"default","header-above-stick-meta":"","header-main-stick-meta":"","header-below-stick-meta":"","astra-migrate-meta-layouts":"set","ast-page-background-enabled":"default","ast-page-background-meta":{"desktop":{"background-color":"","background-image":"","background-repeat":"repeat","background-position":"center center","background-size":"auto","background-attachment":"scroll","background-type":"","background-media":"","overlay-type":"","overlay-color":"","overlay-opacity":"","overlay-gradient":""},"tablet":{"background-color":"","background-image":"","background-repeat":"repeat","background-position":"center center","background-size":"auto","background-attachment":"scroll","background-type":"","background-media":"","overlay-type":"","overlay-color":"","overlay-opacity":"","overlay-gradient":""},"mobile":{"background-color":"","background-image":"","background-repeat":"repeat","background-position":"center center","background-size":"auto","background-attachment":"scroll","background-type":"","background-media":"","overlay-type":"","overlay-color":"","overlay-opacity":"","overlay-gradient":""}},"ast-content-background-meta":{"desktop":{"background-color":"var(--ast-global-color-5)","background-image":"","background-repeat":"repeat","background-position":"center center","background-size":"auto","background-attachment":"scroll","background-type":"","background-media":"","overlay-type":"","overlay-color":"","overlay-opacity":"","overlay-gradient":""},"tablet":{"background-color":"var(--ast-global-color-5)","background-image":"","background-repeat":"repeat","background-position":"center center","background-size":"auto","background-attachment":"scroll","background-type":"","background-media":"","overlay-type":"","overlay-color":"","overlay-opacity":"","overlay-gradient":""},"mobile":{"background-color":"var(--ast-global-color-5)","background-image":"","background-repeat":"repeat","background-position":"center center","background-size":"auto","background-attachment":"scroll","background-type":"","background-media":"","overlay-type":"","overlay-color":"","overlay-opacity":"","overlay-gradient":""}}},"product_brand":[42],"product_cat":[50,88,77,15],"product_tag":[],"class_list":{"0":"post-5304","1":"product","2":"type-product","3":"status-publish","4":"has-post-thumbnail","6":"product_brand-randm-tornado","7":"product_cat-randm-tornado-40000-avec-ecran-led-hd","8":"product_cat-puff-40k","9":"product_cat-entrepot-de-lue","10":"product_cat-magasin-cigarette-electronique","11":"desktop-align-center","12":"tablet-align-center","13":"mobile-align-center","14":"ast-product-gallery-layout-horizontal","15":"ast-product-gallery-with-no-image","16":"ast-product-single-variable","17":"ast-product-tabs-layout-horizontal","18":"ast-qv-on-image","20":"first","21":"instock","22":"sale","23":"shipping-taxable","24":"purchasable","25":"product-type-variable","26":"has-default-attributes"},"tiered_pricing_type":"fixed","tiered_pricing_fixed_rules":{"30":10.42,"60":9.26,"100":8.05,"200":7.8,"500":7.67,"1000":7.38},"tiered_pricing_product_settings":{"layout":"default","base_unit_name":{"singular":null,"plural":null},"default_variation":null},"tiered_pricing_minimum_quantity":null,"tiered_pricing_roles_data":[],"tiered_pricing_percentage_rules":[],"_links":{"self":[{"href":"https:\/\/puffvapestore.com\/pt\/wp-json\/wp\/v2\/product\/5304","targetHints":{"allow":["GET"]}}],"collection":[{"href":"https:\/\/puffvapestore.com\/pt\/wp-json\/wp\/v2\/product"}],"about":[{"href":"https:\/\/puffvapestore.com\/pt\/wp-json\/wp\/v2\/types\/product"}],"replies":[{"embeddable":true,"href":"https:\/\/puffvapestore.com\/pt\/wp-json\/wp\/v2\/comments?post=5304"}],"version-history":[{"count":7,"href":"https:\/\/puffvapestore.com\/pt\/wp-json\/wp\/v2\/product\/5304\/revisions"}],"predecessor-version":[{"id":10753,"href":"https:\/\/puffvapestore.com\/pt\/wp-json\/wp\/v2\/product\/5304\/revisions\/10753"}],"wp:featuredmedia":[{"embeddable":true,"href":"https:\/\/puffvapestore.com\/pt\/wp-json\/wp\/v2\/media\/5097"}],"wp:attachment":[{"href":"https:\/\/puffvapestore.com\/pt\/wp-json\/wp\/v2\/media?parent=5304"}],"wp:term":[{"taxonomy":"product_brand","embeddable":true,"href":"https:\/\/puffvapestore.com\/pt\/wp-json\/wp\/v2\/product_brand?post=5304"},{"taxonomy":"product_cat","embeddable":true,"href":"https:\/\/puffvapestore.com\/pt\/wp-json\/wp\/v2\/product_cat?post=5304"},{"taxonomy":"product_tag","embeddable":true,"href":"https:\/\/puffvapestore.com\/pt\/wp-json\/wp\/v2\/product_tag?post=5304"}],"curies":[{"name":"wp","href":"https:\/\/api.w.org\/{rel}","templated":true}]}}