{"id":5293,"date":"2025-07-17T11:53:28","date_gmt":"2025-07-17T11:53:28","guid":{"rendered":"https:\/\/puffvapestore.com\/?post_type=product&#038;p=5293"},"modified":"2026-04-21T07:09:30","modified_gmt":"2026-04-21T07:09:30","slug":"peach-berry-tornado-40000-offre-un-arome-frais-doux-et-pulpeux","status":"publish","type":"product","link":"https:\/\/puffvapestore.com\/pt\/product\/baga-de-pessego-tornado-40000-oferece-um-aroma-fresco-doce-e-polposo\/","title":{"rendered":"Fumot Leopard 40000 - Baga de p\u00eassego"},"content":{"rendered":"<div data-elementor-type=\"wp-post\" data-elementor-id=\"5293\" class=\"elementor elementor-5293\">\n\t\t\t\t<div class=\"elementor-element elementor-element-08c26f9 e-flex e-con-boxed e-con e-parent\" data-id=\"08c26f9\" data-element_type=\"container\" data-e-type=\"container\">\n\t\t\t\t\t<div class=\"e-con-inner\">\n\t\t\t\t<div class=\"elementor-element elementor-element-a005a97 elementor-widget elementor-widget-text-editor\" data-id=\"a005a97\" data-element_type=\"widget\" data-e-type=\"widget\" data-widget_type=\"text-editor.default\">\n\t\t\t\t<div class=\"elementor-widget-container\">\n\t\t\t\t\t\t\t\t\t<p>O Fumot Leopard 40000 Peach Berry \u00e9 um cigarro eletr\u00f3nico com um sabor frutado \u00fanico.<\/p><h2>Sabor principal : P\u00eassego<\/h2><p>Carater\u00edsticas arom\u00e1ticas: O fumo liberta um aroma rico a p\u00eassego logo que entra na boca, com um sabor fresco, doce e polposo, como um p\u00eassego maduro acabado de cortar, ligeiramente perfumado.<\/p><p>Notas de prova: Do\u00e7ura moderada, do\u00e7ura frutada natural, suave e cremosa, com um ligeiro travo floral.<\/p><p>Final de boca: persist\u00eancia acentuada da fragr\u00e2ncia, sensa\u00e7\u00e3o de frescura na boca ap\u00f3s a inala\u00e7\u00e3o e um ligeiro aroma a p\u00eassego ao expirar.<\/p><h2>Sabor secund\u00e1rio : Frutos vermelhos<\/h2><p>Uma combina\u00e7\u00e3o de frutos vermelhos: morangos, mirtilos, framboesas, etc., para um sabor ligeiramente \u00e1cido e frutado.<\/p><p>Equil\u00edbrio agridoce: Em contraste com a do\u00e7ura dos p\u00eassegos, o sabor geral \u00e9 leve, acrescentando profundidade e frescura.<\/p>\t\t\t\t\t\t\t\t<\/div>\n\t\t\t\t<\/div>\n\t\t\t\t\t<\/div>\n\t\t\t\t<\/div>\n\t\t<div class=\"elementor-element elementor-element-718b380 e-flex e-con-boxed e-con e-parent\" data-id=\"718b380\" data-element_type=\"container\" data-e-type=\"container\">\n\t\t\t\t\t<div class=\"e-con-inner\">\n\t\t\t\t<div class=\"elementor-element elementor-element-d2cc8fa elementor-widget elementor-widget-text-editor\" data-id=\"d2cc8fa\" data-element_type=\"widget\" data-e-type=\"widget\" data-widget_type=\"text-editor.default\">\n\t\t\t\t<div class=\"elementor-widget-container\">\n\t\t\t\t\t\t\t\t\t<h2>Carater\u00edsticas do Fumot Leopard 40000 Peach Berry:<\/h2><p>Puffs e bateria: Equipado com uma bateria recarreg\u00e1vel de 700 mAh que recarrega via USB-C para at\u00e9 40.000 puffs.<\/p><p>Sistema de resist\u00eancia de malha dupla: Equipado com uma resist\u00eancia de malha dupla que aquece continuamente e produz um vapor rico e cremoso durante toda a sua vida \u00fatil.<\/p><p>LED e ecr\u00e3 digital: Equipado com um conjunto de luzes RGB e um ecr\u00e3 de tubo digital duplo: um lado mostra o n\u00edvel de e-l\u00edquido restante, o outro o n\u00edvel da bateria.<\/p><p>N\u00edveis de nicotina e sabores: Dispon\u00edvel em n\u00edveis de nicotina 0 %, 2 %, 3 % ou 5 %.<\/p><p>Design: Concha transparente com um atraente estampado de leopardo, luzes interiores coloridas que rodam com cada sopro.<\/p><h2>Vantagens do Fumot Leopard 40000 Peach Berry:<\/h2><p>\u00c9 recarreg\u00e1vel, pelo que n\u00e3o h\u00e1 necessidade de o deitar fora prematuramente.<\/p><p>Elegantes gr\u00e1ficos LED + design claro e atrativo.<\/p><p>Monitoriza\u00e7\u00e3o f\u00e1cil do l\u00edquido eletr\u00f3nico restante e do n\u00edvel da bateria.<\/p>\t\t\t\t\t\t\t\t<\/div>\n\t\t\t\t<\/div>\n\t\t\t\t\t<\/div>\n\t\t\t\t<\/div>\n\t\t\t\t<\/div>","protected":false},"excerpt":{"rendered":"<p>La Fumot Leopard 40000 P\u00eache Baies est une cigarette \u00e9lectronique appr\u00e9ci\u00e9e pour son ar\u00f4me fruit\u00e9 unique. Saveur principale\u00a0: P\u00eache Caract\u00e9ristiques aromatiques\u00a0: La fum\u00e9e d\u00e9gage un ar\u00f4me riche de p\u00eache d\u00e8s l&rsquo;entr\u00e9e en bouche, avec un ar\u00f4me frais, doux et pulpeux, comme une p\u00eache m\u00fbre fra\u00eechement coup\u00e9e, l\u00e9g\u00e8rement parfum\u00e9e. Performance gustative\u00a0: Douceur mod\u00e9r\u00e9e, douceur fruit\u00e9e naturelle, [&hellip;]<\/p>\n","protected":false},"featured_media":5090,"comment_status":"open","ping_status":"closed","template":"","meta":{"site-sidebar-layout":"no-sidebar","site-content-layout":"page-builder","ast-site-content-layout":"normal-width-container","site-content-style":"default","site-sidebar-style":"default","ast-global-header-display":"","ast-banner-title-visibility":"","ast-main-header-display":"","ast-hfb-above-header-display":"","ast-hfb-below-header-display":"","ast-hfb-mobile-header-display":"","site-post-title":"disabled","ast-breadcrumbs-content":"","ast-featured-img":"disabled","footer-sml-layout":"","ast-disable-related-posts":"","theme-transparent-header-meta":"default","adv-header-id-meta":"","stick-header-meta":"default","header-above-stick-meta":"","header-main-stick-meta":"","header-below-stick-meta":"","astra-migrate-meta-layouts":"set","ast-page-background-enabled":"default","ast-page-background-meta":{"desktop":{"background-color":"","background-image":"","background-repeat":"repeat","background-position":"center center","background-size":"auto","background-attachment":"scroll","background-type":"","background-media":"","overlay-type":"","overlay-color":"","overlay-opacity":"","overlay-gradient":""},"tablet":{"background-color":"","background-image":"","background-repeat":"repeat","background-position":"center center","background-size":"auto","background-attachment":"scroll","background-type":"","background-media":"","overlay-type":"","overlay-color":"","overlay-opacity":"","overlay-gradient":""},"mobile":{"background-color":"","background-image":"","background-repeat":"repeat","background-position":"center center","background-size":"auto","background-attachment":"scroll","background-type":"","background-media":"","overlay-type":"","overlay-color":"","overlay-opacity":"","overlay-gradient":""}},"ast-content-background-meta":{"desktop":{"background-color":"var(--ast-global-color-5)","background-image":"","background-repeat":"repeat","background-position":"center center","background-size":"auto","background-attachment":"scroll","background-type":"","background-media":"","overlay-type":"","overlay-color":"","overlay-opacity":"","overlay-gradient":""},"tablet":{"background-color":"var(--ast-global-color-5)","background-image":"","background-repeat":"repeat","background-position":"center center","background-size":"auto","background-attachment":"scroll","background-type":"","background-media":"","overlay-type":"","overlay-color":"","overlay-opacity":"","overlay-gradient":""},"mobile":{"background-color":"var(--ast-global-color-5)","background-image":"","background-repeat":"repeat","background-position":"center center","background-size":"auto","background-attachment":"scroll","background-type":"","background-media":"","overlay-type":"","overlay-color":"","overlay-opacity":"","overlay-gradient":""}}},"product_brand":[42],"product_cat":[50,88,77,15],"product_tag":[],"class_list":{"0":"post-5293","1":"product","2":"type-product","3":"status-publish","4":"has-post-thumbnail","6":"product_brand-randm-tornado","7":"product_cat-randm-tornado-40000-avec-ecran-led-hd","8":"product_cat-puff-40k","9":"product_cat-entrepot-de-lue","10":"product_cat-magasin-cigarette-electronique","11":"desktop-align-center","12":"tablet-align-center","13":"mobile-align-center","14":"ast-product-gallery-layout-horizontal","15":"ast-product-gallery-with-no-image","16":"ast-product-single-variable","17":"ast-product-tabs-layout-horizontal","18":"ast-qv-on-image","20":"first","21":"instock","22":"sale","23":"shipping-taxable","24":"purchasable","25":"product-type-variable","26":"has-default-attributes"},"tiered_pricing_type":"fixed","tiered_pricing_fixed_rules":{"30":10.42,"60":9.26,"100":8.05,"200":7.8,"500":7.67,"1000":7.38},"tiered_pricing_product_settings":{"layout":"default","base_unit_name":{"singular":null,"plural":null},"default_variation":null},"tiered_pricing_minimum_quantity":null,"tiered_pricing_roles_data":[],"tiered_pricing_percentage_rules":[],"_links":{"self":[{"href":"https:\/\/puffvapestore.com\/pt\/wp-json\/wp\/v2\/product\/5293","targetHints":{"allow":["GET"]}}],"collection":[{"href":"https:\/\/puffvapestore.com\/pt\/wp-json\/wp\/v2\/product"}],"about":[{"href":"https:\/\/puffvapestore.com\/pt\/wp-json\/wp\/v2\/types\/product"}],"replies":[{"embeddable":true,"href":"https:\/\/puffvapestore.com\/pt\/wp-json\/wp\/v2\/comments?post=5293"}],"version-history":[{"count":7,"href":"https:\/\/puffvapestore.com\/pt\/wp-json\/wp\/v2\/product\/5293\/revisions"}],"predecessor-version":[{"id":10754,"href":"https:\/\/puffvapestore.com\/pt\/wp-json\/wp\/v2\/product\/5293\/revisions\/10754"}],"wp:featuredmedia":[{"embeddable":true,"href":"https:\/\/puffvapestore.com\/pt\/wp-json\/wp\/v2\/media\/5090"}],"wp:attachment":[{"href":"https:\/\/puffvapestore.com\/pt\/wp-json\/wp\/v2\/media?parent=5293"}],"wp:term":[{"taxonomy":"product_brand","embeddable":true,"href":"https:\/\/puffvapestore.com\/pt\/wp-json\/wp\/v2\/product_brand?post=5293"},{"taxonomy":"product_cat","embeddable":true,"href":"https:\/\/puffvapestore.com\/pt\/wp-json\/wp\/v2\/product_cat?post=5293"},{"taxonomy":"product_tag","embeddable":true,"href":"https:\/\/puffvapestore.com\/pt\/wp-json\/wp\/v2\/product_tag?post=5293"}],"curies":[{"name":"wp","href":"https:\/\/api.w.org\/{rel}","templated":true}]}}