{"id":5282,"date":"2025-07-17T08:46:37","date_gmt":"2025-07-17T08:46:37","guid":{"rendered":"https:\/\/puffvapestore.com\/?post_type=product&#038;p=5282"},"modified":"2026-04-21T07:09:22","modified_gmt":"2026-04-21T07:09:22","slug":"blueberry-on-ice-fumot-leopard-40000-est-un-arome-de-myrtille-authentique","status":"publish","type":"product","link":"https:\/\/puffvapestore.com\/pt\/product\/blueberry-on-ice-fumot-leopard-40000-e-um-autentico-sabor-a-mirtilo\/","title":{"rendered":"Mirtilo no gelo - Fumot Leopard 40000"},"content":{"rendered":"<div data-elementor-type=\"wp-post\" data-elementor-id=\"5282\" class=\"elementor elementor-5282\">\n\t\t\t\t<div class=\"elementor-element elementor-element-08c26f9 e-flex e-con-boxed e-con e-parent\" data-id=\"08c26f9\" data-element_type=\"container\" data-e-type=\"container\">\n\t\t\t\t\t<div class=\"e-con-inner\">\n\t\t\t\t<div class=\"elementor-element elementor-element-a005a97 elementor-widget elementor-widget-text-editor\" data-id=\"a005a97\" data-element_type=\"widget\" data-e-type=\"widget\" data-widget_type=\"text-editor.default\">\n\t\t\t\t<div class=\"elementor-widget-container\">\n\t\t\t\t\t\t\t\t\t<p>Fumot Leopard 40000 Blueberry on Ice \u00e9 um aroma para cigarros electr\u00f3nicos \u00e0 base de mirtilo aut\u00eantico, que oferece uma sensa\u00e7\u00e3o de frescura e refresc\u00e2ncia muito apreciada e amplamente aceite. As suas carater\u00edsticas s\u00e3o: um rico aroma frutado, uma do\u00e7ura moderada, uma sensa\u00e7\u00e3o de frescura gelada e nuances distintas. \u00c9 um sabor cl\u00e1ssico, adequado para um consumo prolongado e com um paladar agrad\u00e1vel.<\/p><p>Aroma de mirtilo: O aroma natural de mirtilo \u00e9 rico, com o sabor \u00e1cido e doce da fruta verdadeira, e faz lembrar o sabor sumarento dos mirtilos maduros, em vez de um sabor artificial de rebu\u00e7ado.<\/p><p>Frescura (com gelo): A frescura \u00e9 moderada a forte, n\u00e3o simplesmente mentolada, mas mais como uma sensa\u00e7\u00e3o de frescura na boca ap\u00f3s a ingest\u00e3o do batido. A frescura estende-se da ponta da l\u00edngua at\u00e9 \u00e0 garganta, refrescando e arrefecendo, ajudando a neutralizar a do\u00e7ura dos mirtilos e a proporcionar uma experi\u00eancia olfactiva suave.<\/p><h2>Equil\u00edbrio e sobreposi\u00e7\u00e3o de sabores no Blueberry on Ice<\/h2><p>Notas de topo: O fumo liberta uma fragr\u00e2ncia viva e fresca de mirtilo, ligeiramente adstringente e agridoce.<\/p><p>Nota de cora\u00e7\u00e3o: A do\u00e7ura acentua-se, a sensa\u00e7\u00e3o frutada \u00e9 mais plena, com uma ligeira sensa\u00e7\u00e3o de compota e um fumo cremoso.<\/p><p>Nota de fundo: A sensa\u00e7\u00e3o de gelo aumenta gradualmente e a frescura difunde-se ao expirar, deixando uma leve fragr\u00e2ncia de mirtilo e um travo ligeiramente fresco na garganta.<\/p><p>Experi\u00eancia global: As sensa\u00e7\u00f5es frutadas e geladas misturam-se naturalmente, sem a impress\u00e3o de separar os dois sabores.<\/p>\t\t\t\t\t\t\t\t<\/div>\n\t\t\t\t<\/div>\n\t\t\t\t\t<\/div>\n\t\t\t\t<\/div>\n\t\t<div class=\"elementor-element elementor-element-718b380 e-flex e-con-boxed e-con e-parent\" data-id=\"718b380\" data-element_type=\"container\" data-e-type=\"container\">\n\t\t\t\t\t<div class=\"e-con-inner\">\n\t\t\t\t<div class=\"elementor-element elementor-element-d2cc8fa elementor-widget elementor-widget-text-editor\" data-id=\"d2cc8fa\" data-element_type=\"widget\" data-e-type=\"widget\" data-widget_type=\"text-editor.default\">\n\t\t\t\t<div class=\"elementor-widget-container\">\n\t\t\t\t\t\t\t\t\t<h2>Carater\u00edsticas do Fumot Leopard 40000 Blueberry on Ice:<\/h2><p>Puffs e bateria: Equipado com uma bateria recarreg\u00e1vel de 700 mAh que recarrega via USB-C para at\u00e9 40.000 puffs.<\/p><p>Sistema de resist\u00eancia de malha dupla: Equipado com uma resist\u00eancia de malha dupla que aquece continuamente e produz um vapor rico e cremoso durante toda a sua vida \u00fatil.<\/p><p>LED e ecr\u00e3 digital: Equipado com um conjunto de luzes RGB e um ecr\u00e3 de tubo digital duplo: um lado mostra o n\u00edvel de e-l\u00edquido restante, o outro o n\u00edvel da bateria.<\/p><p>N\u00edveis de nicotina e sabores: Dispon\u00edvel em n\u00edveis de nicotina 0 %, 2 %, 3 % ou 5 %.<\/p><p>Design: Concha transparente com um atraente estampado de leopardo, luzes interiores coloridas que rodam com cada sopro.<\/p><h2>Vantagens do Fumot Leopard 40000 Blueberry on Ice:<\/h2><p>\u00c9 recarreg\u00e1vel, pelo que n\u00e3o h\u00e1 necessidade de o deitar fora prematuramente.<\/p><p>Elegantes gr\u00e1ficos LED + design claro e atrativo.<\/p><p>Monitoriza\u00e7\u00e3o f\u00e1cil do l\u00edquido eletr\u00f3nico restante e do n\u00edvel da bateria.<\/p>\t\t\t\t\t\t\t\t<\/div>\n\t\t\t\t<\/div>\n\t\t\t\t\t<\/div>\n\t\t\t\t<\/div>\n\t\t\t\t<\/div>","protected":false},"excerpt":{"rendered":"<p>Fumot Leopard 40000 Blueberry on Ice est un ar\u00f4me de cigarette \u00e9lectronique \u00e0 base de myrtille authentique, offrant une sensation de fra\u00eecheur et de fra\u00eecheur, tr\u00e8s appr\u00e9ci\u00e9 et largement accept\u00e9. Ses caract\u00e9ristiques sont\u00a0: un ar\u00f4me fruit\u00e9 riche, une douceur mod\u00e9r\u00e9e, une sensation de fra\u00eecheur glac\u00e9e et des nuances distinctes. C&rsquo;est un ar\u00f4me classique adapt\u00e9 \u00e0 [&hellip;]<\/p>\n","protected":false},"featured_media":5084,"comment_status":"open","ping_status":"closed","template":"","meta":{"site-sidebar-layout":"no-sidebar","site-content-layout":"page-builder","ast-site-content-layout":"normal-width-container","site-content-style":"default","site-sidebar-style":"default","ast-global-header-display":"","ast-banner-title-visibility":"","ast-main-header-display":"","ast-hfb-above-header-display":"","ast-hfb-below-header-display":"","ast-hfb-mobile-header-display":"","site-post-title":"disabled","ast-breadcrumbs-content":"","ast-featured-img":"disabled","footer-sml-layout":"","ast-disable-related-posts":"","theme-transparent-header-meta":"default","adv-header-id-meta":"","stick-header-meta":"default","header-above-stick-meta":"","header-main-stick-meta":"","header-below-stick-meta":"","astra-migrate-meta-layouts":"set","ast-page-background-enabled":"default","ast-page-background-meta":{"desktop":{"background-color":"","background-image":"","background-repeat":"repeat","background-position":"center center","background-size":"auto","background-attachment":"scroll","background-type":"","background-media":"","overlay-type":"","overlay-color":"","overlay-opacity":"","overlay-gradient":""},"tablet":{"background-color":"","background-image":"","background-repeat":"repeat","background-position":"center center","background-size":"auto","background-attachment":"scroll","background-type":"","background-media":"","overlay-type":"","overlay-color":"","overlay-opacity":"","overlay-gradient":""},"mobile":{"background-color":"","background-image":"","background-repeat":"repeat","background-position":"center center","background-size":"auto","background-attachment":"scroll","background-type":"","background-media":"","overlay-type":"","overlay-color":"","overlay-opacity":"","overlay-gradient":""}},"ast-content-background-meta":{"desktop":{"background-color":"var(--ast-global-color-5)","background-image":"","background-repeat":"repeat","background-position":"center center","background-size":"auto","background-attachment":"scroll","background-type":"","background-media":"","overlay-type":"","overlay-color":"","overlay-opacity":"","overlay-gradient":""},"tablet":{"background-color":"var(--ast-global-color-5)","background-image":"","background-repeat":"repeat","background-position":"center center","background-size":"auto","background-attachment":"scroll","background-type":"","background-media":"","overlay-type":"","overlay-color":"","overlay-opacity":"","overlay-gradient":""},"mobile":{"background-color":"var(--ast-global-color-5)","background-image":"","background-repeat":"repeat","background-position":"center center","background-size":"auto","background-attachment":"scroll","background-type":"","background-media":"","overlay-type":"","overlay-color":"","overlay-opacity":"","overlay-gradient":""}}},"product_brand":[42],"product_cat":[50,88,77,15],"product_tag":[],"class_list":{"0":"post-5282","1":"product","2":"type-product","3":"status-publish","4":"has-post-thumbnail","6":"product_brand-randm-tornado","7":"product_cat-randm-tornado-40000-avec-ecran-led-hd","8":"product_cat-puff-40k","9":"product_cat-entrepot-de-lue","10":"product_cat-magasin-cigarette-electronique","11":"desktop-align-center","12":"tablet-align-center","13":"mobile-align-center","14":"ast-product-gallery-layout-horizontal","15":"ast-product-gallery-with-no-image","16":"ast-product-single-variable","17":"ast-product-tabs-layout-horizontal","18":"ast-qv-on-image","20":"first","21":"instock","22":"sale","23":"shipping-taxable","24":"purchasable","25":"product-type-variable","26":"has-default-attributes"},"tiered_pricing_type":"fixed","tiered_pricing_fixed_rules":{"30":10.42,"60":9.26,"100":8.05,"200":7.8,"500":7.67,"1000":7.38},"tiered_pricing_product_settings":{"layout":"default","base_unit_name":{"singular":null,"plural":null},"default_variation":null},"tiered_pricing_minimum_quantity":null,"tiered_pricing_roles_data":[],"tiered_pricing_percentage_rules":[],"_links":{"self":[{"href":"https:\/\/puffvapestore.com\/pt\/wp-json\/wp\/v2\/product\/5282","targetHints":{"allow":["GET"]}}],"collection":[{"href":"https:\/\/puffvapestore.com\/pt\/wp-json\/wp\/v2\/product"}],"about":[{"href":"https:\/\/puffvapestore.com\/pt\/wp-json\/wp\/v2\/types\/product"}],"replies":[{"embeddable":true,"href":"https:\/\/puffvapestore.com\/pt\/wp-json\/wp\/v2\/comments?post=5282"}],"version-history":[{"count":7,"href":"https:\/\/puffvapestore.com\/pt\/wp-json\/wp\/v2\/product\/5282\/revisions"}],"predecessor-version":[{"id":10755,"href":"https:\/\/puffvapestore.com\/pt\/wp-json\/wp\/v2\/product\/5282\/revisions\/10755"}],"wp:featuredmedia":[{"embeddable":true,"href":"https:\/\/puffvapestore.com\/pt\/wp-json\/wp\/v2\/media\/5084"}],"wp:attachment":[{"href":"https:\/\/puffvapestore.com\/pt\/wp-json\/wp\/v2\/media?parent=5282"}],"wp:term":[{"taxonomy":"product_brand","embeddable":true,"href":"https:\/\/puffvapestore.com\/pt\/wp-json\/wp\/v2\/product_brand?post=5282"},{"taxonomy":"product_cat","embeddable":true,"href":"https:\/\/puffvapestore.com\/pt\/wp-json\/wp\/v2\/product_cat?post=5282"},{"taxonomy":"product_tag","embeddable":true,"href":"https:\/\/puffvapestore.com\/pt\/wp-json\/wp\/v2\/product_tag?post=5282"}],"curies":[{"name":"wp","href":"https:\/\/api.w.org\/{rel}","templated":true}]}}