{"id":5271,"date":"2025-07-17T06:37:40","date_gmt":"2025-07-17T06:37:40","guid":{"rendered":"https:\/\/puffvapestore.com\/?post_type=product&#038;p=5271"},"modified":"2026-04-21T07:09:14","modified_gmt":"2026-04-21T07:09:14","slug":"watermelon-bubblegum-fumot-leopard-40000-offre-la-fraicheur","status":"publish","type":"product","link":"https:\/\/puffvapestore.com\/pt\/product\/pastilha-elastica-de-melancia-fumot-leopard-40000-oferece-frescura\/","title":{"rendered":"Pastilha el\u00e1stica de melancia - Fumot Leopard 40000"},"content":{"rendered":"<div data-elementor-type=\"wp-post\" data-elementor-id=\"5271\" class=\"elementor elementor-5271\">\n\t\t\t\t<div class=\"elementor-element elementor-element-08c26f9 e-flex e-con-boxed e-con e-parent\" data-id=\"08c26f9\" data-element_type=\"container\" data-e-type=\"container\">\n\t\t\t\t\t<div class=\"e-con-inner\">\n\t\t\t\t<div class=\"elementor-element elementor-element-a005a97 elementor-widget elementor-widget-text-editor\" data-id=\"a005a97\" data-element_type=\"widget\" data-e-type=\"widget\" data-widget_type=\"text-editor.default\">\n\t\t\t\t<div class=\"elementor-widget-container\">\n\t\t\t\t\t\t\t\t\t<p>Este sabor a Watermelon Bubblegum combina a frescura de uma melancia sumarenta com o aroma doce da pastilha el\u00e1stica. Assim que se inala, o fumo revela a frescura natural de um pomar de ver\u00e3o, seguida da doce fragr\u00e2ncia da pastilha el\u00e1stica cor-de-rosa, s\u00edmbolo da inf\u00e2ncia. A cada inala\u00e7\u00e3o, sentir-se-\u00e1 como se estivesse num jardim ao ar livre no Sul de Fran\u00e7a. O sol brilha e, numa tarde descontra\u00edda, um cigarro eletr\u00f3nico Fumot Leopard 40000 com sabor a chiclete de melancia na m\u00e3o permite-lhe exalar uma baforada de vapor. A atmosfera parece tingida por uma brisa suave, particularmente natural e elegante neste cen\u00e1rio.<\/p><h2>Melancia doce e sumarenta<\/h2><p>Sabor principal: A melancia est\u00e1 no centro deste sabor, revelando as carater\u00edsticas frescas, doces e sumarentas de uma melancia madura.<\/p><p>Detalhes: A melancia tem um aroma frutado fresco com uma textura ligeiramente polpuda, como se estivesse a beber sumo de melancia. Esta do\u00e7ura \u00e9 imediatamente percet\u00edvel na inala\u00e7\u00e3o, oferecendo uma frescura de ver\u00e3o \u00e0s papilas gustativas.<\/p><h2>A do\u00e7ura e a nostalgia de Bubblegum<\/h2><p>Sabor secund\u00e1rio: A pastilha el\u00e1stica d\u00e1 um toque doce e ligeiramente cremoso a este sabor, evocando mem\u00f3rias nost\u00e1lgicas das pastilhas el\u00e1sticas da sua inf\u00e2ncia. Ligeiramente mais doce que a melancia, tem um leve aroma a rebu\u00e7ado, semelhante ao da cl\u00e1ssica pastilha el\u00e1stica Bubblicious ou Hubba Bubba.<\/p><p>Detalhes: O sabor da pastilha el\u00e1stica \u00e9 mais pronunciado quando exalado, oferecendo um final suave e doce.<\/p>\t\t\t\t\t\t\t\t<\/div>\n\t\t\t\t<\/div>\n\t\t\t\t\t<\/div>\n\t\t\t\t<\/div>\n\t\t<div class=\"elementor-element elementor-element-718b380 e-flex e-con-boxed e-con e-parent\" data-id=\"718b380\" data-element_type=\"container\" data-e-type=\"container\">\n\t\t\t\t\t<div class=\"e-con-inner\">\n\t\t\t\t<div class=\"elementor-element elementor-element-d2cc8fa elementor-widget elementor-widget-text-editor\" data-id=\"d2cc8fa\" data-element_type=\"widget\" data-e-type=\"widget\" data-widget_type=\"text-editor.default\">\n\t\t\t\t<div class=\"elementor-widget-container\">\n\t\t\t\t\t\t\t\t\t<h2>Carater\u00edsticas do Fumot Leopard 40000 Watermelon Bubblegum:<\/h2><p>Puffs e bateria: Equipado com uma bateria recarreg\u00e1vel de 700 mAh que recarrega via USB-C para at\u00e9 40.000 puffs.<\/p><p>Sistema de resist\u00eancia de malha dupla: Equipado com uma resist\u00eancia de malha dupla que aquece continuamente e produz um vapor rico e cremoso durante toda a sua vida \u00fatil.<\/p><p>LED e ecr\u00e3 digital: Equipado com um conjunto de luzes RGB e um ecr\u00e3 de tubo digital duplo: um lado mostra o n\u00edvel de e-l\u00edquido restante, o outro o n\u00edvel da bateria.<\/p><p>N\u00edveis de nicotina e sabores: Dispon\u00edvel em n\u00edveis de nicotina 0 %, 2 %, 3 % ou 5 %.<\/p><p>Design: Concha transparente com um atraente estampado de leopardo, luzes interiores coloridas que rodam com cada sopro.<\/p><h2>Vantagens do Fumot Leopard 40000 Watermelon Bubblegum:<\/h2><p>\u00c9 recarreg\u00e1vel, pelo que n\u00e3o h\u00e1 necessidade de o deitar fora prematuramente.<\/p><p>Elegantes gr\u00e1ficos LED + design claro e atrativo.<\/p><p>Monitoriza\u00e7\u00e3o f\u00e1cil do l\u00edquido eletr\u00f3nico restante e do n\u00edvel da bateria.<\/p>\t\t\t\t\t\t\t\t<\/div>\n\t\t\t\t<\/div>\n\t\t\t\t\t<\/div>\n\t\t\t\t<\/div>\n\t\t\t\t<\/div>","protected":false},"excerpt":{"rendered":"<p>Ce go\u00fbt Past\u00e8que Bubblegum allie avec raffinement la fra\u00eecheur d&rsquo;une past\u00e8que juteuse \u00e0 l&rsquo;ar\u00f4me sucr\u00e9 du bubblegum. D\u00e8s l&rsquo;inhalation, la fum\u00e9e r\u00e9v\u00e8le la fra\u00eecheur naturelle d&rsquo;un verger estival, suivie du doux parfum d&rsquo;un bubblegum rose, symbole de l&rsquo;enfance. \u00c0 chaque inhalation, vous vous sentirez comme dans un jardin en plein air du sud de la [&hellip;]<\/p>\n","protected":false},"featured_media":5096,"comment_status":"open","ping_status":"closed","template":"","meta":{"site-sidebar-layout":"no-sidebar","site-content-layout":"page-builder","ast-site-content-layout":"normal-width-container","site-content-style":"default","site-sidebar-style":"default","ast-global-header-display":"","ast-banner-title-visibility":"","ast-main-header-display":"","ast-hfb-above-header-display":"","ast-hfb-below-header-display":"","ast-hfb-mobile-header-display":"","site-post-title":"disabled","ast-breadcrumbs-content":"","ast-featured-img":"disabled","footer-sml-layout":"","ast-disable-related-posts":"","theme-transparent-header-meta":"default","adv-header-id-meta":"","stick-header-meta":"default","header-above-stick-meta":"","header-main-stick-meta":"","header-below-stick-meta":"","astra-migrate-meta-layouts":"set","ast-page-background-enabled":"default","ast-page-background-meta":{"desktop":{"background-color":"","background-image":"","background-repeat":"repeat","background-position":"center center","background-size":"auto","background-attachment":"scroll","background-type":"","background-media":"","overlay-type":"","overlay-color":"","overlay-opacity":"","overlay-gradient":""},"tablet":{"background-color":"","background-image":"","background-repeat":"repeat","background-position":"center center","background-size":"auto","background-attachment":"scroll","background-type":"","background-media":"","overlay-type":"","overlay-color":"","overlay-opacity":"","overlay-gradient":""},"mobile":{"background-color":"","background-image":"","background-repeat":"repeat","background-position":"center center","background-size":"auto","background-attachment":"scroll","background-type":"","background-media":"","overlay-type":"","overlay-color":"","overlay-opacity":"","overlay-gradient":""}},"ast-content-background-meta":{"desktop":{"background-color":"var(--ast-global-color-5)","background-image":"","background-repeat":"repeat","background-position":"center center","background-size":"auto","background-attachment":"scroll","background-type":"","background-media":"","overlay-type":"","overlay-color":"","overlay-opacity":"","overlay-gradient":""},"tablet":{"background-color":"var(--ast-global-color-5)","background-image":"","background-repeat":"repeat","background-position":"center center","background-size":"auto","background-attachment":"scroll","background-type":"","background-media":"","overlay-type":"","overlay-color":"","overlay-opacity":"","overlay-gradient":""},"mobile":{"background-color":"var(--ast-global-color-5)","background-image":"","background-repeat":"repeat","background-position":"center center","background-size":"auto","background-attachment":"scroll","background-type":"","background-media":"","overlay-type":"","overlay-color":"","overlay-opacity":"","overlay-gradient":""}}},"product_brand":[42],"product_cat":[50,88,77,15],"product_tag":[],"class_list":{"0":"post-5271","1":"product","2":"type-product","3":"status-publish","4":"has-post-thumbnail","6":"product_brand-randm-tornado","7":"product_cat-randm-tornado-40000-avec-ecran-led-hd","8":"product_cat-puff-40k","9":"product_cat-entrepot-de-lue","10":"product_cat-magasin-cigarette-electronique","11":"desktop-align-center","12":"tablet-align-center","13":"mobile-align-center","14":"ast-product-gallery-layout-horizontal","15":"ast-product-gallery-with-no-image","16":"ast-product-single-variable","17":"ast-product-tabs-layout-horizontal","18":"ast-qv-on-image","20":"first","21":"instock","22":"sale","23":"shipping-taxable","24":"purchasable","25":"product-type-variable","26":"has-default-attributes"},"tiered_pricing_type":"fixed","tiered_pricing_fixed_rules":{"30":10.42,"60":9.26,"100":8.05,"200":7.8,"500":7.67,"1000":7.38},"tiered_pricing_product_settings":{"layout":"default","base_unit_name":{"singular":null,"plural":null},"default_variation":null},"tiered_pricing_minimum_quantity":null,"tiered_pricing_roles_data":[],"tiered_pricing_percentage_rules":[],"_links":{"self":[{"href":"https:\/\/puffvapestore.com\/pt\/wp-json\/wp\/v2\/product\/5271","targetHints":{"allow":["GET"]}}],"collection":[{"href":"https:\/\/puffvapestore.com\/pt\/wp-json\/wp\/v2\/product"}],"about":[{"href":"https:\/\/puffvapestore.com\/pt\/wp-json\/wp\/v2\/types\/product"}],"replies":[{"embeddable":true,"href":"https:\/\/puffvapestore.com\/pt\/wp-json\/wp\/v2\/comments?post=5271"}],"version-history":[{"count":7,"href":"https:\/\/puffvapestore.com\/pt\/wp-json\/wp\/v2\/product\/5271\/revisions"}],"predecessor-version":[{"id":10756,"href":"https:\/\/puffvapestore.com\/pt\/wp-json\/wp\/v2\/product\/5271\/revisions\/10756"}],"wp:featuredmedia":[{"embeddable":true,"href":"https:\/\/puffvapestore.com\/pt\/wp-json\/wp\/v2\/media\/5096"}],"wp:attachment":[{"href":"https:\/\/puffvapestore.com\/pt\/wp-json\/wp\/v2\/media?parent=5271"}],"wp:term":[{"taxonomy":"product_brand","embeddable":true,"href":"https:\/\/puffvapestore.com\/pt\/wp-json\/wp\/v2\/product_brand?post=5271"},{"taxonomy":"product_cat","embeddable":true,"href":"https:\/\/puffvapestore.com\/pt\/wp-json\/wp\/v2\/product_cat?post=5271"},{"taxonomy":"product_tag","embeddable":true,"href":"https:\/\/puffvapestore.com\/pt\/wp-json\/wp\/v2\/product_tag?post=5271"}],"curies":[{"name":"wp","href":"https:\/\/api.w.org\/{rel}","templated":true}]}}