{"id":5260,"date":"2025-07-17T03:28:54","date_gmt":"2025-07-17T03:28:54","guid":{"rendered":"https:\/\/puffvapestore.com\/?post_type=product&#038;p=5260"},"modified":"2026-04-21T07:09:07","modified_gmt":"2026-04-21T07:09:07","slug":"peachy-mango-pineapple-fumot-40000-offre-une-saveur-juteuse-et-juteuse","status":"publish","type":"product","link":"https:\/\/puffvapestore.com\/pt\/product\/pessego-manga-ananas-fumot-40000-oferece-um-sabor-sumarento\/","title":{"rendered":"Anan\u00e1s manga p\u00eassego - Fumot Leopard 40000"},"content":{"rendered":"<div data-elementor-type=\"wp-post\" data-elementor-id=\"5260\" class=\"elementor elementor-5260\">\n\t\t\t\t<div class=\"elementor-element elementor-element-08c26f9 e-flex e-con-boxed e-con e-parent\" data-id=\"08c26f9\" data-element_type=\"container\" data-e-type=\"container\">\n\t\t\t\t\t<div class=\"e-con-inner\">\n\t\t\t\t<div class=\"elementor-element elementor-element-a005a97 elementor-widget elementor-widget-text-editor\" data-id=\"a005a97\" data-element_type=\"widget\" data-e-type=\"widget\" data-widget_type=\"text-editor.default\">\n\t\t\t\t<div class=\"elementor-widget-container\">\n\t\t\t\t\t\t\t\t\t<p>O sabor a P\u00eassego, Manga e Anan\u00e1s \u00e9 uma combina\u00e7\u00e3o doce de frutos tropicais, com um sabor sumarento. \u00c9 um sabor refrescante e ligeiramente doce. O aroma frutado \u00e9 intenso assim que entra na boca, com um longo travo ao expirar. Adequado para os amantes de sabores frutados e de sabores frescos e doces.<\/p><p><strong>Pesca<\/strong> O aroma de p\u00eassegos amarelos maduros confere um toque de do\u00e7ura ao conjunto. O sabor \u00e9 natural, ligeiramente encorpado, pr\u00f3ximo da do\u00e7ura do mel de p\u00eassego em conserva, sem ser gorduroso. Fresco e ligeiramente cremoso, real\u00e7a a redondeza do paladar.<\/p><p><strong>Manga\u00a0<\/strong>O seu aroma rico e ligeiramente resinoso a manga tropical, com um sabor ligeiramente pronunciado a manga madura, real\u00e7a a intensidade arom\u00e1tica e torna o sabor global mais rico e tridimensional.<\/p><p><strong>Anan\u00e1s\u00a0<\/strong>O ingrediente refrescante deste sabor \u00e9 o seu sabor doce e azedo carater\u00edstico. \u00c9 mais pr\u00f3ximo do anan\u00e1s fresco, com uma acidez frutada moderada que estimula a ponta da l\u00edngua e uma ligeira sensa\u00e7\u00e3o de enzima de anan\u00e1s na boca.<\/p>\t\t\t\t\t\t\t\t<\/div>\n\t\t\t\t<\/div>\n\t\t\t\t\t<\/div>\n\t\t\t\t<\/div>\n\t\t<div class=\"elementor-element elementor-element-718b380 e-flex e-con-boxed e-con e-parent\" data-id=\"718b380\" data-element_type=\"container\" data-e-type=\"container\">\n\t\t\t\t\t<div class=\"e-con-inner\">\n\t\t\t\t<div class=\"elementor-element elementor-element-d2cc8fa elementor-widget elementor-widget-text-editor\" data-id=\"d2cc8fa\" data-element_type=\"widget\" data-e-type=\"widget\" data-widget_type=\"text-editor.default\">\n\t\t\t\t<div class=\"elementor-widget-container\">\n\t\t\t\t\t\t\t\t\t<h2>Carater\u00edsticas do Fumot Leopard 40000 :<\/h2><p>Puffs e bateria: Equipado com uma bateria recarreg\u00e1vel de 700 mAh que recarrega via USB-C para at\u00e9 40.000 puffs.<\/p><p>Sistema de resist\u00eancia de malha dupla: Equipado com uma resist\u00eancia de malha dupla que aquece continuamente e produz um vapor rico e cremoso durante toda a sua vida \u00fatil.<\/p><p>LED e ecr\u00e3 digital: Equipado com um conjunto de luzes RGB e um ecr\u00e3 de tubo digital duplo: um lado mostra o n\u00edvel de e-l\u00edquido restante, o outro o n\u00edvel da bateria.<\/p><p>N\u00edveis de nicotina e sabores: Dispon\u00edvel em n\u00edveis de nicotina 0 %, 2 %, 3 % ou 5 %.<\/p><p>Design: Concha transparente com um atraente estampado de leopardo, luzes interiores coloridas que rodam com cada sopro.<\/p><h2>Vantagens do Fumot Leopard 40000 :<\/h2><p>\u00c9 recarreg\u00e1vel, pelo que n\u00e3o h\u00e1 necessidade de o deitar fora prematuramente.<\/p><p>Elegantes gr\u00e1ficos LED + design claro e atrativo.<\/p><p>Monitoriza\u00e7\u00e3o f\u00e1cil do l\u00edquido eletr\u00f3nico restante e do n\u00edvel da bateria.<\/p>\t\t\t\t\t\t\t\t<\/div>\n\t\t\t\t<\/div>\n\t\t\t\t\t<\/div>\n\t\t\t\t<\/div>\n\t\t\t\t<\/div>","protected":false},"excerpt":{"rendered":"<p>La saveur P\u00eache Mangue Ananas est une douce combinaison de fruits tropicaux, avec une saveur juteuse et juteuse. C&rsquo;est une saveur rafra\u00eechissante et l\u00e9g\u00e8rement sucr\u00e9e. L&rsquo;ar\u00f4me fruit\u00e9 est intense d\u00e8s l&rsquo;entr\u00e9e en bouche, avec un arri\u00e8re-go\u00fbt long \u00e0 l&rsquo;expiration. Elles conviennent aux amateurs de saveurs fruit\u00e9es et de saveurs fra\u00eeches et sucr\u00e9es. P\u00eache : L&rsquo;ar\u00f4me [&hellip;]<\/p>\n","protected":false},"featured_media":5091,"comment_status":"open","ping_status":"closed","template":"","meta":{"site-sidebar-layout":"no-sidebar","site-content-layout":"page-builder","ast-site-content-layout":"normal-width-container","site-content-style":"default","site-sidebar-style":"default","ast-global-header-display":"","ast-banner-title-visibility":"","ast-main-header-display":"","ast-hfb-above-header-display":"","ast-hfb-below-header-display":"","ast-hfb-mobile-header-display":"","site-post-title":"disabled","ast-breadcrumbs-content":"","ast-featured-img":"disabled","footer-sml-layout":"","ast-disable-related-posts":"","theme-transparent-header-meta":"default","adv-header-id-meta":"","stick-header-meta":"default","header-above-stick-meta":"","header-main-stick-meta":"","header-below-stick-meta":"","astra-migrate-meta-layouts":"set","ast-page-background-enabled":"default","ast-page-background-meta":{"desktop":{"background-color":"","background-image":"","background-repeat":"repeat","background-position":"center center","background-size":"auto","background-attachment":"scroll","background-type":"","background-media":"","overlay-type":"","overlay-color":"","overlay-opacity":"","overlay-gradient":""},"tablet":{"background-color":"","background-image":"","background-repeat":"repeat","background-position":"center center","background-size":"auto","background-attachment":"scroll","background-type":"","background-media":"","overlay-type":"","overlay-color":"","overlay-opacity":"","overlay-gradient":""},"mobile":{"background-color":"","background-image":"","background-repeat":"repeat","background-position":"center center","background-size":"auto","background-attachment":"scroll","background-type":"","background-media":"","overlay-type":"","overlay-color":"","overlay-opacity":"","overlay-gradient":""}},"ast-content-background-meta":{"desktop":{"background-color":"var(--ast-global-color-5)","background-image":"","background-repeat":"repeat","background-position":"center center","background-size":"auto","background-attachment":"scroll","background-type":"","background-media":"","overlay-type":"","overlay-color":"","overlay-opacity":"","overlay-gradient":""},"tablet":{"background-color":"var(--ast-global-color-5)","background-image":"","background-repeat":"repeat","background-position":"center center","background-size":"auto","background-attachment":"scroll","background-type":"","background-media":"","overlay-type":"","overlay-color":"","overlay-opacity":"","overlay-gradient":""},"mobile":{"background-color":"var(--ast-global-color-5)","background-image":"","background-repeat":"repeat","background-position":"center center","background-size":"auto","background-attachment":"scroll","background-type":"","background-media":"","overlay-type":"","overlay-color":"","overlay-opacity":"","overlay-gradient":""}}},"product_brand":[42],"product_cat":[50,88,77,15],"product_tag":[],"class_list":{"0":"post-5260","1":"product","2":"type-product","3":"status-publish","4":"has-post-thumbnail","6":"product_brand-randm-tornado","7":"product_cat-randm-tornado-40000-avec-ecran-led-hd","8":"product_cat-puff-40k","9":"product_cat-entrepot-de-lue","10":"product_cat-magasin-cigarette-electronique","11":"desktop-align-center","12":"tablet-align-center","13":"mobile-align-center","14":"ast-product-gallery-layout-horizontal","15":"ast-product-gallery-with-no-image","16":"ast-product-single-variable","17":"ast-product-tabs-layout-horizontal","18":"ast-qv-on-image","20":"first","21":"instock","22":"sale","23":"shipping-taxable","24":"purchasable","25":"product-type-variable","26":"has-default-attributes"},"tiered_pricing_type":"fixed","tiered_pricing_fixed_rules":{"30":10.42,"60":9.26,"100":8.05,"200":7.8,"500":7.67,"1000":7.38},"tiered_pricing_product_settings":{"layout":"default","base_unit_name":{"singular":null,"plural":null},"default_variation":null},"tiered_pricing_minimum_quantity":null,"tiered_pricing_roles_data":[],"tiered_pricing_percentage_rules":[],"_links":{"self":[{"href":"https:\/\/puffvapestore.com\/pt\/wp-json\/wp\/v2\/product\/5260","targetHints":{"allow":["GET"]}}],"collection":[{"href":"https:\/\/puffvapestore.com\/pt\/wp-json\/wp\/v2\/product"}],"about":[{"href":"https:\/\/puffvapestore.com\/pt\/wp-json\/wp\/v2\/types\/product"}],"replies":[{"embeddable":true,"href":"https:\/\/puffvapestore.com\/pt\/wp-json\/wp\/v2\/comments?post=5260"}],"version-history":[{"count":7,"href":"https:\/\/puffvapestore.com\/pt\/wp-json\/wp\/v2\/product\/5260\/revisions"}],"predecessor-version":[{"id":10757,"href":"https:\/\/puffvapestore.com\/pt\/wp-json\/wp\/v2\/product\/5260\/revisions\/10757"}],"wp:featuredmedia":[{"embeddable":true,"href":"https:\/\/puffvapestore.com\/pt\/wp-json\/wp\/v2\/media\/5091"}],"wp:attachment":[{"href":"https:\/\/puffvapestore.com\/pt\/wp-json\/wp\/v2\/media?parent=5260"}],"wp:term":[{"taxonomy":"product_brand","embeddable":true,"href":"https:\/\/puffvapestore.com\/pt\/wp-json\/wp\/v2\/product_brand?post=5260"},{"taxonomy":"product_cat","embeddable":true,"href":"https:\/\/puffvapestore.com\/pt\/wp-json\/wp\/v2\/product_cat?post=5260"},{"taxonomy":"product_tag","embeddable":true,"href":"https:\/\/puffvapestore.com\/pt\/wp-json\/wp\/v2\/product_tag?post=5260"}],"curies":[{"name":"wp","href":"https:\/\/api.w.org\/{rel}","templated":true}]}}