{"id":5241,"date":"2025-07-16T12:11:27","date_gmt":"2025-07-16T12:11:27","guid":{"rendered":"https:\/\/puffvapestore.com\/?post_type=product&#038;p=5241"},"modified":"2026-04-21T07:10:03","modified_gmt":"2026-04-21T07:10:03","slug":"mixed-berries-fumot-randm-tornado-40000","status":"publish","type":"product","link":"https:\/\/puffvapestore.com\/pt\/product\/bagas-mistas-fumot-randm-tornado-40000\/","title":{"rendered":"Bagas mistas - Fumot Leopard 40000"},"content":{"rendered":"<div data-elementor-type=\"wp-post\" data-elementor-id=\"5241\" class=\"elementor elementor-5241\">\n\t\t\t\t<div class=\"elementor-element elementor-element-08c26f9 e-flex e-con-boxed e-con e-parent\" data-id=\"08c26f9\" data-element_type=\"container\" data-e-type=\"container\">\n\t\t\t\t\t<div class=\"e-con-inner\">\n\t\t\t\t<div class=\"elementor-element elementor-element-a005a97 elementor-widget elementor-widget-text-editor\" data-id=\"a005a97\" data-element_type=\"widget\" data-e-type=\"widget\" data-widget_type=\"text-editor.default\">\n\t\t\t\t<div class=\"elementor-widget-container\">\n\t\t\t\t\t\t\t\t\t<p>Este cigarro eletr\u00f3nico com sabor a Fruits des Bois oferece um inebriante banquete de frutos do bosque: a do\u00e7ura dos mirtilos, a acidez das amoras e o aroma frutado das framboesas florescem na ponta da l\u00edngua, como um cesto de frutos silvestres acabados de colher na floresta no in\u00edcio do ver\u00e3o em Fran\u00e7a. O aroma frutado perdura e fascina-nos. N\u00e3o s\u00f3 \u00e9 um prazer saborear, como tamb\u00e9m \u00e9 um \u00f3timo calmante.<\/p><h2>Nota de topo (na boca) :<\/h2><p>A primeira sensa\u00e7\u00e3o \u00e9 a do\u00e7ura dos morangos, com a do\u00e7ura da fruta madura, seguida de uma ligeira acidez e de um leve aroma floral a framboesas, que real\u00e7am a frescura geral.<\/p><h2>a inala\u00e7\u00e3o cont\u00ednua:<\/h2><p>O aroma redondo e frutado do mirtilo vem depois \u00e0 tona, acrescentando um sabor cheio e ligeiramente frutado. O sabor escuro e frutado da amora refor\u00e7a a espessura global, transformando o conjunto numa do\u00e7ura suave. O sabor frutado \u00e9 ent\u00e3o mais intenso, sem ser demasiado pronunciado, preservando um bom equil\u00edbrio.<\/p><h2>Notas de rodap\u00e9 (no termo) :<\/h2><p>Na expira\u00e7\u00e3o, h\u00e1 uma acidez suave e uma ligeira frescura deixada pela mistura de frutos silvestres. O final de boca \u00e9 longo, dando a impress\u00e3o de estar a morder uma travessa de fruta fresca.<\/p>\t\t\t\t\t\t\t\t<\/div>\n\t\t\t\t<\/div>\n\t\t\t\t\t<\/div>\n\t\t\t\t<\/div>\n\t\t<div class=\"elementor-element elementor-element-718b380 e-flex e-con-boxed e-con e-parent\" data-id=\"718b380\" data-element_type=\"container\" data-e-type=\"container\">\n\t\t\t\t\t<div class=\"e-con-inner\">\n\t\t\t\t<div class=\"elementor-element elementor-element-d2cc8fa elementor-widget elementor-widget-text-editor\" data-id=\"d2cc8fa\" data-element_type=\"widget\" data-e-type=\"widget\" data-widget_type=\"text-editor.default\">\n\t\t\t\t<div class=\"elementor-widget-container\">\n\t\t\t\t\t\t\t\t\t<h2>Bateria recarreg\u00e1vel de alto desempenho<\/h2><p>O Fumot Leopard (RandM Tornado) 40000 Mixed Berries est\u00e1 equipado com uma bateria de l\u00edtio de 700 mAh integrada, compat\u00edvel com o carregamento r\u00e1pido USB-C, e recarrega totalmente em cerca de 30 a 45 minutos.<\/p><p>Embora se trate de um cigarro eletr\u00f3nico descart\u00e1vel, a bateria pode ser recarregada v\u00e1rias vezes para garantir uma utiliza\u00e7\u00e3o \u00f3ptima de cada gota de e-l\u00edquido.<\/p><h2>Numerosas baforadas: at\u00e9 40 000 baforadas<\/h2><p>O Fumot Leopard (RandM Tornado) 40000 oferece uma capacidade excecional de 40.000 baforadas, muito mais do que os descart\u00e1veis tradicionais (geralmente entre 1.000 e 3.000 baforadas).<\/p><p>A dura\u00e7\u00e3o te\u00f3rica de utiliza\u00e7\u00e3o pode ser de v\u00e1rias semanas ou mesmo de v\u00e1rios meses (calculada com 500 baforadas por dia, ou seja, cerca de 80 dias de utiliza\u00e7\u00e3o).<\/p><p>Particularmente adequado para utilizadores que n\u00e3o pretendem mudar de telem\u00f3vel com frequ\u00eancia.<\/p><h2>Resist\u00eancia de malha dupla<\/h2><p>O Fumot Leopard (RandM Tornado) 40000 adopta uma estrutura avan\u00e7ada de aquecimento de malha dupla para um aquecimento r\u00e1pido e uma atomiza\u00e7\u00e3o uniforme.<\/p><p>Proporciona um sabor intenso e um vapor de alta densidade durante todo o ciclo de utiliza\u00e7\u00e3o, sem atenua\u00e7\u00e3o percet\u00edvel.<\/p><p>Melhora a experi\u00eancia de fumar, especialmente para os utilizadores que procuram uma forte batida na garganta ou um sabor suave.<\/p><h2>Ecr\u00e3 LED digital inteligente<\/h2><p>O Fumot Leopard 40000 Mixed Berries tem um ecr\u00e3 LED de alta defini\u00e7\u00e3o incorporado que apresenta :<\/p><p>Percentagem de carga da bateria<\/p><p>E-l\u00edquido restante<\/p><p>Informar os utilizadores sobre o estado do dispositivo num relance, evitando falhas s\u00fabitas da bateria ou problemas de \u00abfumar a seco sem e-l\u00edquido\u00bb.<\/p><h2>Ilumina\u00e7\u00e3o ambiente RGB colorida<\/h2><p>Equipado com efeitos de ilumina\u00e7\u00e3o RGB modernos, gira e muda de cor \u00e0 medida que fuma, acrescentando um toque de tecnologia e prazer visual.<\/p><p>Particularmente atraente e reconhec\u00edvel \u00e0 noite ou ao entardecer.<\/p><h2>V\u00e1rias concentra\u00e7\u00f5es de nicotina dispon\u00edveis<\/h2><p>V\u00e1rias concentra\u00e7\u00f5es de nicotina dispon\u00edveis:<\/p><p>0 % (sem nicotina, sabor puro)<\/p><p>2 %, 3 %, 5 % (satisfazem as diferentes necessidades dos fumadores ligeiros e pesados)<\/p><h2>A quem se destina o Fumot Leopard 40000 (RandM Tornado 40K) Mixed Berries?<\/h2><p>Fumadores pesados que procuram descart\u00e1veis duradouros<\/p><p>F\u00e3s de cigarros electr\u00f3nicos sofisticados e atraentes<\/p><p>Quem procura um dispositivo recarreg\u00e1vel de f\u00e1cil manuten\u00e7\u00e3o<\/p><h2>O que h\u00e1 de t\u00e3o bom no Fumot Leopard 40000 (RandM Tornado 40K) Mixed Berries?<\/h2><p>Vida \u00fatil: 40 000 baforadas, o que equivale a cerca de 9 a 12 semanas, ou seja, cerca de 500 baforadas por dia<\/p><p>Feedback visual: o ecr\u00e3 e as luzes indicadoras fornecem informa\u00e7\u00f5es em tempo real e melhoram a est\u00e9tica<\/p><p>Desempenho: As resist\u00eancias de malha dupla garantem um sabor e um vapor consistentes<\/p>\t\t\t\t\t\t\t\t<\/div>\n\t\t\t\t<\/div>\n\t\t\t\t\t<\/div>\n\t\t\t\t<\/div>\n\t\t\t\t<\/div>","protected":false},"excerpt":{"rendered":"<p>Cette cigarette \u00e9lectronique saveur Fruits des bois offre un festin enivrant de fruits des bois\u00a0: la douceur des myrtilles, l&rsquo;acidit\u00e9 des m\u00fbres et l&rsquo;ar\u00f4me fruit\u00e9 des framboises s&rsquo;\u00e9panouissent sur le bout de la langue, tel un panier de fruits sauvages fra\u00eechement cueillis dans la for\u00eat au d\u00e9but de l&rsquo;\u00e9t\u00e9 en France. L&rsquo;ar\u00f4me fruit\u00e9 persiste et [&hellip;]<\/p>\n","protected":false},"featured_media":5089,"comment_status":"open","ping_status":"closed","template":"","meta":{"site-sidebar-layout":"no-sidebar","site-content-layout":"page-builder","ast-site-content-layout":"normal-width-container","site-content-style":"default","site-sidebar-style":"default","ast-global-header-display":"","ast-banner-title-visibility":"","ast-main-header-display":"","ast-hfb-above-header-display":"","ast-hfb-below-header-display":"","ast-hfb-mobile-header-display":"","site-post-title":"disabled","ast-breadcrumbs-content":"","ast-featured-img":"disabled","footer-sml-layout":"","ast-disable-related-posts":"","theme-transparent-header-meta":"default","adv-header-id-meta":"","stick-header-meta":"default","header-above-stick-meta":"","header-main-stick-meta":"","header-below-stick-meta":"","astra-migrate-meta-layouts":"set","ast-page-background-enabled":"default","ast-page-background-meta":{"desktop":{"background-color":"","background-image":"","background-repeat":"repeat","background-position":"center center","background-size":"auto","background-attachment":"scroll","background-type":"","background-media":"","overlay-type":"","overlay-color":"","overlay-opacity":"","overlay-gradient":""},"tablet":{"background-color":"","background-image":"","background-repeat":"repeat","background-position":"center center","background-size":"auto","background-attachment":"scroll","background-type":"","background-media":"","overlay-type":"","overlay-color":"","overlay-opacity":"","overlay-gradient":""},"mobile":{"background-color":"","background-image":"","background-repeat":"repeat","background-position":"center center","background-size":"auto","background-attachment":"scroll","background-type":"","background-media":"","overlay-type":"","overlay-color":"","overlay-opacity":"","overlay-gradient":""}},"ast-content-background-meta":{"desktop":{"background-color":"var(--ast-global-color-5)","background-image":"","background-repeat":"repeat","background-position":"center center","background-size":"auto","background-attachment":"scroll","background-type":"","background-media":"","overlay-type":"","overlay-color":"","overlay-opacity":"","overlay-gradient":""},"tablet":{"background-color":"var(--ast-global-color-5)","background-image":"","background-repeat":"repeat","background-position":"center center","background-size":"auto","background-attachment":"scroll","background-type":"","background-media":"","overlay-type":"","overlay-color":"","overlay-opacity":"","overlay-gradient":""},"mobile":{"background-color":"var(--ast-global-color-5)","background-image":"","background-repeat":"repeat","background-position":"center center","background-size":"auto","background-attachment":"scroll","background-type":"","background-media":"","overlay-type":"","overlay-color":"","overlay-opacity":"","overlay-gradient":""}}},"product_brand":[42],"product_cat":[50,88,77,15],"product_tag":[],"class_list":{"0":"post-5241","1":"product","2":"type-product","3":"status-publish","4":"has-post-thumbnail","6":"product_brand-randm-tornado","7":"product_cat-randm-tornado-40000-avec-ecran-led-hd","8":"product_cat-puff-40k","9":"product_cat-entrepot-de-lue","10":"product_cat-magasin-cigarette-electronique","11":"desktop-align-center","12":"tablet-align-center","13":"mobile-align-center","14":"ast-product-gallery-layout-horizontal","15":"ast-product-gallery-with-no-image","16":"ast-product-single-variable","17":"ast-product-tabs-layout-horizontal","18":"ast-qv-on-image","20":"first","21":"instock","22":"sale","23":"shipping-taxable","24":"purchasable","25":"product-type-variable","26":"has-default-attributes"},"tiered_pricing_type":"fixed","tiered_pricing_fixed_rules":{"30":10.42,"60":9.26,"100":8.05,"200":7.8,"500":7.67,"1000":7.38},"tiered_pricing_product_settings":{"layout":"default","base_unit_name":{"singular":null,"plural":null},"default_variation":null},"tiered_pricing_minimum_quantity":null,"tiered_pricing_roles_data":[],"tiered_pricing_percentage_rules":[],"_links":{"self":[{"href":"https:\/\/puffvapestore.com\/pt\/wp-json\/wp\/v2\/product\/5241","targetHints":{"allow":["GET"]}}],"collection":[{"href":"https:\/\/puffvapestore.com\/pt\/wp-json\/wp\/v2\/product"}],"about":[{"href":"https:\/\/puffvapestore.com\/pt\/wp-json\/wp\/v2\/types\/product"}],"replies":[{"embeddable":true,"href":"https:\/\/puffvapestore.com\/pt\/wp-json\/wp\/v2\/comments?post=5241"}],"version-history":[{"count":11,"href":"https:\/\/puffvapestore.com\/pt\/wp-json\/wp\/v2\/product\/5241\/revisions"}],"predecessor-version":[{"id":10750,"href":"https:\/\/puffvapestore.com\/pt\/wp-json\/wp\/v2\/product\/5241\/revisions\/10750"}],"wp:featuredmedia":[{"embeddable":true,"href":"https:\/\/puffvapestore.com\/pt\/wp-json\/wp\/v2\/media\/5089"}],"wp:attachment":[{"href":"https:\/\/puffvapestore.com\/pt\/wp-json\/wp\/v2\/media?parent=5241"}],"wp:term":[{"taxonomy":"product_brand","embeddable":true,"href":"https:\/\/puffvapestore.com\/pt\/wp-json\/wp\/v2\/product_brand?post=5241"},{"taxonomy":"product_cat","embeddable":true,"href":"https:\/\/puffvapestore.com\/pt\/wp-json\/wp\/v2\/product_cat?post=5241"},{"taxonomy":"product_tag","embeddable":true,"href":"https:\/\/puffvapestore.com\/pt\/wp-json\/wp\/v2\/product_tag?post=5241"}],"curies":[{"name":"wp","href":"https:\/\/api.w.org\/{rel}","templated":true}]}}