{"id":5230,"date":"2025-07-16T10:58:21","date_gmt":"2025-07-16T10:58:21","guid":{"rendered":"https:\/\/puffvapestore.com\/?post_type=product&#038;p=5230"},"modified":"2026-04-21T07:10:11","modified_gmt":"2026-04-21T07:10:11","slug":"tornado-40000-strawberry-ice-evoque-le-souvenir-rafraichissant-dun-verger-dete","status":"publish","type":"product","link":"https:\/\/puffvapestore.com\/pt\/product\/tornado-40000-strawberry-ice-evoca-a-memoria-refrescante-de-um-pomar-no-passado\/","title":{"rendered":"RandM Tornado 40000 - Gelo de morango"},"content":{"rendered":"<div data-elementor-type=\"wp-post\" data-elementor-id=\"5230\" class=\"elementor elementor-5230\">\n\t\t\t\t<div class=\"elementor-element elementor-element-08c26f9 e-flex e-con-boxed e-con e-parent\" data-id=\"08c26f9\" data-element_type=\"container\" data-e-type=\"container\">\n\t\t\t\t\t<div class=\"e-con-inner\">\n\t\t\t\t<div class=\"elementor-element elementor-element-a005a97 elementor-widget elementor-widget-text-editor\" data-id=\"a005a97\" data-element_type=\"widget\" data-e-type=\"widget\" data-widget_type=\"text-editor.default\">\n\t\t\t\t<div class=\"elementor-widget-container\">\n\t\t\t\t\t\t\t\t\t<p>Com uma simples inala\u00e7\u00e3o, o aroma Strawberry Ice transporta-o para um mundo fresco e doce. A do\u00e7ura natural dos morangos e o subtil toque de frescura combinam-se na perfei\u00e7\u00e3o. O fumo derrete-se na boca, mas o travo \u00e9 longo, o que n\u00e3o s\u00f3 desperta as papilas gustativas, como tamb\u00e9m evoca mem\u00f3rias refrescantes de um pomar de ver\u00e3o. Este sabor \u00e9 ideal para relaxar sozinho depois do p\u00f4r do sol ou para partilhar com os amigos, transformando cada tragada num prazer discreto mas requintado.<\/p><h2>Carater\u00edsticas do sabor do morango :<\/h2><p>Um verdadeiro aroma frutado: desde a primeira baforada, sente-se o aroma de morangos naturalmente maduros, semelhante ao de um morango acabado de cortar.<\/p><p>Doce e azedo: O sabor do morango tem uma acidez subtil, imitando o sabor complexo dos morangos verdadeiros, para um sabor subtilmente doce.<\/p><h2>Sensa\u00e7\u00e3o de gelo :<\/h2><p>Sensa\u00e7\u00e3o moderada de frescura: O efeito gelado \u00e9 moderado, sem uma forte frescura mentolada, mas antes uma sensa\u00e7\u00e3o refrescante e fresca que se espalha gradualmente, fazendo lembrar as bebidas geladas de morango.<\/p><p>Mant\u00e9m-se limpo: Ao expirar, sente-se a frescura a espalhar-se suavemente pela boca e pela garganta, proporcionando uma sensa\u00e7\u00e3o de pureza e real\u00e7ando o perfil arom\u00e1tico global.<\/p><h2>Estrutura arom\u00e1tica geral do gelado de morango :<\/h2><p>Nota de topo: O aroma frutado e a ligeira acidez dos morangos s\u00e3o rapidamente revelados, causando um impacto agrad\u00e1vel desde a primeira passa.<\/p><p>Nota de cora\u00e7\u00e3o: O sabor frutado intensifica-se gradualmente, acompanhado de uma ligeira do\u00e7ura e de uma textura de polpa de fruta, para um paladar mais cheio.<\/p><p>Permanece limpo: Sente-se uma sensa\u00e7\u00e3o de frescura, com um toque de ar puro, refrescando a respira\u00e7\u00e3o.<\/p>\t\t\t\t\t\t\t\t<\/div>\n\t\t\t\t<\/div>\n\t\t\t\t\t<\/div>\n\t\t\t\t<\/div>\n\t\t<div class=\"elementor-element elementor-element-718b380 e-flex e-con-boxed e-con e-parent\" data-id=\"718b380\" data-element_type=\"container\" data-e-type=\"container\">\n\t\t\t\t\t<div class=\"e-con-inner\">\n\t\t\t\t<div class=\"elementor-element elementor-element-d2cc8fa elementor-widget elementor-widget-text-editor\" data-id=\"d2cc8fa\" data-element_type=\"widget\" data-e-type=\"widget\" data-widget_type=\"text-editor.default\">\n\t\t\t\t<div class=\"elementor-widget-container\">\n\t\t\t\t\t\t\t\t\t<h2>Bateria recarreg\u00e1vel de alto desempenho<\/h2><p>O Fumot Leopard (RandM Tornado) 40000 Strawberry Ice est\u00e1 equipado com uma bateria de l\u00edtio de 700 mAh integrada, compat\u00edvel com o carregamento r\u00e1pido USB-C, e recarrega totalmente em cerca de 30 a 45 minutos.<\/p><p>Embora se trate de um cigarro eletr\u00f3nico descart\u00e1vel, a bateria pode ser recarregada v\u00e1rias vezes para garantir uma utiliza\u00e7\u00e3o \u00f3ptima de cada gota de e-l\u00edquido.<\/p><h2>Numerosas baforadas: at\u00e9 40 000 baforadas<\/h2><p>O Fumot Leopard (RandM Tornado) 40000 Strawberry Ice oferece uma capacidade excecional de 40.000 baforadas, muito mais do que os descart\u00e1veis tradicionais (geralmente entre 1.000 e 3.000 baforadas).<\/p><p>A dura\u00e7\u00e3o te\u00f3rica de utiliza\u00e7\u00e3o pode ser de v\u00e1rias semanas ou mesmo de v\u00e1rios meses (calculada com 500 baforadas por dia, ou seja, cerca de 80 dias de utiliza\u00e7\u00e3o).<\/p><p>Particularmente adequado para utilizadores que n\u00e3o pretendem mudar de telem\u00f3vel com frequ\u00eancia.<\/p><h2>Resist\u00eancia de malha dupla<\/h2><p>O Fumot Leopard (RandM Tornado) 40000 Strawberry Ice adopta uma estrutura avan\u00e7ada de aquecimento de malha dupla para um aquecimento r\u00e1pido e uma atomiza\u00e7\u00e3o uniforme.<\/p><p>Proporciona um sabor intenso e um vapor de alta densidade durante todo o ciclo de utiliza\u00e7\u00e3o, sem atenua\u00e7\u00e3o percet\u00edvel.<\/p><p>Melhora a experi\u00eancia de fumar, especialmente para os utilizadores que procuram uma forte batida na garganta ou um sabor suave.<\/p><h2>Ecr\u00e3 LED digital inteligente<\/h2><p>O Fumot Leopard 40000 possui um ecr\u00e3 LED de alta defini\u00e7\u00e3o integrado que apresenta em tempo real :<\/p><p>Percentagem de carga da bateria<\/p><p>E-l\u00edquido restante<\/p><p>Informar os utilizadores sobre o estado do dispositivo num relance, evitando falhas s\u00fabitas da bateria ou problemas de \u00abfumar a seco sem e-l\u00edquido\u00bb.<\/p><h2>Ilumina\u00e7\u00e3o ambiente RGB colorida<\/h2><p>Equipado com efeitos de ilumina\u00e7\u00e3o RGB modernos, gira e muda de cor \u00e0 medida que fuma, acrescentando um toque de tecnologia e prazer visual.<\/p><p>Particularmente atraente e reconhec\u00edvel \u00e0 noite ou ao entardecer.<\/p><h2>V\u00e1rias concentra\u00e7\u00f5es de nicotina dispon\u00edveis<\/h2><p>V\u00e1rias concentra\u00e7\u00f5es de nicotina dispon\u00edveis:<\/p><p>0 % (sem nicotina, sabor puro)<\/p><p>2 %, 3 %, 5 % (satisfazem as diferentes necessidades dos fumadores ligeiros e pesados)<\/p><h2>A quem se destina o Strawberry Ice Fumot Leopard 40000 (RandM Tornado 40K)?<\/h2><p>Fumadores pesados que procuram descart\u00e1veis duradouros<\/p><p>F\u00e3s de cigarros electr\u00f3nicos sofisticados e atraentes<\/p><p>Quem procura um dispositivo recarreg\u00e1vel de f\u00e1cil manuten\u00e7\u00e3o<\/p><h2>O que \u00e9 que eu gosto no Fumot Leopard 40000 (RandM Tornado 40K)?<\/h2><p>Vida \u00fatil: 40 000 baforadas, o que equivale a cerca de 9 a 12 semanas, ou seja, cerca de 500 baforadas por dia<\/p><p>Feedback visual: o ecr\u00e3 e as luzes indicadoras fornecem informa\u00e7\u00f5es em tempo real e melhoram a est\u00e9tica<\/p><p>Desempenho: As resist\u00eancias de malha dupla garantem um sabor e um vapor consistentes<\/p>\t\t\t\t\t\t\t\t<\/div>\n\t\t\t\t<\/div>\n\t\t\t\t\t<\/div>\n\t\t\t\t<\/div>\n\t\t\t\t<\/div>","protected":false},"excerpt":{"rendered":"<p>D&rsquo;une simple inhalation, l&rsquo;ar\u00f4me Strawberry Ice vous transporte dans un univers frais et sucr\u00e9. La douceur naturelle des fraises et la subtile touche de fra\u00eecheur se marient parfaitement. La fum\u00e9e fond en bouche, mais l&rsquo;arri\u00e8re-go\u00fbt est long, ce qui non seulement \u00e9veille les papilles, mais \u00e9voque \u00e9galement le souvenir rafra\u00eechissant d&rsquo;un verger d&rsquo;\u00e9t\u00e9. Cette saveur [&hellip;]<\/p>\n","protected":false},"featured_media":5094,"comment_status":"open","ping_status":"closed","template":"","meta":{"site-sidebar-layout":"no-sidebar","site-content-layout":"page-builder","ast-site-content-layout":"normal-width-container","site-content-style":"default","site-sidebar-style":"default","ast-global-header-display":"","ast-banner-title-visibility":"","ast-main-header-display":"","ast-hfb-above-header-display":"","ast-hfb-below-header-display":"","ast-hfb-mobile-header-display":"","site-post-title":"disabled","ast-breadcrumbs-content":"","ast-featured-img":"disabled","footer-sml-layout":"","ast-disable-related-posts":"","theme-transparent-header-meta":"default","adv-header-id-meta":"","stick-header-meta":"default","header-above-stick-meta":"","header-main-stick-meta":"","header-below-stick-meta":"","astra-migrate-meta-layouts":"set","ast-page-background-enabled":"default","ast-page-background-meta":{"desktop":{"background-color":"","background-image":"","background-repeat":"repeat","background-position":"center center","background-size":"auto","background-attachment":"scroll","background-type":"","background-media":"","overlay-type":"","overlay-color":"","overlay-opacity":"","overlay-gradient":""},"tablet":{"background-color":"","background-image":"","background-repeat":"repeat","background-position":"center center","background-size":"auto","background-attachment":"scroll","background-type":"","background-media":"","overlay-type":"","overlay-color":"","overlay-opacity":"","overlay-gradient":""},"mobile":{"background-color":"","background-image":"","background-repeat":"repeat","background-position":"center center","background-size":"auto","background-attachment":"scroll","background-type":"","background-media":"","overlay-type":"","overlay-color":"","overlay-opacity":"","overlay-gradient":""}},"ast-content-background-meta":{"desktop":{"background-color":"var(--ast-global-color-5)","background-image":"","background-repeat":"repeat","background-position":"center center","background-size":"auto","background-attachment":"scroll","background-type":"","background-media":"","overlay-type":"","overlay-color":"","overlay-opacity":"","overlay-gradient":""},"tablet":{"background-color":"var(--ast-global-color-5)","background-image":"","background-repeat":"repeat","background-position":"center center","background-size":"auto","background-attachment":"scroll","background-type":"","background-media":"","overlay-type":"","overlay-color":"","overlay-opacity":"","overlay-gradient":""},"mobile":{"background-color":"var(--ast-global-color-5)","background-image":"","background-repeat":"repeat","background-position":"center center","background-size":"auto","background-attachment":"scroll","background-type":"","background-media":"","overlay-type":"","overlay-color":"","overlay-opacity":"","overlay-gradient":""}}},"product_brand":[42],"product_cat":[50,88,77,15],"product_tag":[],"class_list":{"0":"post-5230","1":"product","2":"type-product","3":"status-publish","4":"has-post-thumbnail","6":"product_brand-randm-tornado","7":"product_cat-randm-tornado-40000-avec-ecran-led-hd","8":"product_cat-puff-40k","9":"product_cat-entrepot-de-lue","10":"product_cat-magasin-cigarette-electronique","11":"desktop-align-center","12":"tablet-align-center","13":"mobile-align-center","14":"ast-product-gallery-layout-horizontal","15":"ast-product-gallery-with-no-image","16":"ast-product-single-variable","17":"ast-product-tabs-layout-horizontal","18":"ast-qv-on-image","20":"first","21":"instock","22":"sale","23":"shipping-taxable","24":"purchasable","25":"product-type-variable","26":"has-default-attributes"},"tiered_pricing_type":"fixed","tiered_pricing_fixed_rules":{"30":10.42,"60":9.26,"100":8.05,"200":7.8,"500":7.67,"1000":7.38},"tiered_pricing_product_settings":{"layout":"default","base_unit_name":{"singular":null,"plural":null},"default_variation":null},"tiered_pricing_minimum_quantity":null,"tiered_pricing_roles_data":[],"tiered_pricing_percentage_rules":[],"_links":{"self":[{"href":"https:\/\/puffvapestore.com\/pt\/wp-json\/wp\/v2\/product\/5230","targetHints":{"allow":["GET"]}}],"collection":[{"href":"https:\/\/puffvapestore.com\/pt\/wp-json\/wp\/v2\/product"}],"about":[{"href":"https:\/\/puffvapestore.com\/pt\/wp-json\/wp\/v2\/types\/product"}],"replies":[{"embeddable":true,"href":"https:\/\/puffvapestore.com\/pt\/wp-json\/wp\/v2\/comments?post=5230"}],"version-history":[{"count":7,"href":"https:\/\/puffvapestore.com\/pt\/wp-json\/wp\/v2\/product\/5230\/revisions"}],"predecessor-version":[{"id":10749,"href":"https:\/\/puffvapestore.com\/pt\/wp-json\/wp\/v2\/product\/5230\/revisions\/10749"}],"wp:featuredmedia":[{"embeddable":true,"href":"https:\/\/puffvapestore.com\/pt\/wp-json\/wp\/v2\/media\/5094"}],"wp:attachment":[{"href":"https:\/\/puffvapestore.com\/pt\/wp-json\/wp\/v2\/media?parent=5230"}],"wp:term":[{"taxonomy":"product_brand","embeddable":true,"href":"https:\/\/puffvapestore.com\/pt\/wp-json\/wp\/v2\/product_brand?post=5230"},{"taxonomy":"product_cat","embeddable":true,"href":"https:\/\/puffvapestore.com\/pt\/wp-json\/wp\/v2\/product_cat?post=5230"},{"taxonomy":"product_tag","embeddable":true,"href":"https:\/\/puffvapestore.com\/pt\/wp-json\/wp\/v2\/product_tag?post=5230"}],"curies":[{"name":"wp","href":"https:\/\/api.w.org\/{rel}","templated":true}]}}