{"id":5208,"date":"2025-07-16T07:39:57","date_gmt":"2025-07-16T07:39:57","guid":{"rendered":"https:\/\/puffvapestore.com\/?post_type=product&#038;p=5208"},"modified":"2026-04-21T07:09:47","modified_gmt":"2026-04-21T07:09:47","slug":"randm-40000-kiwi-passionfruit-guava-une-fraicheur-naturelle","status":"publish","type":"product","link":"https:\/\/puffvapestore.com\/pt\/product\/randm-40000-kiwi-maracuja-goiaba-frescura-natural\/","title":{"rendered":"RandM Tornado 40000 - Kiwi Maracuj\u00e1 Goiaba"},"content":{"rendered":"<div data-elementor-type=\"wp-post\" data-elementor-id=\"5208\" class=\"elementor elementor-5208\">\n\t\t\t\t<div class=\"elementor-element elementor-element-08c26f9 e-flex e-con-boxed e-con e-parent\" data-id=\"08c26f9\" data-element_type=\"container\" data-e-type=\"container\">\n\t\t\t\t\t<div class=\"e-con-inner\">\n\t\t\t\t<div class=\"elementor-element elementor-element-a005a97 elementor-widget elementor-widget-text-editor\" data-id=\"a005a97\" data-element_type=\"widget\" data-e-type=\"widget\" data-widget_type=\"text-editor.default\">\n\t\t\t\t<div class=\"elementor-widget-container\">\n\t\t\t\t\t\t\t\t\t<p>O primeiro toque oferece um refrescante sabor agridoce de kiwi, como se o sol rompesse as nuvens parisienses e acariciasse suavemente as papilas gustativas. Seguem-se os aromas tropicais do maracuj\u00e1, como uma brisa mediterr\u00e2nica. Finalmente, o final termina com goiaba doce, proporcionando uma satisfa\u00e7\u00e3o longa e pura, como uma respira\u00e7\u00e3o pregui\u00e7osa ao anoitecer numa praia de Nice.<\/p><p><strong>Kiwi<\/strong><br \/>Este sabor agridoce refrescante tem uma ligeira nota de ervas, que constitui a base do sabor e lhe confere uma frescura natural.<\/p><p><strong>Maracuj\u00e1<\/strong><br \/>O aroma tropical picante \u00e9 poderoso: a acidez aumenta instantaneamente \u00e0 medida que o fumo entra na boca, e uma fragr\u00e2ncia poderosa emerge no nariz que \u00e9 altamente viciante. \u00c9 como um sumo que explode no palato, com um equil\u00edbrio ligeiramente \u00e1cido e agridoce e uma acidez frutada distinta que \u00e9 refrescante.<\/p><p><strong>Goiaba<\/strong><br \/>Traz uma do\u00e7ura delicada e equilibrada: a goiaba tem um sabor suave, uma do\u00e7ura natural sem ser gordurosa, com um leve sabor leitoso e terroso, equilibrando a acidez do kiwi e do maracuj\u00e1.<\/p>\t\t\t\t\t\t\t\t<\/div>\n\t\t\t\t<\/div>\n\t\t\t\t\t<\/div>\n\t\t\t\t<\/div>\n\t\t<div class=\"elementor-element elementor-element-718b380 e-flex e-con-boxed e-con e-parent\" data-id=\"718b380\" data-element_type=\"container\" data-e-type=\"container\">\n\t\t\t\t\t<div class=\"e-con-inner\">\n\t\t\t\t<div class=\"elementor-element elementor-element-d2cc8fa elementor-widget elementor-widget-text-editor\" data-id=\"d2cc8fa\" data-element_type=\"widget\" data-e-type=\"widget\" data-widget_type=\"text-editor.default\">\n\t\t\t\t<div class=\"elementor-widget-container\">\n\t\t\t\t\t\t\t\t\t<h2>Bateria recarreg\u00e1vel de alto desempenho<\/h2><p>O Fumot Leopard (RandM Tornado) 40000 Kiwi Passionfruit Guava est\u00e1 equipado com uma bateria de l\u00edtio de 700 mAh incorporada, compat\u00edvel com o carregamento r\u00e1pido USB-C e recarrega totalmente em cerca de 30 a 45 minutos.<\/p><p>Embora se trate de um cigarro eletr\u00f3nico descart\u00e1vel, a bateria pode ser recarregada v\u00e1rias vezes para garantir uma utiliza\u00e7\u00e3o \u00f3ptima de cada gota de e-l\u00edquido.<\/p><h2>Numerosas baforadas: at\u00e9 40 000 baforadas<\/h2><p>O Fumot Leopard (RandM Tornado) 40000 Kiwi Maracuj\u00e1 Goiaba oferece uma capacidade excecional de 40.000 baforadas, muito mais do que os descart\u00e1veis tradicionais (geralmente entre 1.000 e 3.000 baforadas).<\/p><p>A dura\u00e7\u00e3o te\u00f3rica de utiliza\u00e7\u00e3o pode ser de v\u00e1rias semanas ou mesmo de v\u00e1rios meses (calculada com 500 baforadas por dia, ou seja, cerca de 80 dias de utiliza\u00e7\u00e3o).<\/p><p>Particularmente adequado para utilizadores que n\u00e3o pretendem mudar de telem\u00f3vel com frequ\u00eancia.<\/p><h2>Resist\u00eancia de malha dupla<\/h2><p>O Fumot Leopard (RandM Tornado) 40000 Kiwi Maracuj\u00e1 Goiaba adopta uma estrutura avan\u00e7ada de aquecimento de malha dupla para um aquecimento r\u00e1pido e uma atomiza\u00e7\u00e3o uniforme.<\/p><p>Proporciona um sabor intenso e um vapor de alta densidade durante todo o ciclo de utiliza\u00e7\u00e3o, sem atenua\u00e7\u00e3o percet\u00edvel.<\/p><p>Melhora a experi\u00eancia de fumar, especialmente para os utilizadores que procuram uma forte batida na garganta ou um sabor suave.<\/p><h2>Ecr\u00e3 LED digital inteligente<\/h2><p>O Fumot Leopard 40000 Kiwis Maracuj\u00e1s Goiabas tem um ecr\u00e3 LED de alta defini\u00e7\u00e3o incorporado que apresenta :<\/p><p>Percentagem de carga da bateria<\/p><p>E-l\u00edquido restante<\/p><p>Informar os utilizadores sobre o estado do dispositivo num relance, evitando falhas s\u00fabitas da bateria ou problemas de \u00abfumar a seco sem e-l\u00edquido\u00bb.<\/p><h2>Ilumina\u00e7\u00e3o ambiente RGB colorida<\/h2><p>Equipado com efeitos de ilumina\u00e7\u00e3o RGB modernos, gira e muda de cor \u00e0 medida que fuma, acrescentando um toque de tecnologia e prazer visual.<\/p><p>Particularmente atraente e reconhec\u00edvel \u00e0 noite ou ao entardecer.<\/p><h2>V\u00e1rias concentra\u00e7\u00f5es de nicotina dispon\u00edveis<\/h2><p>V\u00e1rias concentra\u00e7\u00f5es de nicotina dispon\u00edveis:<\/p><p>0 % (sem nicotina, sabor puro)<\/p><p>2 %, 3 %, 5 % (satisfazem as diferentes necessidades dos fumadores ligeiros e pesados)<\/p><h2>Quem deve comprar Fumot Leopard 40000 (RandM Tornado 40K) Kiwi Maracuj\u00e1 Goiaba?<\/h2><p>Fumadores pesados que procuram descart\u00e1veis duradouros<\/p><p>F\u00e3s de cigarros electr\u00f3nicos sofisticados e atraentes<\/p><p>Quem procura um dispositivo recarreg\u00e1vel de f\u00e1cil manuten\u00e7\u00e3o<\/p><h2>O que tem de especial o Fumot Leopard 40000 (RandM Tornado 40K) Kiwi Maracuj\u00e1 Goiaba?<\/h2><p>Vida \u00fatil: 40 000 baforadas, o que equivale a cerca de 9 a 12 semanas, ou seja, cerca de 500 baforadas por dia<\/p><p>Feedback visual: o ecr\u00e3 e as luzes indicadoras fornecem informa\u00e7\u00f5es em tempo real e melhoram a est\u00e9tica<\/p><p>Desempenho: As resist\u00eancias de malha dupla garantem um sabor e um vapor consistentes<\/p>\t\t\t\t\t\t\t\t<\/div>\n\t\t\t\t<\/div>\n\t\t\t\t\t<\/div>\n\t\t\t\t<\/div>\n\t\t\t\t<\/div>","protected":false},"excerpt":{"rendered":"<p>La premi\u00e8re bouff\u00e9e offre un go\u00fbt aigre-doux rafra\u00eechissant de kiwi, comme si le soleil per\u00e7ait les nuages \u200b\u200bparisiens et caressait d\u00e9licatement les papilles. Suivent les ar\u00f4mes tropicaux du fruit de la passion, comme une brise m\u00e9diterran\u00e9enne. Enfin, la finale se termine par une douce goyave, procurant une satisfaction longue et pure, telle une haleine paresseuse [&hellip;]<\/p>\n","protected":false},"featured_media":5088,"comment_status":"open","ping_status":"closed","template":"","meta":{"site-sidebar-layout":"no-sidebar","site-content-layout":"page-builder","ast-site-content-layout":"normal-width-container","site-content-style":"default","site-sidebar-style":"default","ast-global-header-display":"","ast-banner-title-visibility":"","ast-main-header-display":"","ast-hfb-above-header-display":"","ast-hfb-below-header-display":"","ast-hfb-mobile-header-display":"","site-post-title":"disabled","ast-breadcrumbs-content":"","ast-featured-img":"disabled","footer-sml-layout":"","ast-disable-related-posts":"","theme-transparent-header-meta":"default","adv-header-id-meta":"","stick-header-meta":"default","header-above-stick-meta":"","header-main-stick-meta":"","header-below-stick-meta":"","astra-migrate-meta-layouts":"set","ast-page-background-enabled":"default","ast-page-background-meta":{"desktop":{"background-color":"","background-image":"","background-repeat":"repeat","background-position":"center center","background-size":"auto","background-attachment":"scroll","background-type":"","background-media":"","overlay-type":"","overlay-color":"","overlay-opacity":"","overlay-gradient":""},"tablet":{"background-color":"","background-image":"","background-repeat":"repeat","background-position":"center center","background-size":"auto","background-attachment":"scroll","background-type":"","background-media":"","overlay-type":"","overlay-color":"","overlay-opacity":"","overlay-gradient":""},"mobile":{"background-color":"","background-image":"","background-repeat":"repeat","background-position":"center center","background-size":"auto","background-attachment":"scroll","background-type":"","background-media":"","overlay-type":"","overlay-color":"","overlay-opacity":"","overlay-gradient":""}},"ast-content-background-meta":{"desktop":{"background-color":"var(--ast-global-color-5)","background-image":"","background-repeat":"repeat","background-position":"center center","background-size":"auto","background-attachment":"scroll","background-type":"","background-media":"","overlay-type":"","overlay-color":"","overlay-opacity":"","overlay-gradient":""},"tablet":{"background-color":"var(--ast-global-color-5)","background-image":"","background-repeat":"repeat","background-position":"center center","background-size":"auto","background-attachment":"scroll","background-type":"","background-media":"","overlay-type":"","overlay-color":"","overlay-opacity":"","overlay-gradient":""},"mobile":{"background-color":"var(--ast-global-color-5)","background-image":"","background-repeat":"repeat","background-position":"center center","background-size":"auto","background-attachment":"scroll","background-type":"","background-media":"","overlay-type":"","overlay-color":"","overlay-opacity":"","overlay-gradient":""}}},"product_brand":[42],"product_cat":[50,88,77,15],"product_tag":[],"class_list":{"0":"post-5208","1":"product","2":"type-product","3":"status-publish","4":"has-post-thumbnail","6":"product_brand-randm-tornado","7":"product_cat-randm-tornado-40000-avec-ecran-led-hd","8":"product_cat-puff-40k","9":"product_cat-entrepot-de-lue","10":"product_cat-magasin-cigarette-electronique","11":"desktop-align-center","12":"tablet-align-center","13":"mobile-align-center","14":"ast-product-gallery-layout-horizontal","15":"ast-product-gallery-with-no-image","16":"ast-product-single-variable","17":"ast-product-tabs-layout-horizontal","18":"ast-qv-on-image","20":"first","21":"instock","22":"sale","23":"shipping-taxable","24":"purchasable","25":"product-type-variable","26":"has-default-attributes"},"tiered_pricing_type":"fixed","tiered_pricing_fixed_rules":{"30":10.42,"60":9.26,"100":8.05,"200":7.8,"500":7.67,"1000":7.38},"tiered_pricing_product_settings":{"layout":"default","base_unit_name":{"singular":null,"plural":null},"default_variation":null},"tiered_pricing_minimum_quantity":null,"tiered_pricing_roles_data":[],"tiered_pricing_percentage_rules":[],"_links":{"self":[{"href":"https:\/\/puffvapestore.com\/pt\/wp-json\/wp\/v2\/product\/5208","targetHints":{"allow":["GET"]}}],"collection":[{"href":"https:\/\/puffvapestore.com\/pt\/wp-json\/wp\/v2\/product"}],"about":[{"href":"https:\/\/puffvapestore.com\/pt\/wp-json\/wp\/v2\/types\/product"}],"replies":[{"embeddable":true,"href":"https:\/\/puffvapestore.com\/pt\/wp-json\/wp\/v2\/comments?post=5208"}],"version-history":[{"count":7,"href":"https:\/\/puffvapestore.com\/pt\/wp-json\/wp\/v2\/product\/5208\/revisions"}],"predecessor-version":[{"id":10752,"href":"https:\/\/puffvapestore.com\/pt\/wp-json\/wp\/v2\/product\/5208\/revisions\/10752"}],"wp:featuredmedia":[{"embeddable":true,"href":"https:\/\/puffvapestore.com\/pt\/wp-json\/wp\/v2\/media\/5088"}],"wp:attachment":[{"href":"https:\/\/puffvapestore.com\/pt\/wp-json\/wp\/v2\/media?parent=5208"}],"wp:term":[{"taxonomy":"product_brand","embeddable":true,"href":"https:\/\/puffvapestore.com\/pt\/wp-json\/wp\/v2\/product_brand?post=5208"},{"taxonomy":"product_cat","embeddable":true,"href":"https:\/\/puffvapestore.com\/pt\/wp-json\/wp\/v2\/product_cat?post=5208"},{"taxonomy":"product_tag","embeddable":true,"href":"https:\/\/puffvapestore.com\/pt\/wp-json\/wp\/v2\/product_tag?post=5208"}],"curies":[{"name":"wp","href":"https:\/\/api.w.org\/{rel}","templated":true}]}}