{"id":5121,"date":"2025-07-15T08:12:24","date_gmt":"2025-07-15T08:12:24","guid":{"rendered":"https:\/\/puffvapestore.com\/?post_type=product&#038;p=5121"},"modified":"2026-04-21T07:08:04","modified_gmt":"2026-04-21T07:08:04","slug":"fumot-leopard-40000-offre-40k-bouffees","status":"publish","type":"product","link":"https:\/\/puffvapestore.com\/pt\/product\/fumot-leopard-40000-ofertas-40k-bouffees\/","title":{"rendered":"Fumot Leopard 40000 (RandM Tornado 40K): 40000 baforadas de fumo gra\u00e7as \u00e0 sua bateria de 700 mAh e \u00e0s resist\u00eancias de malha dupla"},"content":{"rendered":"<div data-elementor-type=\"wp-post\" data-elementor-id=\"5121\" class=\"elementor elementor-5121\">\n\t\t\t\t<div class=\"elementor-element elementor-element-718b380 e-flex e-con-boxed e-con e-parent\" data-id=\"718b380\" data-element_type=\"container\" data-e-type=\"container\">\n\t\t\t\t\t<div class=\"e-con-inner\">\n\t\t\t\t<div class=\"elementor-element elementor-element-d2cc8fa elementor-widget elementor-widget-text-editor\" data-id=\"d2cc8fa\" data-element_type=\"widget\" data-e-type=\"widget\" data-widget_type=\"text-editor.default\">\n\t\t\t\t<div class=\"elementor-widget-container\">\n\t\t\t\t\t\t\t\t\t<h2>Bateria recarreg\u00e1vel de alto desempenho<\/h2><p>O Fumot Leopard (RandM Tornado) 40000 est\u00e1 equipado com uma bateria de l\u00edtio de 700 mAh integrada, compat\u00edvel com o carregamento r\u00e1pido USB-C, e recarrega totalmente em cerca de 30 a 45 minutos.<\/p><p>Embora se trate de um cigarro eletr\u00f3nico descart\u00e1vel, a bateria pode ser recarregada v\u00e1rias vezes para garantir uma utiliza\u00e7\u00e3o \u00f3ptima de cada gota de e-l\u00edquido.<\/p><h2>Numerosas baforadas: at\u00e9 40 000 baforadas<\/h2><p>O Fumot Leopard (RandM Tornado) 40000 oferece uma capacidade excecional de 40.000 baforadas, muito mais do que os descart\u00e1veis tradicionais (geralmente entre 1.000 e 3.000 baforadas).<\/p><p>A dura\u00e7\u00e3o te\u00f3rica de utiliza\u00e7\u00e3o pode ser de v\u00e1rias semanas ou mesmo de v\u00e1rios meses (calculada com 500 baforadas por dia, ou seja, cerca de 80 dias de utiliza\u00e7\u00e3o).<\/p><p>Particularmente adequado para utilizadores que n\u00e3o pretendem mudar de telem\u00f3vel com frequ\u00eancia.<\/p><h2>Resist\u00eancia de malha dupla<\/h2><p>O Fumot Leopard (RandM Tornado) 40000 adopta uma estrutura avan\u00e7ada de aquecimento de malha dupla para um aquecimento r\u00e1pido e uma atomiza\u00e7\u00e3o uniforme.<\/p><p>Proporciona um sabor intenso e um vapor de alta densidade durante todo o ciclo de utiliza\u00e7\u00e3o, sem atenua\u00e7\u00e3o percet\u00edvel.<\/p><p>Melhora a experi\u00eancia de fumar, especialmente para os utilizadores que procuram uma forte batida na garganta ou um sabor suave.<\/p><h2>Ecr\u00e3 LED digital inteligente<\/h2><p>O Fumot Leopard 40000 possui um ecr\u00e3 LED de alta defini\u00e7\u00e3o integrado que apresenta em tempo real :<\/p><p>Percentagem de carga da bateria<\/p><p>E-l\u00edquido restante<\/p><p>Informar os utilizadores sobre o estado do dispositivo num relance, evitando falhas s\u00fabitas da bateria ou problemas de \u00abfumar a seco sem e-l\u00edquido\u00bb.<\/p><h2>Ilumina\u00e7\u00e3o ambiente RGB colorida<\/h2><p>Equipado com efeitos de ilumina\u00e7\u00e3o RGB modernos, gira e muda de cor \u00e0 medida que fuma, acrescentando um toque de tecnologia e prazer visual.<\/p><p>Particularmente atraente e reconhec\u00edvel \u00e0 noite ou ao entardecer.<\/p><h2>V\u00e1rias concentra\u00e7\u00f5es de nicotina dispon\u00edveis<\/h2><p>V\u00e1rias concentra\u00e7\u00f5es de nicotina dispon\u00edveis:<\/p><p>0 % (sem nicotina, sabor puro)<\/p><p>2 %, 3 %, 5 % (satisfazem as diferentes necessidades dos fumadores ligeiros e pesados)<\/p><h2>A quem se destina o Fumot Leopard 40000 (RandM Tornado 40K)?<\/h2><p>Fumadores pesados que procuram descart\u00e1veis duradouros<\/p><p>F\u00e3s de cigarros electr\u00f3nicos sofisticados e atraentes<\/p><p>Quem procura um dispositivo recarreg\u00e1vel de f\u00e1cil manuten\u00e7\u00e3o<\/p><h2>O que \u00e9 que eu gosto no Fumot Leopard 40000 (RandM Tornado 40K)?<\/h2><p>Vida \u00fatil: 40 000 baforadas, o que equivale a cerca de 9 a 12 semanas, ou seja, cerca de 500 baforadas por dia<\/p><p>Feedback visual: o ecr\u00e3 e as luzes indicadoras fornecem informa\u00e7\u00f5es em tempo real e melhoram a est\u00e9tica<\/p><p>Desempenho: As resist\u00eancias de malha dupla garantem um sabor e um vapor consistentes<\/p>\t\t\t\t\t\t\t\t<\/div>\n\t\t\t\t<\/div>\n\t\t\t\t\t<\/div>\n\t\t\t\t<\/div>\n\t\t<div class=\"elementor-element elementor-element-08c26f9 e-flex e-con-boxed e-con e-parent\" data-id=\"08c26f9\" data-element_type=\"container\" data-e-type=\"container\">\n\t\t\t\t\t<div class=\"e-con-inner\">\n\t\t\t\t<div class=\"elementor-element elementor-element-a005a97 elementor-widget elementor-widget-text-editor\" data-id=\"a005a97\" data-element_type=\"widget\" data-e-type=\"widget\" data-widget_type=\"text-editor.default\">\n\t\t\t\t<div class=\"elementor-widget-container\">\n\t\t\t\t\t\t\t\t\t<h2>25 sabores de Fumot Leopard 40000<\/h2><p>O Fumot Leopard 40000 \u00e9 um cigarro eletr\u00f3nico topo de gama com at\u00e9 25 sabores, concebido para utilizadores que procuram uma experi\u00eancia de sabor rica e refrescante. Estes sabores v\u00e3o desde simples aromas frutados a misturas complexas. O estilo geral \u00e9 predominantemente uma combina\u00e7\u00e3o de fruta e ICE, adequada para uma variedade de gostos.<\/p><p>Fruta + Gelo: Por exemplo, Black Dragon Ice, Blueberry on Ice, Cherry Ice, Strawberry Ice e Watermelon Ice. Todos estes sabores s\u00e3o refrescantes e agradar\u00e3o aos amantes da menta ou \u00e0queles que preferem um sabor mais fresco, especialmente no tempo quente. Destes, o Black Dragon Ice \u00e9 o mais original, combinando frutos escuros como a groselha preta com uma base gelada para um sabor mais rico.<\/p><p>Frutos mistos : Por exemplo, mirtilo cereja arando, mirtilo framboesa, kiwi maracuj\u00e1 goiaba, manga p\u00eassego anan\u00e1s e mistura de frutos silvestres. Estes complexos sabores de frutos oferecem um equil\u00edbrio doce-tartaruga e camadas ricas, perfeitos para os amantes de sabores ou sumos tropicais.<\/p><p>Sabores doces simples ou duplos: Por exemplo, P\u00eassego Baga, Morango Banana, Morango Melancia e Pastilha el\u00e1stica de melancia, estes sabores s\u00e3o geralmente suaves e cremosos, real\u00e7ando a do\u00e7ura natural da fruta. A pastilha el\u00e1stica de melancia, em particular, tem um sabor doce que \u00e9 perfeito para os amantes de sobremesas.<\/p><p>Sabores especiais: Dr Blue e Pink Lemonade s\u00e3o misturas de sabores \u00fanicos. O primeiro evoca o estilo de bebida \u00abDr Pepper\u00bb, com o seu aroma \u00fanico de especiarias e fruta; o segundo, uma refrescante bebida gaseificada com lim\u00e3o e morango, simultaneamente agridoce e refrescante.<\/p>\t\t\t\t\t\t\t\t<\/div>\n\t\t\t\t<\/div>\n\t\t\t\t\t<\/div>\n\t\t\t\t<\/div>\n\t\t\t\t<\/div>","protected":false},"excerpt":{"rendered":"<p>Batterie rechargeable haute performance La Fumot Leopard (RandM Tornado) 40000 est \u00e9quip\u00e9e d&rsquo;une batterie lithium int\u00e9gr\u00e9e de 700 mAh, compatible avec la charge rapide USB-C, et se recharge compl\u00e8tement en 30 \u00e0 45 minutes environ. Bien qu&rsquo;il s&rsquo;agisse d&rsquo;une cigarette \u00e9lectronique jetable, la batterie peut \u00eatre recharg\u00e9e \u00e0 plusieurs reprises pour garantir une utilisation optimale [&hellip;]<\/p>\n","protected":false},"featured_media":5082,"comment_status":"open","ping_status":"closed","template":"","meta":{"site-sidebar-layout":"no-sidebar","site-content-layout":"page-builder","ast-site-content-layout":"normal-width-container","site-content-style":"default","site-sidebar-style":"default","ast-global-header-display":"","ast-banner-title-visibility":"","ast-main-header-display":"","ast-hfb-above-header-display":"","ast-hfb-below-header-display":"","ast-hfb-mobile-header-display":"","site-post-title":"disabled","ast-breadcrumbs-content":"","ast-featured-img":"disabled","footer-sml-layout":"","ast-disable-related-posts":"","theme-transparent-header-meta":"default","adv-header-id-meta":"","stick-header-meta":"default","header-above-stick-meta":"","header-main-stick-meta":"","header-below-stick-meta":"","astra-migrate-meta-layouts":"set","ast-page-background-enabled":"default","ast-page-background-meta":{"desktop":{"background-color":"","background-image":"","background-repeat":"repeat","background-position":"center center","background-size":"auto","background-attachment":"scroll","background-type":"","background-media":"","overlay-type":"","overlay-color":"","overlay-opacity":"","overlay-gradient":""},"tablet":{"background-color":"","background-image":"","background-repeat":"repeat","background-position":"center center","background-size":"auto","background-attachment":"scroll","background-type":"","background-media":"","overlay-type":"","overlay-color":"","overlay-opacity":"","overlay-gradient":""},"mobile":{"background-color":"","background-image":"","background-repeat":"repeat","background-position":"center center","background-size":"auto","background-attachment":"scroll","background-type":"","background-media":"","overlay-type":"","overlay-color":"","overlay-opacity":"","overlay-gradient":""}},"ast-content-background-meta":{"desktop":{"background-color":"var(--ast-global-color-5)","background-image":"","background-repeat":"repeat","background-position":"center center","background-size":"auto","background-attachment":"scroll","background-type":"","background-media":"","overlay-type":"","overlay-color":"","overlay-opacity":"","overlay-gradient":""},"tablet":{"background-color":"var(--ast-global-color-5)","background-image":"","background-repeat":"repeat","background-position":"center center","background-size":"auto","background-attachment":"scroll","background-type":"","background-media":"","overlay-type":"","overlay-color":"","overlay-opacity":"","overlay-gradient":""},"mobile":{"background-color":"var(--ast-global-color-5)","background-image":"","background-repeat":"repeat","background-position":"center center","background-size":"auto","background-attachment":"scroll","background-type":"","background-media":"","overlay-type":"","overlay-color":"","overlay-opacity":"","overlay-gradient":""}}},"product_brand":[42],"product_cat":[50,88,77,15],"product_tag":[],"class_list":{"0":"post-5121","1":"product","2":"type-product","3":"status-publish","4":"has-post-thumbnail","6":"product_brand-randm-tornado","7":"product_cat-randm-tornado-40000-avec-ecran-led-hd","8":"product_cat-puff-40k","9":"product_cat-entrepot-de-lue","10":"product_cat-magasin-cigarette-electronique","11":"desktop-align-center","12":"tablet-align-center","13":"mobile-align-center","14":"ast-product-gallery-layout-horizontal","15":"ast-product-single-variable","16":"ast-product-tabs-layout-horizontal","17":"ast-qv-on-image","19":"first","20":"instock","21":"sale","22":"shipping-taxable","23":"purchasable","24":"product-type-variable","25":"has-default-attributes"},"tiered_pricing_type":"fixed","tiered_pricing_fixed_rules":{"30":10.42,"60":9.26,"100":8.05,"200":7.8,"500":7.67,"1000":7.38},"tiered_pricing_product_settings":{"layout":"default","base_unit_name":{"singular":null,"plural":null},"default_variation":null},"tiered_pricing_minimum_quantity":null,"tiered_pricing_roles_data":[],"tiered_pricing_percentage_rules":[],"_links":{"self":[{"href":"https:\/\/puffvapestore.com\/pt\/wp-json\/wp\/v2\/product\/5121","targetHints":{"allow":["GET"]}}],"collection":[{"href":"https:\/\/puffvapestore.com\/pt\/wp-json\/wp\/v2\/product"}],"about":[{"href":"https:\/\/puffvapestore.com\/pt\/wp-json\/wp\/v2\/types\/product"}],"replies":[{"embeddable":true,"href":"https:\/\/puffvapestore.com\/pt\/wp-json\/wp\/v2\/comments?post=5121"}],"version-history":[{"count":12,"href":"https:\/\/puffvapestore.com\/pt\/wp-json\/wp\/v2\/product\/5121\/revisions"}],"predecessor-version":[{"id":17807,"href":"https:\/\/puffvapestore.com\/pt\/wp-json\/wp\/v2\/product\/5121\/revisions\/17807"}],"wp:featuredmedia":[{"embeddable":true,"href":"https:\/\/puffvapestore.com\/pt\/wp-json\/wp\/v2\/media\/5082"}],"wp:attachment":[{"href":"https:\/\/puffvapestore.com\/pt\/wp-json\/wp\/v2\/media?parent=5121"}],"wp:term":[{"taxonomy":"product_brand","embeddable":true,"href":"https:\/\/puffvapestore.com\/pt\/wp-json\/wp\/v2\/product_brand?post=5121"},{"taxonomy":"product_cat","embeddable":true,"href":"https:\/\/puffvapestore.com\/pt\/wp-json\/wp\/v2\/product_cat?post=5121"},{"taxonomy":"product_tag","embeddable":true,"href":"https:\/\/puffvapestore.com\/pt\/wp-json\/wp\/v2\/product_tag?post=5121"}],"curies":[{"name":"wp","href":"https:\/\/api.w.org\/{rel}","templated":true}]}}