{"id":5012,"date":"2025-07-14T02:41:08","date_gmt":"2025-07-14T02:41:08","guid":{"rendered":"https:\/\/puffvapestore.com\/?post_type=product&#038;p=5012"},"modified":"2026-01-19T10:31:55","modified_gmt":"2026-01-19T10:31:55","slug":"kiwi-passionfruit-guava-tornado-35000-une-saveur-complexe-et-exotique","status":"publish","type":"product","link":"https:\/\/puffvapestore.com\/pt\/product\/kiwi-maracuja-goiaba-tornado-35000-um-sabor-complexo-e-exotico\/","title":{"rendered":"Kiwis Maracuj\u00e1s Goiabas - Fumot RandM Tornado 35000"},"content":{"rendered":"<div data-elementor-type=\"wp-post\" data-elementor-id=\"5012\" class=\"elementor elementor-5012\">\n\t\t\t\t<div class=\"elementor-element elementor-element-08c26f9 e-flex e-con-boxed e-con e-parent\" data-id=\"08c26f9\" data-element_type=\"container\" data-e-type=\"container\">\n\t\t\t\t\t<div class=\"e-con-inner\">\n\t\t\t\t<div class=\"elementor-element elementor-element-a005a97 elementor-widget elementor-widget-text-editor\" data-id=\"a005a97\" data-element_type=\"widget\" data-e-type=\"widget\" data-widget_type=\"text-editor.default\">\n\t\t\t\t<div class=\"elementor-widget-container\">\n\t\t\t\t\t\t\t\t\t<p>O Fumot RandM Tornado 35000 Kiwi Passion Guava \u00e9 um cigarro eletr\u00f3nico descart\u00e1vel. O seu sabor principal, Kiwi Passion Guava, \u00e9 uma mistura complexa e ex\u00f3tica de frutos tropicais.<\/p><h2>Kiwi<\/h2><p>Sabor: O Kiwis \u00e9 fresco e natural, com um aroma frutado e ligeiramente selvagem. Na primeira inala\u00e7\u00e3o, \u00e9 o primeiro a revelar-se, ligeiramente \u00e1cido e doce, criando uma sensa\u00e7\u00e3o apetitosa e uma primeira impress\u00e3o refrescante.<\/p><h2>Maracuj\u00e1<\/h2><p>Sabor: doce e \u00e1cido, com um aroma pronunciado a frutos tropicais, perfumado e persistente.<\/p><p>Detalhes: A acidez torna-se mais pronunciada no meio, real\u00e7ando o sabor geral e proporcionando uma sensa\u00e7\u00e3o estimulante, delicadamente misturada com o kiwi.<\/p><h2>Goiaba<\/h2><p>Sabor: O sabor \u00e9 doce, com um toque floral e cremoso, e a textura \u00e9 rica, equilibrando a acidez dos dois primeiros.<\/p><p>Detalhes: Proporciona um travo sedoso, tornando o sabor geral mais cheio e redondo. A polpa da goiaba d\u00e1-lhe espessura e torna o sabor mais equilibrado.<\/p>\t\t\t\t\t\t\t\t<\/div>\n\t\t\t\t<\/div>\n\t\t\t\t\t<\/div>\n\t\t\t\t<\/div>\n\t\t<div class=\"elementor-element elementor-element-718b380 e-flex e-con-boxed e-con e-parent\" data-id=\"718b380\" data-element_type=\"container\" data-e-type=\"container\">\n\t\t\t\t\t<div class=\"e-con-inner\">\n\t\t\t\t<div class=\"elementor-element elementor-element-d2cc8fa elementor-widget elementor-widget-text-editor\" data-id=\"d2cc8fa\" data-element_type=\"widget\" data-e-type=\"widget\" data-widget_type=\"text-editor.default\">\n\t\t\t\t<div class=\"elementor-widget-container\">\n\t\t\t\t\t\t\t\t\t<h2>Sabor e produ\u00e7\u00e3o de vapor excepcionais :<\/h2><p>A tecnologia de resist\u00eancia de malha dupla do RandM Tornado 35000 Kiwi Passionfruit Guava garante um aquecimento \u00f3timo do e-l\u00edquido, proporcionando um sabor mais rico e uma nuvem de vapor maior, ideal para utilizadores que procuram sabores intensos e efeitos visuais intensos.<\/p><h2>Design moderno e personalizado:<\/h2><p>Os efeitos de ilumina\u00e7\u00e3o RGB podem ser sincronizados com a m\u00fasica, aumentando o prazer de utiliza\u00e7\u00e3o, particularmente adequado para ocasi\u00f5es sociais ou jovens utilizadores. Os utilizadores podem optar por desativar os efeitos de ilumina\u00e7\u00e3o para uma utiliza\u00e7\u00e3o mais discreta.<\/p><p>Inspirada no design moderno da Digitalbox 12000, combina est\u00e9tica e portabilidade, com uma pega confort\u00e1vel para utiliza\u00e7\u00e3o di\u00e1ria.<\/p><h2>F\u00e1cil de utilizar:<\/h2><p>O RandM Tornado 35000 Kiwi Passionfruit Guava n\u00e3o requer manuten\u00e7\u00e3o nem substitui\u00e7\u00e3o de resist\u00eancias ou dep\u00f3sitos de e-l\u00edquido. Pode ser utilizado de imediato, o que o torna ideal para principiantes ou utilizadores menos exigentes.<\/p><p>O visor inteligente mostra intuitivamente o n\u00edvel da bateria e o l\u00edquido eletr\u00f3nico restante, para que n\u00e3o tenha de se preocupar com cortes de energia ou com a falta de l\u00edquido eletr\u00f3nico.<\/p><p>O carregamento r\u00e1pido tipo C reduz o tempo de espera e a bateria de longa dura\u00e7\u00e3o garante uma utiliza\u00e7\u00e3o duradoura.<\/p><h2>Carater\u00edsticas do RandM Tornado 35000 Kiwi Maracuj\u00e1 Goiaba<\/h2><p>N\u00famero de baforadas: At\u00e9 35.000 baforadas, uma das maiores capacidades do mercado, ideal para utilizadores intensivos e de longa dura\u00e7\u00e3o.<\/p><p>Capacidade da bateria: Equipado com uma bateria recarreg\u00e1vel de 700 mAh. O carregamento r\u00e1pido atrav\u00e9s da interface Tipo C garante uma utiliza\u00e7\u00e3o prolongada e uma recupera\u00e7\u00e3o r\u00e1pida.<\/p><p>Tecnologia de resist\u00eancia: Adopta uma resist\u00eancia de malha dupla de 1,2 \u03a9 para um aquecimento mais uniforme, vapor mais denso e sabor mais forte.<\/p><p>Dosagem de nicotina: Pode escolher entre 0 %, 2 % ou 5 % de nicotina para satisfazer as necessidades de cada utilizador.<\/p><p>Fun\u00e7\u00e3o de visualiza\u00e7\u00e3o: Equipado com um ecr\u00e3 LED, apresenta a carga da bateria e o n\u00edvel de e-l\u00edquido restante em tempo real, permitindo aos utilizadores monitorizar o estado do dispositivo.<\/p><p>Design e portabilidade: Compacto e leve, \u00e9 f\u00e1cil de transportar. O seu design \u00e9 inspirado na Digitalbox 12000, com um aspeto moderno e elegante.<\/p>\t\t\t\t\t\t\t\t<\/div>\n\t\t\t\t<\/div>\n\t\t\t\t\t<\/div>\n\t\t\t\t<\/div>\n\t\t\t\t<\/div>","protected":false},"excerpt":{"rendered":"<p>La Fumot RandM Tornado 35000 Kiwi Passion Goyave est une cigarette \u00e9lectronique jetable. Son ar\u00f4me principal, Kiwi Passion Goyave, est un m\u00e9lange de fruits tropicaux, complexe et exotique. Kiwi Caract\u00e9ristiques gustatives\u00a0: Le kiwi est frais et naturel, avec un ar\u00f4me fruit\u00e9 l\u00e9g\u00e8rement sauvage. D\u00e8s la premi\u00e8re inhalation, il se r\u00e9v\u00e8le en premier, l\u00e9g\u00e8rement acidul\u00e9 et [&hellip;]<\/p>\n","protected":false},"featured_media":4767,"comment_status":"open","ping_status":"closed","template":"","meta":{"site-sidebar-layout":"no-sidebar","site-content-layout":"page-builder","ast-site-content-layout":"normal-width-container","site-content-style":"default","site-sidebar-style":"default","ast-global-header-display":"","ast-banner-title-visibility":"","ast-main-header-display":"","ast-hfb-above-header-display":"","ast-hfb-below-header-display":"","ast-hfb-mobile-header-display":"","site-post-title":"disabled","ast-breadcrumbs-content":"","ast-featured-img":"disabled","footer-sml-layout":"","ast-disable-related-posts":"","theme-transparent-header-meta":"default","adv-header-id-meta":"","stick-header-meta":"default","header-above-stick-meta":"","header-main-stick-meta":"","header-below-stick-meta":"","astra-migrate-meta-layouts":"set","ast-page-background-enabled":"default","ast-page-background-meta":{"desktop":{"background-color":"","background-image":"","background-repeat":"repeat","background-position":"center center","background-size":"auto","background-attachment":"scroll","background-type":"","background-media":"","overlay-type":"","overlay-color":"","overlay-opacity":"","overlay-gradient":""},"tablet":{"background-color":"","background-image":"","background-repeat":"repeat","background-position":"center center","background-size":"auto","background-attachment":"scroll","background-type":"","background-media":"","overlay-type":"","overlay-color":"","overlay-opacity":"","overlay-gradient":""},"mobile":{"background-color":"","background-image":"","background-repeat":"repeat","background-position":"center center","background-size":"auto","background-attachment":"scroll","background-type":"","background-media":"","overlay-type":"","overlay-color":"","overlay-opacity":"","overlay-gradient":""}},"ast-content-background-meta":{"desktop":{"background-color":"var(--ast-global-color-5)","background-image":"","background-repeat":"repeat","background-position":"center center","background-size":"auto","background-attachment":"scroll","background-type":"","background-media":"","overlay-type":"","overlay-color":"","overlay-opacity":"","overlay-gradient":""},"tablet":{"background-color":"var(--ast-global-color-5)","background-image":"","background-repeat":"repeat","background-position":"center center","background-size":"auto","background-attachment":"scroll","background-type":"","background-media":"","overlay-type":"","overlay-color":"","overlay-opacity":"","overlay-gradient":""},"mobile":{"background-color":"var(--ast-global-color-5)","background-image":"","background-repeat":"repeat","background-position":"center center","background-size":"auto","background-attachment":"scroll","background-type":"","background-media":"","overlay-type":"","overlay-color":"","overlay-opacity":"","overlay-gradient":""}}},"product_brand":[42],"product_cat":[49,105,15],"product_tag":[],"class_list":{"0":"post-5012","1":"product","2":"type-product","3":"status-publish","4":"has-post-thumbnail","6":"product_brand-randm-tornado","7":"product_cat-randm-tornado-35000-offre-35000-bouffees-de-cigarettes","8":"product_cat-puff-35k","9":"product_cat-magasin-cigarette-electronique","10":"desktop-align-center","11":"tablet-align-center","12":"mobile-align-center","13":"ast-product-gallery-layout-horizontal","14":"ast-product-gallery-with-no-image","15":"ast-product-single-variable","16":"ast-product-tabs-layout-horizontal","17":"ast-qv-on-image","19":"first","20":"instock","21":"sale","22":"shipping-taxable","23":"purchasable","24":"product-type-variable","25":"has-default-attributes"},"tiered_pricing_type":"fixed","tiered_pricing_fixed_rules":{"50":12.99,"100":11.39,"200":10.79,"400":10.39},"tiered_pricing_product_settings":{"layout":"default","base_unit_name":{"singular":null,"plural":null},"default_variation":null},"tiered_pricing_minimum_quantity":null,"tiered_pricing_roles_data":[],"tiered_pricing_percentage_rules":[],"_links":{"self":[{"href":"https:\/\/puffvapestore.com\/pt\/wp-json\/wp\/v2\/product\/5012","targetHints":{"allow":["GET"]}}],"collection":[{"href":"https:\/\/puffvapestore.com\/pt\/wp-json\/wp\/v2\/product"}],"about":[{"href":"https:\/\/puffvapestore.com\/pt\/wp-json\/wp\/v2\/types\/product"}],"replies":[{"embeddable":true,"href":"https:\/\/puffvapestore.com\/pt\/wp-json\/wp\/v2\/comments?post=5012"}],"version-history":[{"count":6,"href":"https:\/\/puffvapestore.com\/pt\/wp-json\/wp\/v2\/product\/5012\/revisions"}],"predecessor-version":[{"id":5021,"href":"https:\/\/puffvapestore.com\/pt\/wp-json\/wp\/v2\/product\/5012\/revisions\/5021"}],"wp:featuredmedia":[{"embeddable":true,"href":"https:\/\/puffvapestore.com\/pt\/wp-json\/wp\/v2\/media\/4767"}],"wp:attachment":[{"href":"https:\/\/puffvapestore.com\/pt\/wp-json\/wp\/v2\/media?parent=5012"}],"wp:term":[{"taxonomy":"product_brand","embeddable":true,"href":"https:\/\/puffvapestore.com\/pt\/wp-json\/wp\/v2\/product_brand?post=5012"},{"taxonomy":"product_cat","embeddable":true,"href":"https:\/\/puffvapestore.com\/pt\/wp-json\/wp\/v2\/product_cat?post=5012"},{"taxonomy":"product_tag","embeddable":true,"href":"https:\/\/puffvapestore.com\/pt\/wp-json\/wp\/v2\/product_tag?post=5012"}],"curies":[{"name":"wp","href":"https:\/\/api.w.org\/{rel}","templated":true}]}}