{"id":4974,"date":"2025-07-12T13:10:49","date_gmt":"2025-07-12T13:10:49","guid":{"rendered":"https:\/\/puffvapestore.com\/?post_type=product&#038;p=4974"},"modified":"2026-01-19T10:31:55","modified_gmt":"2026-01-19T10:31:55","slug":"watermelon-ice-fumot-tornado-35000","status":"publish","type":"product","link":"https:\/\/puffvapestore.com\/pt\/product\/gelo-de-melancia-fumot-tornado-35000\/","title":{"rendered":"Melancia Gelo - Fumot Tornado 35000"},"content":{"rendered":"<div data-elementor-type=\"wp-post\" data-elementor-id=\"4974\" class=\"elementor elementor-4974\">\n\t\t\t\t<div class=\"elementor-element elementor-element-08c26f9 e-flex e-con-boxed e-con e-parent\" data-id=\"08c26f9\" data-element_type=\"container\" data-e-type=\"container\">\n\t\t\t\t\t<div class=\"e-con-inner\">\n\t\t\t\t<div class=\"elementor-element elementor-element-a005a97 elementor-widget elementor-widget-text-editor\" data-id=\"a005a97\" data-element_type=\"widget\" data-e-type=\"widget\" data-widget_type=\"text-editor.default\">\n\t\t\t\t<div class=\"elementor-widget-container\">\n\t\t\t\t\t\t\t\t\t<p>O RandM Tornado 35000 Watermelon Ice \u00e9 um cigarro eletr\u00f3nico descart\u00e1vel popular pela sua bateria de dura\u00e7\u00e3o ultra-longa (at\u00e9 35 000 baforadas) e pela combina\u00e7\u00e3o \u00fanica de sabores. Entre os seus modelos mais populares, o sabor Watermelon Ice combina do\u00e7ura frutada e frescura, ideal para os amantes do ver\u00e3o e da frescura.<\/p><p><strong>Do\u00e7ura da melancia<\/strong><br \/>O sabor de Watermelon Ice baseia-se na do\u00e7ura natural da melancia madura, captando na perfei\u00e7\u00e3o o aroma frutado, sumarento, doce e ligeiramente refrescante da melancia fresca quando cortada. Este sabor de melancia \u00e9 leve e n\u00e3o gorduroso, com uma do\u00e7ura natural, como a sensa\u00e7\u00e3o de morder uma fatia de melancia gelada num dia quente de ver\u00e3o e ver o sumo a correr para a boca.<\/p><p><strong>Menta gelada<\/strong><br \/>Watermelon Ice combina um toque de menta refrescante (mentol) com a do\u00e7ura da melancia. Esta sensa\u00e7\u00e3o gelada n\u00e3o \u00e9 um efeito gelado forte e mordaz, mas uma sensa\u00e7\u00e3o suave e cremosa de frescura, perfeitamente equilibrada pela do\u00e7ura da melancia. Na inala\u00e7\u00e3o, o sabor frutado da melancia domina, enquanto na exala\u00e7\u00e3o, a frescura da menta deixa um travo refrescante na ponta da l\u00edngua e na garganta, proporcionando uma sensa\u00e7\u00e3o de bem-estar e bem-estar.<\/p><p><strong>Uma experi\u00eancia de sabor equilibrada<\/strong><br \/>A singularidade deste sabor Ice Watermelon reside na harmonia entre a do\u00e7ura e os cubos de gelo. A do\u00e7ura da melancia proporciona uma base suave e frutada, enquanto a frescura da menta acrescenta um toque refrescante, evitando a monotonia de um \u00fanico sabor frutado.<\/p>\t\t\t\t\t\t\t\t<\/div>\n\t\t\t\t<\/div>\n\t\t\t\t\t<\/div>\n\t\t\t\t<\/div>\n\t\t<div class=\"elementor-element elementor-element-718b380 e-flex e-con-boxed e-con e-parent\" data-id=\"718b380\" data-element_type=\"container\" data-e-type=\"container\">\n\t\t\t\t\t<div class=\"e-con-inner\">\n\t\t\t\t<div class=\"elementor-element elementor-element-d2cc8fa elementor-widget elementor-widget-text-editor\" data-id=\"d2cc8fa\" data-element_type=\"widget\" data-e-type=\"widget\" data-widget_type=\"text-editor.default\">\n\t\t\t\t<div class=\"elementor-widget-container\">\n\t\t\t\t\t\t\t\t\t<h2>M\u00faltiplas baforadas - at\u00e9 35.000 baforadas<\/h2><p>O RandM Tornado 35000 Watermelon Ice est\u00e1 equipado com um sistema de armazenamento de l\u00edquidos de alta capacidade e uma tecnologia de gest\u00e3o de baterias de alto desempenho, que lhe permite dar at\u00e9 35.000 baforadas. Em compara\u00e7\u00e3o com os cigarros electr\u00f3nicos descart\u00e1veis convencionais, o seu tempo de vida \u00fatil \u00e9 consideravelmente melhorado, o que o torna particularmente adequado para utilizadores intensivos ou para viagens longas, sem substitui\u00e7\u00e3o frequente do equipamento, para tragadas longas e sem fadiga.<\/p><h2>Elemento de aquecimento de malha dupla - a combina\u00e7\u00e3o perfeita de sabor rico e atomiza\u00e7\u00e3o eficiente<\/h2><p>Adoptando a avan\u00e7ada tecnologia de resist\u00eancia de malha dupla de 1,2 \u03a9, assegura um aquecimento mais uniforme e uma atomiza\u00e7\u00e3o mais completa. Quer se trate de sabores doces, frutados ou gelados, proporciona um n\u00edvel de sabor mais completo e delicado. Ao mesmo tempo, produz um fumo mais denso, ideal para utilizadores que procuram prazer gustativo e visual.<\/p><h2>Bateria recarreg\u00e1vel incorporada de 700 mAh - eficiente e duradoura, compat\u00edvel com carregamento r\u00e1pido Tipo C<\/h2><p>O RandM Tornado 35000 est\u00e1 equipado com uma bateria de l\u00edtio de 700 mAh de alto desempenho para uma utiliza\u00e7\u00e3o cont\u00ednua e ininterrupta ao longo do dia. A interface Tipo C melhora significativamente a velocidade de carregamento e reduz efetivamente o tempo de espera. Em compara\u00e7\u00e3o com os cigarros electr\u00f3nicos descart\u00e1veis tradicionais, o design recarreg\u00e1vel \u00e9 tamb\u00e9m mais amigo do ambiente.<\/p><h2>Ecr\u00e3 digital inteligente - Monitoriza\u00e7\u00e3o do estado em tempo real<\/h2><p>O RandM Tornado 35000 Watermelon Ice est\u00e1 equipado com um visor digital inteligente e de alta defini\u00e7\u00e3o que mostra a carga restante e o n\u00edvel de e-l\u00edquido restante em tempo real. Isto significa que os utilizadores podem manter um registo preciso do seu estado de utiliza\u00e7\u00e3o e evitar quaisquer interrup\u00e7\u00f5es devido a falhas de energia ou falta de e-l\u00edquido.<\/p><h2>Design elegante e port\u00e1til - inspirado no Digitalbox 12000<\/h2><p>O seu design \u00e9 inspirado na famosa s\u00e9rie Digitalbox 12000, combinando modernidade e futurismo. Compacta e leve, com cantos arredondados, oferece um conforto \u00f3timo. F\u00e1cil de transportar, \u00e9 tamb\u00e9m ideal para mostrar a sua personalidade e gosto pela moda.<\/p><h2>N\u00e3o necessita de manuten\u00e7\u00e3o: puro prazer logo que sai da caixa<\/h2><p>O RandM Tornado 35000 n\u00e3o necessita de manuten\u00e7\u00e3o: n\u00e3o \u00e9 necess\u00e1rio adicionar e-l\u00edquido, limpar ou substituir pe\u00e7as. Pronto a usar logo que sai da caixa, \u00e9 perfeito para utilizadores que procuram praticidade e tranquilidade. \u00c9 ideal para viagens, reuni\u00f5es ou utiliza\u00e7\u00e3o quotidiana.<\/p><h2>V\u00e1rias concentra\u00e7\u00f5es de nicotina dispon\u00edveis: para satisfazer as suas necessidades<\/h2><p>As concentra\u00e7\u00f5es de nicotina de 0 %, 2 % e 5 % est\u00e3o dispon\u00edveis para satisfazer as necessidades de cada utilizador. Quer seja um utilizador que procura reduzir a sua dose ou um entusiasta de cigarros electr\u00f3nicos que procura um poderoso efeito na garganta, encontrar\u00e1 a concentra\u00e7\u00e3o de nicotina ideal.<\/p>\t\t\t\t\t\t\t\t<\/div>\n\t\t\t\t<\/div>\n\t\t\t\t\t<\/div>\n\t\t\t\t<\/div>\n\t\t\t\t<\/div>","protected":false},"excerpt":{"rendered":"<p>La RandM Tornado 35000 Watermelon Ice est une cigarette \u00e9lectronique jetable appr\u00e9ci\u00e9e pour sa batterie ultra-longue dur\u00e9e (jusqu&rsquo;\u00e0 35000 bouff\u00e9es) et sa combinaison de saveurs unique. Parmi ses mod\u00e8les les plus populaires, la saveur Past\u00e8que Glac\u00e9e (Past\u00e8que Glac\u00e9e) allie douceur fruit\u00e9e et fra\u00eecheur, id\u00e9ale pour l&rsquo;\u00e9t\u00e9 et les amateurs de fra\u00eecheur. Douceur de la past\u00e8queLa [&hellip;]<\/p>\n","protected":false},"featured_media":4773,"comment_status":"open","ping_status":"closed","template":"","meta":{"site-sidebar-layout":"no-sidebar","site-content-layout":"page-builder","ast-site-content-layout":"normal-width-container","site-content-style":"default","site-sidebar-style":"default","ast-global-header-display":"","ast-banner-title-visibility":"","ast-main-header-display":"","ast-hfb-above-header-display":"","ast-hfb-below-header-display":"","ast-hfb-mobile-header-display":"","site-post-title":"disabled","ast-breadcrumbs-content":"","ast-featured-img":"disabled","footer-sml-layout":"","ast-disable-related-posts":"","theme-transparent-header-meta":"default","adv-header-id-meta":"","stick-header-meta":"default","header-above-stick-meta":"","header-main-stick-meta":"","header-below-stick-meta":"","astra-migrate-meta-layouts":"set","ast-page-background-enabled":"default","ast-page-background-meta":{"desktop":{"background-color":"","background-image":"","background-repeat":"repeat","background-position":"center center","background-size":"auto","background-attachment":"scroll","background-type":"","background-media":"","overlay-type":"","overlay-color":"","overlay-opacity":"","overlay-gradient":""},"tablet":{"background-color":"","background-image":"","background-repeat":"repeat","background-position":"center center","background-size":"auto","background-attachment":"scroll","background-type":"","background-media":"","overlay-type":"","overlay-color":"","overlay-opacity":"","overlay-gradient":""},"mobile":{"background-color":"","background-image":"","background-repeat":"repeat","background-position":"center center","background-size":"auto","background-attachment":"scroll","background-type":"","background-media":"","overlay-type":"","overlay-color":"","overlay-opacity":"","overlay-gradient":""}},"ast-content-background-meta":{"desktop":{"background-color":"var(--ast-global-color-5)","background-image":"","background-repeat":"repeat","background-position":"center center","background-size":"auto","background-attachment":"scroll","background-type":"","background-media":"","overlay-type":"","overlay-color":"","overlay-opacity":"","overlay-gradient":""},"tablet":{"background-color":"var(--ast-global-color-5)","background-image":"","background-repeat":"repeat","background-position":"center center","background-size":"auto","background-attachment":"scroll","background-type":"","background-media":"","overlay-type":"","overlay-color":"","overlay-opacity":"","overlay-gradient":""},"mobile":{"background-color":"var(--ast-global-color-5)","background-image":"","background-repeat":"repeat","background-position":"center center","background-size":"auto","background-attachment":"scroll","background-type":"","background-media":"","overlay-type":"","overlay-color":"","overlay-opacity":"","overlay-gradient":""}}},"product_brand":[42],"product_cat":[49,105,15],"product_tag":[],"class_list":{"0":"post-4974","1":"product","2":"type-product","3":"status-publish","4":"has-post-thumbnail","6":"product_brand-randm-tornado","7":"product_cat-randm-tornado-35000-offre-35000-bouffees-de-cigarettes","8":"product_cat-puff-35k","9":"product_cat-magasin-cigarette-electronique","10":"desktop-align-center","11":"tablet-align-center","12":"mobile-align-center","13":"ast-product-gallery-layout-horizontal","14":"ast-product-gallery-with-no-image","15":"ast-product-single-variable","16":"ast-product-tabs-layout-horizontal","17":"ast-qv-on-image","19":"first","20":"instock","21":"sale","22":"shipping-taxable","23":"purchasable","24":"product-type-variable","25":"has-default-attributes"},"tiered_pricing_type":"fixed","tiered_pricing_fixed_rules":{"50":12.99,"100":11.39,"200":10.79,"400":10.39},"tiered_pricing_product_settings":{"layout":"default","base_unit_name":{"singular":null,"plural":null},"default_variation":null},"tiered_pricing_minimum_quantity":null,"tiered_pricing_roles_data":[],"tiered_pricing_percentage_rules":[],"_links":{"self":[{"href":"https:\/\/puffvapestore.com\/pt\/wp-json\/wp\/v2\/product\/4974","targetHints":{"allow":["GET"]}}],"collection":[{"href":"https:\/\/puffvapestore.com\/pt\/wp-json\/wp\/v2\/product"}],"about":[{"href":"https:\/\/puffvapestore.com\/pt\/wp-json\/wp\/v2\/types\/product"}],"replies":[{"embeddable":true,"href":"https:\/\/puffvapestore.com\/pt\/wp-json\/wp\/v2\/comments?post=4974"}],"version-history":[{"count":6,"href":"https:\/\/puffvapestore.com\/pt\/wp-json\/wp\/v2\/product\/4974\/revisions"}],"predecessor-version":[{"id":4983,"href":"https:\/\/puffvapestore.com\/pt\/wp-json\/wp\/v2\/product\/4974\/revisions\/4983"}],"wp:featuredmedia":[{"embeddable":true,"href":"https:\/\/puffvapestore.com\/pt\/wp-json\/wp\/v2\/media\/4773"}],"wp:attachment":[{"href":"https:\/\/puffvapestore.com\/pt\/wp-json\/wp\/v2\/media?parent=4974"}],"wp:term":[{"taxonomy":"product_brand","embeddable":true,"href":"https:\/\/puffvapestore.com\/pt\/wp-json\/wp\/v2\/product_brand?post=4974"},{"taxonomy":"product_cat","embeddable":true,"href":"https:\/\/puffvapestore.com\/pt\/wp-json\/wp\/v2\/product_cat?post=4974"},{"taxonomy":"product_tag","embeddable":true,"href":"https:\/\/puffvapestore.com\/pt\/wp-json\/wp\/v2\/product_tag?post=4974"}],"curies":[{"name":"wp","href":"https:\/\/api.w.org\/{rel}","templated":true}]}}