{"id":4944,"date":"2025-07-11T15:44:09","date_gmt":"2025-07-11T15:44:09","guid":{"rendered":"https:\/\/puffvapestore.com\/?post_type=product&#038;p=4944"},"modified":"2026-01-19T10:31:55","modified_gmt":"2026-01-19T10:31:55","slug":"tornado-35000-white-gummy-ice-un-arome-rafraichissant-de-fruits-tropicaux","status":"publish","type":"product","link":"https:\/\/puffvapestore.com\/pt\/product\/tornado-35000-gomas-de-gelo-brancas-com-um-aroma-refrescante-a-frutos-tropicais\/","title":{"rendered":"RandM Tornado 35000 - Gomas de gelo brancas"},"content":{"rendered":"<div data-elementor-type=\"wp-post\" data-elementor-id=\"4944\" class=\"elementor elementor-4944\">\n\t\t\t\t<div class=\"elementor-element elementor-element-08c26f9 e-flex e-con-boxed e-con e-parent\" data-id=\"08c26f9\" data-element_type=\"container\" data-e-type=\"container\">\n\t\t\t\t\t<div class=\"e-con-inner\">\n\t\t\t\t<div class=\"elementor-element elementor-element-a005a97 elementor-widget elementor-widget-text-editor\" data-id=\"a005a97\" data-element_type=\"widget\" data-e-type=\"widget\" data-widget_type=\"text-editor.default\">\n\t\t\t\t<div class=\"elementor-widget-container\">\n\t\t\t\t\t\t\t\t\t<p>Se gosta de rebu\u00e7ados de gelatina branca Haribo ou de rebu\u00e7ados de fruta com sabor fresco, RandM Tornado 35000 - White Jelly Gummies \u00e9 a escolha ideal. Oferece o equil\u00edbrio perfeito entre do\u00e7ura, frescura e textura.<\/p><h2>Sabor a rebu\u00e7ado de gelatina branca<\/h2><p>Os doces de gelatina branca s\u00e3o geralmente \u00e0 base de anan\u00e1s, um sabor que est\u00e1 muito presente neste produto RandM. Assim que o provamos, sentimos um sabor refrescante a frutos tropicais, semelhante ao anan\u00e1s, com um toque de citrinos ou lichia, doce sem ser gorduroso.<\/p><h2>Hortel\u00e3 gelada<\/h2><p>A adi\u00e7\u00e3o de gelo \u00e9 moderada, para uma frescura suave e cont\u00ednua. Esta sensa\u00e7\u00e3o de gelo \u00e9 utilizada principalmente para real\u00e7ar o sabor e refrescar a boca, neutralizando eficazmente a do\u00e7ura das gomas, tornando a experi\u00eancia de fumar mais agrad\u00e1vel.<\/p><p>Depois de fumado, o sabor \u00e9 refrescante e um ligeiro aroma frutado emerge no paladar, ideal para o ver\u00e3o ou para um consumo prolongado sem cansa\u00e7o gustativo.<\/p>\t\t\t\t\t\t\t\t<\/div>\n\t\t\t\t<\/div>\n\t\t\t\t\t<\/div>\n\t\t\t\t<\/div>\n\t\t<div class=\"elementor-element elementor-element-718b380 e-flex e-con-boxed e-con e-parent\" data-id=\"718b380\" data-element_type=\"container\" data-e-type=\"container\">\n\t\t\t\t\t<div class=\"e-con-inner\">\n\t\t\t\t<div class=\"elementor-element elementor-element-d2cc8fa elementor-widget elementor-widget-text-editor\" data-id=\"d2cc8fa\" data-element_type=\"widget\" data-e-type=\"widget\" data-widget_type=\"text-editor.default\">\n\t\t\t\t<div class=\"elementor-widget-container\">\n\t\t\t\t\t\t\t\t\t<h2>M\u00faltiplas baforadas - at\u00e9 35.000 baforadas<\/h2><p>O RandM Tornado 35000 White Gummy Ice est\u00e1 equipado com um sistema de armazenamento de l\u00edquido de alta capacidade e uma tecnologia de gest\u00e3o de bateria de alto desempenho, permitindo at\u00e9 35.000 baforadas. Em compara\u00e7\u00e3o com os cigarros electr\u00f3nicos descart\u00e1veis convencionais, o seu tempo de vida \u00fatil \u00e9 consideravelmente melhorado, o que o torna particularmente adequado para utilizadores intensivos ou para viagens longas, sem substitui\u00e7\u00e3o frequente do equipamento, para longas tragadas sem fadiga.<\/p><h2>Elemento de aquecimento de malha dupla - a combina\u00e7\u00e3o perfeita de sabor rico e atomiza\u00e7\u00e3o eficiente<\/h2><p>Adoptando a avan\u00e7ada tecnologia de resist\u00eancia de malha dupla de 1,2 \u03a9, assegura um aquecimento mais uniforme e uma atomiza\u00e7\u00e3o mais completa. Quer se trate de sabores doces, frutados ou gelados, proporciona um n\u00edvel de sabor mais completo e delicado. Ao mesmo tempo, produz um fumo mais denso, ideal para utilizadores que procuram prazer gustativo e visual.<\/p><h2>Bateria recarreg\u00e1vel incorporada de 700 mAh - eficiente e duradoura, compat\u00edvel com carregamento r\u00e1pido Tipo C<\/h2><p>O RandM Tornado 35000 est\u00e1 equipado com uma bateria de l\u00edtio de 700 mAh de alto desempenho para uma utiliza\u00e7\u00e3o cont\u00ednua e ininterrupta ao longo do dia. A interface Tipo C melhora significativamente a velocidade de carregamento e reduz efetivamente o tempo de espera. Em compara\u00e7\u00e3o com os cigarros electr\u00f3nicos descart\u00e1veis tradicionais, o design recarreg\u00e1vel \u00e9 tamb\u00e9m mais amigo do ambiente.<\/p><h2>Ecr\u00e3 digital inteligente - Monitoriza\u00e7\u00e3o do estado em tempo real<\/h2><p>O RandM Tornado 35000 White Gummy Ice est\u00e1 equipado com um visor digital inteligente e de alta defini\u00e7\u00e3o que mostra a carga restante e o n\u00edvel de e-l\u00edquido em tempo real. Isto significa que os utilizadores podem manter um registo preciso do seu estado de utiliza\u00e7\u00e3o e evitar quaisquer interrup\u00e7\u00f5es causadas por falhas de energia ou falta de e-l\u00edquido.<\/p><h2>Design elegante e port\u00e1til - inspirado no Digitalbox 12000<\/h2><p>O seu design \u00e9 inspirado na famosa s\u00e9rie Digitalbox 12000, combinando modernidade e futurismo. Compacta e leve, com cantos arredondados, oferece um conforto \u00f3timo. F\u00e1cil de transportar, \u00e9 tamb\u00e9m ideal para mostrar a sua personalidade e gosto pela moda.<\/p><h2>N\u00e3o necessita de manuten\u00e7\u00e3o: puro prazer logo que sai da caixa<\/h2><p>O RandM Tornado 35000 White Gummy Ice n\u00e3o necessita de manuten\u00e7\u00e3o: n\u00e3o \u00e9 necess\u00e1rio adicionar e-l\u00edquido, limpar ou substituir pe\u00e7as. Pronto a usar logo que sai da caixa, \u00e9 perfeito para os utilizadores que procuram praticidade e tranquilidade. \u00c9 ideal para viagens, reuni\u00f5es ou uso quotidiano.<\/p><h2>V\u00e1rias concentra\u00e7\u00f5es de nicotina dispon\u00edveis: para satisfazer as suas necessidades<\/h2><p>As concentra\u00e7\u00f5es de nicotina de 0 %, 2 % e 5 % est\u00e3o dispon\u00edveis para satisfazer as necessidades de cada utilizador. Quer seja um utilizador que procura reduzir a sua dose ou um entusiasta de cigarros electr\u00f3nicos que procura um poderoso efeito na garganta, encontrar\u00e1 a concentra\u00e7\u00e3o de nicotina ideal.<\/p>\t\t\t\t\t\t\t\t<\/div>\n\t\t\t\t<\/div>\n\t\t\t\t\t<\/div>\n\t\t\t\t<\/div>\n\t\t\t\t<\/div>","protected":false},"excerpt":{"rendered":"<p>Si vous aimez les bonbons g\u00e9lifi\u00e9s blancs Haribo ou les bonbons aux fruits au go\u00fbt frais, le RandM Tornado 35000 &#8211; Gommes Glac\u00e9es Blanches est un choix id\u00e9al. Il offre un \u00e9quilibre parfait entre douceur, fra\u00eecheur et texture. Go\u00fbt Bonbon G\u00e9lifi\u00e9 Blanc Les bonbons g\u00e9lifi\u00e9s blancs sont g\u00e9n\u00e9ralement \u00e0 base d&rsquo;ananas, une saveur tr\u00e8s pr\u00e9sente [&hellip;]<\/p>\n","protected":false},"featured_media":4774,"comment_status":"open","ping_status":"closed","template":"","meta":{"site-sidebar-layout":"no-sidebar","site-content-layout":"page-builder","ast-site-content-layout":"normal-width-container","site-content-style":"default","site-sidebar-style":"default","ast-global-header-display":"","ast-banner-title-visibility":"","ast-main-header-display":"","ast-hfb-above-header-display":"","ast-hfb-below-header-display":"","ast-hfb-mobile-header-display":"","site-post-title":"disabled","ast-breadcrumbs-content":"","ast-featured-img":"disabled","footer-sml-layout":"","ast-disable-related-posts":"","theme-transparent-header-meta":"default","adv-header-id-meta":"","stick-header-meta":"default","header-above-stick-meta":"","header-main-stick-meta":"","header-below-stick-meta":"","astra-migrate-meta-layouts":"set","ast-page-background-enabled":"default","ast-page-background-meta":{"desktop":{"background-color":"","background-image":"","background-repeat":"repeat","background-position":"center center","background-size":"auto","background-attachment":"scroll","background-type":"","background-media":"","overlay-type":"","overlay-color":"","overlay-opacity":"","overlay-gradient":""},"tablet":{"background-color":"","background-image":"","background-repeat":"repeat","background-position":"center center","background-size":"auto","background-attachment":"scroll","background-type":"","background-media":"","overlay-type":"","overlay-color":"","overlay-opacity":"","overlay-gradient":""},"mobile":{"background-color":"","background-image":"","background-repeat":"repeat","background-position":"center center","background-size":"auto","background-attachment":"scroll","background-type":"","background-media":"","overlay-type":"","overlay-color":"","overlay-opacity":"","overlay-gradient":""}},"ast-content-background-meta":{"desktop":{"background-color":"var(--ast-global-color-5)","background-image":"","background-repeat":"repeat","background-position":"center center","background-size":"auto","background-attachment":"scroll","background-type":"","background-media":"","overlay-type":"","overlay-color":"","overlay-opacity":"","overlay-gradient":""},"tablet":{"background-color":"var(--ast-global-color-5)","background-image":"","background-repeat":"repeat","background-position":"center center","background-size":"auto","background-attachment":"scroll","background-type":"","background-media":"","overlay-type":"","overlay-color":"","overlay-opacity":"","overlay-gradient":""},"mobile":{"background-color":"var(--ast-global-color-5)","background-image":"","background-repeat":"repeat","background-position":"center center","background-size":"auto","background-attachment":"scroll","background-type":"","background-media":"","overlay-type":"","overlay-color":"","overlay-opacity":"","overlay-gradient":""}}},"product_brand":[42],"product_cat":[49,105,15],"product_tag":[],"class_list":{"0":"post-4944","1":"product","2":"type-product","3":"status-publish","4":"has-post-thumbnail","6":"product_brand-randm-tornado","7":"product_cat-randm-tornado-35000-offre-35000-bouffees-de-cigarettes","8":"product_cat-puff-35k","9":"product_cat-magasin-cigarette-electronique","10":"desktop-align-center","11":"tablet-align-center","12":"mobile-align-center","13":"ast-product-gallery-layout-horizontal","14":"ast-product-gallery-with-no-image","15":"ast-product-single-variable","16":"ast-product-tabs-layout-horizontal","17":"ast-qv-on-image","19":"first","20":"instock","21":"sale","22":"shipping-taxable","23":"purchasable","24":"product-type-variable","25":"has-default-attributes"},"tiered_pricing_type":"fixed","tiered_pricing_fixed_rules":{"50":12.99,"100":11.39,"200":10.79,"400":10.39},"tiered_pricing_product_settings":{"layout":"default","base_unit_name":{"singular":null,"plural":null},"default_variation":null},"tiered_pricing_minimum_quantity":null,"tiered_pricing_roles_data":[],"tiered_pricing_percentage_rules":[],"_links":{"self":[{"href":"https:\/\/puffvapestore.com\/pt\/wp-json\/wp\/v2\/product\/4944","targetHints":{"allow":["GET"]}}],"collection":[{"href":"https:\/\/puffvapestore.com\/pt\/wp-json\/wp\/v2\/product"}],"about":[{"href":"https:\/\/puffvapestore.com\/pt\/wp-json\/wp\/v2\/types\/product"}],"replies":[{"embeddable":true,"href":"https:\/\/puffvapestore.com\/pt\/wp-json\/wp\/v2\/comments?post=4944"}],"version-history":[{"count":6,"href":"https:\/\/puffvapestore.com\/pt\/wp-json\/wp\/v2\/product\/4944\/revisions"}],"predecessor-version":[{"id":4953,"href":"https:\/\/puffvapestore.com\/pt\/wp-json\/wp\/v2\/product\/4944\/revisions\/4953"}],"wp:featuredmedia":[{"embeddable":true,"href":"https:\/\/puffvapestore.com\/pt\/wp-json\/wp\/v2\/media\/4774"}],"wp:attachment":[{"href":"https:\/\/puffvapestore.com\/pt\/wp-json\/wp\/v2\/media?parent=4944"}],"wp:term":[{"taxonomy":"product_brand","embeddable":true,"href":"https:\/\/puffvapestore.com\/pt\/wp-json\/wp\/v2\/product_brand?post=4944"},{"taxonomy":"product_cat","embeddable":true,"href":"https:\/\/puffvapestore.com\/pt\/wp-json\/wp\/v2\/product_cat?post=4944"},{"taxonomy":"product_tag","embeddable":true,"href":"https:\/\/puffvapestore.com\/pt\/wp-json\/wp\/v2\/product_tag?post=4944"}],"curies":[{"name":"wp","href":"https:\/\/api.w.org\/{rel}","templated":true}]}}