{"id":4924,"date":"2025-07-11T05:27:56","date_gmt":"2025-07-11T05:27:56","guid":{"rendered":"https:\/\/puffvapestore.com\/?post_type=product&#038;p=4924"},"modified":"2026-01-19T10:31:55","modified_gmt":"2026-01-19T10:31:55","slug":"randm-35000-sour-apple-pop-une-saveur-relaxante-et-enjouee","status":"publish","type":"product","link":"https:\/\/puffvapestore.com\/pt\/product\/randm-35000-maca-acida-pop-um-sabor-relaxante-e-alegre\/","title":{"rendered":"RandM Tornado 35000 - Sour Apple Pop"},"content":{"rendered":"<div data-elementor-type=\"wp-post\" data-elementor-id=\"4924\" class=\"elementor elementor-4924\">\n\t\t\t\t<div class=\"elementor-element elementor-element-08c26f9 e-flex e-con-boxed e-con e-parent\" data-id=\"08c26f9\" data-element_type=\"container\" data-e-type=\"container\">\n\t\t\t\t\t<div class=\"e-con-inner\">\n\t\t\t\t<div class=\"elementor-element elementor-element-a005a97 elementor-widget elementor-widget-text-editor\" data-id=\"a005a97\" data-element_type=\"widget\" data-e-type=\"widget\" data-widget_type=\"text-editor.default\">\n\t\t\t\t<div class=\"elementor-widget-container\">\n\t\t\t\t\t\t\t\t\t<p>Desde a primeira inala\u00e7\u00e3o, a estimula\u00e7\u00e3o refrescante das ma\u00e7\u00e3s \u00e1cidas invade-nos, como se mord\u00eassemos uma ma\u00e7\u00e3 verde acabada de colher. Depois, emerge gradualmente uma ligeira sensa\u00e7\u00e3o de bolhas de refrigerante, ligeiramente doce sem ser gordurosa, criando um sabor relaxante e l\u00fadico que o encoraja a abrandar involuntariamente. Encontre uma varanda, sente-se calmamente, com o sol a acarici\u00e1-lo, relaxe e fume o seu cigarro eletr\u00f3nico; nesta altura, o mundo parece silencioso.<\/p><p><strong>Inala\u00e7\u00e3o inicial: a acidez das ma\u00e7\u00e3s verdes<\/strong><br \/>Quando se inala o fumo, a primeira sensa\u00e7\u00e3o que se experimenta \u00e9 a acidez distinta da Green Apple, semelhante \u00e0 que se sente quando se morde uma ma\u00e7\u00e3 Granny Smith fresca. O sabor \u00e1cido \u00e9 crocante e refrescante, com uma frescura frutada natural que desperta rapidamente as papilas gustativas. Esta sensa\u00e7\u00e3o \u00e9 semelhante \u00e0 ligeira adstring\u00eancia de uma ma\u00e7\u00e3 verde, cheia de vitalidade.<\/p><p><strong>Sabor m\u00e9dio: doce e \u00e1cido equilibrados<\/strong><br \/>\u00c0 medida que o fumo \u00e9 inalado mais profundamente, a acidez da ma\u00e7\u00e3 verde mistura-se gradualmente com a do\u00e7ura do chupa-chupa, criando um equil\u00edbrio agridoce. A do\u00e7ura n\u00e3o \u00e9 excessiva, mas manifesta-se como um ligeiro sabor a rebu\u00e7ado, como o de um rebu\u00e7ado de fruta dura ou chupa-chupa, acrescentando um toque de do\u00e7ura \u00e0 acidez.<\/p><p><strong>Nota final: frutado, sabor doce<\/strong><br \/>Ao expirar, a acidez desvanece-se gradualmente, dando lugar ao aroma fresco e frutado das ma\u00e7\u00e3s verdes e \u00e0 do\u00e7ura dos chupa-chupas. Esta nota final oferece um travo doce e a\u00e7ucarado, mantendo um sabor refrescante. A expira\u00e7\u00e3o d\u00e1 uma agrad\u00e1vel sensa\u00e7\u00e3o de frescura.<\/p>\t\t\t\t\t\t\t\t<\/div>\n\t\t\t\t<\/div>\n\t\t\t\t\t<\/div>\n\t\t\t\t<\/div>\n\t\t<div class=\"elementor-element elementor-element-718b380 e-flex e-con-boxed e-con e-parent\" data-id=\"718b380\" data-element_type=\"container\" data-e-type=\"container\">\n\t\t\t\t\t<div class=\"e-con-inner\">\n\t\t\t\t<div class=\"elementor-element elementor-element-d2cc8fa elementor-widget elementor-widget-text-editor\" data-id=\"d2cc8fa\" data-element_type=\"widget\" data-e-type=\"widget\" data-widget_type=\"text-editor.default\">\n\t\t\t\t<div class=\"elementor-widget-container\">\n\t\t\t\t\t\t\t\t\t<h2>M\u00faltiplas baforadas - at\u00e9 35.000 baforadas<\/h2><p>O RandM Tornado 35000 Sour Apple Pop est\u00e1 equipado com um sistema de armazenamento de l\u00edquido de alta capacidade e uma tecnologia de gest\u00e3o de bateria de alto desempenho, permitindo at\u00e9 35.000 baforadas. Em compara\u00e7\u00e3o com os cigarros electr\u00f3nicos descart\u00e1veis tradicionais, a sua dura\u00e7\u00e3o de vida \u00e9 consideravelmente melhorada, o que o torna particularmente adequado para utilizadores intensivos ou para viagens longas, sem substitui\u00e7\u00e3o frequente do equipamento, para longas tragadas sem cansa\u00e7o.<\/p><h2>Elemento de aquecimento de malha dupla - a combina\u00e7\u00e3o perfeita de sabor rico e atomiza\u00e7\u00e3o eficiente<\/h2><p>Adoptando a avan\u00e7ada tecnologia de resist\u00eancia de malha dupla de 1,2 \u03a9, assegura um aquecimento mais uniforme e uma atomiza\u00e7\u00e3o mais completa. Quer se trate de sabores doces, frutados ou gelados, proporciona um n\u00edvel de sabor mais completo e delicado. Ao mesmo tempo, produz um fumo mais denso, ideal para utilizadores que procuram prazer gustativo e visual.<\/p><h2>Bateria recarreg\u00e1vel incorporada de 700 mAh - eficiente e duradoura, compat\u00edvel com carregamento r\u00e1pido Tipo C<\/h2><p>O RandM Tornado 35000 est\u00e1 equipado com uma bateria de l\u00edtio de 700 mAh de alto desempenho para uma utiliza\u00e7\u00e3o cont\u00ednua e ininterrupta ao longo do dia. A interface Tipo C melhora significativamente a velocidade de carregamento e reduz efetivamente o tempo de espera. Em compara\u00e7\u00e3o com os cigarros electr\u00f3nicos descart\u00e1veis tradicionais, o design recarreg\u00e1vel \u00e9 tamb\u00e9m mais amigo do ambiente.<\/p><h2>Ecr\u00e3 digital inteligente - Monitoriza\u00e7\u00e3o do estado em tempo real<\/h2><p>O RandM Tornado 35000 Sour Apple Pop est\u00e1 equipado com um visor digital inteligente e de alta defini\u00e7\u00e3o que mostra a carga restante e o n\u00edvel de e-l\u00edquido restante em tempo real. Isto significa que os utilizadores podem manter um registo preciso do seu estado de utiliza\u00e7\u00e3o e evitar quaisquer interrup\u00e7\u00f5es devido a falhas de energia ou falta de e-l\u00edquido.<\/p><h2>Design elegante e port\u00e1til - inspirado no Digitalbox 12000<\/h2><p>O seu design \u00e9 inspirado na famosa s\u00e9rie Digitalbox 12000, combinando modernidade e futurismo. Compacta e leve, com cantos arredondados, oferece um conforto \u00f3timo. F\u00e1cil de transportar, \u00e9 tamb\u00e9m ideal para mostrar a sua personalidade e gosto pela moda.<\/p><h2>N\u00e3o necessita de manuten\u00e7\u00e3o: puro prazer logo que sai da caixa<\/h2><p>O RandM Tornado 35000 Sour Apple Pop n\u00e3o necessita de manuten\u00e7\u00e3o: n\u00e3o \u00e9 necess\u00e1rio adicionar e-l\u00edquido, limpar ou substituir pe\u00e7as. Pronto a utilizar diretamente da embalagem, \u00e9 perfeito para os utilizadores que procuram praticidade e tranquilidade. \u00c9 ideal para viagens, reuni\u00f5es ou uso quotidiano.<\/p><h2>V\u00e1rias concentra\u00e7\u00f5es de nicotina dispon\u00edveis: para satisfazer as suas necessidades<\/h2><p>As concentra\u00e7\u00f5es de nicotina de 0 %, 2 % e 5 % est\u00e3o dispon\u00edveis para satisfazer as necessidades de cada utilizador. Quer seja um utilizador que procura reduzir a sua dose ou um entusiasta de cigarros electr\u00f3nicos que procura um poderoso efeito na garganta, encontrar\u00e1 a concentra\u00e7\u00e3o de nicotina ideal.<\/p>\t\t\t\t\t\t\t\t<\/div>\n\t\t\t\t<\/div>\n\t\t\t\t\t<\/div>\n\t\t\t\t<\/div>\n\t\t\t\t<\/div>","protected":false},"excerpt":{"rendered":"<p>D\u00e8s la premi\u00e8re bouff\u00e9e, la stimulation rafra\u00eechissante des pommes acidul\u00e9es vous envahit, comme si vous croquiez une pomme verte fra\u00eechement cueillie. Puis, une l\u00e9g\u00e8re sensation de bulles de soda \u00e9merge progressivement, l\u00e9g\u00e8rement sucr\u00e9e sans \u00eatre grasse, cr\u00e9ant une saveur relaxante et enjou\u00e9e qui vous incite \u00e0 ralentir involontairement le rythme. Trouvez un balcon, asseyez-vous tranquillement, [&hellip;]<\/p>\n","protected":false},"featured_media":4771,"comment_status":"open","ping_status":"closed","template":"","meta":{"site-sidebar-layout":"no-sidebar","site-content-layout":"page-builder","ast-site-content-layout":"normal-width-container","site-content-style":"default","site-sidebar-style":"default","ast-global-header-display":"","ast-banner-title-visibility":"","ast-main-header-display":"","ast-hfb-above-header-display":"","ast-hfb-below-header-display":"","ast-hfb-mobile-header-display":"","site-post-title":"disabled","ast-breadcrumbs-content":"","ast-featured-img":"disabled","footer-sml-layout":"","ast-disable-related-posts":"","theme-transparent-header-meta":"default","adv-header-id-meta":"","stick-header-meta":"default","header-above-stick-meta":"","header-main-stick-meta":"","header-below-stick-meta":"","astra-migrate-meta-layouts":"set","ast-page-background-enabled":"default","ast-page-background-meta":{"desktop":{"background-color":"","background-image":"","background-repeat":"repeat","background-position":"center center","background-size":"auto","background-attachment":"scroll","background-type":"","background-media":"","overlay-type":"","overlay-color":"","overlay-opacity":"","overlay-gradient":""},"tablet":{"background-color":"","background-image":"","background-repeat":"repeat","background-position":"center center","background-size":"auto","background-attachment":"scroll","background-type":"","background-media":"","overlay-type":"","overlay-color":"","overlay-opacity":"","overlay-gradient":""},"mobile":{"background-color":"","background-image":"","background-repeat":"repeat","background-position":"center center","background-size":"auto","background-attachment":"scroll","background-type":"","background-media":"","overlay-type":"","overlay-color":"","overlay-opacity":"","overlay-gradient":""}},"ast-content-background-meta":{"desktop":{"background-color":"var(--ast-global-color-5)","background-image":"","background-repeat":"repeat","background-position":"center center","background-size":"auto","background-attachment":"scroll","background-type":"","background-media":"","overlay-type":"","overlay-color":"","overlay-opacity":"","overlay-gradient":""},"tablet":{"background-color":"var(--ast-global-color-5)","background-image":"","background-repeat":"repeat","background-position":"center center","background-size":"auto","background-attachment":"scroll","background-type":"","background-media":"","overlay-type":"","overlay-color":"","overlay-opacity":"","overlay-gradient":""},"mobile":{"background-color":"var(--ast-global-color-5)","background-image":"","background-repeat":"repeat","background-position":"center center","background-size":"auto","background-attachment":"scroll","background-type":"","background-media":"","overlay-type":"","overlay-color":"","overlay-opacity":"","overlay-gradient":""}}},"product_brand":[42],"product_cat":[49,105,15],"product_tag":[],"class_list":{"0":"post-4924","1":"product","2":"type-product","3":"status-publish","4":"has-post-thumbnail","6":"product_brand-randm-tornado","7":"product_cat-randm-tornado-35000-offre-35000-bouffees-de-cigarettes","8":"product_cat-puff-35k","9":"product_cat-magasin-cigarette-electronique","10":"desktop-align-center","11":"tablet-align-center","12":"mobile-align-center","13":"ast-product-gallery-layout-horizontal","14":"ast-product-gallery-with-no-image","15":"ast-product-single-variable","16":"ast-product-tabs-layout-horizontal","17":"ast-qv-on-image","19":"first","20":"instock","21":"sale","22":"shipping-taxable","23":"purchasable","24":"product-type-variable","25":"has-default-attributes"},"tiered_pricing_type":"fixed","tiered_pricing_fixed_rules":{"50":12.99,"100":11.39,"200":10.79,"400":10.39},"tiered_pricing_product_settings":{"layout":"default","base_unit_name":{"singular":null,"plural":null},"default_variation":null},"tiered_pricing_minimum_quantity":null,"tiered_pricing_roles_data":[],"tiered_pricing_percentage_rules":[],"_links":{"self":[{"href":"https:\/\/puffvapestore.com\/pt\/wp-json\/wp\/v2\/product\/4924","targetHints":{"allow":["GET"]}}],"collection":[{"href":"https:\/\/puffvapestore.com\/pt\/wp-json\/wp\/v2\/product"}],"about":[{"href":"https:\/\/puffvapestore.com\/pt\/wp-json\/wp\/v2\/types\/product"}],"replies":[{"embeddable":true,"href":"https:\/\/puffvapestore.com\/pt\/wp-json\/wp\/v2\/comments?post=4924"}],"version-history":[{"count":6,"href":"https:\/\/puffvapestore.com\/pt\/wp-json\/wp\/v2\/product\/4924\/revisions"}],"predecessor-version":[{"id":4933,"href":"https:\/\/puffvapestore.com\/pt\/wp-json\/wp\/v2\/product\/4924\/revisions\/4933"}],"wp:featuredmedia":[{"embeddable":true,"href":"https:\/\/puffvapestore.com\/pt\/wp-json\/wp\/v2\/media\/4771"}],"wp:attachment":[{"href":"https:\/\/puffvapestore.com\/pt\/wp-json\/wp\/v2\/media?parent=4924"}],"wp:term":[{"taxonomy":"product_brand","embeddable":true,"href":"https:\/\/puffvapestore.com\/pt\/wp-json\/wp\/v2\/product_brand?post=4924"},{"taxonomy":"product_cat","embeddable":true,"href":"https:\/\/puffvapestore.com\/pt\/wp-json\/wp\/v2\/product_cat?post=4924"},{"taxonomy":"product_tag","embeddable":true,"href":"https:\/\/puffvapestore.com\/pt\/wp-json\/wp\/v2\/product_tag?post=4924"}],"curies":[{"name":"wp","href":"https:\/\/api.w.org\/{rel}","templated":true}]}}