{"id":4790,"date":"2025-07-11T01:02:46","date_gmt":"2025-07-11T01:02:46","guid":{"rendered":"https:\/\/puffvapestore.com\/?post_type=product&#038;p=4790"},"modified":"2026-01-19T10:31:54","modified_gmt":"2026-01-19T10:31:54","slug":"randm-tornado-35000-propose-38-saveurs","status":"publish","type":"product","link":"https:\/\/puffvapestore.com\/pt\/product\/randm-tornado-35000-oferece-38-sabores\/","title":{"rendered":"RandM Tornado 35000 : 35K puffs, dupla resist\u00eancia e ecr\u00e3 digital"},"content":{"rendered":"<div data-elementor-type=\"wp-post\" data-elementor-id=\"4790\" class=\"elementor elementor-4790\">\n\t\t\t\t<div class=\"elementor-element elementor-element-718b380 e-flex e-con-boxed e-con e-parent\" data-id=\"718b380\" data-element_type=\"container\" data-e-type=\"container\">\n\t\t\t\t\t<div class=\"e-con-inner\">\n\t\t\t\t<div class=\"elementor-element elementor-element-d2cc8fa elementor-widget elementor-widget-text-editor\" data-id=\"d2cc8fa\" data-element_type=\"widget\" data-e-type=\"widget\" data-widget_type=\"text-editor.default\">\n\t\t\t\t<div class=\"elementor-widget-container\">\n\t\t\t\t\t\t\t\t\t<h2>M\u00faltiplas baforadas - at\u00e9 35.000 baforadas<\/h2><p>O RandM Tornado 35000 est\u00e1 equipado com um sistema de armazenamento de l\u00edquidos de alta capacidade e uma tecnologia de gest\u00e3o de baterias de alto desempenho, permitindo at\u00e9 35.000 baforadas. Em compara\u00e7\u00e3o com os cigarros electr\u00f3nicos descart\u00e1veis convencionais, a sua dura\u00e7\u00e3o de vida \u00e9 consideravelmente melhorada, o que o torna particularmente adequado para utilizadores intensivos ou para viagens longas, sem substitui\u00e7\u00e3o frequente do equipamento, para longas tragadas sem cansa\u00e7o.<\/p><h2>Elemento de aquecimento de malha dupla - a combina\u00e7\u00e3o perfeita de sabor rico e atomiza\u00e7\u00e3o eficiente<\/h2><p>Adoptando a avan\u00e7ada tecnologia de resist\u00eancia de malha dupla de 1,2 \u03a9, assegura um aquecimento mais uniforme e uma atomiza\u00e7\u00e3o mais completa. Quer se trate de sabores doces, frutados ou gelados, proporciona um n\u00edvel de sabor mais completo e delicado. Ao mesmo tempo, produz um fumo mais denso, ideal para utilizadores que procuram prazer gustativo e visual.<\/p><h2>Bateria recarreg\u00e1vel incorporada de 700 mAh - eficiente e duradoura, compat\u00edvel com carregamento r\u00e1pido Tipo C<\/h2><p>O RandM Tornado 35000 est\u00e1 equipado com uma bateria de l\u00edtio de 700 mAh de alto desempenho para uma utiliza\u00e7\u00e3o cont\u00ednua e ininterrupta ao longo do dia. A interface Tipo C melhora significativamente a velocidade de carregamento e reduz efetivamente o tempo de espera. Em compara\u00e7\u00e3o com os cigarros electr\u00f3nicos descart\u00e1veis tradicionais, o design recarreg\u00e1vel \u00e9 tamb\u00e9m mais amigo do ambiente.<\/p><h2>Ecr\u00e3 digital inteligente - Monitoriza\u00e7\u00e3o do estado em tempo real<\/h2><p>O RandM Tornado 35000 est\u00e1 equipado com um visor digital inteligente e de alta defini\u00e7\u00e3o que mostra a carga restante e o n\u00edvel de e-l\u00edquido restante em tempo real. Isto significa que os utilizadores podem manter um registo preciso do seu estado de utiliza\u00e7\u00e3o e evitar quaisquer interrup\u00e7\u00f5es devido a falhas de energia ou falta de e-l\u00edquido.<\/p><h2>Design elegante e port\u00e1til - inspirado no Digitalbox 12000<\/h2><p>O seu design \u00e9 inspirado na famosa s\u00e9rie Digitalbox 12000, combinando modernidade e futurismo. Compacta e leve, com cantos arredondados, oferece um conforto \u00f3timo. F\u00e1cil de transportar, \u00e9 tamb\u00e9m ideal para mostrar a sua personalidade e gosto pela moda.<\/p><h2>N\u00e3o necessita de manuten\u00e7\u00e3o: puro prazer logo que sai da caixa<\/h2><p>O RandM Tornado 35000 n\u00e3o necessita de manuten\u00e7\u00e3o: n\u00e3o \u00e9 necess\u00e1rio adicionar e-l\u00edquido, limpar ou substituir pe\u00e7as. Pronto a usar logo que sai da caixa, \u00e9 perfeito para utilizadores que procuram praticidade e tranquilidade. \u00c9 ideal para viagens, reuni\u00f5es ou utiliza\u00e7\u00e3o quotidiana.<\/p><h2>V\u00e1rias concentra\u00e7\u00f5es de nicotina dispon\u00edveis: para satisfazer as suas necessidades<\/h2><p>As concentra\u00e7\u00f5es de nicotina de 0 %, 2 % e 5 % est\u00e3o dispon\u00edveis para satisfazer as necessidades de cada utilizador. Quer seja um utilizador que procura reduzir a sua dose ou um entusiasta de cigarros electr\u00f3nicos que procura um poderoso efeito na garganta, encontrar\u00e1 a concentra\u00e7\u00e3o de nicotina ideal.<\/p>\t\t\t\t\t\t\t\t<\/div>\n\t\t\t\t<\/div>\n\t\t\t\t\t<\/div>\n\t\t\t\t<\/div>\n\t\t<div class=\"elementor-element elementor-element-08c26f9 e-flex e-con-boxed e-con e-parent\" data-id=\"08c26f9\" data-element_type=\"container\" data-e-type=\"container\">\n\t\t\t\t\t<div class=\"e-con-inner\">\n\t\t\t\t<div class=\"elementor-element elementor-element-a005a97 elementor-widget elementor-widget-text-editor\" data-id=\"a005a97\" data-element_type=\"widget\" data-e-type=\"widget\" data-widget_type=\"text-editor.default\">\n\t\t\t\t<div class=\"elementor-widget-container\">\n\t\t\t\t\t\t\t\t\t<h2>Op\u00e7\u00f5es de aromas para RandM Tornado 35000<\/h2><p>O RandM Tornado 35000 oferece 38 sabores ricos e variados, incluindo fruta, ICE, bebidas mistas e sabores \u00fanicos e criativos para satisfazer as prefer\u00eancias dos utilizadores.<\/p><p>Os sabores de fruta est\u00e3o no centro da gama, com sabores simples como \u00abStrawberry Ice\u00bb, \u00abBlueberry Bubblegum\u00bb e sabores de fruta complexos como \u00abPeach Mango Watermelon Ice\u00bb e \u00abStrawberry Kiwi\u00bb. Op\u00e7\u00f5es tropicais como \u00abKiwi Passionfruit Guava\u00bb e \u00abMexico Mango Ice\u00bb oferecem uma experi\u00eancia refrescante, enquanto \u00abPeachy Mango Pineapple\u00bb oferece uma multiplicidade de sabores.<\/p><p>A s\u00e9rie Iced oferece sabores refrescantes como \u00abBlack Ice\u00bb, \u00abBlue Razz Ice\u00bb e \u00abSour Apple Pop Ice\u00bb para os amantes da emo\u00e7\u00e3o. Os sabores inspirados nas bebidas, como \u00abFanta\u00bb, \u00abPink Lemonade\u00bb e \u00abCherry Cola\u00bb, t\u00eam o sabor das bebidas cl\u00e1ssicas. Combina\u00e7\u00f5es inovadoras como \u00abCactus Lemon Green Tea\u00bb e \u00abCherry Peach Lemonade Tea\u00bb s\u00e3o tamb\u00e9m excecionalmente criativas.<\/p><p>Alguns dos nomes dos sabores s\u00e3o tamb\u00e9m humor\u00edsticos, como \u00abLady Killer\u00bb, \u00abLove 66\u00bb e \u00abMr Blue\u00bb, sugerindo sabores doces ou misteriosos. RandM Tornado 35000 tem em conta as prefer\u00eancias tradicionais e a frescura com uma variedade de op\u00e7\u00f5es de sabores, adaptadas aos utilizadores que procuram experi\u00eancias ricas e personalizadas.<\/p>\t\t\t\t\t\t\t\t<\/div>\n\t\t\t\t<\/div>\n\t\t\t\t\t<\/div>\n\t\t\t\t<\/div>\n\t\t\t\t<\/div>","protected":false},"excerpt":{"rendered":"<p>Nombreuses bouff\u00e9es \u2013 jusqu&rsquo;\u00e0 35000 bouff\u00e9es La RandM Tornado 35000 est \u00e9quip\u00e9e d&rsquo;un syst\u00e8me de stockage de liquide de grande capacit\u00e9 et d&rsquo;une technologie de gestion de batterie performante, permettant d&rsquo;atteindre jusqu&rsquo;\u00e0 35000 bouff\u00e9es. Compar\u00e9e aux cigarettes \u00e9lectroniques jetables classiques, sa dur\u00e9e de vie est consid\u00e9rablement am\u00e9lior\u00e9e, particuli\u00e8rement adapt\u00e9e aux utilisateurs intensifs ou aux longs [&hellip;]<\/p>\n","protected":false},"featured_media":4775,"comment_status":"open","ping_status":"closed","template":"","meta":{"site-sidebar-layout":"no-sidebar","site-content-layout":"page-builder","ast-site-content-layout":"normal-width-container","site-content-style":"default","site-sidebar-style":"default","ast-global-header-display":"","ast-banner-title-visibility":"","ast-main-header-display":"","ast-hfb-above-header-display":"","ast-hfb-below-header-display":"","ast-hfb-mobile-header-display":"","site-post-title":"disabled","ast-breadcrumbs-content":"","ast-featured-img":"disabled","footer-sml-layout":"","ast-disable-related-posts":"","theme-transparent-header-meta":"default","adv-header-id-meta":"","stick-header-meta":"default","header-above-stick-meta":"","header-main-stick-meta":"","header-below-stick-meta":"","astra-migrate-meta-layouts":"set","ast-page-background-enabled":"default","ast-page-background-meta":{"desktop":{"background-color":"","background-image":"","background-repeat":"repeat","background-position":"center center","background-size":"auto","background-attachment":"scroll","background-type":"","background-media":"","overlay-type":"","overlay-color":"","overlay-opacity":"","overlay-gradient":""},"tablet":{"background-color":"","background-image":"","background-repeat":"repeat","background-position":"center center","background-size":"auto","background-attachment":"scroll","background-type":"","background-media":"","overlay-type":"","overlay-color":"","overlay-opacity":"","overlay-gradient":""},"mobile":{"background-color":"","background-image":"","background-repeat":"repeat","background-position":"center center","background-size":"auto","background-attachment":"scroll","background-type":"","background-media":"","overlay-type":"","overlay-color":"","overlay-opacity":"","overlay-gradient":""}},"ast-content-background-meta":{"desktop":{"background-color":"var(--ast-global-color-5)","background-image":"","background-repeat":"repeat","background-position":"center center","background-size":"auto","background-attachment":"scroll","background-type":"","background-media":"","overlay-type":"","overlay-color":"","overlay-opacity":"","overlay-gradient":""},"tablet":{"background-color":"var(--ast-global-color-5)","background-image":"","background-repeat":"repeat","background-position":"center center","background-size":"auto","background-attachment":"scroll","background-type":"","background-media":"","overlay-type":"","overlay-color":"","overlay-opacity":"","overlay-gradient":""},"mobile":{"background-color":"var(--ast-global-color-5)","background-image":"","background-repeat":"repeat","background-position":"center center","background-size":"auto","background-attachment":"scroll","background-type":"","background-media":"","overlay-type":"","overlay-color":"","overlay-opacity":"","overlay-gradient":""}}},"product_brand":[42],"product_cat":[49,105,15],"product_tag":[],"class_list":{"0":"post-4790","1":"product","2":"type-product","3":"status-publish","4":"has-post-thumbnail","6":"product_brand-randm-tornado","7":"product_cat-randm-tornado-35000-offre-35000-bouffees-de-cigarettes","8":"product_cat-puff-35k","9":"product_cat-magasin-cigarette-electronique","10":"desktop-align-center","11":"tablet-align-center","12":"mobile-align-center","13":"ast-product-gallery-layout-horizontal","14":"ast-product-single-variable","15":"ast-product-tabs-layout-horizontal","16":"ast-qv-on-image","18":"first","19":"instock","20":"sale","21":"shipping-taxable","22":"purchasable","23":"product-type-variable","24":"has-default-attributes"},"tiered_pricing_type":"fixed","tiered_pricing_fixed_rules":{"50":12.99,"100":11.39,"200":10.79,"400":10.39},"tiered_pricing_product_settings":{"layout":"default","base_unit_name":{"singular":null,"plural":null},"default_variation":null},"tiered_pricing_minimum_quantity":null,"tiered_pricing_roles_data":[],"tiered_pricing_percentage_rules":[],"_links":{"self":[{"href":"https:\/\/puffvapestore.com\/pt\/wp-json\/wp\/v2\/product\/4790","targetHints":{"allow":["GET"]}}],"collection":[{"href":"https:\/\/puffvapestore.com\/pt\/wp-json\/wp\/v2\/product"}],"about":[{"href":"https:\/\/puffvapestore.com\/pt\/wp-json\/wp\/v2\/types\/product"}],"replies":[{"embeddable":true,"href":"https:\/\/puffvapestore.com\/pt\/wp-json\/wp\/v2\/comments?post=4790"}],"version-history":[{"count":6,"href":"https:\/\/puffvapestore.com\/pt\/wp-json\/wp\/v2\/product\/4790\/revisions"}],"predecessor-version":[{"id":4913,"href":"https:\/\/puffvapestore.com\/pt\/wp-json\/wp\/v2\/product\/4790\/revisions\/4913"}],"wp:featuredmedia":[{"embeddable":true,"href":"https:\/\/puffvapestore.com\/pt\/wp-json\/wp\/v2\/media\/4775"}],"wp:attachment":[{"href":"https:\/\/puffvapestore.com\/pt\/wp-json\/wp\/v2\/media?parent=4790"}],"wp:term":[{"taxonomy":"product_brand","embeddable":true,"href":"https:\/\/puffvapestore.com\/pt\/wp-json\/wp\/v2\/product_brand?post=4790"},{"taxonomy":"product_cat","embeddable":true,"href":"https:\/\/puffvapestore.com\/pt\/wp-json\/wp\/v2\/product_cat?post=4790"},{"taxonomy":"product_tag","embeddable":true,"href":"https:\/\/puffvapestore.com\/pt\/wp-json\/wp\/v2\/product_tag?post=4790"}],"curies":[{"name":"wp","href":"https:\/\/api.w.org\/{rel}","templated":true}]}}