{"id":4734,"date":"2025-07-09T11:26:05","date_gmt":"2025-07-09T11:26:05","guid":{"rendered":"https:\/\/puffvapestore.com\/?post_type=product&#038;p=4734"},"modified":"2026-01-19T10:36:00","modified_gmt":"2026-01-19T10:36:00","slug":"cola-ice-randm-tornado-30000","status":"publish","type":"product","link":"https:\/\/puffvapestore.com\/pt\/product\/cola-ice-randm-tornado-30000\/","title":{"rendered":"Cola Ice - RandM Tornado 30000"},"content":{"rendered":"<div data-elementor-type=\"wp-post\" data-elementor-id=\"4734\" class=\"elementor elementor-4734\">\n\t\t\t\t<div class=\"elementor-element elementor-element-08c26f9 e-flex e-con-boxed e-con e-parent\" data-id=\"08c26f9\" data-element_type=\"container\" data-e-type=\"container\">\n\t\t\t\t\t<div class=\"e-con-inner\">\n\t\t\t\t<div class=\"elementor-element elementor-element-a005a97 elementor-widget elementor-widget-text-editor\" data-id=\"a005a97\" data-element_type=\"widget\" data-e-type=\"widget\" data-widget_type=\"text-editor.default\">\n\t\t\t\t<div class=\"elementor-widget-container\">\n\t\t\t\t\t\t\t\t\t<p>No mundo dos cigarros electr\u00f3nicos, o RandM Tornado 30000 destaca-se pelo seu excelente desempenho e design \u00fanico. O sabor Cola Ice confere-lhe um toque de frescura e um charme cl\u00e1ssico. Inspirado na cola cl\u00e1ssica, misturado com o aroma refrescante da menta gelada, oferece uma experi\u00eancia de sabor revigorante, tal como bebericar uma cola gelada num dia quente de ver\u00e3o. Quer seja um entusiasta do cigarro eletr\u00f3nico \u00e0 procura de um sabor puro ou de uma experi\u00eancia \u00fanica, este produto proporcionar-lhe-\u00e1 uma satisfa\u00e7\u00e3o inigual\u00e1vel.<\/p><h2>Sabor principal : Cola<\/h2><p>Sabor cl\u00e1ssico e retro da Cola: Assim que se inala, percebe-se imediatamente o aroma de bebidas gaseificadas, semelhantes \u00e0 Coca-Cola ou Pepsi, com uma do\u00e7ura moderada. A do\u00e7ura suave do caramelo permanece no paladar, lembrando a cl\u00e1ssica Cola engarrafada.<\/p><h2>Sabor secund\u00e1rio : Menta<\/h2><p>Na expira\u00e7\u00e3o, a frescura da menta invade o paladar, proporcionando um final fresco e inebriante. A adi\u00e7\u00e3o de menta distingue o Cola Ice dos cigarros electr\u00f3nicos puramente doces, acrescentando uma dimens\u00e3o refrescante, tornando cada inspira\u00e7\u00e3o e expira\u00e7\u00e3o cheias de vitalidade. Ideal para utilizar durante todo o dia, especialmente para se refrescar ou relaxar.<\/p><h2>Experi\u00eancia geral<\/h2><ul><li>Nota de topo: O sabor suave, tipo Cola, surge primeiro, de forma agrad\u00e1vel.<\/li><li>Nota de cora\u00e7\u00e3o: A sensa\u00e7\u00e3o de frescura aumenta gradualmente, refor\u00e7ando a sensa\u00e7\u00e3o de estratifica\u00e7\u00e3o.<\/li><li>Nota de fundo: A sensa\u00e7\u00e3o de gelo termina com uma ligeira do\u00e7ura de caramelo e um travo refrescante.<\/li><\/ul>\t\t\t\t\t\t\t\t<\/div>\n\t\t\t\t<\/div>\n\t\t\t\t\t<\/div>\n\t\t\t\t<\/div>\n\t\t<div class=\"elementor-element elementor-element-718b380 e-flex e-con-boxed e-con e-parent\" data-id=\"718b380\" data-element_type=\"container\" data-e-type=\"container\">\n\t\t\t\t\t<div class=\"e-con-inner\">\n\t\t\t\t<div class=\"elementor-element elementor-element-d2cc8fa elementor-widget elementor-widget-text-editor\" data-id=\"d2cc8fa\" data-element_type=\"widget\" data-e-type=\"widget\" data-widget_type=\"text-editor.default\">\n\t\t\t\t<div class=\"elementor-widget-container\">\n\t\t\t\t\t\t\t\t\t<h2>Carater\u00edsticas principais do RandM Tornado 30000<\/h2><p><strong>Longa autonomia: at\u00e9 30.000 baforadas<\/strong><br \/>O RandM Tornado 30000 tem uma autonomia de 30.000 baforadas, muito mais do que os descart\u00e1veis convencionais, o que o torna a escolha ideal para utilizadores intensivos.<\/p><p><strong>Bateria recarreg\u00e1vel, ecol\u00f3gica e pr\u00e1tica<\/strong><br \/>Bateria de l\u00edtio de 600 mAh de alto desempenho integrada, compat\u00edvel com o carregamento r\u00e1pido Tipo C, que \u00e9 mais dur\u00e1vel e pr\u00e1tico de utilizar, reduzindo os res\u00edduos electr\u00f3nicos.<\/p><p><strong>Grande capacidade de e-l\u00edquido: 25 ml de l\u00edquido pr\u00e9-cheio<\/strong><br \/>L\u00edquido eletr\u00f3nico pr\u00e9-cheio, sem necessidade de recarregar v\u00e1rias vezes, adequado para uma utiliza\u00e7\u00e3o a longo prazo. Mesmo com uma utiliza\u00e7\u00e3o frequente, pode durar v\u00e1rias semanas, e os utilizadores ocasionais v\u00e1rios meses.<\/p><p><strong>Concentra\u00e7\u00e3o opcional de sal de nicotina: 2 % \/ 5 %<\/strong><br \/>Adaptada \u00e0s necessidades de nicotina de cada utilizador, do mais leve ao mais pesado.<\/p><p><strong>Elemento de aquecimento em rede: aquecimento uniforme, sabor incompar\u00e1vel<\/strong><br \/>Gra\u00e7as \u00e0 avan\u00e7ada tecnologia de resist\u00eancia de malha, o e-l\u00edquido \u00e9 aquecido de forma mais uniforme, para uma experi\u00eancia de fumo completa, suave e cont\u00ednua.<\/p><h2>Design inovador e experi\u00eancia divertida do RandM Tornado 30000<\/h2><p><strong>Concha transparente e luz indicadora din\u00e2mica<\/strong><br \/>O reservat\u00f3rio de \u00f3leo visual permite-lhe ver o n\u00edvel de \u00f3leo em tempo real, enquanto a luz indicadora LED din\u00e2mica fornece feedback em tempo real sobre o estado de funcionamento da m\u00e1quina - um concentrado de tecnologia.<\/p><p><strong>Efeito de luz RGB sincronizado com a m\u00fasica: prazer visual e auditivo<\/strong><br \/>O sistema de ilumina\u00e7\u00e3o RGB exclusivo pisca ao ritmo da m\u00fasica, criando um ambiente descontra\u00eddo para festas, sa\u00eddas \u00e0 noite e outras ocasi\u00f5es, para a derradeira experi\u00eancia de entretenimento.<\/p><p><strong>Aspeto ergon\u00f3mico: confort\u00e1vel, elegante e port\u00e1til na m\u00e3o<\/strong><br \/>O seu corpo leve e o seu design amigo da palma da m\u00e3o tornam-no ideal para uma utiliza\u00e7\u00e3o prolongada em casa, no trabalho ou em viagem.<\/p><h2>Vantagens do RandM Tornado 30000<\/h2><p><strong>N\u00e3o necessita de manuten\u00e7\u00e3o<\/strong>\u00a0N\u00e3o \u00e9 necess\u00e1rio adicionar e-l\u00edquido ou substituir pe\u00e7as, ideal para principiantes e utilizadores pregui\u00e7osos.<\/p><p><strong>Elevada fiabilidade<\/strong>\u00a0Fabricado com materiais de alta qualidade, oferece uma excelente durabilidade e uma \u00f3ptima impermeabilidade.<\/p><p><strong>Pronto a utilizar<\/strong>\u00a0N\u00e3o precisa de interrutor, basta inalar, \u00e9 intuitivo e pr\u00e1tico de utilizar.<\/p><p><strong>Variedade de escolha\u00a0<\/strong>Diferentes sabores e concentra\u00e7\u00f5es de nicotina para todos os gostos.<\/p>\t\t\t\t\t\t\t\t<\/div>\n\t\t\t\t<\/div>\n\t\t\t\t\t<\/div>\n\t\t\t\t<\/div>\n\t\t\t\t<\/div>","protected":false},"excerpt":{"rendered":"<p>Dans le monde de la cigarette \u00e9lectronique, la RandM Tornado 30000 se distingue par ses excellentes performances et son design unique. L&rsquo;ar\u00f4me Cola Ice lui conf\u00e8re une touche de fra\u00eecheur et de charme classique. Inspir\u00e9 du cola classique, m\u00eal\u00e9 \u00e0 l&rsquo;odeur rafra\u00eechissante de menthe glac\u00e9e, il offre une exp\u00e9rience gustative revigorante, comme si vous sirotiez [&hellip;]<\/p>\n","protected":false},"featured_media":4486,"comment_status":"open","ping_status":"closed","template":"","meta":{"site-sidebar-layout":"no-sidebar","site-content-layout":"page-builder","ast-site-content-layout":"normal-width-container","site-content-style":"default","site-sidebar-style":"default","ast-global-header-display":"","ast-banner-title-visibility":"","ast-main-header-display":"","ast-hfb-above-header-display":"","ast-hfb-below-header-display":"","ast-hfb-mobile-header-display":"","site-post-title":"disabled","ast-breadcrumbs-content":"","ast-featured-img":"disabled","footer-sml-layout":"","ast-disable-related-posts":"","theme-transparent-header-meta":"default","adv-header-id-meta":"","stick-header-meta":"default","header-above-stick-meta":"","header-main-stick-meta":"","header-below-stick-meta":"","astra-migrate-meta-layouts":"set","ast-page-background-enabled":"default","ast-page-background-meta":{"desktop":{"background-color":"","background-image":"","background-repeat":"repeat","background-position":"center center","background-size":"auto","background-attachment":"scroll","background-type":"","background-media":"","overlay-type":"","overlay-color":"","overlay-opacity":"","overlay-gradient":""},"tablet":{"background-color":"","background-image":"","background-repeat":"repeat","background-position":"center center","background-size":"auto","background-attachment":"scroll","background-type":"","background-media":"","overlay-type":"","overlay-color":"","overlay-opacity":"","overlay-gradient":""},"mobile":{"background-color":"","background-image":"","background-repeat":"repeat","background-position":"center center","background-size":"auto","background-attachment":"scroll","background-type":"","background-media":"","overlay-type":"","overlay-color":"","overlay-opacity":"","overlay-gradient":""}},"ast-content-background-meta":{"desktop":{"background-color":"var(--ast-global-color-5)","background-image":"","background-repeat":"repeat","background-position":"center center","background-size":"auto","background-attachment":"scroll","background-type":"","background-media":"","overlay-type":"","overlay-color":"","overlay-opacity":"","overlay-gradient":""},"tablet":{"background-color":"var(--ast-global-color-5)","background-image":"","background-repeat":"repeat","background-position":"center center","background-size":"auto","background-attachment":"scroll","background-type":"","background-media":"","overlay-type":"","overlay-color":"","overlay-opacity":"","overlay-gradient":""},"mobile":{"background-color":"var(--ast-global-color-5)","background-image":"","background-repeat":"repeat","background-position":"center center","background-size":"auto","background-attachment":"scroll","background-type":"","background-media":"","overlay-type":"","overlay-color":"","overlay-opacity":"","overlay-gradient":""}}},"product_brand":[42],"product_cat":[48,86,15],"product_tag":[],"class_list":{"0":"post-4734","1":"product","2":"type-product","3":"status-publish","4":"has-post-thumbnail","6":"product_brand-randm-tornado","7":"product_cat-randm-tornado-30000-concentre-de-fun","8":"product_cat-puff-30k","9":"product_cat-magasin-cigarette-electronique","10":"desktop-align-center","11":"tablet-align-center","12":"mobile-align-center","13":"ast-product-gallery-layout-horizontal","14":"ast-product-gallery-with-no-image","15":"ast-product-single-variable","16":"ast-product-tabs-layout-horizontal","17":"ast-qv-on-image","19":"first","20":"instock","21":"sale","22":"shipping-taxable","23":"purchasable","24":"product-type-variable","25":"has-default-attributes"},"tiered_pricing_type":"fixed","tiered_pricing_fixed_rules":{"50":9.38,"100":8.45,"200":7.95,"400":7.59},"tiered_pricing_product_settings":{"layout":"default","base_unit_name":{"singular":null,"plural":null},"default_variation":null},"tiered_pricing_minimum_quantity":null,"tiered_pricing_roles_data":[],"tiered_pricing_percentage_rules":[],"_links":{"self":[{"href":"https:\/\/puffvapestore.com\/pt\/wp-json\/wp\/v2\/product\/4734","targetHints":{"allow":["GET"]}}],"collection":[{"href":"https:\/\/puffvapestore.com\/pt\/wp-json\/wp\/v2\/product"}],"about":[{"href":"https:\/\/puffvapestore.com\/pt\/wp-json\/wp\/v2\/types\/product"}],"replies":[{"embeddable":true,"href":"https:\/\/puffvapestore.com\/pt\/wp-json\/wp\/v2\/comments?post=4734"}],"version-history":[{"count":14,"href":"https:\/\/puffvapestore.com\/pt\/wp-json\/wp\/v2\/product\/4734\/revisions"}],"predecessor-version":[{"id":4750,"href":"https:\/\/puffvapestore.com\/pt\/wp-json\/wp\/v2\/product\/4734\/revisions\/4750"}],"wp:featuredmedia":[{"embeddable":true,"href":"https:\/\/puffvapestore.com\/pt\/wp-json\/wp\/v2\/media\/4486"}],"wp:attachment":[{"href":"https:\/\/puffvapestore.com\/pt\/wp-json\/wp\/v2\/media?parent=4734"}],"wp:term":[{"taxonomy":"product_brand","embeddable":true,"href":"https:\/\/puffvapestore.com\/pt\/wp-json\/wp\/v2\/product_brand?post=4734"},{"taxonomy":"product_cat","embeddable":true,"href":"https:\/\/puffvapestore.com\/pt\/wp-json\/wp\/v2\/product_cat?post=4734"},{"taxonomy":"product_tag","embeddable":true,"href":"https:\/\/puffvapestore.com\/pt\/wp-json\/wp\/v2\/product_tag?post=4734"}],"curies":[{"name":"wp","href":"https:\/\/api.w.org\/{rel}","templated":true}]}}