{"id":4685,"date":"2025-07-08T12:35:12","date_gmt":"2025-07-08T12:35:12","guid":{"rendered":"https:\/\/puffvapestore.com\/?post_type=product&#038;p=4685"},"modified":"2026-01-19T10:36:01","modified_gmt":"2026-01-19T10:36:01","slug":"fumot-randm-tornado-30000-triple-mango","status":"publish","type":"product","link":"https:\/\/puffvapestore.com\/pt\/product\/fumot-randm-tornado-30000-manga-tripla\/","title":{"rendered":"Triple Mango - RandM Tornado 30000"},"content":{"rendered":"<div data-elementor-type=\"wp-post\" data-elementor-id=\"4685\" class=\"elementor elementor-4685\">\n\t\t\t\t<div class=\"elementor-element elementor-element-08c26f9 e-flex e-con-boxed e-con e-parent\" data-id=\"08c26f9\" data-element_type=\"container\" data-e-type=\"container\">\n\t\t\t\t\t<div class=\"e-con-inner\">\n\t\t\t\t<div class=\"elementor-element elementor-element-a005a97 elementor-widget elementor-widget-text-editor\" data-id=\"a005a97\" data-element_type=\"widget\" data-e-type=\"widget\" data-widget_type=\"text-editor.default\">\n\t\t\t\t<div class=\"elementor-widget-container\">\n\t\t\t\t\t\t\t\t\t<p>Em Fran\u00e7a, um pa\u00eds com um n\u00edvel de qualidade de vida muito elevado, os cigarros electr\u00f3nicos Fumot RandM Tornado 30000 entraram discretamente no quotidiano dos trabalhadores urbanos de colarinho branco gra\u00e7as \u00e0 sua configura\u00e7\u00e3o de alto desempenho e ao seu sabor \u00fanico. O seu sabor Triple Mango, em particular, oferece um equil\u00edbrio surpreendente entre delicadeza e eleg\u00e2ncia, um conforto sensorial raro num mundo urbano agitado.<\/p><h2>As camadas da flor de manga tripla<\/h2><p>Triple Mango n\u00e3o \u00e9 uma simples combina\u00e7\u00e3o de um \u00fanico sabor de manga, mas uma fus\u00e3o de tr\u00eas variedades diferentes de manga. Desde a primeira inala\u00e7\u00e3o, sentir\u00e1 a intensa do\u00e7ura da manga, como se o sol brilhasse na ponta da sua l\u00edngua. Depois, o aroma sedoso da manga Almanzo revela-se lentamente, dando-lhe um toque ex\u00f3tico. Finalmente, o sabor refrescante e ligeiramente picante da manga tropical completa a experi\u00eancia. Esta combina\u00e7\u00e3o de sabores transforma cada inala\u00e7\u00e3o numa aventura frutada tropical, doce sem ser gordurosa, com um travo infinito.<\/p>\t\t\t\t\t\t\t\t<\/div>\n\t\t\t\t<\/div>\n\t\t\t\t\t<\/div>\n\t\t\t\t<\/div>\n\t\t<div class=\"elementor-element elementor-element-718b380 e-flex e-con-boxed e-con e-parent\" data-id=\"718b380\" data-element_type=\"container\" data-e-type=\"container\">\n\t\t\t\t\t<div class=\"e-con-inner\">\n\t\t\t\t<div class=\"elementor-element elementor-element-d2cc8fa elementor-widget elementor-widget-text-editor\" data-id=\"d2cc8fa\" data-element_type=\"widget\" data-e-type=\"widget\" data-widget_type=\"text-editor.default\">\n\t\t\t\t<div class=\"elementor-widget-container\">\n\t\t\t\t\t\t\t\t\t<h2>Especifica\u00e7\u00f5es do RandM Tornado 30000 :<\/h2><p>N\u00famero de baforadas: At\u00e9 30.000 baforadas, o que o torna um dos cigarros electr\u00f3nicos descart\u00e1veis mais duradouros do mercado.<\/p><p>Bateria: Equipado com uma bateria recarreg\u00e1vel de 600 mAh, \u00e9 recarregado atrav\u00e9s de uma porta Tipo C para um carregamento r\u00e1pido e eficiente.<\/p><p>Capacidade do dep\u00f3sito : Capacidade para 25 ml de e-l\u00edquido pr\u00e9-cheio.<\/p><p>Dosagem de nicotina: Dispon\u00edvel em 2 sais de nicotina % ou 5 sais de nicotina % para satisfazer todas as necessidades.<\/p><p>Tecnologia Mesh Coil: Garante uma experi\u00eancia de vaporiza\u00e7\u00e3o consistente, suave e deliciosa, aquecendo uniformemente o e-l\u00edquido.<\/p><p>Design: A sua caixa leve e transparente monitoriza o n\u00edvel de e-l\u00edquido e tem luzes indicadoras din\u00e2micas que mostram a atividade da resist\u00eancia de malha.<\/p><p>Fun\u00e7\u00e3o musical: Equipado com um conjunto \u00fanico de luzes RGB sincronizadas com a m\u00fasica, d\u00e1 um toque visual e divertido aos seus cigarros electr\u00f3nicos.<\/p><p>Durabilidade: Fabricado com materiais de \u00faltima gera\u00e7\u00e3o, \u00e9 altamente fi\u00e1vel e possui tecnologia de e-l\u00edquido \u00e0 prova de fugas, o que o torna ideal para utiliza\u00e7\u00e3o di\u00e1ria e viagens.<\/p><h2>Desempenho e vantagens do RandM Tornado 30000<\/h2><p>Dura\u00e7\u00e3o do l\u00edquido: 25 ml de l\u00edquido pr\u00e9-carregado permitem uma utiliza\u00e7\u00e3o duradoura sem recarga, mas a dura\u00e7\u00e3o da utiliza\u00e7\u00e3o varia consoante a utiliza\u00e7\u00e3o. Os utilizadores regulares de cigarros electr\u00f3nicos podem utiliz\u00e1-lo durante semanas, enquanto os utilizadores regulares podem utiliz\u00e1-lo durante meses.<\/p><p>Sabor: Gra\u00e7as \u00e0 tecnologia de resist\u00eancia da malha, o sabor \u00e9 naturalmente rico e o volume de fumo \u00e9 est\u00e1vel.<\/p><p>F\u00e1cil de utilizar: Sem bot\u00f5es ou defini\u00e7\u00f5es complicadas, basta aspirar para ativar, f\u00e1cil de utilizar mesmo para principiantes. Sem manuten\u00e7\u00e3o (n\u00e3o \u00e9 necess\u00e1rio recarregar ou substituir o elemento de aquecimento), o que \u00e9 ainda mais pr\u00e1tico.<\/p><p>Design: A ilumina\u00e7\u00e3o LED e a estrutura ergon\u00f3mica contribuem para o seu atrativo.<\/p>\t\t\t\t\t\t\t\t<\/div>\n\t\t\t\t<\/div>\n\t\t\t\t\t<\/div>\n\t\t\t\t<\/div>\n\t\t\t\t<\/div>","protected":false},"excerpt":{"rendered":"<p>En France, pays tr\u00e8s exigeant en mati\u00e8re de qualit\u00e9 de vie, les cigarettes \u00e9lectroniques Fumot RandM Tornado 30000 se sont discr\u00e8tement int\u00e9gr\u00e9es au quotidien des cols blancs urbains gr\u00e2ce \u00e0 leur configuration performante et \u00e0 leur saveur unique. Son ar\u00f4me Triple Mangue, en particulier, offre un \u00e9quilibre surprenant entre d\u00e9licatesse et \u00e9l\u00e9gance, un r\u00e9confort sensoriel [&hellip;]<\/p>\n","protected":false},"featured_media":4506,"comment_status":"open","ping_status":"closed","template":"","meta":{"site-sidebar-layout":"no-sidebar","site-content-layout":"page-builder","ast-site-content-layout":"normal-width-container","site-content-style":"default","site-sidebar-style":"default","ast-global-header-display":"","ast-banner-title-visibility":"","ast-main-header-display":"","ast-hfb-above-header-display":"","ast-hfb-below-header-display":"","ast-hfb-mobile-header-display":"","site-post-title":"disabled","ast-breadcrumbs-content":"","ast-featured-img":"disabled","footer-sml-layout":"","ast-disable-related-posts":"","theme-transparent-header-meta":"default","adv-header-id-meta":"","stick-header-meta":"default","header-above-stick-meta":"","header-main-stick-meta":"","header-below-stick-meta":"","astra-migrate-meta-layouts":"set","ast-page-background-enabled":"default","ast-page-background-meta":{"desktop":{"background-color":"","background-image":"","background-repeat":"repeat","background-position":"center center","background-size":"auto","background-attachment":"scroll","background-type":"","background-media":"","overlay-type":"","overlay-color":"","overlay-opacity":"","overlay-gradient":""},"tablet":{"background-color":"","background-image":"","background-repeat":"repeat","background-position":"center center","background-size":"auto","background-attachment":"scroll","background-type":"","background-media":"","overlay-type":"","overlay-color":"","overlay-opacity":"","overlay-gradient":""},"mobile":{"background-color":"","background-image":"","background-repeat":"repeat","background-position":"center center","background-size":"auto","background-attachment":"scroll","background-type":"","background-media":"","overlay-type":"","overlay-color":"","overlay-opacity":"","overlay-gradient":""}},"ast-content-background-meta":{"desktop":{"background-color":"var(--ast-global-color-5)","background-image":"","background-repeat":"repeat","background-position":"center center","background-size":"auto","background-attachment":"scroll","background-type":"","background-media":"","overlay-type":"","overlay-color":"","overlay-opacity":"","overlay-gradient":""},"tablet":{"background-color":"var(--ast-global-color-5)","background-image":"","background-repeat":"repeat","background-position":"center center","background-size":"auto","background-attachment":"scroll","background-type":"","background-media":"","overlay-type":"","overlay-color":"","overlay-opacity":"","overlay-gradient":""},"mobile":{"background-color":"var(--ast-global-color-5)","background-image":"","background-repeat":"repeat","background-position":"center center","background-size":"auto","background-attachment":"scroll","background-type":"","background-media":"","overlay-type":"","overlay-color":"","overlay-opacity":"","overlay-gradient":""}}},"product_brand":[42],"product_cat":[48,86,15],"product_tag":[],"class_list":{"0":"post-4685","1":"product","2":"type-product","3":"status-publish","4":"has-post-thumbnail","6":"product_brand-randm-tornado","7":"product_cat-randm-tornado-30000-concentre-de-fun","8":"product_cat-puff-30k","9":"product_cat-magasin-cigarette-electronique","10":"desktop-align-center","11":"tablet-align-center","12":"mobile-align-center","13":"ast-product-gallery-layout-horizontal","14":"ast-product-gallery-with-no-image","15":"ast-product-single-variable","16":"ast-product-tabs-layout-horizontal","17":"ast-qv-on-image","19":"first","20":"instock","21":"sale","22":"shipping-taxable","23":"purchasable","24":"product-type-variable","25":"has-default-attributes"},"tiered_pricing_type":"fixed","tiered_pricing_fixed_rules":{"50":9.38,"100":8.45,"200":7.95,"400":7.59},"tiered_pricing_product_settings":{"layout":"default","base_unit_name":{"singular":null,"plural":null},"default_variation":null},"tiered_pricing_minimum_quantity":null,"tiered_pricing_roles_data":[],"tiered_pricing_percentage_rules":[],"_links":{"self":[{"href":"https:\/\/puffvapestore.com\/pt\/wp-json\/wp\/v2\/product\/4685","targetHints":{"allow":["GET"]}}],"collection":[{"href":"https:\/\/puffvapestore.com\/pt\/wp-json\/wp\/v2\/product"}],"about":[{"href":"https:\/\/puffvapestore.com\/pt\/wp-json\/wp\/v2\/types\/product"}],"replies":[{"embeddable":true,"href":"https:\/\/puffvapestore.com\/pt\/wp-json\/wp\/v2\/comments?post=4685"}],"version-history":[{"count":6,"href":"https:\/\/puffvapestore.com\/pt\/wp-json\/wp\/v2\/product\/4685\/revisions"}],"predecessor-version":[{"id":4693,"href":"https:\/\/puffvapestore.com\/pt\/wp-json\/wp\/v2\/product\/4685\/revisions\/4693"}],"wp:featuredmedia":[{"embeddable":true,"href":"https:\/\/puffvapestore.com\/pt\/wp-json\/wp\/v2\/media\/4506"}],"wp:attachment":[{"href":"https:\/\/puffvapestore.com\/pt\/wp-json\/wp\/v2\/media?parent=4685"}],"wp:term":[{"taxonomy":"product_brand","embeddable":true,"href":"https:\/\/puffvapestore.com\/pt\/wp-json\/wp\/v2\/product_brand?post=4685"},{"taxonomy":"product_cat","embeddable":true,"href":"https:\/\/puffvapestore.com\/pt\/wp-json\/wp\/v2\/product_cat?post=4685"},{"taxonomy":"product_tag","embeddable":true,"href":"https:\/\/puffvapestore.com\/pt\/wp-json\/wp\/v2\/product_tag?post=4685"}],"curies":[{"name":"wp","href":"https:\/\/api.w.org\/{rel}","templated":true}]}}