{"id":4676,"date":"2025-07-09T14:24:15","date_gmt":"2025-07-09T14:24:15","guid":{"rendered":"https:\/\/puffvapestore.com\/?post_type=product&#038;p=4676"},"modified":"2026-01-19T10:36:01","modified_gmt":"2026-01-19T10:36:01","slug":"puff-tornado-30000-pineapple-ice","status":"publish","type":"product","link":"https:\/\/puffvapestore.com\/pt\/product\/puff-tornado-30000-gelo-de-ananas\/","title":{"rendered":"Gelo de anan\u00e1s - RandM Tornado 30000"},"content":{"rendered":"<div data-elementor-type=\"wp-post\" data-elementor-id=\"4676\" class=\"elementor elementor-4676\">\n\t\t\t\t<div class=\"elementor-element elementor-element-08c26f9 e-flex e-con-boxed e-con e-parent\" data-id=\"08c26f9\" data-element_type=\"container\" data-e-type=\"container\">\n\t\t\t\t\t<div class=\"e-con-inner\">\n\t\t\t\t<div class=\"elementor-element elementor-element-a005a97 elementor-widget elementor-widget-text-editor\" data-id=\"a005a97\" data-element_type=\"widget\" data-e-type=\"widget\" data-widget_type=\"text-editor.default\">\n\t\t\t\t<div class=\"elementor-widget-container\">\n\t\t\t\t\t\t\t\t\t<p>Entre os muitos sabores do RandM Tornado 30000, o Frozen Pineapple tornou-se o novo favorito da gera\u00e7\u00e3o francesa mais jovem em ocasi\u00f5es sociais, gra\u00e7as ao seu estilo tropical \u00fanico e \u00e0 sua experi\u00eancia refrescante. O RandM Tornado 30000 n\u00e3o \u00e9 apenas um cigarro eletr\u00f3nico de alto desempenho, mas tamb\u00e9m um s\u00edmbolo de estilo de vida. Particularmente adequado para cen\u00e1rios vibrantes e art\u00edsticos, como o Festival de Rua de Paris, o Glac\u00e9 Pineapple confere um encanto infinito a cada tragada, gra\u00e7as ao seu sabor fresco e ao seu design vibrante.<\/p><h2>A combina\u00e7\u00e3o de anan\u00e1s tropical e hortel\u00e3 fresca<\/h2><p>Glac\u00e9 Pineapple combina de forma inteligente o sabor doce e sumarento do anan\u00e1s do sul com a frescura da menta para uma experi\u00eancia de sabor estimulante. A cada tragada de fumo, o rico aroma frutado do anan\u00e1s invade primeiro os sentidos, como se estivesse numa praia tropical sob um sol escaldante; depois, um travo fresco de menta invade, acrescentando um toque de frescura, como uma brisa do Sena em Paris. Este sabor \u00e9 suave sem ser gorduroso, fresco e n\u00e3o irritante, de acordo com a procura de requinte e de equil\u00edbrio do consumidor franc\u00eas. Quer se passeie pelo mercado de arte de Montmartre ou pela multid\u00e3o animada das festividades do 14 de julho, o Pineapple Ice permite sentir a personalidade \u00fanica de cada baforada de fumo.<\/p><h2>Um must para os festivais de rua de Paris<\/h2><p>Imaginem que, na noite de uma festa de rua parisiense (como o 14 de julho ou a F\u00eate de la Musique), as ruas se iluminam com luzes coloridas e m\u00fasica animada, e que os jovens seguram o RandM Tornado 30000 e absorvem o aroma fresco e frutado do Pineapple Ice. As luzes RGB sincronizadas com a m\u00fasica deste cigarro eletr\u00f3nico enquadram-se perfeitamente no ritmo dos festivais. As luzes coloridas dan\u00e7am ao ritmo da m\u00fasica, dando um toque de romance parisiense e de vanguarda \u00e0 sua experi\u00eancia. O seu inv\u00f3lucro transparente n\u00e3o s\u00f3 permite verificar a qualquer momento o n\u00edvel do e-l\u00edquido de 25 ml pr\u00e9-carregado, como tamb\u00e9m acrescenta um toque de tecnologia moderna, que se enquadra perfeitamente na atmosfera moderna das ruas parisienses.<\/p>\t\t\t\t\t\t\t\t<\/div>\n\t\t\t\t<\/div>\n\t\t\t\t\t<\/div>\n\t\t\t\t<\/div>\n\t\t<div class=\"elementor-element elementor-element-718b380 e-flex e-con-boxed e-con e-parent\" data-id=\"718b380\" data-element_type=\"container\" data-e-type=\"container\">\n\t\t\t\t\t<div class=\"e-con-inner\">\n\t\t\t\t<div class=\"elementor-element elementor-element-d2cc8fa elementor-widget elementor-widget-text-editor\" data-id=\"d2cc8fa\" data-element_type=\"widget\" data-e-type=\"widget\" data-widget_type=\"text-editor.default\">\n\t\t\t\t<div class=\"elementor-widget-container\">\n\t\t\t\t\t\t\t\t\t<h2>Especifica\u00e7\u00f5es do RandM Tornado 30000 :<\/h2><p>N\u00famero de baforadas: At\u00e9 30.000 baforadas, o que o torna um dos cigarros electr\u00f3nicos descart\u00e1veis mais duradouros do mercado.<\/p><p>Bateria: Equipado com uma bateria recarreg\u00e1vel de 600 mAh, \u00e9 recarregado atrav\u00e9s de uma porta Tipo C para um carregamento r\u00e1pido e eficiente.<\/p><p>Capacidade do dep\u00f3sito : Capacidade para 25 ml de e-l\u00edquido pr\u00e9-cheio.<\/p><p>Dosagem de nicotina: Dispon\u00edvel em 2 sais de nicotina % ou 5 sais de nicotina % para satisfazer todas as necessidades.<\/p><p>Tecnologia Mesh Coil: Garante uma experi\u00eancia de vaporiza\u00e7\u00e3o consistente, suave e deliciosa, aquecendo uniformemente o e-l\u00edquido.<\/p><p>Design: A sua caixa leve e transparente monitoriza o n\u00edvel de e-l\u00edquido e tem luzes indicadoras din\u00e2micas que mostram a atividade da resist\u00eancia de malha.<\/p><p>Fun\u00e7\u00e3o musical: Equipado com um conjunto \u00fanico de luzes RGB sincronizadas com a m\u00fasica, d\u00e1 um toque visual e divertido aos seus cigarros electr\u00f3nicos.<\/p><p>Durabilidade: Fabricado com materiais de \u00faltima gera\u00e7\u00e3o, \u00e9 altamente fi\u00e1vel e possui tecnologia de e-l\u00edquido \u00e0 prova de fugas, o que o torna ideal para utiliza\u00e7\u00e3o di\u00e1ria e viagens.<\/p><h2>Desempenho e vantagens do RandM Tornado 30000<\/h2><p>Dura\u00e7\u00e3o do l\u00edquido: 25 ml de l\u00edquido pr\u00e9-carregado permitem uma utiliza\u00e7\u00e3o duradoura sem recarga, mas a dura\u00e7\u00e3o da utiliza\u00e7\u00e3o varia consoante a utiliza\u00e7\u00e3o. Os utilizadores regulares de cigarros electr\u00f3nicos podem utiliz\u00e1-lo durante semanas, enquanto os utilizadores regulares podem utiliz\u00e1-lo durante meses.<\/p><p>Sabor: Gra\u00e7as \u00e0 tecnologia de resist\u00eancia da malha, o sabor \u00e9 naturalmente rico e o volume de fumo \u00e9 est\u00e1vel.<\/p><p>F\u00e1cil de utilizar: Sem bot\u00f5es ou defini\u00e7\u00f5es complicadas, basta aspirar para ativar, f\u00e1cil de utilizar mesmo para principiantes. Sem manuten\u00e7\u00e3o (n\u00e3o \u00e9 necess\u00e1rio recarregar ou substituir o elemento de aquecimento), o que \u00e9 ainda mais pr\u00e1tico.<\/p><p>Design: A ilumina\u00e7\u00e3o LED e a estrutura ergon\u00f3mica contribuem para o seu atrativo.<\/p>\t\t\t\t\t\t\t\t<\/div>\n\t\t\t\t<\/div>\n\t\t\t\t\t<\/div>\n\t\t\t\t<\/div>\n\t\t\t\t<\/div>","protected":false},"excerpt":{"rendered":"<p>Parmi les nombreuses saveurs de la RandM Tornado 30000, l&rsquo;Ananas Glac\u00e9 est devenue la nouvelle favorite de la jeune g\u00e9n\u00e9ration fran\u00e7aise lors des occasions mondaines gr\u00e2ce \u00e0 son style tropical unique et \u00e0 son exp\u00e9rience rafra\u00eechissante. La RandM Tornado 30000 est non seulement une cigarette \u00e9lectronique haute performance, mais aussi un symbole d&rsquo;un style de [&hellip;]<\/p>\n","protected":false},"featured_media":4499,"comment_status":"open","ping_status":"closed","template":"","meta":{"site-sidebar-layout":"no-sidebar","site-content-layout":"page-builder","ast-site-content-layout":"normal-width-container","site-content-style":"default","site-sidebar-style":"default","ast-global-header-display":"","ast-banner-title-visibility":"","ast-main-header-display":"","ast-hfb-above-header-display":"","ast-hfb-below-header-display":"","ast-hfb-mobile-header-display":"","site-post-title":"disabled","ast-breadcrumbs-content":"","ast-featured-img":"disabled","footer-sml-layout":"","ast-disable-related-posts":"","theme-transparent-header-meta":"default","adv-header-id-meta":"","stick-header-meta":"default","header-above-stick-meta":"","header-main-stick-meta":"","header-below-stick-meta":"","astra-migrate-meta-layouts":"set","ast-page-background-enabled":"default","ast-page-background-meta":{"desktop":{"background-color":"","background-image":"","background-repeat":"repeat","background-position":"center center","background-size":"auto","background-attachment":"scroll","background-type":"","background-media":"","overlay-type":"","overlay-color":"","overlay-opacity":"","overlay-gradient":""},"tablet":{"background-color":"","background-image":"","background-repeat":"repeat","background-position":"center center","background-size":"auto","background-attachment":"scroll","background-type":"","background-media":"","overlay-type":"","overlay-color":"","overlay-opacity":"","overlay-gradient":""},"mobile":{"background-color":"","background-image":"","background-repeat":"repeat","background-position":"center center","background-size":"auto","background-attachment":"scroll","background-type":"","background-media":"","overlay-type":"","overlay-color":"","overlay-opacity":"","overlay-gradient":""}},"ast-content-background-meta":{"desktop":{"background-color":"var(--ast-global-color-5)","background-image":"","background-repeat":"repeat","background-position":"center center","background-size":"auto","background-attachment":"scroll","background-type":"","background-media":"","overlay-type":"","overlay-color":"","overlay-opacity":"","overlay-gradient":""},"tablet":{"background-color":"var(--ast-global-color-5)","background-image":"","background-repeat":"repeat","background-position":"center center","background-size":"auto","background-attachment":"scroll","background-type":"","background-media":"","overlay-type":"","overlay-color":"","overlay-opacity":"","overlay-gradient":""},"mobile":{"background-color":"var(--ast-global-color-5)","background-image":"","background-repeat":"repeat","background-position":"center center","background-size":"auto","background-attachment":"scroll","background-type":"","background-media":"","overlay-type":"","overlay-color":"","overlay-opacity":"","overlay-gradient":""}}},"product_brand":[42],"product_cat":[48,86,15],"product_tag":[],"class_list":{"0":"post-4676","1":"product","2":"type-product","3":"status-publish","4":"has-post-thumbnail","6":"product_brand-randm-tornado","7":"product_cat-randm-tornado-30000-concentre-de-fun","8":"product_cat-puff-30k","9":"product_cat-magasin-cigarette-electronique","10":"desktop-align-center","11":"tablet-align-center","12":"mobile-align-center","13":"ast-product-gallery-layout-horizontal","14":"ast-product-gallery-with-no-image","15":"ast-product-single-variable","16":"ast-product-tabs-layout-horizontal","17":"ast-qv-on-image","19":"first","20":"instock","21":"sale","22":"shipping-taxable","23":"purchasable","24":"product-type-variable","25":"has-default-attributes"},"tiered_pricing_type":"fixed","tiered_pricing_fixed_rules":{"50":9.38,"100":8.45,"200":7.95,"400":7.59},"tiered_pricing_product_settings":{"layout":"default","base_unit_name":{"singular":null,"plural":null},"default_variation":null},"tiered_pricing_minimum_quantity":null,"tiered_pricing_roles_data":[],"tiered_pricing_percentage_rules":[],"_links":{"self":[{"href":"https:\/\/puffvapestore.com\/pt\/wp-json\/wp\/v2\/product\/4676","targetHints":{"allow":["GET"]}}],"collection":[{"href":"https:\/\/puffvapestore.com\/pt\/wp-json\/wp\/v2\/product"}],"about":[{"href":"https:\/\/puffvapestore.com\/pt\/wp-json\/wp\/v2\/types\/product"}],"replies":[{"embeddable":true,"href":"https:\/\/puffvapestore.com\/pt\/wp-json\/wp\/v2\/comments?post=4676"}],"version-history":[{"count":7,"href":"https:\/\/puffvapestore.com\/pt\/wp-json\/wp\/v2\/product\/4676\/revisions"}],"predecessor-version":[{"id":4754,"href":"https:\/\/puffvapestore.com\/pt\/wp-json\/wp\/v2\/product\/4676\/revisions\/4754"}],"wp:featuredmedia":[{"embeddable":true,"href":"https:\/\/puffvapestore.com\/pt\/wp-json\/wp\/v2\/media\/4499"}],"wp:attachment":[{"href":"https:\/\/puffvapestore.com\/pt\/wp-json\/wp\/v2\/media?parent=4676"}],"wp:term":[{"taxonomy":"product_brand","embeddable":true,"href":"https:\/\/puffvapestore.com\/pt\/wp-json\/wp\/v2\/product_brand?post=4676"},{"taxonomy":"product_cat","embeddable":true,"href":"https:\/\/puffvapestore.com\/pt\/wp-json\/wp\/v2\/product_cat?post=4676"},{"taxonomy":"product_tag","embeddable":true,"href":"https:\/\/puffvapestore.com\/pt\/wp-json\/wp\/v2\/product_tag?post=4676"}],"curies":[{"name":"wp","href":"https:\/\/api.w.org\/{rel}","templated":true}]}}