{"id":4667,"date":"2025-07-08T08:15:28","date_gmt":"2025-07-08T08:15:28","guid":{"rendered":"https:\/\/puffvapestore.com\/?post_type=product&#038;p=4667"},"modified":"2026-01-19T10:36:01","modified_gmt":"2026-01-19T10:36:01","slug":"randm-30000-puff-lush-ice","status":"publish","type":"product","link":"https:\/\/puffvapestore.com\/pt\/product\/randm-30000-puff-lush-ice\/","title":{"rendered":"Lush Ice - RandM Tornado 30000"},"content":{"rendered":"<div data-elementor-type=\"wp-post\" data-elementor-id=\"4667\" class=\"elementor elementor-4667\">\n\t\t\t\t<div class=\"elementor-element elementor-element-08c26f9 e-flex e-con-boxed e-con e-parent\" data-id=\"08c26f9\" data-element_type=\"container\" data-e-type=\"container\">\n\t\t\t\t\t<div class=\"e-con-inner\">\n\t\t\t\t<div class=\"elementor-element elementor-element-a005a97 elementor-widget elementor-widget-text-editor\" data-id=\"a005a97\" data-element_type=\"widget\" data-e-type=\"widget\" data-widget_type=\"text-editor.default\">\n\t\t\t\t<div class=\"elementor-widget-container\">\n\t\t\t\t\t\t\t\t\t<p>Lush Ice \u00e9 um sabor cl\u00e1ssico de cigarro eletr\u00f3nico, frutado e refrescante, dominado pela melancia doce, com um travo a menta fresca, para uma experi\u00eancia de fumo estimulante. Este sabor foi concebido para os dias quentes de ver\u00e3o e para o uso di\u00e1rio, para quem procura uma sensa\u00e7\u00e3o refrescante, combinando a do\u00e7ura da fruta com a frescura do gelo.<\/p><h2>Nota principal: aroma sumarento de melancia.<\/h2><p>Do\u00e7ura natural: O fumo liberta um aroma muito realista de polpa de melancia, longe do sabor artificial dos doces, mas pr\u00f3ximo da do\u00e7ura sumarenta e ligeiramente perfumada de uma verdadeira melancia madura.<\/p><p>Polpa do fruto: Sente-se a polpa do fruto na boca, como se estivesse a mastigar uma melancia, com o sumo a jorrar. A do\u00e7ura \u00e9 acompanhada por um ligeiro toque de verde, para um sabor equilibrado.<\/p><h2>Notas secund\u00e1rias : Menta fresca<\/h2><p>Sensa\u00e7\u00e3o de gelo m\u00e9dia a forte: Ao inalar, a garganta \u00e9 imediatamente atingida pelo frio. Esta sensa\u00e7\u00e3o de arrefecimento n\u00e3o \u00e9 um frio intenso que perfura a garganta, mas uma sensa\u00e7\u00e3o de gelo refrescante que se espalha gradualmente, deslizando da boca para a garganta.<\/p><p>Frescura e do\u00e7ura: Esta frescura combina perfeitamente com a do\u00e7ura e n\u00e3o interrompe a continuidade do sabor frutado, mas torna o sabor da melancia mais refrescante.<\/p><h2>Nota de base e sabor residual<\/h2><p>Aroma persistente: Alguns segundos ap\u00f3s a inala\u00e7\u00e3o, ainda \u00e9 poss\u00edvel detetar um ligeiro aroma frutado de melancia e uma sensa\u00e7\u00e3o de frescura no paladar, sem sensa\u00e7\u00e3o de gordura, ideal para um consumo prolongado.<\/p><p>Limpo e n\u00e3o gorduroso: Ao contr\u00e1rio de alguns cigarros electr\u00f3nicos frutados com um sabor \u00abgorduroso\u00bb ou \u00abxaroposo\u00bb, o Lush Ice tende a ser mais frutado e limpo, com um subtil sabor a ervas, oferecendo uma verdadeira experi\u00eancia de melancia gelada no ver\u00e3o.<\/p><h2>Detalhes e experi\u00eancia<\/h2><p>Refrescante e refrescante: Lush Ice \u00e9 descrito como \u00abuma fus\u00e3o perfeita de melancia tropical e menta fresca\u00bb, particularmente adequada para utilizadores em busca de frescura. A sua sensa\u00e7\u00e3o refrescante \u00e9 compar\u00e1vel \u00e0 de um copo de sumo de melancia gelado num dia quente de ver\u00e3o, proporcionando uma sensa\u00e7\u00e3o imediata de bem-estar.<\/p><p>Utiliza\u00e7\u00e3o: Este aroma \u00e9 ideal para uso di\u00e1rio, particularmente durante actividades ao ar livre, eventos sociais ou como refrescante. A sua mistura fresca e frutada torna-o um aroma vers\u00e1til, adequado tanto para principiantes como para utilizadores experientes.<\/p>\t\t\t\t\t\t\t\t<\/div>\n\t\t\t\t<\/div>\n\t\t\t\t\t<\/div>\n\t\t\t\t<\/div>\n\t\t<div class=\"elementor-element elementor-element-718b380 e-flex e-con-boxed e-con e-parent\" data-id=\"718b380\" data-element_type=\"container\" data-e-type=\"container\">\n\t\t\t\t\t<div class=\"e-con-inner\">\n\t\t\t\t<div class=\"elementor-element elementor-element-d2cc8fa elementor-widget elementor-widget-text-editor\" data-id=\"d2cc8fa\" data-element_type=\"widget\" data-e-type=\"widget\" data-widget_type=\"text-editor.default\">\n\t\t\t\t<div class=\"elementor-widget-container\">\n\t\t\t\t\t\t\t\t\t<h2>Especifica\u00e7\u00f5es do RandM Tornado 30000 :<\/h2><p>N\u00famero de baforadas: At\u00e9 30.000 baforadas, o que o torna um dos cigarros electr\u00f3nicos descart\u00e1veis mais duradouros do mercado.<\/p><p>Bateria: Equipado com uma bateria recarreg\u00e1vel de 600 mAh, \u00e9 recarregado atrav\u00e9s de uma porta Tipo C para um carregamento r\u00e1pido e eficiente.<\/p><p>Capacidade do dep\u00f3sito : Capacidade para 25 ml de e-l\u00edquido pr\u00e9-cheio.<\/p><p>Dosagem de nicotina: Dispon\u00edvel em 2 sais de nicotina % ou 5 sais de nicotina % para satisfazer todas as necessidades.<\/p><p>Tecnologia Mesh Coil: Garante uma experi\u00eancia de vaporiza\u00e7\u00e3o consistente, suave e deliciosa, aquecendo uniformemente o e-l\u00edquido.<\/p><p>Design: A sua caixa leve e transparente monitoriza o n\u00edvel de e-l\u00edquido e tem luzes indicadoras din\u00e2micas que mostram a atividade da resist\u00eancia de malha.<\/p><p>Fun\u00e7\u00e3o musical: Equipado com um conjunto \u00fanico de luzes RGB sincronizadas com a m\u00fasica, d\u00e1 um toque visual e divertido aos seus cigarros electr\u00f3nicos.<\/p><p>Durabilidade: Fabricado com materiais de \u00faltima gera\u00e7\u00e3o, \u00e9 altamente fi\u00e1vel e possui tecnologia de e-l\u00edquido \u00e0 prova de fugas, o que o torna ideal para utiliza\u00e7\u00e3o di\u00e1ria e viagens.<\/p><h2>Desempenho e vantagens do RandM Tornado 30000<\/h2><p>Dura\u00e7\u00e3o do l\u00edquido: 25 ml de l\u00edquido pr\u00e9-carregado permitem uma utiliza\u00e7\u00e3o duradoura sem recarga, mas a dura\u00e7\u00e3o da utiliza\u00e7\u00e3o varia consoante a utiliza\u00e7\u00e3o. Os utilizadores regulares de cigarros electr\u00f3nicos podem utiliz\u00e1-lo durante semanas, enquanto os utilizadores regulares podem utiliz\u00e1-lo durante meses.<\/p><p>Sabor: Gra\u00e7as \u00e0 tecnologia de resist\u00eancia da malha, o sabor \u00e9 naturalmente rico e o volume de fumo \u00e9 est\u00e1vel.<\/p><p>F\u00e1cil de utilizar: Sem bot\u00f5es ou defini\u00e7\u00f5es complicadas, basta aspirar para ativar, f\u00e1cil de utilizar mesmo para principiantes. Sem manuten\u00e7\u00e3o (n\u00e3o \u00e9 necess\u00e1rio recarregar ou substituir o elemento de aquecimento), o que \u00e9 ainda mais pr\u00e1tico.<\/p><p>Design: A ilumina\u00e7\u00e3o LED e a estrutura ergon\u00f3mica contribuem para o seu atrativo.<\/p>\t\t\t\t\t\t\t\t<\/div>\n\t\t\t\t<\/div>\n\t\t\t\t\t<\/div>\n\t\t\t\t<\/div>\n\t\t\t\t<\/div>","protected":false},"excerpt":{"rendered":"<p>Lush Ice est un ar\u00f4me classique de cigarette \u00e9lectronique, fruit\u00e9 et rafra\u00eechissant, domin\u00e9 par la past\u00e8que sucr\u00e9e, avec un arri\u00e8re-go\u00fbt menthol\u00e9 frais, pour une exp\u00e9rience de fumage exaltante. Cet ar\u00f4me est con\u00e7u pour les chaudes journ\u00e9es d&rsquo;\u00e9t\u00e9 comme pour une utilisation quotidienne, pour ceux qui recherchent une sensation de fra\u00eecheur, alliant la douceur des fruits [&hellip;]<\/p>\n","protected":false},"featured_media":4494,"comment_status":"open","ping_status":"closed","template":"","meta":{"site-sidebar-layout":"no-sidebar","site-content-layout":"page-builder","ast-site-content-layout":"normal-width-container","site-content-style":"default","site-sidebar-style":"default","ast-global-header-display":"","ast-banner-title-visibility":"","ast-main-header-display":"","ast-hfb-above-header-display":"","ast-hfb-below-header-display":"","ast-hfb-mobile-header-display":"","site-post-title":"disabled","ast-breadcrumbs-content":"","ast-featured-img":"disabled","footer-sml-layout":"","ast-disable-related-posts":"","theme-transparent-header-meta":"default","adv-header-id-meta":"","stick-header-meta":"default","header-above-stick-meta":"","header-main-stick-meta":"","header-below-stick-meta":"","astra-migrate-meta-layouts":"set","ast-page-background-enabled":"default","ast-page-background-meta":{"desktop":{"background-color":"","background-image":"","background-repeat":"repeat","background-position":"center center","background-size":"auto","background-attachment":"scroll","background-type":"","background-media":"","overlay-type":"","overlay-color":"","overlay-opacity":"","overlay-gradient":""},"tablet":{"background-color":"","background-image":"","background-repeat":"repeat","background-position":"center center","background-size":"auto","background-attachment":"scroll","background-type":"","background-media":"","overlay-type":"","overlay-color":"","overlay-opacity":"","overlay-gradient":""},"mobile":{"background-color":"","background-image":"","background-repeat":"repeat","background-position":"center center","background-size":"auto","background-attachment":"scroll","background-type":"","background-media":"","overlay-type":"","overlay-color":"","overlay-opacity":"","overlay-gradient":""}},"ast-content-background-meta":{"desktop":{"background-color":"var(--ast-global-color-5)","background-image":"","background-repeat":"repeat","background-position":"center center","background-size":"auto","background-attachment":"scroll","background-type":"","background-media":"","overlay-type":"","overlay-color":"","overlay-opacity":"","overlay-gradient":""},"tablet":{"background-color":"var(--ast-global-color-5)","background-image":"","background-repeat":"repeat","background-position":"center center","background-size":"auto","background-attachment":"scroll","background-type":"","background-media":"","overlay-type":"","overlay-color":"","overlay-opacity":"","overlay-gradient":""},"mobile":{"background-color":"var(--ast-global-color-5)","background-image":"","background-repeat":"repeat","background-position":"center center","background-size":"auto","background-attachment":"scroll","background-type":"","background-media":"","overlay-type":"","overlay-color":"","overlay-opacity":"","overlay-gradient":""}}},"product_brand":[42],"product_cat":[48,86,15],"product_tag":[],"class_list":{"0":"post-4667","1":"product","2":"type-product","3":"status-publish","4":"has-post-thumbnail","6":"product_brand-randm-tornado","7":"product_cat-randm-tornado-30000-concentre-de-fun","8":"product_cat-puff-30k","9":"product_cat-magasin-cigarette-electronique","10":"desktop-align-center","11":"tablet-align-center","12":"mobile-align-center","13":"ast-product-gallery-layout-horizontal","14":"ast-product-gallery-with-no-image","15":"ast-product-single-variable","16":"ast-product-tabs-layout-horizontal","17":"ast-qv-on-image","19":"first","20":"instock","21":"sale","22":"shipping-taxable","23":"purchasable","24":"product-type-variable","25":"has-default-attributes"},"tiered_pricing_type":"fixed","tiered_pricing_fixed_rules":{"50":9.38,"100":8.45,"200":7.95,"400":7.59},"tiered_pricing_product_settings":{"layout":"default","base_unit_name":{"singular":null,"plural":null},"default_variation":null},"tiered_pricing_minimum_quantity":null,"tiered_pricing_roles_data":[],"tiered_pricing_percentage_rules":[],"_links":{"self":[{"href":"https:\/\/puffvapestore.com\/pt\/wp-json\/wp\/v2\/product\/4667","targetHints":{"allow":["GET"]}}],"collection":[{"href":"https:\/\/puffvapestore.com\/pt\/wp-json\/wp\/v2\/product"}],"about":[{"href":"https:\/\/puffvapestore.com\/pt\/wp-json\/wp\/v2\/types\/product"}],"replies":[{"embeddable":true,"href":"https:\/\/puffvapestore.com\/pt\/wp-json\/wp\/v2\/comments?post=4667"}],"version-history":[{"count":6,"href":"https:\/\/puffvapestore.com\/pt\/wp-json\/wp\/v2\/product\/4667\/revisions"}],"predecessor-version":[{"id":4675,"href":"https:\/\/puffvapestore.com\/pt\/wp-json\/wp\/v2\/product\/4667\/revisions\/4675"}],"wp:featuredmedia":[{"embeddable":true,"href":"https:\/\/puffvapestore.com\/pt\/wp-json\/wp\/v2\/media\/4494"}],"wp:attachment":[{"href":"https:\/\/puffvapestore.com\/pt\/wp-json\/wp\/v2\/media?parent=4667"}],"wp:term":[{"taxonomy":"product_brand","embeddable":true,"href":"https:\/\/puffvapestore.com\/pt\/wp-json\/wp\/v2\/product_brand?post=4667"},{"taxonomy":"product_cat","embeddable":true,"href":"https:\/\/puffvapestore.com\/pt\/wp-json\/wp\/v2\/product_cat?post=4667"},{"taxonomy":"product_tag","embeddable":true,"href":"https:\/\/puffvapestore.com\/pt\/wp-json\/wp\/v2\/product_tag?post=4667"}],"curies":[{"name":"wp","href":"https:\/\/api.w.org\/{rel}","templated":true}]}}