{"id":4648,"date":"2025-07-08T05:57:41","date_gmt":"2025-07-08T05:57:41","guid":{"rendered":"https:\/\/puffvapestore.com\/?post_type=product&#038;p=4648"},"modified":"2026-01-19T10:36:00","modified_gmt":"2026-01-19T10:36:00","slug":"randm-tornado-30000-puff-blue-razz-ice","status":"publish","type":"product","link":"https:\/\/puffvapestore.com\/pt\/product\/randm-tornado-30000-puff-blue-razz-ice\/","title":{"rendered":"Azul Razz Ice - RandM Tornado 30000"},"content":{"rendered":"<div data-elementor-type=\"wp-post\" data-elementor-id=\"4648\" class=\"elementor elementor-4648\">\n\t\t\t\t<div class=\"elementor-element elementor-element-08c26f9 e-flex e-con-boxed e-con e-parent\" data-id=\"08c26f9\" data-element_type=\"container\" data-e-type=\"container\">\n\t\t\t\t\t<div class=\"e-con-inner\">\n\t\t\t\t<div class=\"elementor-element elementor-element-a005a97 elementor-widget elementor-widget-text-editor\" data-id=\"a005a97\" data-element_type=\"widget\" data-e-type=\"widget\" data-widget_type=\"text-editor.default\">\n\t\t\t\t<div class=\"elementor-widget-container\">\n\t\t\t\t\t\t\t\t\t<p>RandM Tornado 30000 Blue Razz Ice \u00e9 um aroma de cigarro eletr\u00f3nico com os sabores principais de mirtilo e framboesa, combinados com notas refrescantes de mentol. Este sabor \u00e9 apreciado por muitos utilizadores pela sua mistura \u00fanica de do\u00e7ura, acidez e frescura:<\/p><h2>1. Sabor principal : Mirtilo e framboesa (Blue Razz)<\/h2><p>Base doce: O cora\u00e7\u00e3o do Blue Razz Ice \u00e9 uma fus\u00e3o de mirtilo e framboesa, oferecendo uma experi\u00eancia frutada suave e n\u00e3o oleosa. O mirtilo acrescenta uma do\u00e7ura suave e arredondada com um leve aroma a frutos silvestres, enquanto a framboesa acrescenta um toque de do\u00e7ura e uma acidez crocante, dando ao sabor uma sensa\u00e7\u00e3o mais complexa.<\/p><p>Carater\u00edsticas azedas e refrescantes: A acidez das framboesas \u00e9 um dos pontos altos deste sabor. Ao primeiro gole, sente-se uma ligeira acidez, como se se mordesse uma baga fresca. Esta acidez \u00e9 equilibrada pela do\u00e7ura dos mirtilos, evitando a monotonia de um \u00fanico sabor doce.<\/p><h2>2. Experi\u00eancia refrescante do mentol<\/h2><p>Sensa\u00e7\u00e3o refrescante: A sensa\u00e7\u00e3o refrescante do Blue Razz Ice prov\u00e9m da adi\u00e7\u00e3o de mentol. Este efeito refrescante desenvolve-se gradualmente na inspira\u00e7\u00e3o, atingindo o seu pico na expira\u00e7\u00e3o. A sensa\u00e7\u00e3o refrescante do mentol n\u00e3o \u00e9 demasiado irritante, mas envolve a boca e a garganta numa do\u00e7ura cremosa, proporcionando uma sensa\u00e7\u00e3o refrescante e gelada.<\/p><p>Final de boca persistente : Depois de expirar, a frescura do mentol permanece no paladar, acompanhada por um ligeiro travo frutado, para um final limpo e refrescante.<\/p><p>Blue Razz Ice \u00e9 um sabor muito equilibrado, oferecendo tr\u00eas sensa\u00e7\u00f5es: doce, \u00e1cido e fresco.<\/p><ul><li>Adequado para os f\u00e3s de sabores frutados sem serem demasiado doces.<\/li><li>A sensa\u00e7\u00e3o de arrefecimento \u00e9 refrescante mas n\u00e3o excessivamente estimulante, o que a torna adequada para fumar todos os dias.<\/li><li>A transi\u00e7\u00e3o entre as notas de topo, m\u00e9dias e de base \u00e9 natural, com uma forte sensa\u00e7\u00e3o de estratifica\u00e7\u00e3o.<\/li><\/ul><p>Se gosta da combina\u00e7\u00e3o de frutos silvestres refrescantes com uma sensa\u00e7\u00e3o de gelo, este sabor \u00e9 a escolha ideal.<\/p>\t\t\t\t\t\t\t\t<\/div>\n\t\t\t\t<\/div>\n\t\t\t\t\t<\/div>\n\t\t\t\t<\/div>\n\t\t<div class=\"elementor-element elementor-element-718b380 e-flex e-con-boxed e-con e-parent\" data-id=\"718b380\" data-element_type=\"container\" data-e-type=\"container\">\n\t\t\t\t\t<div class=\"e-con-inner\">\n\t\t\t\t<div class=\"elementor-element elementor-element-d2cc8fa elementor-widget elementor-widget-text-editor\" data-id=\"d2cc8fa\" data-element_type=\"widget\" data-e-type=\"widget\" data-widget_type=\"text-editor.default\">\n\t\t\t\t<div class=\"elementor-widget-container\">\n\t\t\t\t\t\t\t\t\t<h2>Especifica\u00e7\u00f5es do RandM Tornado 30000 :<\/h2><p>N\u00famero de baforadas: At\u00e9 30.000 baforadas, o que o torna um dos cigarros electr\u00f3nicos descart\u00e1veis mais duradouros do mercado.<\/p><p>Bateria: Equipado com uma bateria recarreg\u00e1vel de 600 mAh, \u00e9 recarregado atrav\u00e9s de uma porta Tipo C para um carregamento r\u00e1pido e eficiente.<\/p><p>Capacidade do dep\u00f3sito : Capacidade para 25 ml de e-l\u00edquido pr\u00e9-cheio.<\/p><p>Dosagem de nicotina: Dispon\u00edvel em 2 sais de nicotina % ou 5 sais de nicotina % para satisfazer todas as necessidades.<\/p><p>Tecnologia Mesh Coil: Garante uma experi\u00eancia de vaporiza\u00e7\u00e3o consistente, suave e deliciosa, aquecendo uniformemente o e-l\u00edquido.<\/p><p>Design: A sua caixa leve e transparente monitoriza o n\u00edvel de e-l\u00edquido e tem luzes indicadoras din\u00e2micas que mostram a atividade da resist\u00eancia de malha.<\/p><p>Fun\u00e7\u00e3o musical: Equipado com um conjunto \u00fanico de luzes RGB sincronizadas com a m\u00fasica, d\u00e1 um toque visual e divertido aos seus cigarros electr\u00f3nicos.<\/p><p>Durabilidade: Fabricado com materiais de \u00faltima gera\u00e7\u00e3o, \u00e9 altamente fi\u00e1vel e possui tecnologia de e-l\u00edquido \u00e0 prova de fugas, o que o torna ideal para utiliza\u00e7\u00e3o di\u00e1ria e viagens.<\/p><h2>Desempenho e vantagens do RandM Tornado 30000<\/h2><p>Dura\u00e7\u00e3o do l\u00edquido: 25 ml de l\u00edquido pr\u00e9-carregado permitem uma utiliza\u00e7\u00e3o duradoura sem recarga, mas a dura\u00e7\u00e3o da utiliza\u00e7\u00e3o varia consoante a utiliza\u00e7\u00e3o. Os utilizadores regulares de cigarros electr\u00f3nicos podem utiliz\u00e1-lo durante semanas, enquanto os utilizadores regulares podem utiliz\u00e1-lo durante meses.<\/p><p>Sabor: Gra\u00e7as \u00e0 tecnologia de resist\u00eancia da malha, o sabor \u00e9 naturalmente rico e o volume de fumo \u00e9 est\u00e1vel.<\/p><p>F\u00e1cil de utilizar: Sem bot\u00f5es ou defini\u00e7\u00f5es complicadas, basta aspirar para ativar, f\u00e1cil de utilizar mesmo para principiantes. Sem manuten\u00e7\u00e3o (n\u00e3o \u00e9 necess\u00e1rio recarregar ou substituir o elemento de aquecimento), o que \u00e9 ainda mais pr\u00e1tico.<\/p><p>Design: A ilumina\u00e7\u00e3o LED e a estrutura ergon\u00f3mica contribuem para o seu atrativo.<\/p>\t\t\t\t\t\t\t\t<\/div>\n\t\t\t\t<\/div>\n\t\t\t\t\t<\/div>\n\t\t\t\t<\/div>\n\t\t\t\t<\/div>","protected":false},"excerpt":{"rendered":"<p>RandM Tornado 30000 Blue Razz Ice est un ar\u00f4me pour cigarette \u00e9lectronique aux ar\u00f4mes principaux de myrtille et de framboise, associ\u00e9s \u00e0 des notes menthol\u00e9es rafra\u00eechissantes. Cet ar\u00f4me est appr\u00e9ci\u00e9 par de nombreux utilisateurs pour son m\u00e9lange unique de douceur, d&rsquo;acidit\u00e9 et de fra\u00eecheur\u00a0: 1. Ar\u00f4me principal\u00a0: Myrtille et framboise (Blue Razz) Base sucr\u00e9e\u00a0: Le [&hellip;]<\/p>\n","protected":false},"featured_media":4480,"comment_status":"open","ping_status":"closed","template":"","meta":{"site-sidebar-layout":"no-sidebar","site-content-layout":"page-builder","ast-site-content-layout":"normal-width-container","site-content-style":"default","site-sidebar-style":"default","ast-global-header-display":"","ast-banner-title-visibility":"","ast-main-header-display":"","ast-hfb-above-header-display":"","ast-hfb-below-header-display":"","ast-hfb-mobile-header-display":"","site-post-title":"disabled","ast-breadcrumbs-content":"","ast-featured-img":"disabled","footer-sml-layout":"","ast-disable-related-posts":"","theme-transparent-header-meta":"default","adv-header-id-meta":"","stick-header-meta":"default","header-above-stick-meta":"","header-main-stick-meta":"","header-below-stick-meta":"","astra-migrate-meta-layouts":"set","ast-page-background-enabled":"default","ast-page-background-meta":{"desktop":{"background-color":"","background-image":"","background-repeat":"repeat","background-position":"center center","background-size":"auto","background-attachment":"scroll","background-type":"","background-media":"","overlay-type":"","overlay-color":"","overlay-opacity":"","overlay-gradient":""},"tablet":{"background-color":"","background-image":"","background-repeat":"repeat","background-position":"center center","background-size":"auto","background-attachment":"scroll","background-type":"","background-media":"","overlay-type":"","overlay-color":"","overlay-opacity":"","overlay-gradient":""},"mobile":{"background-color":"","background-image":"","background-repeat":"repeat","background-position":"center center","background-size":"auto","background-attachment":"scroll","background-type":"","background-media":"","overlay-type":"","overlay-color":"","overlay-opacity":"","overlay-gradient":""}},"ast-content-background-meta":{"desktop":{"background-color":"var(--ast-global-color-5)","background-image":"","background-repeat":"repeat","background-position":"center center","background-size":"auto","background-attachment":"scroll","background-type":"","background-media":"","overlay-type":"","overlay-color":"","overlay-opacity":"","overlay-gradient":""},"tablet":{"background-color":"var(--ast-global-color-5)","background-image":"","background-repeat":"repeat","background-position":"center center","background-size":"auto","background-attachment":"scroll","background-type":"","background-media":"","overlay-type":"","overlay-color":"","overlay-opacity":"","overlay-gradient":""},"mobile":{"background-color":"var(--ast-global-color-5)","background-image":"","background-repeat":"repeat","background-position":"center center","background-size":"auto","background-attachment":"scroll","background-type":"","background-media":"","overlay-type":"","overlay-color":"","overlay-opacity":"","overlay-gradient":""}}},"product_brand":[42],"product_cat":[48,86,15],"product_tag":[],"class_list":{"0":"post-4648","1":"product","2":"type-product","3":"status-publish","4":"has-post-thumbnail","6":"product_brand-randm-tornado","7":"product_cat-randm-tornado-30000-concentre-de-fun","8":"product_cat-puff-30k","9":"product_cat-magasin-cigarette-electronique","10":"desktop-align-center","11":"tablet-align-center","12":"mobile-align-center","13":"ast-product-gallery-layout-horizontal","14":"ast-product-gallery-with-no-image","15":"ast-product-single-variable","16":"ast-product-tabs-layout-horizontal","17":"ast-qv-on-image","19":"first","20":"instock","21":"sale","22":"shipping-taxable","23":"purchasable","24":"product-type-variable","25":"has-default-attributes"},"tiered_pricing_type":"fixed","tiered_pricing_fixed_rules":{"50":9.38,"100":8.45,"200":7.95,"400":7.59},"tiered_pricing_product_settings":{"layout":"default","base_unit_name":{"singular":null,"plural":null},"default_variation":null},"tiered_pricing_minimum_quantity":null,"tiered_pricing_roles_data":[],"tiered_pricing_percentage_rules":[],"_links":{"self":[{"href":"https:\/\/puffvapestore.com\/pt\/wp-json\/wp\/v2\/product\/4648","targetHints":{"allow":["GET"]}}],"collection":[{"href":"https:\/\/puffvapestore.com\/pt\/wp-json\/wp\/v2\/product"}],"about":[{"href":"https:\/\/puffvapestore.com\/pt\/wp-json\/wp\/v2\/types\/product"}],"replies":[{"embeddable":true,"href":"https:\/\/puffvapestore.com\/pt\/wp-json\/wp\/v2\/comments?post=4648"}],"version-history":[{"count":7,"href":"https:\/\/puffvapestore.com\/pt\/wp-json\/wp\/v2\/product\/4648\/revisions"}],"predecessor-version":[{"id":4657,"href":"https:\/\/puffvapestore.com\/pt\/wp-json\/wp\/v2\/product\/4648\/revisions\/4657"}],"wp:featuredmedia":[{"embeddable":true,"href":"https:\/\/puffvapestore.com\/pt\/wp-json\/wp\/v2\/media\/4480"}],"wp:attachment":[{"href":"https:\/\/puffvapestore.com\/pt\/wp-json\/wp\/v2\/media?parent=4648"}],"wp:term":[{"taxonomy":"product_brand","embeddable":true,"href":"https:\/\/puffvapestore.com\/pt\/wp-json\/wp\/v2\/product_brand?post=4648"},{"taxonomy":"product_cat","embeddable":true,"href":"https:\/\/puffvapestore.com\/pt\/wp-json\/wp\/v2\/product_cat?post=4648"},{"taxonomy":"product_tag","embeddable":true,"href":"https:\/\/puffvapestore.com\/pt\/wp-json\/wp\/v2\/product_tag?post=4648"}],"curies":[{"name":"wp","href":"https:\/\/api.w.org\/{rel}","templated":true}]}}