{"id":4518,"date":"2025-07-07T09:40:14","date_gmt":"2025-07-07T09:40:14","guid":{"rendered":"https:\/\/puffvapestore.com\/?post_type=product&#038;p=4518"},"modified":"2026-01-19T10:36:00","modified_gmt":"2026-01-19T10:36:00","slug":"randm-tornado-30000-propose-30-saveurs","status":"publish","type":"product","link":"https:\/\/puffvapestore.com\/pt\/product\/randm-tornado-30000-oferece-30-sabores\/","title":{"rendered":"RandM Tornado 30000: oferece 30000 baforadas de fumo, carrega atrav\u00e9s da porta Type-C"},"content":{"rendered":"<div data-elementor-type=\"wp-post\" data-elementor-id=\"4518\" class=\"elementor elementor-4518\">\n\t\t\t\t<div class=\"elementor-element elementor-element-718b380 e-flex e-con-boxed e-con e-parent\" data-id=\"718b380\" data-element_type=\"container\" data-e-type=\"container\">\n\t\t\t\t\t<div class=\"e-con-inner\">\n\t\t\t\t<div class=\"elementor-element elementor-element-d2cc8fa elementor-widget elementor-widget-text-editor\" data-id=\"d2cc8fa\" data-element_type=\"widget\" data-e-type=\"widget\" data-widget_type=\"text-editor.default\">\n\t\t\t\t<div class=\"elementor-widget-container\">\n\t\t\t\t\t\t\t\t\t<h2>Especifica\u00e7\u00f5es do RandM Tornado 30000 :<\/h2><p>N\u00famero de baforadas: At\u00e9 30.000 baforadas, o que o torna um dos cigarros electr\u00f3nicos descart\u00e1veis mais duradouros do mercado.<\/p><p>Bateria: Equipado com uma bateria recarreg\u00e1vel de 600 mAh, \u00e9 recarregado atrav\u00e9s de uma porta Tipo C para um carregamento r\u00e1pido e eficiente.<\/p><p>Capacidade do dep\u00f3sito : Capacidade para 25 ml de e-l\u00edquido pr\u00e9-cheio.<\/p><p>Dosagem de nicotina: Dispon\u00edvel em 2 sais de nicotina % ou 5 sais de nicotina % para satisfazer todas as necessidades.<\/p><p>Tecnologia Mesh Coil: Garante uma experi\u00eancia de vaporiza\u00e7\u00e3o consistente, suave e deliciosa, aquecendo uniformemente o e-l\u00edquido.<\/p><p>Design: A sua caixa leve e transparente monitoriza o n\u00edvel de e-l\u00edquido e tem luzes indicadoras din\u00e2micas que mostram a atividade da resist\u00eancia de malha.<\/p><p>Fun\u00e7\u00e3o musical: Equipado com um conjunto \u00fanico de luzes RGB sincronizadas com a m\u00fasica, d\u00e1 um toque visual e divertido aos seus cigarros electr\u00f3nicos.<\/p><p>Durabilidade: Fabricado com materiais de \u00faltima gera\u00e7\u00e3o, \u00e9 altamente fi\u00e1vel e possui tecnologia de e-l\u00edquido \u00e0 prova de fugas, o que o torna ideal para utiliza\u00e7\u00e3o di\u00e1ria e viagens.<\/p><h2>Desempenho e vantagens do RandM Tornado 30000<\/h2><p>Dura\u00e7\u00e3o do l\u00edquido: 25 ml de l\u00edquido pr\u00e9-carregado permitem uma utiliza\u00e7\u00e3o duradoura sem recarga, mas a dura\u00e7\u00e3o da utiliza\u00e7\u00e3o varia consoante a utiliza\u00e7\u00e3o. Os utilizadores regulares de cigarros electr\u00f3nicos podem utiliz\u00e1-lo durante semanas, enquanto os utilizadores regulares podem utiliz\u00e1-lo durante meses.<\/p><p>Sabor: Gra\u00e7as \u00e0 tecnologia de resist\u00eancia da malha, o sabor \u00e9 naturalmente rico e o volume de fumo \u00e9 est\u00e1vel.<\/p><p>F\u00e1cil de utilizar: Sem bot\u00f5es ou defini\u00e7\u00f5es complicadas, basta aspirar para ativar, f\u00e1cil de utilizar mesmo para principiantes. Sem manuten\u00e7\u00e3o (n\u00e3o \u00e9 necess\u00e1rio recarregar ou substituir o elemento de aquecimento), o que \u00e9 ainda mais pr\u00e1tico.<\/p><p>Design: A ilumina\u00e7\u00e3o LED e a estrutura ergon\u00f3mica contribuem para o seu atrativo.<\/p>\t\t\t\t\t\t\t\t<\/div>\n\t\t\t\t<\/div>\n\t\t\t\t\t<\/div>\n\t\t\t\t<\/div>\n\t\t<div class=\"elementor-element elementor-element-08c26f9 e-flex e-con-boxed e-con e-parent\" data-id=\"08c26f9\" data-element_type=\"container\" data-e-type=\"container\">\n\t\t\t\t\t<div class=\"e-con-inner\">\n\t\t\t\t<div class=\"elementor-element elementor-element-a005a97 elementor-widget elementor-widget-text-editor\" data-id=\"a005a97\" data-element_type=\"widget\" data-e-type=\"widget\" data-widget_type=\"text-editor.default\">\n\t\t\t\t<div class=\"elementor-widget-container\">\n\t\t\t\t\t\t\t\t\t<h2>O RandM Tornado 30000 oferece 30 sabores ricos e variados<\/h2><p>O RandM Tornado 30000 oferece 30 sabores ricos e variados para satisfazer as prefer\u00eancias de cada utilizador. Estes sabores podem ser divididos em v\u00e1rias categorias: gelado de fruta, mistura de fruta e bebidas cl\u00e1ssicas. Os sabores de gelado de fruta s\u00e3o sobretudo refrescantes, com \u00abBanana Ice\u00bb, \u00abBlueberry Ice\u00bb, \u00abGrape Ice\u00bb, etc., dando um toque refrescante aos sabores tradicionais de fruta. Lush Ice\u00ab e \u00bbIce Pop\u00ab oferecem uma experi\u00eancia refrescante mais intensa. A gama de sabores frutados, como \u00bbBlueberry Raspberry\u00ab, \u00bbPeach Mango Pineapple\u00ab e \u00bbStrawberry Watermelon\u00ab, real\u00e7a a sobreposi\u00e7\u00e3o de sabores frutados e equilibra a acidez e a do\u00e7ura.<\/p><p>Os sabores cl\u00e1ssicos da gama de bebidas reproduzem bebidas populares, como a \u00abCherry Cola\u00bb e a \u00abCola Ice\u00bb, que reproduzem a do\u00e7ura da cola, enquanto a \u00abPink Lemonade\u00bb e o \u00abVimto\u00bb trazem o sabor picante familiar das bebidas. Al\u00e9m disso, sabores \u00fanicos como \u00abSkittles\u00bb e \u00abLove 66\u00bb (mel\u00e3o + maracuj\u00e1 + melancia) d\u00e3o um toque de capricho, enquanto \u00abCool Mint\u00bb e \u00abBlack Ice\u00bb s\u00e3o perfeitos para os f\u00e3s de uma frescura intensa. Em suma, o RandM Tornado 30000 abrange uma vasta gama de sabores, desde o fresco ao rico, do fruto \u00fanico \u00e0s misturas complexas, que podem satisfazer as necessidades de diferentes cen\u00e1rios e papilas gustativas.<\/p>\t\t\t\t\t\t\t\t<\/div>\n\t\t\t\t<\/div>\n\t\t\t\t\t<\/div>\n\t\t\t\t<\/div>\n\t\t\t\t<\/div>","protected":false},"excerpt":{"rendered":"<p>Sp\u00e9cifications de la RandM Tornado 30000\u00a0: Nombre de bouff\u00e9es\u00a0: Jusqu&rsquo;\u00e0 30000 bouff\u00e9es, ce qui en fait l&rsquo;une des cigarettes \u00e9lectroniques jetables les plus durables du march\u00e9. Batterie : \u00c9quip\u00e9e d&rsquo;une batterie rechargeable de 600 mAh, elle se recharge via un port Type-C pour une charge rapide et efficace. Capacit\u00e9 du r\u00e9servoir\u00a0: Contient 25\u00a0ml d&rsquo;e-liquide pr\u00e9rempli. [&hellip;]<\/p>\n","protected":false},"featured_media":4508,"comment_status":"open","ping_status":"closed","template":"","meta":{"site-sidebar-layout":"no-sidebar","site-content-layout":"page-builder","ast-site-content-layout":"normal-width-container","site-content-style":"default","site-sidebar-style":"default","ast-global-header-display":"","ast-banner-title-visibility":"","ast-main-header-display":"","ast-hfb-above-header-display":"","ast-hfb-below-header-display":"","ast-hfb-mobile-header-display":"","site-post-title":"disabled","ast-breadcrumbs-content":"","ast-featured-img":"disabled","footer-sml-layout":"","ast-disable-related-posts":"","theme-transparent-header-meta":"default","adv-header-id-meta":"","stick-header-meta":"default","header-above-stick-meta":"","header-main-stick-meta":"","header-below-stick-meta":"","astra-migrate-meta-layouts":"set","ast-page-background-enabled":"default","ast-page-background-meta":{"desktop":{"background-color":"","background-image":"","background-repeat":"repeat","background-position":"center center","background-size":"auto","background-attachment":"scroll","background-type":"","background-media":"","overlay-type":"","overlay-color":"","overlay-opacity":"","overlay-gradient":""},"tablet":{"background-color":"","background-image":"","background-repeat":"repeat","background-position":"center center","background-size":"auto","background-attachment":"scroll","background-type":"","background-media":"","overlay-type":"","overlay-color":"","overlay-opacity":"","overlay-gradient":""},"mobile":{"background-color":"","background-image":"","background-repeat":"repeat","background-position":"center center","background-size":"auto","background-attachment":"scroll","background-type":"","background-media":"","overlay-type":"","overlay-color":"","overlay-opacity":"","overlay-gradient":""}},"ast-content-background-meta":{"desktop":{"background-color":"var(--ast-global-color-5)","background-image":"","background-repeat":"repeat","background-position":"center center","background-size":"auto","background-attachment":"scroll","background-type":"","background-media":"","overlay-type":"","overlay-color":"","overlay-opacity":"","overlay-gradient":""},"tablet":{"background-color":"var(--ast-global-color-5)","background-image":"","background-repeat":"repeat","background-position":"center center","background-size":"auto","background-attachment":"scroll","background-type":"","background-media":"","overlay-type":"","overlay-color":"","overlay-opacity":"","overlay-gradient":""},"mobile":{"background-color":"var(--ast-global-color-5)","background-image":"","background-repeat":"repeat","background-position":"center center","background-size":"auto","background-attachment":"scroll","background-type":"","background-media":"","overlay-type":"","overlay-color":"","overlay-opacity":"","overlay-gradient":""}}},"product_brand":[42],"product_cat":[48,86,15],"product_tag":[],"class_list":{"0":"post-4518","1":"product","2":"type-product","3":"status-publish","4":"has-post-thumbnail","6":"product_brand-randm-tornado","7":"product_cat-randm-tornado-30000-concentre-de-fun","8":"product_cat-puff-30k","9":"product_cat-magasin-cigarette-electronique","10":"desktop-align-center","11":"tablet-align-center","12":"mobile-align-center","13":"ast-product-gallery-layout-horizontal","14":"ast-product-single-variable","15":"ast-product-tabs-layout-horizontal","16":"ast-qv-on-image","18":"first","19":"instock","20":"sale","21":"shipping-taxable","22":"purchasable","23":"product-type-variable","24":"has-default-attributes"},"tiered_pricing_type":"fixed","tiered_pricing_fixed_rules":{"50":9.38,"100":8.45,"200":7.95,"400":7.59},"tiered_pricing_product_settings":{"layout":"default","base_unit_name":{"singular":null,"plural":null},"default_variation":null},"tiered_pricing_minimum_quantity":null,"tiered_pricing_roles_data":[],"tiered_pricing_percentage_rules":[],"_links":{"self":[{"href":"https:\/\/puffvapestore.com\/pt\/wp-json\/wp\/v2\/product\/4518","targetHints":{"allow":["GET"]}}],"collection":[{"href":"https:\/\/puffvapestore.com\/pt\/wp-json\/wp\/v2\/product"}],"about":[{"href":"https:\/\/puffvapestore.com\/pt\/wp-json\/wp\/v2\/types\/product"}],"replies":[{"embeddable":true,"href":"https:\/\/puffvapestore.com\/pt\/wp-json\/wp\/v2\/comments?post=4518"}],"version-history":[{"count":7,"href":"https:\/\/puffvapestore.com\/pt\/wp-json\/wp\/v2\/product\/4518\/revisions"}],"predecessor-version":[{"id":4647,"href":"https:\/\/puffvapestore.com\/pt\/wp-json\/wp\/v2\/product\/4518\/revisions\/4647"}],"wp:featuredmedia":[{"embeddable":true,"href":"https:\/\/puffvapestore.com\/pt\/wp-json\/wp\/v2\/media\/4508"}],"wp:attachment":[{"href":"https:\/\/puffvapestore.com\/pt\/wp-json\/wp\/v2\/media?parent=4518"}],"wp:term":[{"taxonomy":"product_brand","embeddable":true,"href":"https:\/\/puffvapestore.com\/pt\/wp-json\/wp\/v2\/product_brand?post=4518"},{"taxonomy":"product_cat","embeddable":true,"href":"https:\/\/puffvapestore.com\/pt\/wp-json\/wp\/v2\/product_cat?post=4518"},{"taxonomy":"product_tag","embeddable":true,"href":"https:\/\/puffvapestore.com\/pt\/wp-json\/wp\/v2\/product_tag?post=4518"}],"curies":[{"name":"wp","href":"https:\/\/api.w.org\/{rel}","templated":true}]}}