{"id":4451,"date":"2025-07-07T03:16:25","date_gmt":"2025-07-07T03:16:25","guid":{"rendered":"https:\/\/puffvapestore.com\/?post_type=product&#038;p=4451"},"modified":"2026-01-19T10:35:08","modified_gmt":"2026-01-19T10:35:08","slug":"strawberry-mint-candy-randm-tornado-25000","status":"publish","type":"product","link":"https:\/\/puffvapestore.com\/pt\/product\/rebucados-de-morango-e-menta-randm-tornado-25000\/","title":{"rendered":"RandM Tornado 25000 - rebu\u00e7ados de morango e menta"},"content":{"rendered":"<div data-elementor-type=\"wp-post\" data-elementor-id=\"4451\" class=\"elementor elementor-4451\">\n\t\t\t\t<div class=\"elementor-element elementor-element-08c26f9 e-flex e-con-boxed e-con e-parent\" data-id=\"08c26f9\" data-element_type=\"container\" data-e-type=\"container\">\n\t\t\t\t\t<div class=\"e-con-inner\">\n\t\t\t\t<div class=\"elementor-element elementor-element-a005a97 elementor-widget elementor-widget-text-editor\" data-id=\"a005a97\" data-element_type=\"widget\" data-e-type=\"widget\" data-widget_type=\"text-editor.default\">\n\t\t\t\t<div class=\"elementor-widget-container\">\n\t\t\t\t\t\t\t\t\t<p>No sul de Fran\u00e7a, onde o azul do c\u00e9u e o azul do Mediterr\u00e2neo se misturam, o sol brilha nas elegantes e antigas ruas calcetadas de Nice. Um jovem inclina-se em frente a um caf\u00e9 ao estilo dos Campos El\u00edsios e bebe suavemente um gole do rebu\u00e7ado RandM Tornado 25000 Strawberry Mint, que se enquadra perfeitamente no conforto e no requinte desta cidade.<\/p><p>O rebu\u00e7ado de morango e menta deste cigarro eletr\u00f3nico \u00e9 simultaneamente doce e refrescante, como uma iguaria francesa, derretendo-se lentamente na boca. O ataque \u00e9 rico e doce, com um aroma a morangos maduros, seguido de uma frescura mentolada, como uma suave brisa do mar a acariciar as papilas gustativas. N\u00e3o se trata apenas de um sabor, \u00e9 tamb\u00e9m um reflexo do estilo de vida franc\u00eas: doce sem ser gorduroso, leve sem ser ins\u00edpido, natural, rom\u00e2ntico e um pouco brincalh\u00e3o. O que torna o Fraise Menthe t\u00e3o especial \u00e9 a sua capacidade de se enquadrar perfeitamente na vida social francesa. Na Promenade des Anglais, em Nice, os amigos estavam sentados no terra\u00e7o de um caf\u00e9, a sorrir e a partilhar este cigarro eletr\u00f3nico. O aroma doce dos morangos e a frescura da menta misturavam-se no ar, criando um ambiente descontra\u00eddo e agrad\u00e1vel.<\/p>\t\t\t\t\t\t\t\t<\/div>\n\t\t\t\t<\/div>\n\t\t\t\t\t<\/div>\n\t\t\t\t<\/div>\n\t\t<div class=\"elementor-element elementor-element-718b380 e-flex e-con-boxed e-con e-parent\" data-id=\"718b380\" data-element_type=\"container\" data-e-type=\"container\">\n\t\t\t\t\t<div class=\"e-con-inner\">\n\t\t\t\t<div class=\"elementor-element elementor-element-d2cc8fa elementor-widget elementor-widget-text-editor\" data-id=\"d2cc8fa\" data-element_type=\"widget\" data-e-type=\"widget\" data-widget_type=\"text-editor.default\">\n\t\t\t\t<div class=\"elementor-widget-container\">\n\t\t\t\t\t\t\t\t\t<h2>Especifica\u00e7\u00f5es do produto<\/h2><p>N\u00famero de baforadas : At\u00e9 25 000 baforadas, concebido para utilizadores intensivos ou para quem procura uma autonomia ultra longa, sem ter de substituir o seu aparelho frequentemente.<\/p><p>Capacidade da bateria: Bateria recarreg\u00e1vel de alto desempenho de 700 mAh incorporada, compat\u00edvel com o carregamento r\u00e1pido Tipo C, elevada efici\u00eancia de carregamento e tempo de espera reduzido.<\/p><p>Capacidade do l\u00edquido: 20 ml de e-l\u00edquido com sais de nicotina de alta qualidade pr\u00e9-instalados, oferecendo concentra\u00e7\u00f5es de nicotina de 2 % ou 5 % para satisfazer as necessidades de cada utilizador.<\/p><p>Tecnologia de resist\u00eancia: Tecnologia avan\u00e7ada de resist\u00eancia de malha dupla para um sabor rico e um fumo est\u00e1vel da primeira \u00e0 \u00faltima tragada.<\/p><p>Ecr\u00e3: Equipado com um ecr\u00e3 t\u00e1til TFT de alta defini\u00e7\u00e3o, apresenta a carga da bateria, o l\u00edquido restante e as defini\u00e7\u00f5es de energia em tempo real, para uma utiliza\u00e7\u00e3o intuitiva e informa\u00e7\u00f5es claras num relance.<\/p><p>Funcionamento t\u00e1til: Interruptor t\u00e1til inovador e f\u00e1cil de utilizar :<\/p><ul><li>Fa\u00e7a duplo clique para iniciar o dispositivo;<\/li><li>Tr\u00eas cliques para alterar o modo de sa\u00edda de energia; Quatro cliques para aceder ao modo de minijogo integrado;<\/li><li>Um clique para iniciar o jogo.<\/li><\/ul><p>Design: leve, elegante e moderno, f\u00e1cil de transportar, atraente e pr\u00e1tico.<\/p><p>Carater\u00edsticas adicionais: Os minijogos incorporados exclusivos (como os jogos clicker) oferecem aos utilizadores uma experi\u00eancia de entretenimento \u00fanica, rompendo com a fun\u00e7\u00e3o \u00fanica dos cigarros electr\u00f3nicos descart\u00e1veis tradicionais.<\/p><h2>Carater\u00edsticas e vantagens do produto<\/h2><p>Pronto a utilizar: n\u00e3o s\u00e3o necess\u00e1rias defini\u00e7\u00f5es complicadas nem manuten\u00e7\u00e3o, pelo que pode usufruir dele imediatamente, adequado tanto para principiantes como para utilizadores activos.<\/p><p>Excelente sabor: A tecnologia de resist\u00eancia de malha dupla proporciona um sabor suave e rico, e cada baforada mant\u00e9m um sabor consistente para a m\u00e1xima satisfa\u00e7\u00e3o.<\/p><p>Bateria de longa dura\u00e7\u00e3o: A bateria de 700 mAh combinada com o carregamento r\u00e1pido Tipo C garante uma utiliza\u00e7\u00e3o duradoura, optimiza a utiliza\u00e7\u00e3o do e-l\u00edquido e evita o desperd\u00edcio.<\/p><p>Portabilidade: Compacto e leve, f\u00e1cil de colocar no bolso ou na mala, para que possa desfrutar dele em qualquer altura e em qualquer lugar.<\/p><p>Experi\u00eancia de entretenimento: Fun\u00e7\u00e3o exclusiva de minijogos integrada para uma divers\u00e3o ainda maior, fazendo com que o RandM Tornado 25000 se destaque da multid\u00e3o.<\/p><p>Personaliza\u00e7\u00e3o: O fluxo de ar ajust\u00e1vel e as m\u00faltiplas op\u00e7\u00f5es de concentra\u00e7\u00e3o de nicotina d\u00e3o aos utilizadores a liberdade de se adaptarem \u00e0s suas pr\u00f3prias prefer\u00eancias para satisfazerem uma variedade de necessidades.<\/p>\t\t\t\t\t\t\t\t<\/div>\n\t\t\t\t<\/div>\n\t\t\t\t\t<\/div>\n\t\t\t\t<\/div>\n\t\t\t\t<\/div>","protected":false},"excerpt":{"rendered":"<p>Dans le sud de la France, o\u00f9 le ciel bleu et le bleu de la M\u00e9diterran\u00e9e se m\u00ealent, le soleil brille sur les rues pav\u00e9es anciennes et \u00e9l\u00e9gantes de Nice. Un jeune homme se penche devant un caf\u00e9 aux allures de Champs-\u00c9lys\u00e9es et sirote d\u00e9licatement une gorg\u00e9e du bonbon Fraise Menthe de la RandM Tornado [&hellip;]<\/p>\n","protected":false},"featured_media":4278,"comment_status":"open","ping_status":"closed","template":"","meta":{"site-sidebar-layout":"no-sidebar","site-content-layout":"page-builder","ast-site-content-layout":"normal-width-container","site-content-style":"default","site-sidebar-style":"default","ast-global-header-display":"","ast-banner-title-visibility":"","ast-main-header-display":"","ast-hfb-above-header-display":"","ast-hfb-below-header-display":"","ast-hfb-mobile-header-display":"","site-post-title":"disabled","ast-breadcrumbs-content":"","ast-featured-img":"disabled","footer-sml-layout":"","ast-disable-related-posts":"","theme-transparent-header-meta":"default","adv-header-id-meta":"","stick-header-meta":"default","header-above-stick-meta":"","header-main-stick-meta":"","header-below-stick-meta":"","astra-migrate-meta-layouts":"set","ast-page-background-enabled":"default","ast-page-background-meta":{"desktop":{"background-color":"","background-image":"","background-repeat":"repeat","background-position":"center center","background-size":"auto","background-attachment":"scroll","background-type":"","background-media":"","overlay-type":"","overlay-color":"","overlay-opacity":"","overlay-gradient":""},"tablet":{"background-color":"","background-image":"","background-repeat":"repeat","background-position":"center center","background-size":"auto","background-attachment":"scroll","background-type":"","background-media":"","overlay-type":"","overlay-color":"","overlay-opacity":"","overlay-gradient":""},"mobile":{"background-color":"","background-image":"","background-repeat":"repeat","background-position":"center center","background-size":"auto","background-attachment":"scroll","background-type":"","background-media":"","overlay-type":"","overlay-color":"","overlay-opacity":"","overlay-gradient":""}},"ast-content-background-meta":{"desktop":{"background-color":"var(--ast-global-color-5)","background-image":"","background-repeat":"repeat","background-position":"center center","background-size":"auto","background-attachment":"scroll","background-type":"","background-media":"","overlay-type":"","overlay-color":"","overlay-opacity":"","overlay-gradient":""},"tablet":{"background-color":"var(--ast-global-color-5)","background-image":"","background-repeat":"repeat","background-position":"center center","background-size":"auto","background-attachment":"scroll","background-type":"","background-media":"","overlay-type":"","overlay-color":"","overlay-opacity":"","overlay-gradient":""},"mobile":{"background-color":"var(--ast-global-color-5)","background-image":"","background-repeat":"repeat","background-position":"center center","background-size":"auto","background-attachment":"scroll","background-type":"","background-media":"","overlay-type":"","overlay-color":"","overlay-opacity":"","overlay-gradient":""}}},"product_brand":[42],"product_cat":[47,87,15],"product_tag":[],"class_list":{"0":"post-4451","1":"product","2":"type-product","3":"status-publish","4":"has-post-thumbnail","6":"product_brand-randm-tornado","7":"product_cat-randm-tornado-25000-allie-portabilite-et-personnalisation","8":"product_cat-puff-25k","9":"product_cat-magasin-cigarette-electronique","10":"desktop-align-center","11":"tablet-align-center","12":"mobile-align-center","13":"ast-product-gallery-layout-horizontal","14":"ast-product-single-variable","15":"ast-product-tabs-layout-horizontal","16":"ast-qv-on-image","18":"first","19":"instock","20":"sale","21":"shipping-taxable","22":"purchasable","23":"product-type-variable","24":"has-default-attributes"},"tiered_pricing_type":"fixed","tiered_pricing_fixed_rules":{"30":10.17,"60":9.22,"100":8.38,"200":8.08,"500":7.88,"1000":7.48},"tiered_pricing_product_settings":{"layout":"default","base_unit_name":{"singular":null,"plural":null},"default_variation":null},"tiered_pricing_minimum_quantity":null,"tiered_pricing_roles_data":[],"tiered_pricing_percentage_rules":[],"_links":{"self":[{"href":"https:\/\/puffvapestore.com\/pt\/wp-json\/wp\/v2\/product\/4451","targetHints":{"allow":["GET"]}}],"collection":[{"href":"https:\/\/puffvapestore.com\/pt\/wp-json\/wp\/v2\/product"}],"about":[{"href":"https:\/\/puffvapestore.com\/pt\/wp-json\/wp\/v2\/types\/product"}],"replies":[{"embeddable":true,"href":"https:\/\/puffvapestore.com\/pt\/wp-json\/wp\/v2\/comments?post=4451"}],"version-history":[{"count":7,"href":"https:\/\/puffvapestore.com\/pt\/wp-json\/wp\/v2\/product\/4451\/revisions"}],"predecessor-version":[{"id":10744,"href":"https:\/\/puffvapestore.com\/pt\/wp-json\/wp\/v2\/product\/4451\/revisions\/10744"}],"wp:featuredmedia":[{"embeddable":true,"href":"https:\/\/puffvapestore.com\/pt\/wp-json\/wp\/v2\/media\/4278"}],"wp:attachment":[{"href":"https:\/\/puffvapestore.com\/pt\/wp-json\/wp\/v2\/media?parent=4451"}],"wp:term":[{"taxonomy":"product_brand","embeddable":true,"href":"https:\/\/puffvapestore.com\/pt\/wp-json\/wp\/v2\/product_brand?post=4451"},{"taxonomy":"product_cat","embeddable":true,"href":"https:\/\/puffvapestore.com\/pt\/wp-json\/wp\/v2\/product_cat?post=4451"},{"taxonomy":"product_tag","embeddable":true,"href":"https:\/\/puffvapestore.com\/pt\/wp-json\/wp\/v2\/product_tag?post=4451"}],"curies":[{"name":"wp","href":"https:\/\/api.w.org\/{rel}","templated":true}]}}