{"id":4398,"date":"2025-07-05T02:27:59","date_gmt":"2025-07-05T02:27:59","guid":{"rendered":"https:\/\/puffvapestore.com\/?post_type=product&#038;p=4398"},"modified":"2026-01-19T10:35:08","modified_gmt":"2026-01-19T10:35:08","slug":"fumot-randm-tornado-25000-miami-mint","status":"publish","type":"product","link":"https:\/\/puffvapestore.com\/pt\/product\/fumot-randm-tornado-25000-miami-mint\/","title":{"rendered":"RandM Tornado 25000 - Miami Mint"},"content":{"rendered":"<div data-elementor-type=\"wp-post\" data-elementor-id=\"4398\" class=\"elementor elementor-4398\">\n\t\t\t\t<div class=\"elementor-element elementor-element-08c26f9 e-flex e-con-boxed e-con e-parent\" data-id=\"08c26f9\" data-element_type=\"container\" data-e-type=\"container\">\n\t\t\t\t\t<div class=\"e-con-inner\">\n\t\t\t\t<div class=\"elementor-element elementor-element-a005a97 elementor-widget elementor-widget-text-editor\" data-id=\"a005a97\" data-element_type=\"widget\" data-e-type=\"widget\" data-widget_type=\"text-editor.default\">\n\t\t\t\t<div class=\"elementor-widget-container\">\n\t\t\t\t\t\t\t\t\t<p>O Fumot RandM Tornado 25000 Mint Miami \u00e9 um cigarro eletr\u00f3nico com predomin\u00e2ncia de menta fresca, que combina um sabor refrescante a mentol com um toque de do\u00e7ura para uma experi\u00eancia de fumo refrescante e pura. Descrito como \u00abcomo estar numa praia de ver\u00e3o em Miami\u00bb, este sabor combina menta fresca e uma do\u00e7ura subtil para os amantes de cigarros electr\u00f3nicos que procuram um sabor refrescante.<\/p><h2>Carater\u00edsticas e pormenores do sabor<\/h2><h3>Hortel\u00e3 fresca<\/h3><p>O Mint Miami tem um sabor intenso a mentol que proporciona um sabor fresco e refrescante. Ao ser inalado, o h\u00e1lito fresco da menta desperta rapidamente as papilas gustativas, proporcionando um formigueiro refrescante semelhante ao de um rebu\u00e7ado de menta ou de uma pastilha el\u00e1stica de menta. Esta sensa\u00e7\u00e3o de frescura permanece na boca e deixa um travo refrescante, ideal para dar um toque de frescura no tempo quente.<\/p><h3>Do\u00e7ura subtil<\/h3><p>Este sabor incorpora um toque de do\u00e7ura numa base de menta fresca. Esta do\u00e7ura n\u00e3o \u00e9 a de um doce forte, mas sim suave e subtil, semelhante \u00e0 leve do\u00e7ura da hortel\u00e3 fresca. Acrescenta um toque de profundidade \u00e0 frescura da hortel\u00e3, evitando a monotonia de um simples sabor a hortel\u00e3. Este ligeiro toque de do\u00e7ura torna o Mint Miami mais adequado para um consumo prolongado e reduz o cansa\u00e7o das papilas gustativas.<\/p>\t\t\t\t\t\t\t\t<\/div>\n\t\t\t\t<\/div>\n\t\t\t\t\t<\/div>\n\t\t\t\t<\/div>\n\t\t<div class=\"elementor-element elementor-element-718b380 e-flex e-con-boxed e-con e-parent\" data-id=\"718b380\" data-element_type=\"container\" data-e-type=\"container\">\n\t\t\t\t\t<div class=\"e-con-inner\">\n\t\t\t\t<div class=\"elementor-element elementor-element-d2cc8fa elementor-widget elementor-widget-text-editor\" data-id=\"d2cc8fa\" data-element_type=\"widget\" data-e-type=\"widget\" data-widget_type=\"text-editor.default\">\n\t\t\t\t<div class=\"elementor-widget-container\">\n\t\t\t\t\t\t\t\t\t<h2>Especifica\u00e7\u00f5es do Fumot RandM Tornado 25000 :<\/h2><p>N\u00famero de baforadas : At\u00e9 25.000, ideal para fumadores intensos ou para quem procura uma utiliza\u00e7\u00e3o a longo prazo sem substitui\u00e7\u00f5es frequentes.<\/p><p>Bateria: Bateria recarreg\u00e1vel de 700 mAh com carregamento r\u00e1pido Tipo C.<\/p><p>E-l\u00edquido: Pr\u00e9-carregado com 20 ml de e-l\u00edquido, concentra\u00e7\u00e3o de sal de nicotina de 2 % ou 5 %.<\/p><p>Tecnologia de resist\u00eancia: As resist\u00eancias de malha dupla proporcionam um sabor rico e consistente e um vapor denso durante toda a sua vida \u00fatil.<\/p><p>Visor: Equipado com um ecr\u00e3 t\u00e1til TFT de alta defini\u00e7\u00e3o, apresenta o n\u00edvel da bateria, o n\u00edvel de e-l\u00edquido restante e as defini\u00e7\u00f5es de pot\u00eancia de sa\u00edda em tempo real.<\/p><p>Controlo t\u00e1til: Um interrutor t\u00e1til inovador facilita o ajuste da pot\u00eancia (duplo clique para ativar, triplo clique para alterar a pot\u00eancia, qu\u00e1druplo clique para mudar para o modo de jogo, clique \u00fanico para come\u00e7ar a jogar).<\/p><p>Design: compacto e leve, f\u00e1cil de transportar, elegante e moderno.<\/p><p>Fluxo de ar ajust\u00e1vel: fluxo de vapor personaliz\u00e1vel para se adaptar \u00e0s suas prefer\u00eancias de fumo.<\/p><h2>Carater\u00edsticas e vantagens do Fumot RandM Tornado 25000 :<\/h2><p>F\u00e1cil de utilizar: N\u00e3o \u00e9 necess\u00e1ria manuten\u00e7\u00e3o, recarga ou substitui\u00e7\u00e3o de pe\u00e7as; basta abrir a embalagem e utilizar este cigarro eletr\u00f3nico.<\/p><p>Sabor: Os utilizadores apreciam o sabor rico e consistente e o vapor cremoso, real\u00e7ado pela resist\u00eancia de malha dupla.<\/p><p>Autonomia: A bateria de 700 mAh, combinada com a fun\u00e7\u00e3o de carregamento r\u00e1pido, permite recargas e utiliza\u00e7\u00f5es repetidas, evitando o desperd\u00edcio de e-l\u00edquido devido a uma bateria descarregada.<\/p><p>Portabilidade: O seu design leve e compacto facilita a sua desloca\u00e7\u00e3o.<\/p><p>Fun\u00e7\u00e3o de minijogos incorporada: Suporta pequenos jogos, como minijogos de clicar para jogar, para uma experi\u00eancia de entretenimento \u00fanica raramente encontrada noutros cigarros electr\u00f3nicos descart\u00e1veis no mercado.<\/p>\t\t\t\t\t\t\t\t<\/div>\n\t\t\t\t<\/div>\n\t\t\t\t\t<\/div>\n\t\t\t\t<\/div>\n\t\t\t\t<\/div>","protected":false},"excerpt":{"rendered":"<p>La Fumot RandM Tornado 25000 Menthe Miami est une cigarette \u00e9lectronique \u00e0 dominante menthe fra\u00eeche, alliant une saveur menthol\u00e9e rafra\u00eechissante \u00e0 une touche sucr\u00e9e pour une exp\u00e9rience de fumeur rafra\u00eechissante et pure. D\u00e9crit comme \u00ab\u00a0comme \u00eatre sur une plage d&rsquo;\u00e9t\u00e9 \u00e0 Miami\u00a0\u00bb, cet ar\u00f4me allie menthe fra\u00eeche et douceur subtile pour les amateurs de cigarettes [&hellip;]<\/p>\n","protected":false},"featured_media":4266,"comment_status":"open","ping_status":"closed","template":"","meta":{"site-sidebar-layout":"no-sidebar","site-content-layout":"page-builder","ast-site-content-layout":"normal-width-container","site-content-style":"default","site-sidebar-style":"default","ast-global-header-display":"","ast-banner-title-visibility":"","ast-main-header-display":"","ast-hfb-above-header-display":"","ast-hfb-below-header-display":"","ast-hfb-mobile-header-display":"","site-post-title":"disabled","ast-breadcrumbs-content":"","ast-featured-img":"disabled","footer-sml-layout":"","ast-disable-related-posts":"","theme-transparent-header-meta":"default","adv-header-id-meta":"","stick-header-meta":"default","header-above-stick-meta":"","header-main-stick-meta":"","header-below-stick-meta":"","astra-migrate-meta-layouts":"set","ast-page-background-enabled":"default","ast-page-background-meta":{"desktop":{"background-color":"","background-image":"","background-repeat":"repeat","background-position":"center center","background-size":"auto","background-attachment":"scroll","background-type":"","background-media":"","overlay-type":"","overlay-color":"","overlay-opacity":"","overlay-gradient":""},"tablet":{"background-color":"","background-image":"","background-repeat":"repeat","background-position":"center center","background-size":"auto","background-attachment":"scroll","background-type":"","background-media":"","overlay-type":"","overlay-color":"","overlay-opacity":"","overlay-gradient":""},"mobile":{"background-color":"","background-image":"","background-repeat":"repeat","background-position":"center center","background-size":"auto","background-attachment":"scroll","background-type":"","background-media":"","overlay-type":"","overlay-color":"","overlay-opacity":"","overlay-gradient":""}},"ast-content-background-meta":{"desktop":{"background-color":"var(--ast-global-color-5)","background-image":"","background-repeat":"repeat","background-position":"center center","background-size":"auto","background-attachment":"scroll","background-type":"","background-media":"","overlay-type":"","overlay-color":"","overlay-opacity":"","overlay-gradient":""},"tablet":{"background-color":"var(--ast-global-color-5)","background-image":"","background-repeat":"repeat","background-position":"center center","background-size":"auto","background-attachment":"scroll","background-type":"","background-media":"","overlay-type":"","overlay-color":"","overlay-opacity":"","overlay-gradient":""},"mobile":{"background-color":"var(--ast-global-color-5)","background-image":"","background-repeat":"repeat","background-position":"center center","background-size":"auto","background-attachment":"scroll","background-type":"","background-media":"","overlay-type":"","overlay-color":"","overlay-opacity":"","overlay-gradient":""}}},"product_brand":[42],"product_cat":[47,87,15],"product_tag":[],"class_list":{"0":"post-4398","1":"product","2":"type-product","3":"status-publish","4":"has-post-thumbnail","6":"product_brand-randm-tornado","7":"product_cat-randm-tornado-25000-allie-portabilite-et-personnalisation","8":"product_cat-puff-25k","9":"product_cat-magasin-cigarette-electronique","10":"desktop-align-center","11":"tablet-align-center","12":"mobile-align-center","13":"ast-product-gallery-layout-horizontal","14":"ast-product-single-variable","15":"ast-product-tabs-layout-horizontal","16":"ast-qv-on-image","18":"first","19":"instock","20":"sale","21":"shipping-taxable","22":"purchasable","23":"product-type-variable","24":"has-default-attributes"},"tiered_pricing_type":"fixed","tiered_pricing_fixed_rules":{"30":10.17,"60":9.22,"100":8.38,"200":8.08,"500":7.88,"1000":7.48},"tiered_pricing_product_settings":{"layout":"default","base_unit_name":{"singular":null,"plural":null},"default_variation":null},"tiered_pricing_minimum_quantity":null,"tiered_pricing_roles_data":[],"tiered_pricing_percentage_rules":[],"_links":{"self":[{"href":"https:\/\/puffvapestore.com\/pt\/wp-json\/wp\/v2\/product\/4398","targetHints":{"allow":["GET"]}}],"collection":[{"href":"https:\/\/puffvapestore.com\/pt\/wp-json\/wp\/v2\/product"}],"about":[{"href":"https:\/\/puffvapestore.com\/pt\/wp-json\/wp\/v2\/types\/product"}],"replies":[{"embeddable":true,"href":"https:\/\/puffvapestore.com\/pt\/wp-json\/wp\/v2\/comments?post=4398"}],"version-history":[{"count":11,"href":"https:\/\/puffvapestore.com\/pt\/wp-json\/wp\/v2\/product\/4398\/revisions"}],"predecessor-version":[{"id":10739,"href":"https:\/\/puffvapestore.com\/pt\/wp-json\/wp\/v2\/product\/4398\/revisions\/10739"}],"wp:featuredmedia":[{"embeddable":true,"href":"https:\/\/puffvapestore.com\/pt\/wp-json\/wp\/v2\/media\/4266"}],"wp:attachment":[{"href":"https:\/\/puffvapestore.com\/pt\/wp-json\/wp\/v2\/media?parent=4398"}],"wp:term":[{"taxonomy":"product_brand","embeddable":true,"href":"https:\/\/puffvapestore.com\/pt\/wp-json\/wp\/v2\/product_brand?post=4398"},{"taxonomy":"product_cat","embeddable":true,"href":"https:\/\/puffvapestore.com\/pt\/wp-json\/wp\/v2\/product_cat?post=4398"},{"taxonomy":"product_tag","embeddable":true,"href":"https:\/\/puffvapestore.com\/pt\/wp-json\/wp\/v2\/product_tag?post=4398"}],"curies":[{"name":"wp","href":"https:\/\/api.w.org\/{rel}","templated":true}]}}