{"id":4389,"date":"2025-07-04T11:15:25","date_gmt":"2025-07-04T11:15:25","guid":{"rendered":"https:\/\/puffvapestore.com\/?post_type=product&#038;p=4389"},"modified":"2026-01-19T10:35:08","modified_gmt":"2026-01-19T10:35:08","slug":"tornado-25000-puffs-lush-ice","status":"publish","type":"product","link":"https:\/\/puffvapestore.com\/pt\/product\/tornado-25000-puffs-lush-ice\/","title":{"rendered":"RandM Tornado 25000 - Lush Ice"},"content":{"rendered":"<div data-elementor-type=\"wp-post\" data-elementor-id=\"4389\" class=\"elementor elementor-4389\">\n\t\t\t\t<div class=\"elementor-element elementor-element-08c26f9 e-flex e-con-boxed e-con e-parent\" data-id=\"08c26f9\" data-element_type=\"container\" data-e-type=\"container\">\n\t\t\t\t\t<div class=\"e-con-inner\">\n\t\t\t\t<div class=\"elementor-element elementor-element-a005a97 elementor-widget elementor-widget-text-editor\" data-id=\"a005a97\" data-element_type=\"widget\" data-e-type=\"widget\" data-widget_type=\"text-editor.default\">\n\t\t\t\t<div class=\"elementor-widget-container\">\n\t\t\t\t\t\t\t\t\t<p>RandM Tornado 25000 Puffs Os cigarros electr\u00f3nicos Lush Ice combinam a do\u00e7ura sumarenta da melancia com um travo a menta fresca para uma experi\u00eancia de fumo refrescante, revigorante e complexa. O seu equil\u00edbrio doce e fresco, o sabor duradouro e a for\u00e7a de dupla camada fazem dele a escolha ideal para os amantes de fruta.<\/p><h2>Aroma principal - Melancia :<\/h2><p>O aroma principal do Lush Ice \u00e9 o da melancia madura, com uma sensa\u00e7\u00e3o rica e sumarenta, como se mordesse uma melancia fresca num dia quente de ver\u00e3o. A melancia tem uma do\u00e7ura moderada, n\u00e3o demasiado pronunciada, e acrescenta um aroma frutado natural.<\/p><p>Sabor fresco e frutado: O sabor da melancia \u00e9 refrescante e n\u00e3o gorduroso, com um sabor ligeiro e um toque de acidez frutada natural que real\u00e7a o conjunto. Este sabor frutado \u00e9 particularmente pronunciado aquando da inala\u00e7\u00e3o, enchendo imediatamente a boca e proporcionando uma agrad\u00e1vel experi\u00eancia frutada.<\/p><h2>Sabor a menta fresca :<\/h2><p>Final de boca fresco: Com base na do\u00e7ura da melancia, Lush Ice incorpora uma nota de menta fresca. Esta hortel\u00e3 n\u00e3o \u00e9 demasiado forte, mas tem a quantidade certa de frescura, acrescentando um efeito refrescante de \u00abbrisa gelada\u00bb \u00e0 melancia doce.<\/p><p>Acabamento fresco: O mentol deixa um travo refrescante, como uma brisa de ver\u00e3o, proporcionando uma sensa\u00e7\u00e3o de frescura duradoura. Este efeito refrescante \u00e9 particularmente adequado para utiliza\u00e7\u00e3o ao longo do dia, especialmente em tempo quente. Proporciona uma experi\u00eancia calmante.<\/p><h2>Varia\u00e7\u00f5es subtis de sabor :<\/h2><ul><li>Inala\u00e7\u00e3o: Na entrada, a do\u00e7ura e a sucul\u00eancia da melancia dominam, com um leve toque de acidez frutada refrescante para despertar as papilas gustativas.<\/li><li>Exala\u00e7\u00e3o: O mentol emerge gradualmente, proporcionando um final fresco, mantendo o travo a melancia. O sabor \u00e9 fresco sem perder a profundidade.<\/li><li>Final de boca: A ligeira do\u00e7ura da melancia e a frescura do mentol permanecem no paladar, oferecendo uma intensidade infinita, ideal para uma inala\u00e7\u00e3o cont\u00ednua.<\/li><\/ul>\t\t\t\t\t\t\t\t<\/div>\n\t\t\t\t<\/div>\n\t\t\t\t\t<\/div>\n\t\t\t\t<\/div>\n\t\t<div class=\"elementor-element elementor-element-718b380 e-flex e-con-boxed e-con e-parent\" data-id=\"718b380\" data-element_type=\"container\" data-e-type=\"container\">\n\t\t\t\t\t<div class=\"e-con-inner\">\n\t\t\t\t<div class=\"elementor-element elementor-element-d2cc8fa elementor-widget elementor-widget-text-editor\" data-id=\"d2cc8fa\" data-element_type=\"widget\" data-e-type=\"widget\" data-widget_type=\"text-editor.default\">\n\t\t\t\t<div class=\"elementor-widget-container\">\n\t\t\t\t\t\t\t\t\t<h2>Especifica\u00e7\u00f5es do RandM Tornado 25000 :<\/h2><p>N\u00famero de baforadas : At\u00e9 25.000, ideal para fumadores intensos ou para quem procura uma utiliza\u00e7\u00e3o a longo prazo sem substitui\u00e7\u00f5es frequentes.<\/p><p>Bateria: Bateria recarreg\u00e1vel de 700 mAh com carregamento r\u00e1pido Tipo C.<\/p><p>E-l\u00edquido: Pr\u00e9-carregado com 20 ml de e-l\u00edquido, concentra\u00e7\u00e3o de sal de nicotina de 2 % ou 5 %.<\/p><p>Tecnologia de resist\u00eancia: As resist\u00eancias de malha dupla proporcionam um sabor rico e consistente e um vapor denso durante toda a sua vida \u00fatil.<\/p><p>Visor: Equipado com um ecr\u00e3 t\u00e1til TFT de alta defini\u00e7\u00e3o, apresenta o n\u00edvel da bateria, o n\u00edvel de e-l\u00edquido restante e as defini\u00e7\u00f5es de pot\u00eancia de sa\u00edda em tempo real.<\/p><p>Controlo t\u00e1til: Um interrutor t\u00e1til inovador facilita o ajuste da pot\u00eancia (duplo clique para ativar, triplo clique para alterar a pot\u00eancia, qu\u00e1druplo clique para mudar para o modo de jogo, clique \u00fanico para come\u00e7ar a jogar).<\/p><p>Design: compacto e leve, f\u00e1cil de transportar, elegante e moderno.<\/p><p>Fluxo de ar ajust\u00e1vel: fluxo de vapor personaliz\u00e1vel para se adaptar \u00e0s suas prefer\u00eancias de fumo.<\/p><h2>Carater\u00edsticas e vantagens do RandM Tornado 25000 :<\/h2><p>F\u00e1cil de utilizar: N\u00e3o \u00e9 necess\u00e1ria manuten\u00e7\u00e3o, recarga ou substitui\u00e7\u00e3o de pe\u00e7as; basta abrir a embalagem e utilizar este cigarro eletr\u00f3nico.<\/p><p>Sabor: Os utilizadores apreciam o sabor rico e consistente e o vapor cremoso, real\u00e7ado pela resist\u00eancia de malha dupla.<\/p><p>Autonomia: A bateria de 700 mAh, combinada com a fun\u00e7\u00e3o de carregamento r\u00e1pido, permite recargas e utiliza\u00e7\u00f5es repetidas, evitando o desperd\u00edcio de e-l\u00edquido devido a uma bateria descarregada.<\/p><p>Portabilidade: O seu design leve e compacto facilita a sua desloca\u00e7\u00e3o.<\/p><p>Fun\u00e7\u00e3o de minijogos incorporada: Suporta pequenos jogos, como minijogos de clicar para jogar, para uma experi\u00eancia de entretenimento \u00fanica raramente encontrada noutros cigarros electr\u00f3nicos descart\u00e1veis no mercado.<\/p>\t\t\t\t\t\t\t\t<\/div>\n\t\t\t\t<\/div>\n\t\t\t\t\t<\/div>\n\t\t\t\t<\/div>\n\t\t\t\t<\/div>","protected":false},"excerpt":{"rendered":"<p>Les cigarettes \u00e9lectroniques RandM Tornado 25000\u200b Puffs\u200b Lush Ice associent la douceur juteuse de la past\u00e8que \u00e0 un arri\u00e8re-go\u00fbt de menthe fra\u00eeche, pour une exp\u00e9rience de fumage rafra\u00eechissante, vivifiante et complexe. Son \u00e9quilibre sucr\u00e9 et frais, sa saveur longue dur\u00e9e et sa r\u00e9sistance \u00e0 double couche en font le choix id\u00e9al pour les amateurs de [&hellip;]<\/p>\n","protected":false},"featured_media":4264,"comment_status":"open","ping_status":"closed","template":"","meta":{"site-sidebar-layout":"no-sidebar","site-content-layout":"page-builder","ast-site-content-layout":"normal-width-container","site-content-style":"default","site-sidebar-style":"default","ast-global-header-display":"","ast-banner-title-visibility":"","ast-main-header-display":"","ast-hfb-above-header-display":"","ast-hfb-below-header-display":"","ast-hfb-mobile-header-display":"","site-post-title":"disabled","ast-breadcrumbs-content":"","ast-featured-img":"disabled","footer-sml-layout":"","ast-disable-related-posts":"","theme-transparent-header-meta":"default","adv-header-id-meta":"","stick-header-meta":"default","header-above-stick-meta":"","header-main-stick-meta":"","header-below-stick-meta":"","astra-migrate-meta-layouts":"set","ast-page-background-enabled":"default","ast-page-background-meta":{"desktop":{"background-color":"","background-image":"","background-repeat":"repeat","background-position":"center center","background-size":"auto","background-attachment":"scroll","background-type":"","background-media":"","overlay-type":"","overlay-color":"","overlay-opacity":"","overlay-gradient":""},"tablet":{"background-color":"","background-image":"","background-repeat":"repeat","background-position":"center center","background-size":"auto","background-attachment":"scroll","background-type":"","background-media":"","overlay-type":"","overlay-color":"","overlay-opacity":"","overlay-gradient":""},"mobile":{"background-color":"","background-image":"","background-repeat":"repeat","background-position":"center center","background-size":"auto","background-attachment":"scroll","background-type":"","background-media":"","overlay-type":"","overlay-color":"","overlay-opacity":"","overlay-gradient":""}},"ast-content-background-meta":{"desktop":{"background-color":"var(--ast-global-color-5)","background-image":"","background-repeat":"repeat","background-position":"center center","background-size":"auto","background-attachment":"scroll","background-type":"","background-media":"","overlay-type":"","overlay-color":"","overlay-opacity":"","overlay-gradient":""},"tablet":{"background-color":"var(--ast-global-color-5)","background-image":"","background-repeat":"repeat","background-position":"center center","background-size":"auto","background-attachment":"scroll","background-type":"","background-media":"","overlay-type":"","overlay-color":"","overlay-opacity":"","overlay-gradient":""},"mobile":{"background-color":"var(--ast-global-color-5)","background-image":"","background-repeat":"repeat","background-position":"center center","background-size":"auto","background-attachment":"scroll","background-type":"","background-media":"","overlay-type":"","overlay-color":"","overlay-opacity":"","overlay-gradient":""}}},"product_brand":[42],"product_cat":[47,87,15],"product_tag":[],"class_list":{"0":"post-4389","1":"product","2":"type-product","3":"status-publish","4":"has-post-thumbnail","6":"product_brand-randm-tornado","7":"product_cat-randm-tornado-25000-allie-portabilite-et-personnalisation","8":"product_cat-puff-25k","9":"product_cat-magasin-cigarette-electronique","10":"desktop-align-center","11":"tablet-align-center","12":"mobile-align-center","13":"ast-product-gallery-layout-horizontal","14":"ast-product-gallery-with-no-image","15":"ast-product-single-variable","16":"ast-product-tabs-layout-horizontal","17":"ast-qv-on-image","19":"first","20":"instock","21":"sale","22":"shipping-taxable","23":"purchasable","24":"product-type-variable","25":"has-default-attributes"},"tiered_pricing_type":"fixed","tiered_pricing_fixed_rules":{"30":10.17,"60":9.22,"100":8.38,"200":8.08,"500":7.88,"1000":7.48},"tiered_pricing_product_settings":{"layout":"default","base_unit_name":{"singular":null,"plural":null},"default_variation":null},"tiered_pricing_minimum_quantity":null,"tiered_pricing_roles_data":[],"tiered_pricing_percentage_rules":[],"_links":{"self":[{"href":"https:\/\/puffvapestore.com\/pt\/wp-json\/wp\/v2\/product\/4389","targetHints":{"allow":["GET"]}}],"collection":[{"href":"https:\/\/puffvapestore.com\/pt\/wp-json\/wp\/v2\/product"}],"about":[{"href":"https:\/\/puffvapestore.com\/pt\/wp-json\/wp\/v2\/types\/product"}],"replies":[{"embeddable":true,"href":"https:\/\/puffvapestore.com\/pt\/wp-json\/wp\/v2\/comments?post=4389"}],"version-history":[{"count":7,"href":"https:\/\/puffvapestore.com\/pt\/wp-json\/wp\/v2\/product\/4389\/revisions"}],"predecessor-version":[{"id":10736,"href":"https:\/\/puffvapestore.com\/pt\/wp-json\/wp\/v2\/product\/4389\/revisions\/10736"}],"wp:featuredmedia":[{"embeddable":true,"href":"https:\/\/puffvapestore.com\/pt\/wp-json\/wp\/v2\/media\/4264"}],"wp:attachment":[{"href":"https:\/\/puffvapestore.com\/pt\/wp-json\/wp\/v2\/media?parent=4389"}],"wp:term":[{"taxonomy":"product_brand","embeddable":true,"href":"https:\/\/puffvapestore.com\/pt\/wp-json\/wp\/v2\/product_brand?post=4389"},{"taxonomy":"product_cat","embeddable":true,"href":"https:\/\/puffvapestore.com\/pt\/wp-json\/wp\/v2\/product_cat?post=4389"},{"taxonomy":"product_tag","embeddable":true,"href":"https:\/\/puffvapestore.com\/pt\/wp-json\/wp\/v2\/product_tag?post=4389"}],"curies":[{"name":"wp","href":"https:\/\/api.w.org\/{rel}","templated":true}]}}