{"id":4379,"date":"2025-07-04T08:00:18","date_gmt":"2025-07-04T08:00:18","guid":{"rendered":"https:\/\/puffvapestore.com\/?post_type=product&#038;p=4379"},"modified":"2026-01-19T10:35:08","modified_gmt":"2026-01-19T10:35:08","slug":"r-and-m-tornado-25000-strawberry-watermelon","status":"publish","type":"product","link":"https:\/\/puffvapestore.com\/pt\/product\/r-e-m-tornado-25000-morango-melancia\/","title":{"rendered":"RandM Tornado 25000 - Morango Melancia"},"content":{"rendered":"<div data-elementor-type=\"wp-post\" data-elementor-id=\"4379\" class=\"elementor elementor-4379\">\n\t\t\t\t<div class=\"elementor-element elementor-element-08c26f9 e-flex e-con-boxed e-con e-parent\" data-id=\"08c26f9\" data-element_type=\"container\" data-e-type=\"container\">\n\t\t\t\t\t<div class=\"e-con-inner\">\n\t\t\t\t<div class=\"elementor-element elementor-element-a005a97 elementor-widget elementor-widget-text-editor\" data-id=\"a005a97\" data-element_type=\"widget\" data-e-type=\"widget\" data-widget_type=\"text-editor.default\">\n\t\t\t\t<div class=\"elementor-widget-container\">\n\t\t\t\t\t\t\t\t\t<p>O R and M Tornado 25000 Strawberry Watermelon \u00e9 um cigarro eletr\u00f3nico descart\u00e1vel muito popular. O seu sabor a morango e melancia combina a do\u00e7ura e a frescura de dois frutos cl\u00e1ssicos.<\/p><h2>Carater\u00edsticas gustativas<\/h2><p><strong>A do\u00e7ura dos morangos :<\/strong><br \/>O morango est\u00e1 no centro deste sabor, proporcionando uma do\u00e7ura rica e natural que imita o aroma e o sabor dos morangos maduros. Ao inalar, a do\u00e7ura do morango atinge primeiro as papilas gustativas, oferecendo um aroma frutado suave e arredondado, criando uma base brilhante para o sabor final.<\/p><p><strong>Melancia fresca e sumarenta:<\/strong><br \/>O sabor da melancia mistura-se perfeitamente com o do morango, conferindo-lhe um sabor fresco e sumarento, como se mordesse uma melancia gelada num dia quente de ver\u00e3o. Ligeiramente menos doce do que o morango, a melancia revela mais a do\u00e7ura e a cremosidade naturais do fruto, equilibrando a do\u00e7ura rica do morango.<\/p><p><strong>Fus\u00e3o de morango e melancia :<\/strong><br \/>A singularidade deste sabor reside na harmonia entre o morango e a melancia. Os dois formam um equil\u00edbrio perfeito de sabor: o morango oferece um aroma frutado rico e doce, enquanto a melancia acrescenta um toque refrescante e leve. Na inala\u00e7\u00e3o, a do\u00e7ura do morango domina, emergindo gradualmente com a frescura da melancia; na exala\u00e7\u00e3o, a frescura da melancia \u00e9 mais pronunciada, e o travo a morango ecoa suavemente no paladar, oferecendo um final satisfat\u00f3rio.<\/p><h2>Experi\u00eancia pormenorizada<\/h2><p><strong>Inala\u00e7\u00e3o\u00a0<\/strong>Na primeira inala\u00e7\u00e3o, o aroma doce e frutado do morango invade as papilas gustativas, proporcionando uma sensa\u00e7\u00e3o frutada quente e familiar, acompanhada por um ligeiro tom agridoce. A frescura da melancia surge ent\u00e3o lentamente, acrescentando um toque de frescura aquosa ao conjunto.<\/p><p><strong>Prazo de validade\u00a0<\/strong>Na expira\u00e7\u00e3o, as carater\u00edsticas refrescantes da melancia s\u00e3o mais evidentes, proporcionando uma do\u00e7ura semelhante \u00e0 do sumo, enquanto o travo doce do morango permanece no palato, formando um final agrad\u00e1vel.<\/p><p><strong>Sabor residual<\/strong>\u00a0O final de boca \u00e9 fresco e n\u00e3o \u00e9 doce. Os sabores do morango e da melancia permanecem ligeiramente no paladar, nem demasiado fortes nem mon\u00f3tonos.<\/p>\t\t\t\t\t\t\t\t<\/div>\n\t\t\t\t<\/div>\n\t\t\t\t\t<\/div>\n\t\t\t\t<\/div>\n\t\t<div class=\"elementor-element elementor-element-718b380 e-flex e-con-boxed e-con e-parent\" data-id=\"718b380\" data-element_type=\"container\" data-e-type=\"container\">\n\t\t\t\t\t<div class=\"e-con-inner\">\n\t\t\t\t<div class=\"elementor-element elementor-element-d2cc8fa elementor-widget elementor-widget-text-editor\" data-id=\"d2cc8fa\" data-element_type=\"widget\" data-e-type=\"widget\" data-widget_type=\"text-editor.default\">\n\t\t\t\t<div class=\"elementor-widget-container\">\n\t\t\t\t\t\t\t\t\t<h2>Especifica\u00e7\u00f5es do RandM Tornado 25000 :<\/h2><p>N\u00famero de baforadas : At\u00e9 25.000, ideal para fumadores intensos ou para quem procura uma utiliza\u00e7\u00e3o a longo prazo sem substitui\u00e7\u00f5es frequentes.<\/p><p>Bateria: Bateria recarreg\u00e1vel de 700 mAh com carregamento r\u00e1pido Tipo C.<\/p><p>E-l\u00edquido: Pr\u00e9-carregado com 20 ml de e-l\u00edquido, concentra\u00e7\u00e3o de sal de nicotina de 2 % ou 5 %.<\/p><p>Tecnologia de resist\u00eancia: As resist\u00eancias de malha dupla proporcionam um sabor rico e consistente e um vapor denso durante toda a sua vida \u00fatil.<\/p><p>Visor: Equipado com um ecr\u00e3 t\u00e1til TFT de alta defini\u00e7\u00e3o, apresenta o n\u00edvel da bateria, o n\u00edvel de e-l\u00edquido restante e as defini\u00e7\u00f5es de pot\u00eancia de sa\u00edda em tempo real.<\/p><p>Controlo t\u00e1til: Um interrutor t\u00e1til inovador facilita o ajuste da pot\u00eancia (duplo clique para ativar, triplo clique para alterar a pot\u00eancia, qu\u00e1druplo clique para mudar para o modo de jogo, clique \u00fanico para come\u00e7ar a jogar).<\/p><p>Design: compacto e leve, f\u00e1cil de transportar, elegante e moderno.<\/p><p>Fluxo de ar ajust\u00e1vel: fluxo de vapor personaliz\u00e1vel para se adaptar \u00e0s suas prefer\u00eancias de fumo.<\/p><h2>Carater\u00edsticas e vantagens do RandM Tornado 25000 :<\/h2><p>F\u00e1cil de utilizar: N\u00e3o \u00e9 necess\u00e1ria manuten\u00e7\u00e3o, recarga ou substitui\u00e7\u00e3o de pe\u00e7as; basta abrir a embalagem e utilizar este cigarro eletr\u00f3nico.<\/p><p>Sabor: Os utilizadores apreciam o sabor rico e consistente e o vapor cremoso, real\u00e7ado pela resist\u00eancia de malha dupla.<\/p><p>Autonomia: A bateria de 700 mAh, combinada com a fun\u00e7\u00e3o de carregamento r\u00e1pido, permite recargas e utiliza\u00e7\u00f5es repetidas, evitando o desperd\u00edcio de e-l\u00edquido devido a uma bateria descarregada.<\/p><p>Portabilidade: O seu design leve e compacto facilita a sua desloca\u00e7\u00e3o.<\/p><p>Fun\u00e7\u00e3o de minijogos incorporada: Suporta pequenos jogos, como minijogos de clicar para jogar, para uma experi\u00eancia de entretenimento \u00fanica raramente encontrada noutros cigarros electr\u00f3nicos descart\u00e1veis no mercado.<\/p>\t\t\t\t\t\t\t\t<\/div>\n\t\t\t\t<\/div>\n\t\t\t\t\t<\/div>\n\t\t\t\t<\/div>\n\t\t\t\t<\/div>","protected":false},"excerpt":{"rendered":"<p>R and M Tornado 25000 Fraise Past\u00e8que est une cigarette \u00e9lectronique jetable populaire. Son ar\u00f4me fraise past\u00e8que allie la douceur et la fra\u00eecheur de deux fruits classiques. Caract\u00e9ristiques gustatives La douceur et la douceur de la fraise\u00a0: La fraise est au c\u0153ur de cette saveur, apportant une douceur riche et naturelle, imitant l&rsquo;ar\u00f4me et le [&hellip;]<\/p>\n","protected":false},"featured_media":4280,"comment_status":"open","ping_status":"closed","template":"","meta":{"site-sidebar-layout":"no-sidebar","site-content-layout":"page-builder","ast-site-content-layout":"normal-width-container","site-content-style":"default","site-sidebar-style":"default","ast-global-header-display":"","ast-banner-title-visibility":"","ast-main-header-display":"","ast-hfb-above-header-display":"","ast-hfb-below-header-display":"","ast-hfb-mobile-header-display":"","site-post-title":"disabled","ast-breadcrumbs-content":"","ast-featured-img":"disabled","footer-sml-layout":"","ast-disable-related-posts":"","theme-transparent-header-meta":"default","adv-header-id-meta":"","stick-header-meta":"default","header-above-stick-meta":"","header-main-stick-meta":"","header-below-stick-meta":"","astra-migrate-meta-layouts":"set","ast-page-background-enabled":"default","ast-page-background-meta":{"desktop":{"background-color":"","background-image":"","background-repeat":"repeat","background-position":"center center","background-size":"auto","background-attachment":"scroll","background-type":"","background-media":"","overlay-type":"","overlay-color":"","overlay-opacity":"","overlay-gradient":""},"tablet":{"background-color":"","background-image":"","background-repeat":"repeat","background-position":"center center","background-size":"auto","background-attachment":"scroll","background-type":"","background-media":"","overlay-type":"","overlay-color":"","overlay-opacity":"","overlay-gradient":""},"mobile":{"background-color":"","background-image":"","background-repeat":"repeat","background-position":"center center","background-size":"auto","background-attachment":"scroll","background-type":"","background-media":"","overlay-type":"","overlay-color":"","overlay-opacity":"","overlay-gradient":""}},"ast-content-background-meta":{"desktop":{"background-color":"var(--ast-global-color-5)","background-image":"","background-repeat":"repeat","background-position":"center center","background-size":"auto","background-attachment":"scroll","background-type":"","background-media":"","overlay-type":"","overlay-color":"","overlay-opacity":"","overlay-gradient":""},"tablet":{"background-color":"var(--ast-global-color-5)","background-image":"","background-repeat":"repeat","background-position":"center center","background-size":"auto","background-attachment":"scroll","background-type":"","background-media":"","overlay-type":"","overlay-color":"","overlay-opacity":"","overlay-gradient":""},"mobile":{"background-color":"var(--ast-global-color-5)","background-image":"","background-repeat":"repeat","background-position":"center center","background-size":"auto","background-attachment":"scroll","background-type":"","background-media":"","overlay-type":"","overlay-color":"","overlay-opacity":"","overlay-gradient":""}}},"product_brand":[42],"product_cat":[47,87,15],"product_tag":[],"class_list":{"0":"post-4379","1":"product","2":"type-product","3":"status-publish","4":"has-post-thumbnail","6":"product_brand-randm-tornado","7":"product_cat-randm-tornado-25000-allie-portabilite-et-personnalisation","8":"product_cat-puff-25k","9":"product_cat-magasin-cigarette-electronique","10":"desktop-align-center","11":"tablet-align-center","12":"mobile-align-center","13":"ast-product-gallery-layout-horizontal","14":"ast-product-single-variable","15":"ast-product-tabs-layout-horizontal","16":"ast-qv-on-image","18":"first","19":"instock","20":"sale","21":"shipping-taxable","22":"purchasable","23":"product-type-variable","24":"has-default-attributes"},"tiered_pricing_type":"fixed","tiered_pricing_fixed_rules":{"30":10.17,"60":9.22,"100":8.38,"200":8.08,"500":7.88,"1000":7.48},"tiered_pricing_product_settings":{"layout":"default","base_unit_name":{"singular":null,"plural":null},"default_variation":null},"tiered_pricing_minimum_quantity":null,"tiered_pricing_roles_data":[],"tiered_pricing_percentage_rules":[],"_links":{"self":[{"href":"https:\/\/puffvapestore.com\/pt\/wp-json\/wp\/v2\/product\/4379","targetHints":{"allow":["GET"]}}],"collection":[{"href":"https:\/\/puffvapestore.com\/pt\/wp-json\/wp\/v2\/product"}],"about":[{"href":"https:\/\/puffvapestore.com\/pt\/wp-json\/wp\/v2\/types\/product"}],"replies":[{"embeddable":true,"href":"https:\/\/puffvapestore.com\/pt\/wp-json\/wp\/v2\/comments?post=4379"}],"version-history":[{"count":7,"href":"https:\/\/puffvapestore.com\/pt\/wp-json\/wp\/v2\/product\/4379\/revisions"}],"predecessor-version":[{"id":4388,"href":"https:\/\/puffvapestore.com\/pt\/wp-json\/wp\/v2\/product\/4379\/revisions\/4388"}],"wp:featuredmedia":[{"embeddable":true,"href":"https:\/\/puffvapestore.com\/pt\/wp-json\/wp\/v2\/media\/4280"}],"wp:attachment":[{"href":"https:\/\/puffvapestore.com\/pt\/wp-json\/wp\/v2\/media?parent=4379"}],"wp:term":[{"taxonomy":"product_brand","embeddable":true,"href":"https:\/\/puffvapestore.com\/pt\/wp-json\/wp\/v2\/product_brand?post=4379"},{"taxonomy":"product_cat","embeddable":true,"href":"https:\/\/puffvapestore.com\/pt\/wp-json\/wp\/v2\/product_cat?post=4379"},{"taxonomy":"product_tag","embeddable":true,"href":"https:\/\/puffvapestore.com\/pt\/wp-json\/wp\/v2\/product_tag?post=4379"}],"curies":[{"name":"wp","href":"https:\/\/api.w.org\/{rel}","templated":true}]}}