{"id":4361,"date":"2025-07-05T11:42:09","date_gmt":"2025-07-05T11:42:09","guid":{"rendered":"https:\/\/puffvapestore.com\/?post_type=product&#038;p=4361"},"modified":"2026-01-19T10:35:08","modified_gmt":"2026-01-19T10:35:08","slug":"puff-randm-tornado-25000-cherry-cola","status":"publish","type":"product","link":"https:\/\/puffvapestore.com\/pt\/product\/puff-randm-tornado-25000-cherry-cola\/","title":{"rendered":"RandM Tornado 25000 - Cherry Cola"},"content":{"rendered":"<div data-elementor-type=\"wp-post\" data-elementor-id=\"4361\" class=\"elementor elementor-4361\">\n\t\t\t\t<div class=\"elementor-element elementor-element-08c26f9 e-flex e-con-boxed e-con e-parent\" data-id=\"08c26f9\" data-element_type=\"container\" data-e-type=\"container\">\n\t\t\t\t\t<div class=\"e-con-inner\">\n\t\t\t\t<div class=\"elementor-element elementor-element-a005a97 elementor-widget elementor-widget-text-editor\" data-id=\"a005a97\" data-element_type=\"widget\" data-e-type=\"widget\" data-widget_type=\"text-editor.default\">\n\t\t\t\t<div class=\"elementor-widget-container\">\n\t\t\t\t\t\t\t\t\t<p>Este sabor de Cherry Cola \u00e9 ideal para os vaporizadores que apreciam uma combina\u00e7\u00e3o frutada e refrescante, especialmente no tempo quente ou quando est\u00e3o a relaxar. Evoca a nostalgia da cl\u00e1ssica Cherry Cola, ao mesmo tempo que oferece uma experi\u00eancia de vaporiza\u00e7\u00e3o totalmente nova. Quer seja para uso di\u00e1rio ou em viagem, a sua portabilidade e a sua capacidade de vaporiza\u00e7\u00e3o de longa dura\u00e7\u00e3o (25.000 baforadas) fazem dele uma escolha fi\u00e1vel.<\/p><h3>Nota de topo: cereja doce<\/h3><p>Assim que se inala, a primeira sensa\u00e7\u00e3o \u00e9 o rico aroma de cereja. Este aroma de cereja n\u00e3o \u00e9 um doce artificial, mas uma combina\u00e7\u00e3o doce de fruta fresca e cereja cristalizada, com uma subtil nota frutada picante que refor\u00e7a a impress\u00e3o de realismo e complexidade.<\/p><h3>Nota de cora\u00e7\u00e3o: sabor intenso a cola<\/h3><p>O aroma frutado da cereja mistura-se naturalmente com o sabor t\u00edpico da cola. Este sabor a cola traz uma sensa\u00e7\u00e3o de bolhas, como se estivesse a experimentar o assobio das bebidas gaseificadas ao inalar. Sem ser demasiado forte, deixa espa\u00e7o para a cereja e mant\u00e9m o equil\u00edbrio geral.<\/p><h3>Nota de fundo: frescura no paladar e no final<\/h3><p>A expira\u00e7\u00e3o do fumo proporciona uma ligeira frescura mentolada. Esta frescura n\u00e3o \u00e9 dura, mas ilumina o sabor geral, tornando o final mais refrescante e limpo. Equilibra a do\u00e7ura das notas de topo e do meio, evitando uma sensa\u00e7\u00e3o gordurosa na boca.<\/p><h3>Impress\u00e3o geral<\/h3><ul><li>Sabor: doce e \u00e1cido, rico sem ser gorduroso, final refrescante<\/li><li>Do\u00e7ura: m\u00e9dia-alta (tend\u00eancia para a do\u00e7ura frutada em vez de a\u00e7\u00facar simples)<\/li><li>Realidade: alta, a reprodu\u00e7\u00e3o do sabor \u00e9 excelente, como se estivesse a beber uma cola de cereja gelada.<\/li><\/ul>\t\t\t\t\t\t\t\t<\/div>\n\t\t\t\t<\/div>\n\t\t\t\t\t<\/div>\n\t\t\t\t<\/div>\n\t\t<div class=\"elementor-element elementor-element-718b380 e-flex e-con-boxed e-con e-parent\" data-id=\"718b380\" data-element_type=\"container\" data-e-type=\"container\">\n\t\t\t\t\t<div class=\"e-con-inner\">\n\t\t\t\t<div class=\"elementor-element elementor-element-d2cc8fa elementor-widget elementor-widget-text-editor\" data-id=\"d2cc8fa\" data-element_type=\"widget\" data-e-type=\"widget\" data-widget_type=\"text-editor.default\">\n\t\t\t\t<div class=\"elementor-widget-container\">\n\t\t\t\t\t\t\t\t\t<h2>Especifica\u00e7\u00f5es do RandM Tornado 25000 :<\/h2><p>N\u00famero de baforadas : At\u00e9 25.000, ideal para fumadores intensos ou para quem procura uma utiliza\u00e7\u00e3o a longo prazo sem substitui\u00e7\u00f5es frequentes.<\/p><p>Bateria: Bateria recarreg\u00e1vel de 700 mAh com carregamento r\u00e1pido Tipo C.<\/p><p>E-l\u00edquido: Pr\u00e9-carregado com 20 ml de e-l\u00edquido, concentra\u00e7\u00e3o de sal de nicotina de 2 % ou 5 %.<\/p><p>Tecnologia de resist\u00eancia: As resist\u00eancias de malha dupla proporcionam um sabor rico e consistente e um vapor denso durante toda a sua vida \u00fatil.<\/p><p>Visor: Equipado com um ecr\u00e3 t\u00e1til TFT de alta defini\u00e7\u00e3o, apresenta o n\u00edvel da bateria, o n\u00edvel de e-l\u00edquido restante e as defini\u00e7\u00f5es de pot\u00eancia de sa\u00edda em tempo real.<\/p><p>Controlo t\u00e1til: Um interrutor t\u00e1til inovador facilita o ajuste da pot\u00eancia (duplo clique para ativar, triplo clique para alterar a pot\u00eancia, qu\u00e1druplo clique para mudar para o modo de jogo, clique \u00fanico para come\u00e7ar a jogar).<\/p><p>Design: compacto e leve, f\u00e1cil de transportar, elegante e moderno.<\/p><p>Fluxo de ar ajust\u00e1vel: fluxo de vapor personaliz\u00e1vel para se adaptar \u00e0s suas prefer\u00eancias de fumo.<\/p><h2>Carater\u00edsticas e vantagens do RandM Tornado 25000 :<\/h2><p>F\u00e1cil de utilizar: N\u00e3o \u00e9 necess\u00e1ria manuten\u00e7\u00e3o, recarga ou substitui\u00e7\u00e3o de pe\u00e7as; basta abrir a embalagem e utilizar este cigarro eletr\u00f3nico.<\/p><p>Sabor: Os utilizadores apreciam o sabor rico e consistente e o vapor cremoso, real\u00e7ado pela resist\u00eancia de malha dupla.<\/p><p>Autonomia: A bateria de 700 mAh, combinada com a fun\u00e7\u00e3o de carregamento r\u00e1pido, permite recargas e utiliza\u00e7\u00f5es repetidas, evitando o desperd\u00edcio de e-l\u00edquido devido a uma bateria descarregada.<\/p><p>Portabilidade: O seu design leve e compacto facilita a sua desloca\u00e7\u00e3o.<\/p><p>Fun\u00e7\u00e3o de minijogos incorporada: Suporta pequenos jogos, como minijogos de clicar para jogar, para uma experi\u00eancia de entretenimento \u00fanica raramente encontrada noutros cigarros electr\u00f3nicos descart\u00e1veis no mercado.<\/p>\t\t\t\t\t\t\t\t<\/div>\n\t\t\t\t<\/div>\n\t\t\t\t\t<\/div>\n\t\t\t\t<\/div>\n\t\t\t\t<\/div>","protected":false},"excerpt":{"rendered":"<p>Cet ar\u00f4me Cherry Cola est id\u00e9al pour les vapoteurs qui appr\u00e9cient une combinaison fruit\u00e9e et rafra\u00eechissante, notamment par temps chaud ou pour les moments de d\u00e9tente. Il \u00e9voque la nostalgie du Cherry Cola classique tout en offrant une exp\u00e9rience de vapotage in\u00e9dite. Que ce soit pour une utilisation quotidienne ou \u00e0 emporter, sa portabilit\u00e9 et [&hellip;]<\/p>\n","protected":false},"featured_media":4248,"comment_status":"open","ping_status":"closed","template":"","meta":{"site-sidebar-layout":"no-sidebar","site-content-layout":"page-builder","ast-site-content-layout":"normal-width-container","site-content-style":"default","site-sidebar-style":"default","ast-global-header-display":"","ast-banner-title-visibility":"","ast-main-header-display":"","ast-hfb-above-header-display":"","ast-hfb-below-header-display":"","ast-hfb-mobile-header-display":"","site-post-title":"disabled","ast-breadcrumbs-content":"","ast-featured-img":"disabled","footer-sml-layout":"","ast-disable-related-posts":"","theme-transparent-header-meta":"default","adv-header-id-meta":"","stick-header-meta":"default","header-above-stick-meta":"","header-main-stick-meta":"","header-below-stick-meta":"","astra-migrate-meta-layouts":"set","ast-page-background-enabled":"default","ast-page-background-meta":{"desktop":{"background-color":"","background-image":"","background-repeat":"repeat","background-position":"center center","background-size":"auto","background-attachment":"scroll","background-type":"","background-media":"","overlay-type":"","overlay-color":"","overlay-opacity":"","overlay-gradient":""},"tablet":{"background-color":"","background-image":"","background-repeat":"repeat","background-position":"center center","background-size":"auto","background-attachment":"scroll","background-type":"","background-media":"","overlay-type":"","overlay-color":"","overlay-opacity":"","overlay-gradient":""},"mobile":{"background-color":"","background-image":"","background-repeat":"repeat","background-position":"center center","background-size":"auto","background-attachment":"scroll","background-type":"","background-media":"","overlay-type":"","overlay-color":"","overlay-opacity":"","overlay-gradient":""}},"ast-content-background-meta":{"desktop":{"background-color":"var(--ast-global-color-5)","background-image":"","background-repeat":"repeat","background-position":"center center","background-size":"auto","background-attachment":"scroll","background-type":"","background-media":"","overlay-type":"","overlay-color":"","overlay-opacity":"","overlay-gradient":""},"tablet":{"background-color":"var(--ast-global-color-5)","background-image":"","background-repeat":"repeat","background-position":"center center","background-size":"auto","background-attachment":"scroll","background-type":"","background-media":"","overlay-type":"","overlay-color":"","overlay-opacity":"","overlay-gradient":""},"mobile":{"background-color":"var(--ast-global-color-5)","background-image":"","background-repeat":"repeat","background-position":"center center","background-size":"auto","background-attachment":"scroll","background-type":"","background-media":"","overlay-type":"","overlay-color":"","overlay-opacity":"","overlay-gradient":""}}},"product_brand":[42],"product_cat":[47,87,15],"product_tag":[],"class_list":{"0":"post-4361","1":"product","2":"type-product","3":"status-publish","4":"has-post-thumbnail","6":"product_brand-randm-tornado","7":"product_cat-randm-tornado-25000-allie-portabilite-et-personnalisation","8":"product_cat-puff-25k","9":"product_cat-magasin-cigarette-electronique","10":"desktop-align-center","11":"tablet-align-center","12":"mobile-align-center","13":"ast-product-gallery-layout-horizontal","14":"ast-product-single-variable","15":"ast-product-tabs-layout-horizontal","16":"ast-qv-on-image","18":"first","19":"instock","20":"sale","21":"shipping-taxable","22":"purchasable","23":"product-type-variable","24":"has-default-attributes"},"tiered_pricing_type":"fixed","tiered_pricing_fixed_rules":{"30":10.17,"60":9.22,"100":8.38,"200":8.08,"500":7.88,"1000":7.48},"tiered_pricing_product_settings":{"layout":"default","base_unit_name":{"singular":null,"plural":null},"default_variation":null},"tiered_pricing_minimum_quantity":null,"tiered_pricing_roles_data":[],"tiered_pricing_percentage_rules":[],"_links":{"self":[{"href":"https:\/\/puffvapestore.com\/pt\/wp-json\/wp\/v2\/product\/4361","targetHints":{"allow":["GET"]}}],"collection":[{"href":"https:\/\/puffvapestore.com\/pt\/wp-json\/wp\/v2\/product"}],"about":[{"href":"https:\/\/puffvapestore.com\/pt\/wp-json\/wp\/v2\/types\/product"}],"replies":[{"embeddable":true,"href":"https:\/\/puffvapestore.com\/pt\/wp-json\/wp\/v2\/comments?post=4361"}],"version-history":[{"count":7,"href":"https:\/\/puffvapestore.com\/pt\/wp-json\/wp\/v2\/product\/4361\/revisions"}],"predecessor-version":[{"id":4753,"href":"https:\/\/puffvapestore.com\/pt\/wp-json\/wp\/v2\/product\/4361\/revisions\/4753"}],"wp:featuredmedia":[{"embeddable":true,"href":"https:\/\/puffvapestore.com\/pt\/wp-json\/wp\/v2\/media\/4248"}],"wp:attachment":[{"href":"https:\/\/puffvapestore.com\/pt\/wp-json\/wp\/v2\/media?parent=4361"}],"wp:term":[{"taxonomy":"product_brand","embeddable":true,"href":"https:\/\/puffvapestore.com\/pt\/wp-json\/wp\/v2\/product_brand?post=4361"},{"taxonomy":"product_cat","embeddable":true,"href":"https:\/\/puffvapestore.com\/pt\/wp-json\/wp\/v2\/product_cat?post=4361"},{"taxonomy":"product_tag","embeddable":true,"href":"https:\/\/puffvapestore.com\/pt\/wp-json\/wp\/v2\/product_tag?post=4361"}],"curies":[{"name":"wp","href":"https:\/\/api.w.org\/{rel}","templated":true}]}}