{"id":4302,"date":"2025-07-03T22:27:59","date_gmt":"2025-07-03T22:27:59","guid":{"rendered":"https:\/\/puffvapestore.com\/?post_type=product&#038;p=4302"},"modified":"2026-01-19T10:35:08","modified_gmt":"2026-01-19T10:35:08","slug":"randm-tornado-25000-mode-jeu-integre-et-puissance-reglable","status":"publish","type":"product","link":"https:\/\/puffvapestore.com\/pt\/product\/randm-tornado-25000-modo-de-jogo-integrado-e-potencia-ajustavel\/","title":{"rendered":"RandM Tornado 25000: 25.000 baforadas, modo de jogo integrado e pot\u00eancia ajust\u00e1vel"},"content":{"rendered":"<div data-elementor-type=\"wp-post\" data-elementor-id=\"4302\" class=\"elementor elementor-4302\">\n\t\t\t\t<div class=\"elementor-element elementor-element-718b380 e-flex e-con-boxed e-con e-parent\" data-id=\"718b380\" data-element_type=\"container\" data-e-type=\"container\">\n\t\t\t\t\t<div class=\"e-con-inner\">\n\t\t\t\t<div class=\"elementor-element elementor-element-d2cc8fa elementor-widget elementor-widget-text-editor\" data-id=\"d2cc8fa\" data-element_type=\"widget\" data-e-type=\"widget\" data-widget_type=\"text-editor.default\">\n\t\t\t\t<div class=\"elementor-widget-container\">\n\t\t\t\t\t\t\t\t\t<h2>Especifica\u00e7\u00f5es do RandM Tornado 25000 :<\/h2><p>N\u00famero de baforadas : At\u00e9 25.000, ideal para fumadores intensos ou para quem procura uma utiliza\u00e7\u00e3o a longo prazo sem substitui\u00e7\u00f5es frequentes.<\/p><p>Bateria: Bateria recarreg\u00e1vel de 700 mAh com carregamento r\u00e1pido Tipo C.<\/p><p>E-l\u00edquido: Pr\u00e9-carregado com 20 ml de e-l\u00edquido, concentra\u00e7\u00e3o de sal de nicotina de 2 % ou 5 %.<\/p><p>Tecnologia de resist\u00eancia: As resist\u00eancias de malha dupla proporcionam um sabor rico e consistente e um vapor denso durante toda a sua vida \u00fatil.<\/p><p>Visor: Equipado com um ecr\u00e3 t\u00e1til TFT de alta defini\u00e7\u00e3o, apresenta o n\u00edvel da bateria, o n\u00edvel de e-l\u00edquido restante e as defini\u00e7\u00f5es de pot\u00eancia de sa\u00edda em tempo real.<\/p><p>Controlo t\u00e1til: Um interrutor t\u00e1til inovador facilita o ajuste da pot\u00eancia (duplo clique para ativar, triplo clique para alterar a pot\u00eancia, qu\u00e1druplo clique para mudar para o modo de jogo, clique \u00fanico para come\u00e7ar a jogar).<\/p><p>Design: compacto e leve, f\u00e1cil de transportar, elegante e moderno.<\/p><p>Fluxo de ar ajust\u00e1vel: fluxo de vapor personaliz\u00e1vel para se adaptar \u00e0s suas prefer\u00eancias de fumo.<\/p><h2>Carater\u00edsticas e vantagens do RandM Tornado 25000 :<\/h2><p>F\u00e1cil de utilizar: N\u00e3o \u00e9 necess\u00e1ria manuten\u00e7\u00e3o, recarga ou substitui\u00e7\u00e3o de pe\u00e7as; basta abrir a embalagem e utilizar este cigarro eletr\u00f3nico.<\/p><p>Sabor: Os utilizadores apreciam o sabor rico e consistente e o vapor cremoso, real\u00e7ado pela resist\u00eancia de malha dupla.<\/p><p>Autonomia: A bateria de 700 mAh, combinada com a fun\u00e7\u00e3o de carregamento r\u00e1pido, permite recargas e utiliza\u00e7\u00f5es repetidas, evitando o desperd\u00edcio de e-l\u00edquido devido a uma bateria descarregada.<\/p><p>Portabilidade: O seu design leve e compacto facilita a sua desloca\u00e7\u00e3o.<\/p><p>Fun\u00e7\u00e3o de minijogos incorporada: Suporta pequenos jogos, como minijogos de clicar para jogar, para uma experi\u00eancia de entretenimento \u00fanica raramente encontrada noutros cigarros electr\u00f3nicos descart\u00e1veis no mercado.<\/p>\t\t\t\t\t\t\t\t<\/div>\n\t\t\t\t<\/div>\n\t\t\t\t\t<\/div>\n\t\t\t\t<\/div>\n\t\t<div class=\"elementor-element elementor-element-08c26f9 e-flex e-con-boxed e-con e-parent\" data-id=\"08c26f9\" data-element_type=\"container\" data-e-type=\"container\">\n\t\t\t\t\t<div class=\"e-con-inner\">\n\t\t\t\t<div class=\"elementor-element elementor-element-a005a97 elementor-widget elementor-widget-text-editor\" data-id=\"a005a97\" data-element_type=\"widget\" data-e-type=\"widget\" data-widget_type=\"text-editor.default\">\n\t\t\t\t<div class=\"elementor-widget-container\">\n\t\t\t\t\t\t\t\t\t<h2>O Fumot RandM Tornado 25000 oferece at\u00e9 25 sabores<\/h2><p>O Fumot RandM Tornado 25000 oferece at\u00e9 25 sabores, abrangendo uma variedade de sabores como fruta, fresco e sobremesa, para satisfazer as prefer\u00eancias de cada utilizador. Os sabores de fruta incluem \u00abFrozen Banana\u00bb, \u00abJuicy Frozen Peach\u00bb, \u00abFrozen Pineapple\u00bb, \u00abWatermelon Strawberry\u00bb, etc., que oferecem um aroma frutado rico e uma sensa\u00e7\u00e3o de frescura; \u00abRaspberry Blueberry\u00bb, \u00abLemon Grape\u00bb e \u00abWatermelon Mango Peach\u00bb oferecem uma experi\u00eancia rica com sabores de fruta variados. Para al\u00e9m disso, \u00abKiwi Passionfruit Guava\u00bb e \u00abTropical Rainbow Blast\u00bb oferecem uma experi\u00eancia de sabor complexo e tropical para os amantes de sabores ex\u00f3ticos.<\/p><p>Sabores refrescantes como \u00abCool Mint\u00bb, \u00abMiami Mint\u00bb, \u00abBlack Ice\u00bb e \u00abLush Ice\u00bb s\u00e3o refrescantes com uma base de menta ou gelo, ideais para quem procura uma sensa\u00e7\u00e3o refrescante. \u00abBlueberry Ice\u00bb, \u00abGrape Ice\u00bb e \u00abWatermelon Ice\u00bb acrescentam notas de gelo \u00e0 base frutada para real\u00e7ar a frescura do sabor. Os sabores \u00fanicos de sobremesas e bebidas, como Cherry Cola, Strawberry Mint Candy e White Gummy Ice, oferecem op\u00e7\u00f5es doces e originais para uma experi\u00eancia mais indulgente.<\/p><p>Para al\u00e9m disso, a \u00abDouble Apple\u00bb e a \u00abCherry Bomb\u00bb real\u00e7am o sabor intenso de um \u00fanico fruto, enquanto a Dr. Blue \u00e9 conhecida pela sua misteriosa mistura de frutos azuis, oferecendo uma experi\u00eancia \u00fanica.<\/p>\t\t\t\t\t\t\t\t<\/div>\n\t\t\t\t<\/div>\n\t\t\t\t\t<\/div>\n\t\t\t\t<\/div>\n\t\t\t\t<\/div>","protected":false},"excerpt":{"rendered":"<p>Sp\u00e9cifications du RandM Tornado 25000\u00a0: Nombre de bouff\u00e9es\u00a0: Jusqu\u2019\u00e0 25000, id\u00e9al pour les gros fumeurs ou ceux qui recherchent une utilisation longue dur\u00e9e sans remplacements fr\u00e9quents. Batterie\u00a0: Batterie rechargeable de 700\u00a0mAh avec charge rapide Type-C. E-liquide\u00a0: Pr\u00e9rempli de 20\u00a0ml d\u2019e-liquide, concentration en sels de nicotine de 2\u00a0% ou 5\u00a0%. Technologie de r\u00e9sistance\u00a0: Les r\u00e9sistances \u00e0 [&hellip;]<\/p>\n","protected":false},"featured_media":4238,"comment_status":"open","ping_status":"closed","template":"","meta":{"site-sidebar-layout":"no-sidebar","site-content-layout":"page-builder","ast-site-content-layout":"normal-width-container","site-content-style":"default","site-sidebar-style":"default","ast-global-header-display":"","ast-banner-title-visibility":"","ast-main-header-display":"","ast-hfb-above-header-display":"","ast-hfb-below-header-display":"","ast-hfb-mobile-header-display":"","site-post-title":"disabled","ast-breadcrumbs-content":"","ast-featured-img":"disabled","footer-sml-layout":"","ast-disable-related-posts":"","theme-transparent-header-meta":"default","adv-header-id-meta":"","stick-header-meta":"default","header-above-stick-meta":"","header-main-stick-meta":"","header-below-stick-meta":"","astra-migrate-meta-layouts":"set","ast-page-background-enabled":"default","ast-page-background-meta":{"desktop":{"background-color":"","background-image":"","background-repeat":"repeat","background-position":"center center","background-size":"auto","background-attachment":"scroll","background-type":"","background-media":"","overlay-type":"","overlay-color":"","overlay-opacity":"","overlay-gradient":""},"tablet":{"background-color":"","background-image":"","background-repeat":"repeat","background-position":"center center","background-size":"auto","background-attachment":"scroll","background-type":"","background-media":"","overlay-type":"","overlay-color":"","overlay-opacity":"","overlay-gradient":""},"mobile":{"background-color":"","background-image":"","background-repeat":"repeat","background-position":"center center","background-size":"auto","background-attachment":"scroll","background-type":"","background-media":"","overlay-type":"","overlay-color":"","overlay-opacity":"","overlay-gradient":""}},"ast-content-background-meta":{"desktop":{"background-color":"var(--ast-global-color-5)","background-image":"","background-repeat":"repeat","background-position":"center center","background-size":"auto","background-attachment":"scroll","background-type":"","background-media":"","overlay-type":"","overlay-color":"","overlay-opacity":"","overlay-gradient":""},"tablet":{"background-color":"var(--ast-global-color-5)","background-image":"","background-repeat":"repeat","background-position":"center center","background-size":"auto","background-attachment":"scroll","background-type":"","background-media":"","overlay-type":"","overlay-color":"","overlay-opacity":"","overlay-gradient":""},"mobile":{"background-color":"var(--ast-global-color-5)","background-image":"","background-repeat":"repeat","background-position":"center center","background-size":"auto","background-attachment":"scroll","background-type":"","background-media":"","overlay-type":"","overlay-color":"","overlay-opacity":"","overlay-gradient":""}}},"product_brand":[42],"product_cat":[47,87,15],"product_tag":[],"class_list":{"0":"post-4302","1":"product","2":"type-product","3":"status-publish","4":"has-post-thumbnail","6":"product_brand-randm-tornado","7":"product_cat-randm-tornado-25000-allie-portabilite-et-personnalisation","8":"product_cat-puff-25k","9":"product_cat-magasin-cigarette-electronique","10":"desktop-align-center","11":"tablet-align-center","12":"mobile-align-center","13":"ast-product-gallery-layout-horizontal","14":"ast-product-single-variable","15":"ast-product-tabs-layout-horizontal","16":"ast-qv-on-image","18":"first","19":"instock","20":"sale","21":"shipping-taxable","22":"purchasable","23":"product-type-variable","24":"has-default-attributes"},"tiered_pricing_type":"fixed","tiered_pricing_fixed_rules":{"30":10.17,"60":9.22,"100":8.38,"200":8.08,"500":7.88,"1000":7.48},"tiered_pricing_product_settings":{"layout":"default","base_unit_name":{"singular":null,"plural":null},"default_variation":null},"tiered_pricing_minimum_quantity":null,"tiered_pricing_roles_data":[],"tiered_pricing_percentage_rules":[],"_links":{"self":[{"href":"https:\/\/puffvapestore.com\/pt\/wp-json\/wp\/v2\/product\/4302","targetHints":{"allow":["GET"]}}],"collection":[{"href":"https:\/\/puffvapestore.com\/pt\/wp-json\/wp\/v2\/product"}],"about":[{"href":"https:\/\/puffvapestore.com\/pt\/wp-json\/wp\/v2\/types\/product"}],"replies":[{"embeddable":true,"href":"https:\/\/puffvapestore.com\/pt\/wp-json\/wp\/v2\/comments?post=4302"}],"version-history":[{"count":7,"href":"https:\/\/puffvapestore.com\/pt\/wp-json\/wp\/v2\/product\/4302\/revisions"}],"predecessor-version":[{"id":10746,"href":"https:\/\/puffvapestore.com\/pt\/wp-json\/wp\/v2\/product\/4302\/revisions\/10746"}],"wp:featuredmedia":[{"embeddable":true,"href":"https:\/\/puffvapestore.com\/pt\/wp-json\/wp\/v2\/media\/4238"}],"wp:attachment":[{"href":"https:\/\/puffvapestore.com\/pt\/wp-json\/wp\/v2\/media?parent=4302"}],"wp:term":[{"taxonomy":"product_brand","embeddable":true,"href":"https:\/\/puffvapestore.com\/pt\/wp-json\/wp\/v2\/product_brand?post=4302"},{"taxonomy":"product_cat","embeddable":true,"href":"https:\/\/puffvapestore.com\/pt\/wp-json\/wp\/v2\/product_cat?post=4302"},{"taxonomy":"product_tag","embeddable":true,"href":"https:\/\/puffvapestore.com\/pt\/wp-json\/wp\/v2\/product_tag?post=4302"}],"curies":[{"name":"wp","href":"https:\/\/api.w.org\/{rel}","templated":true}]}}