{"id":4229,"date":"2025-07-03T08:20:32","date_gmt":"2025-07-03T08:20:32","guid":{"rendered":"https:\/\/puffvapestore.com\/?post_type=product&#038;p=4229"},"modified":"2026-01-19T10:36:52","modified_gmt":"2026-01-19T10:36:52","slug":"puff-20000-taf-randm-tornado-20k-peach-berry","status":"publish","type":"product","link":"https:\/\/puffvapestore.com\/pt\/product\/puff-20000-taf-randm-tornado-20k-baga-de-pessego\/","title":{"rendered":"RandM Tornado 20000 - Baga de p\u00eassego"},"content":{"rendered":"<div data-elementor-type=\"wp-post\" data-elementor-id=\"4229\" class=\"elementor elementor-4229\">\n\t\t\t\t<div class=\"elementor-element elementor-element-08c26f9 e-flex e-con-boxed e-con e-parent\" data-id=\"08c26f9\" data-element_type=\"container\" data-e-type=\"container\">\n\t\t\t\t\t<div class=\"e-con-inner\">\n\t\t\t\t<div class=\"elementor-element elementor-element-a005a97 elementor-widget elementor-widget-text-editor\" data-id=\"a005a97\" data-element_type=\"widget\" data-e-type=\"widget\" data-widget_type=\"text-editor.default\">\n\t\t\t\t<div class=\"elementor-widget-container\">\n\t\t\t\t\t\t\t\t\t<p>O sabor Peach &amp; Berry \u00e9 ideal para o uso quotidiano gra\u00e7as \u00e0s suas notas doces e refrescantes, especialmente no ver\u00e3o ou para levantar o \u00e2nimo. O seu sabor rico e frutado, sem ser irritante, \u00e9 ideal para fumar durante todo o dia e oferece uma experi\u00eancia agrad\u00e1vel, quer seja para relaxar ou para socializar. Na inala\u00e7\u00e3o, o sabor doce e sumarento do p\u00eassego evoca um pomar, enquanto na exala\u00e7\u00e3o, a frescura das bagas evoca um h\u00e1lito fresco do bosque.<\/p><h2>Carater\u00edsticas do aroma de p\u00eassego :<\/h2><p>Assim que abrir a boca, sentir\u00e1 a do\u00e7ura intensa de um p\u00eassego amarelo maduro, como a polpa suculenta de um fruto acabado de cortar. Doce sem ser gorduroso, tem um aroma frutado natural e uma textura suave, ligeiramente pectinosa. O aroma a p\u00eassego mant\u00e9m-se durante muito tempo, enquanto o travo \u00e9 fresco e suave, proporcionando uma base arredondada \u00e0 experi\u00eancia global.<\/p><h2>Carater\u00edsticas gustativas das bagas :<\/h2><p>A harmonia das notas ligeiramente \u00e1cidas de mirtilo, framboesa e morango real\u00e7a o conjunto. A acidez fresca das bagas \u00e9 percet\u00edvel desde a primeira inala\u00e7\u00e3o, tornando-se depois doce no cora\u00e7\u00e3o, ajudando a conciliar a do\u00e7ura do p\u00eassego.<\/p><h2>Carater\u00edsticas gustativas :<\/h2><ul><li>Uma nota principal doce, uma nota secund\u00e1ria picante: a do\u00e7ura pronunciada do p\u00eassego domina, enquanto a acidez das bagas forma a base, criando uma fragr\u00e2ncia complementar.<\/li><li>Um paladar rico e complexo: a nota de topo \u00e9 dominada pelo p\u00eassego, a nota interm\u00e9dia \u00e9 uma fus\u00e3o de p\u00eassego e frutos silvestres e a nota de base \u00e9 de frutos silvestres doces e azedos.<\/li><li>Indicado para: pessoas que gostam de sabores frutados e doces, mas que esperam que o sabor n\u00e3o seja demasiado mon\u00f3tono.<\/li><\/ul>\t\t\t\t\t\t\t\t<\/div>\n\t\t\t\t<\/div>\n\t\t\t\t\t<\/div>\n\t\t\t\t<\/div>\n\t\t<div class=\"elementor-element elementor-element-718b380 e-flex e-con-boxed e-con e-parent\" data-id=\"718b380\" data-element_type=\"container\" data-e-type=\"container\">\n\t\t\t\t\t<div class=\"e-con-inner\">\n\t\t\t\t<div class=\"elementor-element elementor-element-d2cc8fa elementor-widget elementor-widget-text-editor\" data-id=\"d2cc8fa\" data-element_type=\"widget\" data-e-type=\"widget\" data-widget_type=\"text-editor.default\">\n\t\t\t\t<div class=\"elementor-widget-container\">\n\t\t\t\t\t\t\t\t\t<p><strong>Capacidade de fumo superior<\/strong><br \/>O RandM Tornado 20000 redefine o cigarro eletr\u00f3nico descart\u00e1vel com uma capacidade excecional de at\u00e9 20.000 baforadas. Concebido para durar mais tempo do que os cigarros electr\u00f3nicos descart\u00e1veis convencionais, \u00e9 ideal para vapers pesados, viajantes frequentes e qualquer pessoa que procure uma solu\u00e7\u00e3o fi\u00e1vel e duradoura de cigarro eletr\u00f3nico sem ter de substituir o seu cigarro eletr\u00f3nico frequentemente.<\/p><p><strong>Bateria recarreg\u00e1vel potente<\/strong><br \/>O Tornado 20000 est\u00e1 equipado com uma potente bateria de l\u00edtio recarreg\u00e1vel de 850 mAh para uma utiliza\u00e7\u00e3o duradoura, mesmo com cargas pesadas. A sua compatibilidade com o carregamento r\u00e1pido USB-C significa que pode ser carregado de forma r\u00e1pida, eficiente e est\u00e1vel, maximizando a sua capacidade de e-l\u00edquido e minimizando o tempo de inatividade.<\/p><p><strong>Grande reserva de 20 ml de e-l\u00edquido<\/strong><br \/>Pr\u00e9-enchido com 20 ml de e-l\u00edquido de qualidade superior, dispon\u00edvel em concentra\u00e7\u00f5es de nicotina de 2 % (20 mg) e 5 % (50 mg) para satisfazer as necessidades de cada utilizador. Fabricado a partir de mat\u00e9rias-primas de qualidade alimentar que cumprem as normas de seguran\u00e7a internacionais, este e-l\u00edquido \u00e9 rico em sabor, aumentando consideravelmente o prazer e a satisfa\u00e7\u00e3o da inala\u00e7\u00e3o.<\/p><p><strong>Aquecimento de malha dupla + sistema de suc\u00e7\u00e3o ajust\u00e1vel<\/strong><br \/>Com a tecnologia de resist\u00eancia de malha dupla, melhora drasticamente a uniformidade do aquecimento e a efici\u00eancia da atomiza\u00e7\u00e3o, proporcionando uma experi\u00eancia de sabor mais densa e suave, mais pr\u00f3xima do fumo real. Gra\u00e7as ao sistema de extra\u00e7\u00e3o ajust\u00e1vel, os utilizadores podem alternar livremente entre os modos de bobina \u00fanica (baixa pot\u00eancia) e bobina dupla (alta pot\u00eancia) para uma experi\u00eancia de extra\u00e7\u00e3o personalizada.<\/p><p><strong>Ecr\u00e3 LED inteligente, claro num relance<\/strong><br \/>O visor LED inteligente incorporado mostra a pot\u00eancia e o n\u00edvel de e-l\u00edquido restante em tempo real. Os utilizadores podem ver claramente o estado do dispositivo para evitar cortes s\u00fabitos de energia ou ficar sem e-l\u00edquido. O seu design intuitivo e a facilidade de utiliza\u00e7\u00e3o tornam-no adequado para todos os utilizadores, especialmente para os principiantes.<\/p><p><strong>Requintado, port\u00e1til e elegante<\/strong><br \/>O Tornado 20000 combina funcionalidade pr\u00e1tica com eleg\u00e2ncia. O seu design compacto e leve cabe facilmente no bolso ou na mala, tornando-o o companheiro perfeito para as suas desloca\u00e7\u00f5es di\u00e1rias, viagens ou sa\u00eddas \u00e0 noite. Dispon\u00edvel numa variedade de cores vivas e designs elegantes, n\u00e3o \u00e9 apenas um cigarro eletr\u00f3nico com estilo, mas tamb\u00e9m um acess\u00f3rio de moda indispens\u00e1vel.<\/p><p><strong>Uma experi\u00eancia verdadeiramente pronta a utilizar logo que sai da caixa<\/strong><br \/>N\u00e3o \u00e9 necess\u00e1rio adicionar e-l\u00edquido, substituir os n\u00facleos do atomizador ou limpar o dispositivo. O RandM Tornado 20000 n\u00e3o necessita de manuten\u00e7\u00e3o e utiliza um sistema autom\u00e1tico de ativa\u00e7\u00e3o por inala\u00e7\u00e3o. \u00c9 r\u00e1pido e f\u00e1cil de utilizar logo que sai da caixa. \u00c9 particularmente adequado para principiantes, trabalhadores de escrit\u00f3rio atarefados ou utilizadores que pretendam libertar-se dos constrangimentos dos cigarros tradicionais.<\/p><p><strong>Mais destaques :<\/strong><\/p><ul><li>Estrutura \u00e0 prova de fugas: tecnologia \u00e0 prova de fugas com v\u00e1rios vedantes, sem fugas de e-l\u00edquido.<\/li><li>Gest\u00e3o autom\u00e1tica da poupan\u00e7a de energia: espera autom\u00e1tica em caso de inatividade para prolongar a vida \u00fatil da bateria.<\/li><\/ul>\t\t\t\t\t\t\t\t<\/div>\n\t\t\t\t<\/div>\n\t\t\t\t\t<\/div>\n\t\t\t\t<\/div>\n\t\t\t\t<\/div>","protected":false},"excerpt":{"rendered":"<p>L&rsquo;ar\u00f4me P\u00eache et Baies est id\u00e9al pour un usage quotidien gr\u00e2ce \u00e0 ses notes sucr\u00e9es et rafra\u00eechissantes, notamment en \u00e9t\u00e9 ou pour se remonter le moral. Son ar\u00f4me riche et fruit\u00e9, sans \u00eatre irritant, est id\u00e9al pour fumer toute la journ\u00e9e et offre une exp\u00e9rience agr\u00e9able, que ce soit pour se d\u00e9tendre ou pour des [&hellip;]<\/p>\n","protected":false},"featured_media":8451,"comment_status":"open","ping_status":"closed","template":"","meta":{"site-sidebar-layout":"no-sidebar","site-content-layout":"page-builder","ast-site-content-layout":"normal-width-container","site-content-style":"default","site-sidebar-style":"default","ast-global-header-display":"","ast-banner-title-visibility":"","ast-main-header-display":"","ast-hfb-above-header-display":"","ast-hfb-below-header-display":"","ast-hfb-mobile-header-display":"","site-post-title":"disabled","ast-breadcrumbs-content":"","ast-featured-img":"disabled","footer-sml-layout":"","ast-disable-related-posts":"","theme-transparent-header-meta":"default","adv-header-id-meta":"","stick-header-meta":"default","header-above-stick-meta":"","header-main-stick-meta":"","header-below-stick-meta":"","astra-migrate-meta-layouts":"set","ast-page-background-enabled":"default","ast-page-background-meta":{"desktop":{"background-color":"","background-image":"","background-repeat":"repeat","background-position":"center center","background-size":"auto","background-attachment":"scroll","background-type":"","background-media":"","overlay-type":"","overlay-color":"","overlay-opacity":"","overlay-gradient":""},"tablet":{"background-color":"","background-image":"","background-repeat":"repeat","background-position":"center center","background-size":"auto","background-attachment":"scroll","background-type":"","background-media":"","overlay-type":"","overlay-color":"","overlay-opacity":"","overlay-gradient":""},"mobile":{"background-color":"","background-image":"","background-repeat":"repeat","background-position":"center center","background-size":"auto","background-attachment":"scroll","background-type":"","background-media":"","overlay-type":"","overlay-color":"","overlay-opacity":"","overlay-gradient":""}},"ast-content-background-meta":{"desktop":{"background-color":"var(--ast-global-color-5)","background-image":"","background-repeat":"repeat","background-position":"center center","background-size":"auto","background-attachment":"scroll","background-type":"","background-media":"","overlay-type":"","overlay-color":"","overlay-opacity":"","overlay-gradient":""},"tablet":{"background-color":"var(--ast-global-color-5)","background-image":"","background-repeat":"repeat","background-position":"center center","background-size":"auto","background-attachment":"scroll","background-type":"","background-media":"","overlay-type":"","overlay-color":"","overlay-opacity":"","overlay-gradient":""},"mobile":{"background-color":"var(--ast-global-color-5)","background-image":"","background-repeat":"repeat","background-position":"center center","background-size":"auto","background-attachment":"scroll","background-type":"","background-media":"","overlay-type":"","overlay-color":"","overlay-opacity":"","overlay-gradient":""}}},"product_brand":[42],"product_cat":[46,85,77,15],"product_tag":[],"class_list":{"0":"post-4229","1":"product","2":"type-product","3":"status-publish","4":"has-post-thumbnail","6":"product_brand-randm-tornado","7":"product_cat-randm-tornado-20000-performances-fiables","8":"product_cat-puff-20k","9":"product_cat-entrepot-de-lue","10":"product_cat-magasin-cigarette-electronique","11":"desktop-align-center","12":"tablet-align-center","13":"mobile-align-center","14":"ast-product-gallery-layout-horizontal","15":"ast-product-single-variable","16":"ast-product-tabs-layout-horizontal","17":"ast-qv-on-image","19":"first","20":"instock","21":"sale","22":"shipping-taxable","23":"purchasable","24":"product-type-variable","25":"has-default-attributes"},"tiered_pricing_type":"fixed","tiered_pricing_fixed_rules":{"30":10.37,"60":9.19,"100":7.85,"200":7.69,"500":7.19,"1000":7.09},"tiered_pricing_product_settings":{"layout":"default","base_unit_name":{"singular":null,"plural":null},"default_variation":null},"tiered_pricing_minimum_quantity":null,"tiered_pricing_roles_data":[],"tiered_pricing_percentage_rules":[],"_links":{"self":[{"href":"https:\/\/puffvapestore.com\/pt\/wp-json\/wp\/v2\/product\/4229","targetHints":{"allow":["GET"]}}],"collection":[{"href":"https:\/\/puffvapestore.com\/pt\/wp-json\/wp\/v2\/product"}],"about":[{"href":"https:\/\/puffvapestore.com\/pt\/wp-json\/wp\/v2\/types\/product"}],"replies":[{"embeddable":true,"href":"https:\/\/puffvapestore.com\/pt\/wp-json\/wp\/v2\/comments?post=4229"}],"version-history":[{"count":8,"href":"https:\/\/puffvapestore.com\/pt\/wp-json\/wp\/v2\/product\/4229\/revisions"}],"predecessor-version":[{"id":10323,"href":"https:\/\/puffvapestore.com\/pt\/wp-json\/wp\/v2\/product\/4229\/revisions\/10323"}],"wp:featuredmedia":[{"embeddable":true,"href":"https:\/\/puffvapestore.com\/pt\/wp-json\/wp\/v2\/media\/8451"}],"wp:attachment":[{"href":"https:\/\/puffvapestore.com\/pt\/wp-json\/wp\/v2\/media?parent=4229"}],"wp:term":[{"taxonomy":"product_brand","embeddable":true,"href":"https:\/\/puffvapestore.com\/pt\/wp-json\/wp\/v2\/product_brand?post=4229"},{"taxonomy":"product_cat","embeddable":true,"href":"https:\/\/puffvapestore.com\/pt\/wp-json\/wp\/v2\/product_cat?post=4229"},{"taxonomy":"product_tag","embeddable":true,"href":"https:\/\/puffvapestore.com\/pt\/wp-json\/wp\/v2\/product_tag?post=4229"}],"curies":[{"name":"wp","href":"https:\/\/api.w.org\/{rel}","templated":true}]}}