{"id":4202,"date":"2025-07-03T03:55:48","date_gmt":"2025-07-03T03:55:48","guid":{"rendered":"https:\/\/puffvapestore.com\/?post_type=product&#038;p=4202"},"modified":"2026-01-19T10:36:52","modified_gmt":"2026-01-19T10:36:52","slug":"tornado-20000-puffs-strawberry-ice","status":"publish","type":"product","link":"https:\/\/puffvapestore.com\/pt\/product\/tornado-20000-puffs-de-gelo-de-morango\/","title":{"rendered":"RandM Tornado 20000 - Gelo de morango"},"content":{"rendered":"<div data-elementor-type=\"wp-post\" data-elementor-id=\"4202\" class=\"elementor elementor-4202\">\n\t\t\t\t<div class=\"elementor-element elementor-element-08c26f9 e-flex e-con-boxed e-con e-parent\" data-id=\"08c26f9\" data-element_type=\"container\" data-e-type=\"container\">\n\t\t\t\t\t<div class=\"e-con-inner\">\n\t\t\t\t<div class=\"elementor-element elementor-element-a005a97 elementor-widget elementor-widget-text-editor\" data-id=\"a005a97\" data-element_type=\"widget\" data-e-type=\"widget\" data-widget_type=\"text-editor.default\">\n\t\t\t\t<div class=\"elementor-widget-container\">\n\t\t\t\t\t\t\t\t\t<p>Nos vastos e dourados campos de colza de Fran\u00e7a, a brisa sopra, trazendo o aroma natural das flores e da terra. Durante uma pausa, encosta-se \u00e0 cerca de madeira que delimita o campo, tira do bolso o cigarro eletr\u00f3nico RandM Tornado 20000 Puffs Strawberry Ice e d\u00e1 uma leve passa. Num instante, um doce sabor a morango misturado com menta fresca invade a sua boca, dando um toque de romance franc\u00eas e tecnologia moderna a este momento de descontra\u00e7\u00e3o.<\/p><h3>Strawberry Ice, um encontro franc\u00eas para as papilas gustativas<\/h3><p>O sabor Strawberry Ice centra-se na do\u00e7ura intensa dos morangos. Quando fumado, o RandM Tornado 20000 Puffs oferece um sabor sumarento, que lembra a fruta acabada de colher, seguido de um toque de menta fresca, que equilibra a do\u00e7ura na perfei\u00e7\u00e3o, como se estivesse a saborear um batido de morango gelado num dia quente do ver\u00e3o franc\u00eas. Este sabor combina o aroma frutado dos morangos maduros com a frescura da menta e associa-se \u00e0 tecnologia de resist\u00eancia de malha dupla do RandM Tornado 20000, tornando cada inala\u00e7\u00e3o suave e densa, com nuances de sabor distintas. Quer aprecie o sabor delicado de uma resist\u00eancia simples ou a riqueza de uma resist\u00eancia dupla, proporciona o sabor refrescante do gelado de morango com precis\u00e3o.<\/p>\t\t\t\t\t\t\t\t<\/div>\n\t\t\t\t<\/div>\n\t\t\t\t\t<\/div>\n\t\t\t\t<\/div>\n\t\t<div class=\"elementor-element elementor-element-718b380 e-flex e-con-boxed e-con e-parent\" data-id=\"718b380\" data-element_type=\"container\" data-e-type=\"container\">\n\t\t\t\t\t<div class=\"e-con-inner\">\n\t\t\t\t<div class=\"elementor-element elementor-element-d2cc8fa elementor-widget elementor-widget-text-editor\" data-id=\"d2cc8fa\" data-element_type=\"widget\" data-e-type=\"widget\" data-widget_type=\"text-editor.default\">\n\t\t\t\t<div class=\"elementor-widget-container\">\n\t\t\t\t\t\t\t\t\t<p><strong>Capacidade de fumo superior<\/strong><br \/>O RandM Tornado 20000 Strawberry Ice redefine o cigarro eletr\u00f3nico descart\u00e1vel com uma capacidade excecional de at\u00e9 20.000 baforadas. Concebido para durar mais tempo do que os cigarros electr\u00f3nicos descart\u00e1veis convencionais, \u00e9 ideal para vapers pesados, viajantes frequentes e qualquer pessoa que procure uma solu\u00e7\u00e3o de cigarro eletr\u00f3nico fi\u00e1vel e duradoura sem ter de substituir o seu cigarro eletr\u00f3nico frequentemente.<\/p><p><strong>Bateria recarreg\u00e1vel potente<\/strong><br \/>O Tornado 20000 Strawberry Ice est\u00e1 equipado com uma potente bateria de l\u00edtio recarreg\u00e1vel de 850 mAh para uma utiliza\u00e7\u00e3o duradoura, mesmo com cargas pesadas. A sua compatibilidade com o carregamento r\u00e1pido USB-C significa que pode ser carregado de forma r\u00e1pida, eficiente e est\u00e1vel, maximizando a sua capacidade de e-l\u00edquido e minimizando o tempo de inatividade.<\/p><p><strong>Grande reserva de 20 ml de e-l\u00edquido<\/strong><br \/>Pr\u00e9-enchido com 20 ml de e-l\u00edquido de qualidade superior, dispon\u00edvel em concentra\u00e7\u00f5es de nicotina de 2 % (20 mg) e 5 % (50 mg) para satisfazer as necessidades de cada utilizador. Fabricado a partir de mat\u00e9rias-primas de qualidade alimentar que cumprem as normas de seguran\u00e7a internacionais, este e-l\u00edquido \u00e9 rico em sabor, aumentando consideravelmente o prazer e a satisfa\u00e7\u00e3o da inala\u00e7\u00e3o.<\/p><p><strong>Aquecimento de malha dupla + sistema de suc\u00e7\u00e3o ajust\u00e1vel<\/strong><br \/>Com a tecnologia de resist\u00eancia de malha dupla, melhora drasticamente a uniformidade do aquecimento e a efici\u00eancia da atomiza\u00e7\u00e3o, proporcionando uma experi\u00eancia de sabor mais densa e suave, mais pr\u00f3xima do fumo real. Gra\u00e7as ao sistema de extra\u00e7\u00e3o ajust\u00e1vel, os utilizadores podem alternar livremente entre os modos de bobina \u00fanica (baixa pot\u00eancia) e bobina dupla (alta pot\u00eancia) para uma experi\u00eancia de extra\u00e7\u00e3o personalizada.<\/p><p><strong>Ecr\u00e3 LED inteligente, claro num relance<\/strong><br \/>O visor LED inteligente incorporado mostra a pot\u00eancia e o n\u00edvel de e-l\u00edquido restante em tempo real. Os utilizadores podem ver claramente o estado do dispositivo para evitar cortes s\u00fabitos de energia ou ficar sem e-l\u00edquido. O seu design intuitivo e a facilidade de utiliza\u00e7\u00e3o tornam-no adequado para todos os utilizadores, especialmente para os principiantes.<\/p><p><strong>Requintado, port\u00e1til e elegante<\/strong><br \/>O Tornado 20000 Strawberry Ice combina funcionalidade pr\u00e1tica com eleg\u00e2ncia. O seu design compacto e leve cabe facilmente no bolso ou na mala, tornando-o o companheiro perfeito para as suas desloca\u00e7\u00f5es di\u00e1rias, viagens ou sa\u00eddas \u00e0 noite. Dispon\u00edvel numa variedade de cores vivas e designs elegantes, n\u00e3o \u00e9 apenas um cigarro eletr\u00f3nico com estilo, mas tamb\u00e9m um acess\u00f3rio de moda indispens\u00e1vel.<\/p><p><strong>Uma experi\u00eancia verdadeiramente pronta a utilizar logo que sai da caixa<\/strong><br \/>N\u00e3o \u00e9 necess\u00e1rio adicionar e-l\u00edquido, substituir os n\u00facleos do atomizador ou limpar o dispositivo. O RandM Tornado 20000 n\u00e3o necessita de manuten\u00e7\u00e3o e utiliza um sistema autom\u00e1tico de ativa\u00e7\u00e3o por inala\u00e7\u00e3o. \u00c9 r\u00e1pido e f\u00e1cil de utilizar logo que sai da caixa. \u00c9 particularmente adequado para principiantes, trabalhadores de escrit\u00f3rio atarefados ou utilizadores que pretendam libertar-se dos constrangimentos dos cigarros tradicionais.<\/p><p><strong>Mais destaques :<\/strong><\/p><ul><li>Estrutura \u00e0 prova de fugas: tecnologia \u00e0 prova de fugas com v\u00e1rios vedantes, sem fugas de e-l\u00edquido.<\/li><li>Gest\u00e3o autom\u00e1tica da poupan\u00e7a de energia: espera autom\u00e1tica em caso de inatividade para prolongar a vida \u00fatil da bateria.<\/li><\/ul>\t\t\t\t\t\t\t\t<\/div>\n\t\t\t\t<\/div>\n\t\t\t\t\t<\/div>\n\t\t\t\t<\/div>\n\t\t\t\t<\/div>","protected":false},"excerpt":{"rendered":"<p>Dans les vastes champs de colza dor\u00e9s de France, la brise souffle, apportant le parfum naturel des fleurs et de la terre. Lors d&rsquo;une pause, vous vous adossez \u00e0 la cl\u00f4ture en bois qui borde le champ, sortez la cigarette \u00e9lectronique RandM Tornado 20000\u200b Puffs Strawberry Ice de votre poche et tirez une l\u00e9g\u00e8re bouff\u00e9e. [&hellip;]<\/p>\n","protected":false},"featured_media":8458,"comment_status":"open","ping_status":"closed","template":"","meta":{"site-sidebar-layout":"no-sidebar","site-content-layout":"page-builder","ast-site-content-layout":"normal-width-container","site-content-style":"default","site-sidebar-style":"default","ast-global-header-display":"","ast-banner-title-visibility":"","ast-main-header-display":"","ast-hfb-above-header-display":"","ast-hfb-below-header-display":"","ast-hfb-mobile-header-display":"","site-post-title":"disabled","ast-breadcrumbs-content":"","ast-featured-img":"disabled","footer-sml-layout":"","ast-disable-related-posts":"","theme-transparent-header-meta":"default","adv-header-id-meta":"","stick-header-meta":"default","header-above-stick-meta":"","header-main-stick-meta":"","header-below-stick-meta":"","astra-migrate-meta-layouts":"set","ast-page-background-enabled":"default","ast-page-background-meta":{"desktop":{"background-color":"","background-image":"","background-repeat":"repeat","background-position":"center center","background-size":"auto","background-attachment":"scroll","background-type":"","background-media":"","overlay-type":"","overlay-color":"","overlay-opacity":"","overlay-gradient":""},"tablet":{"background-color":"","background-image":"","background-repeat":"repeat","background-position":"center center","background-size":"auto","background-attachment":"scroll","background-type":"","background-media":"","overlay-type":"","overlay-color":"","overlay-opacity":"","overlay-gradient":""},"mobile":{"background-color":"","background-image":"","background-repeat":"repeat","background-position":"center center","background-size":"auto","background-attachment":"scroll","background-type":"","background-media":"","overlay-type":"","overlay-color":"","overlay-opacity":"","overlay-gradient":""}},"ast-content-background-meta":{"desktop":{"background-color":"var(--ast-global-color-5)","background-image":"","background-repeat":"repeat","background-position":"center center","background-size":"auto","background-attachment":"scroll","background-type":"","background-media":"","overlay-type":"","overlay-color":"","overlay-opacity":"","overlay-gradient":""},"tablet":{"background-color":"var(--ast-global-color-5)","background-image":"","background-repeat":"repeat","background-position":"center center","background-size":"auto","background-attachment":"scroll","background-type":"","background-media":"","overlay-type":"","overlay-color":"","overlay-opacity":"","overlay-gradient":""},"mobile":{"background-color":"var(--ast-global-color-5)","background-image":"","background-repeat":"repeat","background-position":"center center","background-size":"auto","background-attachment":"scroll","background-type":"","background-media":"","overlay-type":"","overlay-color":"","overlay-opacity":"","overlay-gradient":""}}},"product_brand":[42],"product_cat":[46,85,77,15],"product_tag":[],"class_list":{"0":"post-4202","1":"product","2":"type-product","3":"status-publish","4":"has-post-thumbnail","6":"product_brand-randm-tornado","7":"product_cat-randm-tornado-20000-performances-fiables","8":"product_cat-puff-20k","9":"product_cat-entrepot-de-lue","10":"product_cat-magasin-cigarette-electronique","11":"desktop-align-center","12":"tablet-align-center","13":"mobile-align-center","14":"ast-product-gallery-layout-horizontal","15":"ast-product-single-variable","16":"ast-product-tabs-layout-horizontal","17":"ast-qv-on-image","19":"first","20":"instock","21":"sale","22":"shipping-taxable","23":"purchasable","24":"product-type-variable","25":"has-default-attributes"},"tiered_pricing_type":"fixed","tiered_pricing_fixed_rules":{"30":10.37,"60":9.19,"100":7.85,"200":7.69,"500":7.19,"1000":7.09},"tiered_pricing_product_settings":{"layout":"default","base_unit_name":{"singular":null,"plural":null},"default_variation":null},"tiered_pricing_minimum_quantity":null,"tiered_pricing_roles_data":[],"tiered_pricing_percentage_rules":[],"_links":{"self":[{"href":"https:\/\/puffvapestore.com\/pt\/wp-json\/wp\/v2\/product\/4202","targetHints":{"allow":["GET"]}}],"collection":[{"href":"https:\/\/puffvapestore.com\/pt\/wp-json\/wp\/v2\/product"}],"about":[{"href":"https:\/\/puffvapestore.com\/pt\/wp-json\/wp\/v2\/types\/product"}],"replies":[{"embeddable":true,"href":"https:\/\/puffvapestore.com\/pt\/wp-json\/wp\/v2\/comments?post=4202"}],"version-history":[{"count":7,"href":"https:\/\/puffvapestore.com\/pt\/wp-json\/wp\/v2\/product\/4202\/revisions"}],"predecessor-version":[{"id":10325,"href":"https:\/\/puffvapestore.com\/pt\/wp-json\/wp\/v2\/product\/4202\/revisions\/10325"}],"wp:featuredmedia":[{"embeddable":true,"href":"https:\/\/puffvapestore.com\/pt\/wp-json\/wp\/v2\/media\/8458"}],"wp:attachment":[{"href":"https:\/\/puffvapestore.com\/pt\/wp-json\/wp\/v2\/media?parent=4202"}],"wp:term":[{"taxonomy":"product_brand","embeddable":true,"href":"https:\/\/puffvapestore.com\/pt\/wp-json\/wp\/v2\/product_brand?post=4202"},{"taxonomy":"product_cat","embeddable":true,"href":"https:\/\/puffvapestore.com\/pt\/wp-json\/wp\/v2\/product_cat?post=4202"},{"taxonomy":"product_tag","embeddable":true,"href":"https:\/\/puffvapestore.com\/pt\/wp-json\/wp\/v2\/product_tag?post=4202"}],"curies":[{"name":"wp","href":"https:\/\/api.w.org\/{rel}","templated":true}]}}