{"id":4193,"date":"2025-07-02T11:47:04","date_gmt":"2025-07-02T11:47:04","guid":{"rendered":"https:\/\/puffvapestore.com\/?post_type=product&#038;p=4193"},"modified":"2026-01-19T10:36:52","modified_gmt":"2026-01-19T10:36:52","slug":"puff-tornado-20000-cherry","status":"publish","type":"product","link":"https:\/\/puffvapestore.com\/pt\/product\/puff-tornado-20000-cherry\/","title":{"rendered":"RandM Tornado 20000 - Cerejeira"},"content":{"rendered":"<div data-elementor-type=\"wp-post\" data-elementor-id=\"4193\" class=\"elementor elementor-4193\">\n\t\t\t\t<div class=\"elementor-element elementor-element-08c26f9 e-flex e-con-boxed e-con e-parent\" data-id=\"08c26f9\" data-element_type=\"container\" data-e-type=\"container\">\n\t\t\t\t\t<div class=\"e-con-inner\">\n\t\t\t\t<div class=\"elementor-element elementor-element-a005a97 elementor-widget elementor-widget-text-editor\" data-id=\"a005a97\" data-element_type=\"widget\" data-e-type=\"widget\" data-widget_type=\"text-editor.default\">\n\t\t\t\t<div class=\"elementor-widget-container\">\n\t\t\t\t\t\t\t\t\t<p>Numa noite rom\u00e2ntica em Fran\u00e7a, quando a noite cobre a terra, o comboio canta suavemente nos carris e o luar atrav\u00e9s da janela ilumina as vinhas e os campos de lavanda. Segure num RandM Tornado 20000 sabor a cereja, encostado \u00e0 janela da carruagem nocturna, d\u00ea uma leve passa e mergulhe instantaneamente as suas papilas gustativas no sabor doce e sumarento das cerejas. Com o seu design \u00fanico e o seu excelente desempenho, este cigarro eletr\u00f3nico enquadra-se perfeitamente na atmosfera elegante e descontra\u00edda de Fran\u00e7a, tornando-se um indispens\u00e1vel em viagem.<\/p><h3>Sabor a cereja: uma mistura perfeita de do\u00e7ura e frescura<\/h3><p>O sabor a cereja \u00e9 uma das carater\u00edsticas principais do RandM Tornado 20000. Cada dentada oferece a do\u00e7ura intensa das cerejas maduras, acompanhada por um toque de acidez frutada fresca, como se colh\u00eassemos uma cereja fresca de um pomar proven\u00e7al no ver\u00e3o, e o sumo florescesse entre os l\u00e1bios e os dentes. Quer esteja sozinho \u00e0 janela de um compartimento de comboio, desfrutando da brisa nocturna, quer esteja a conversar com amigos na esplanada de um caf\u00e9 parisiense, este sabor a cereja proporcionar-lhe-\u00e1 um agrad\u00e1vel prazer sensorial. O seu sabor \u00e9 rico sem ser gorduroso, suave e subtilmente fresco, em perfeita harmonia com a busca francesa do requinte e do equil\u00edbrio.<\/p>\t\t\t\t\t\t\t\t<\/div>\n\t\t\t\t<\/div>\n\t\t\t\t\t<\/div>\n\t\t\t\t<\/div>\n\t\t<div class=\"elementor-element elementor-element-718b380 e-flex e-con-boxed e-con e-parent\" data-id=\"718b380\" data-element_type=\"container\" data-e-type=\"container\">\n\t\t\t\t\t<div class=\"e-con-inner\">\n\t\t\t\t<div class=\"elementor-element elementor-element-d2cc8fa elementor-widget elementor-widget-text-editor\" data-id=\"d2cc8fa\" data-element_type=\"widget\" data-e-type=\"widget\" data-widget_type=\"text-editor.default\">\n\t\t\t\t<div class=\"elementor-widget-container\">\n\t\t\t\t\t\t\t\t\t<p><strong>Capacidade de fumo superior<\/strong><br \/>O RandM Tornado 20000 Cherry redefine o cigarro eletr\u00f3nico descart\u00e1vel com uma capacidade excecional de at\u00e9 20.000 baforadas. Concebido para durar mais tempo do que os cigarros electr\u00f3nicos descart\u00e1veis convencionais, \u00e9 ideal para vapers pesados, viajantes frequentes e qualquer pessoa que procure uma solu\u00e7\u00e3o de cigarro eletr\u00f3nico fi\u00e1vel e duradoura sem ter de substituir o seu cigarro eletr\u00f3nico frequentemente.<\/p><p><strong>Bateria recarreg\u00e1vel potente<\/strong><br \/>O Tornado 20000 est\u00e1 equipado com uma potente bateria de l\u00edtio recarreg\u00e1vel de 850 mAh para uma utiliza\u00e7\u00e3o duradoura, mesmo com cargas pesadas. A sua compatibilidade com o carregamento r\u00e1pido USB-C significa que pode ser carregado de forma r\u00e1pida, eficiente e est\u00e1vel, maximizando a sua capacidade de e-l\u00edquido e minimizando o tempo de inatividade.<\/p><p><strong>Grande reserva de 20 ml de e-l\u00edquido<\/strong><br \/>Pr\u00e9-enchido com 20 ml de e-l\u00edquido de qualidade superior, dispon\u00edvel em concentra\u00e7\u00f5es de nicotina de 2 % (20 mg) e 5 % (50 mg) para satisfazer as necessidades de cada utilizador. Fabricado a partir de mat\u00e9rias-primas de qualidade alimentar que cumprem as normas de seguran\u00e7a internacionais, este e-l\u00edquido \u00e9 rico em sabor, aumentando consideravelmente o prazer e a satisfa\u00e7\u00e3o da inala\u00e7\u00e3o.<\/p><p><strong>Aquecimento de malha dupla + sistema de suc\u00e7\u00e3o ajust\u00e1vel<\/strong><br \/>Com a tecnologia de resist\u00eancia de malha dupla, melhora drasticamente a uniformidade do aquecimento e a efici\u00eancia da atomiza\u00e7\u00e3o, proporcionando uma experi\u00eancia de sabor mais densa e suave, mais pr\u00f3xima do fumo real. Gra\u00e7as ao sistema de extra\u00e7\u00e3o ajust\u00e1vel, os utilizadores podem alternar livremente entre os modos de bobina \u00fanica (baixa pot\u00eancia) e bobina dupla (alta pot\u00eancia) para uma experi\u00eancia de extra\u00e7\u00e3o personalizada.<\/p><p><strong>Ecr\u00e3 LED inteligente, claro num relance<\/strong><br \/>O visor LED inteligente incorporado mostra a pot\u00eancia e o n\u00edvel de e-l\u00edquido restante em tempo real. Os utilizadores podem ver claramente o estado do dispositivo para evitar cortes s\u00fabitos de energia ou ficar sem e-l\u00edquido. O seu design intuitivo e a facilidade de utiliza\u00e7\u00e3o tornam-no adequado para todos os utilizadores, especialmente para os principiantes.<\/p><p><strong>Requintado, port\u00e1til e elegante<\/strong><br \/>O Tornado 20000 Cherry combina funcionalidade pr\u00e1tica com eleg\u00e2ncia. O seu design compacto e leve cabe facilmente no bolso ou na mala, tornando-o o companheiro perfeito para as suas desloca\u00e7\u00f5es di\u00e1rias, viagens ou sa\u00eddas \u00e0 noite. Dispon\u00edvel numa variedade de cores vivas e designs elegantes, n\u00e3o \u00e9 apenas um cigarro eletr\u00f3nico com estilo, mas tamb\u00e9m um acess\u00f3rio de moda indispens\u00e1vel.<\/p><p><strong>Uma experi\u00eancia verdadeiramente pronta a utilizar logo que sai da caixa<\/strong><br \/>N\u00e3o \u00e9 necess\u00e1rio adicionar e-l\u00edquido, substituir os n\u00facleos do atomizador ou limpar o dispositivo. O RandM Tornado 20000 n\u00e3o necessita de manuten\u00e7\u00e3o e utiliza um sistema autom\u00e1tico de ativa\u00e7\u00e3o por inala\u00e7\u00e3o. \u00c9 r\u00e1pido e f\u00e1cil de utilizar logo que sai da caixa. \u00c9 particularmente adequado para principiantes, trabalhadores de escrit\u00f3rio atarefados ou utilizadores que pretendam libertar-se dos constrangimentos dos cigarros tradicionais.<\/p><p><strong>Mais destaques :<\/strong><\/p><ul><li>Estrutura \u00e0 prova de fugas: tecnologia \u00e0 prova de fugas com v\u00e1rios vedantes, sem fugas de e-l\u00edquido.<\/li><li>Gest\u00e3o autom\u00e1tica da poupan\u00e7a de energia: espera autom\u00e1tica em caso de inatividade para prolongar a vida \u00fatil da bateria.<\/li><\/ul>\t\t\t\t\t\t\t\t<\/div>\n\t\t\t\t<\/div>\n\t\t\t\t\t<\/div>\n\t\t\t\t<\/div>\n\t\t\t\t<\/div>","protected":false},"excerpt":{"rendered":"<p>Par une nuit romantique en France, alors que la nuit recouvre la terre, le train chante doucement sur les rails et que le clair de lune par la fen\u00eatre \u00e9claire les vignobles et les champs de lavande. Tenez une RandM Tornado 20000 saveur cerise, adoss\u00e9e \u00e0 la fen\u00eatre du wagon de nuit, prenez une l\u00e9g\u00e8re [&hellip;]<\/p>\n","protected":false},"featured_media":8439,"comment_status":"open","ping_status":"closed","template":"","meta":{"site-sidebar-layout":"no-sidebar","site-content-layout":"page-builder","ast-site-content-layout":"normal-width-container","site-content-style":"default","site-sidebar-style":"default","ast-global-header-display":"","ast-banner-title-visibility":"","ast-main-header-display":"","ast-hfb-above-header-display":"","ast-hfb-below-header-display":"","ast-hfb-mobile-header-display":"","site-post-title":"disabled","ast-breadcrumbs-content":"","ast-featured-img":"disabled","footer-sml-layout":"","ast-disable-related-posts":"","theme-transparent-header-meta":"default","adv-header-id-meta":"","stick-header-meta":"default","header-above-stick-meta":"","header-main-stick-meta":"","header-below-stick-meta":"","astra-migrate-meta-layouts":"set","ast-page-background-enabled":"default","ast-page-background-meta":{"desktop":{"background-color":"","background-image":"","background-repeat":"repeat","background-position":"center center","background-size":"auto","background-attachment":"scroll","background-type":"","background-media":"","overlay-type":"","overlay-color":"","overlay-opacity":"","overlay-gradient":""},"tablet":{"background-color":"","background-image":"","background-repeat":"repeat","background-position":"center center","background-size":"auto","background-attachment":"scroll","background-type":"","background-media":"","overlay-type":"","overlay-color":"","overlay-opacity":"","overlay-gradient":""},"mobile":{"background-color":"","background-image":"","background-repeat":"repeat","background-position":"center center","background-size":"auto","background-attachment":"scroll","background-type":"","background-media":"","overlay-type":"","overlay-color":"","overlay-opacity":"","overlay-gradient":""}},"ast-content-background-meta":{"desktop":{"background-color":"var(--ast-global-color-5)","background-image":"","background-repeat":"repeat","background-position":"center center","background-size":"auto","background-attachment":"scroll","background-type":"","background-media":"","overlay-type":"","overlay-color":"","overlay-opacity":"","overlay-gradient":""},"tablet":{"background-color":"var(--ast-global-color-5)","background-image":"","background-repeat":"repeat","background-position":"center center","background-size":"auto","background-attachment":"scroll","background-type":"","background-media":"","overlay-type":"","overlay-color":"","overlay-opacity":"","overlay-gradient":""},"mobile":{"background-color":"var(--ast-global-color-5)","background-image":"","background-repeat":"repeat","background-position":"center center","background-size":"auto","background-attachment":"scroll","background-type":"","background-media":"","overlay-type":"","overlay-color":"","overlay-opacity":"","overlay-gradient":""}}},"product_brand":[42],"product_cat":[46,85,77,15],"product_tag":[],"class_list":{"0":"post-4193","1":"product","2":"type-product","3":"status-publish","4":"has-post-thumbnail","6":"product_brand-randm-tornado","7":"product_cat-randm-tornado-20000-performances-fiables","8":"product_cat-puff-20k","9":"product_cat-entrepot-de-lue","10":"product_cat-magasin-cigarette-electronique","11":"desktop-align-center","12":"tablet-align-center","13":"mobile-align-center","14":"ast-product-gallery-layout-horizontal","15":"ast-product-single-variable","16":"ast-product-tabs-layout-horizontal","17":"ast-qv-on-image","19":"first","20":"instock","21":"sale","22":"shipping-taxable","23":"purchasable","24":"product-type-variable","25":"has-default-attributes"},"tiered_pricing_type":"fixed","tiered_pricing_fixed_rules":{"30":10.37,"60":9.19,"100":7.85,"200":7.69,"500":7.19,"1000":7.09},"tiered_pricing_product_settings":{"layout":"default","base_unit_name":{"singular":null,"plural":null},"default_variation":null},"tiered_pricing_minimum_quantity":null,"tiered_pricing_roles_data":[],"tiered_pricing_percentage_rules":[],"_links":{"self":[{"href":"https:\/\/puffvapestore.com\/pt\/wp-json\/wp\/v2\/product\/4193","targetHints":{"allow":["GET"]}}],"collection":[{"href":"https:\/\/puffvapestore.com\/pt\/wp-json\/wp\/v2\/product"}],"about":[{"href":"https:\/\/puffvapestore.com\/pt\/wp-json\/wp\/v2\/types\/product"}],"replies":[{"embeddable":true,"href":"https:\/\/puffvapestore.com\/pt\/wp-json\/wp\/v2\/comments?post=4193"}],"version-history":[{"count":7,"href":"https:\/\/puffvapestore.com\/pt\/wp-json\/wp\/v2\/product\/4193\/revisions"}],"predecessor-version":[{"id":10326,"href":"https:\/\/puffvapestore.com\/pt\/wp-json\/wp\/v2\/product\/4193\/revisions\/10326"}],"wp:featuredmedia":[{"embeddable":true,"href":"https:\/\/puffvapestore.com\/pt\/wp-json\/wp\/v2\/media\/8439"}],"wp:attachment":[{"href":"https:\/\/puffvapestore.com\/pt\/wp-json\/wp\/v2\/media?parent=4193"}],"wp:term":[{"taxonomy":"product_brand","embeddable":true,"href":"https:\/\/puffvapestore.com\/pt\/wp-json\/wp\/v2\/product_brand?post=4193"},{"taxonomy":"product_cat","embeddable":true,"href":"https:\/\/puffvapestore.com\/pt\/wp-json\/wp\/v2\/product_cat?post=4193"},{"taxonomy":"product_tag","embeddable":true,"href":"https:\/\/puffvapestore.com\/pt\/wp-json\/wp\/v2\/product_tag?post=4193"}],"curies":[{"name":"wp","href":"https:\/\/api.w.org\/{rel}","templated":true}]}}