{"id":4171,"date":"2025-07-02T07:46:25","date_gmt":"2025-07-02T07:46:25","guid":{"rendered":"https:\/\/puffvapestore.com\/?post_type=product&#038;p=4171"},"modified":"2026-01-19T10:36:52","modified_gmt":"2026-01-19T10:36:52","slug":"fumot-tornado-20000-cherry-berry","status":"publish","type":"product","link":"https:\/\/puffvapestore.com\/pt\/product\/fumot-tornado-20000-baga-de-cereja\/","title":{"rendered":"RandM Tornado 20000 - Baga de cereja"},"content":{"rendered":"<div data-elementor-type=\"wp-post\" data-elementor-id=\"4171\" class=\"elementor elementor-4171\">\n\t\t\t\t<div class=\"elementor-element elementor-element-08c26f9 e-flex e-con-boxed e-con e-parent\" data-id=\"08c26f9\" data-element_type=\"container\" data-e-type=\"container\">\n\t\t\t\t\t<div class=\"e-con-inner\">\n\t\t\t\t<div class=\"elementor-element elementor-element-a005a97 elementor-widget elementor-widget-text-editor\" data-id=\"a005a97\" data-element_type=\"widget\" data-e-type=\"widget\" data-widget_type=\"text-editor.default\">\n\t\t\t\t<div class=\"elementor-widget-container\">\n\t\t\t\t\t\t\t\t\t<p>O sabor a cereja e a frutos silvestres do RandM Fumot Tornado 20000 confere um sabor frutado \u00fanico \u00e0 sua experi\u00eancia. Com o seu excelente desempenho e design elegante, este cigarro eletr\u00f3nico incorpora a eleg\u00e2ncia e a liberdade das ruas parisienses, tornando-o indispens\u00e1vel para explorar a cidade.<\/p><p>O sabor a cereja e bagas combina a do\u00e7ura das cerejas com a frescura das bagas. Cada baforada de fumo \u00e9 como saborear frutos frescos colhidos nos pomares do campo franc\u00eas. A do\u00e7ura intensa das cerejas \u00e9 t\u00e3o inebriante como o primeiro amor, enquanto as bagas ligeiramente \u00e1cidas d\u00e3o um toque de frescura, tal como o conforto de um batido de frutas na esplanada de um caf\u00e9 parisiense. Imagine-se a passear pelas ruas de Paris, embalado pela brisa que sopra nos pl\u00e1tanos dos Campos El\u00edsios. Com o seu cigarro eletr\u00f3nico na m\u00e3o, inala uma ligeira baforada de fumo. O aroma frutado das cerejas floresce na ponta da l\u00edngua, enquanto os vapores persistentes se misturam com a atmosfera rom\u00e2ntica que o rodeia, mergulhando-o instantaneamente na eleg\u00e2ncia e na liberdade de Fran\u00e7a.<\/p>\t\t\t\t\t\t\t\t<\/div>\n\t\t\t\t<\/div>\n\t\t\t\t\t<\/div>\n\t\t\t\t<\/div>\n\t\t<div class=\"elementor-element elementor-element-718b380 e-flex e-con-boxed e-con e-parent\" data-id=\"718b380\" data-element_type=\"container\" data-e-type=\"container\">\n\t\t\t\t\t<div class=\"e-con-inner\">\n\t\t\t\t<div class=\"elementor-element elementor-element-d2cc8fa elementor-widget elementor-widget-text-editor\" data-id=\"d2cc8fa\" data-element_type=\"widget\" data-e-type=\"widget\" data-widget_type=\"text-editor.default\">\n\t\t\t\t<div class=\"elementor-widget-container\">\n\t\t\t\t\t\t\t\t\t<h2>20 000 baforadas para utiliza\u00e7\u00e3o a longo prazo<\/h2><p>O RandM Tornado 20000 Cherry Berry est\u00e1 preparado para at\u00e9 20.000 utiliza\u00e7\u00f5es, muito mais do que os cigarros electr\u00f3nicos descart\u00e1veis convencionais. Responde \u00e0 necessidade de utiliza\u00e7\u00e3o a longo prazo sem necessidade de substitui\u00e7\u00e3o frequente do dispositivo, o que o torna particularmente adequado para utilizadores intensivos ou para viagens longas.<\/p><h2>Bateria de longa dura\u00e7\u00e3o e carregamento pr\u00e1tico<\/h2><p>Bateria de l\u00edtio recarreg\u00e1vel de 850 mAh de alta capacidade incorporada, compat\u00edvel com o carregamento r\u00e1pido USB-C, para um carregamento mais eficiente e est\u00e1vel. Garante uma autonomia alargada mesmo durante uma utiliza\u00e7\u00e3o intensiva, para que possa tirar o m\u00e1ximo partido do e-l\u00edquido no interior.<\/p><h2>Reserva elevada de e-l\u00edquido<\/h2><p>O RandM Tornado 20000 Cherry Berry vem pr\u00e9-instalado com 20 ml de e-l\u00edquido de alta qualidade, com concentra\u00e7\u00f5es de nicotina de 2 % ou 5 % para satisfazer os gostos e as necessidades de cada utilizador. O e-l\u00edquido utiliza uma f\u00f3rmula de alta qualidade para garantir um sabor puro e rico em cada tragada, proporcionando-lhe uma experi\u00eancia de fumo suave e satisfat\u00f3ria.<\/p><h2>Resist\u00eancia de malha dupla e fluxo de ar ajust\u00e1vel<\/h2><p>Adoptando uma tecnologia avan\u00e7ada de resist\u00eancia de malha dupla, melhora drasticamente a efici\u00eancia do aquecimento e a densidade do fumo, para um sabor mais suave e intenso. Gra\u00e7as ao sistema de resist\u00eancia ajust\u00e1vel incorporado, os utilizadores podem alternar entre os modos de resist\u00eancia simples e dupla, de acordo com as suas prefer\u00eancias, e ajustar livremente entre suc\u00e7\u00e3o leve e forte. A resist\u00eancia \u00e9 facilmente alterada no ecr\u00e3 t\u00e1til.<\/p><h2>Ecr\u00e3 LED inteligente<\/h2><p>O RandM Tornado 20000 est\u00e1 equipado com um visor LED inteligente que mostra a carga da bateria e o n\u00edvel de e-l\u00edquido restante em tempo real. Isto significa que pode monitorizar o estado do seu dispositivo em qualquer altura, evitando falhas de energia ou ficar sem e-l\u00edquido. O seu design intuitivo torna-o f\u00e1cil de utilizar, mesmo para principiantes.<\/p><h2>Design moderno e port\u00e1til<\/h2><p>O seu design elegante e moderno e o seu estojo leve e f\u00e1cil de transportar cabem facilmente no bolso ou na mala, tornando-o ideal para uso di\u00e1rio, viagens ou sa\u00eddas \u00e0 noite. As suas cores ricas e o seu design elegante sublinham o seu estilo \u00fanico.<\/p><h2>Pronto a utilizar logo que sai da caixa, sem necessidade de manuten\u00e7\u00e3o<\/h2><p>N\u00e3o \u00e9 necess\u00e1rio adicionar e-l\u00edquido, substituir o n\u00facleo do atomizador ou limp\u00e1-lo; n\u00e3o \u00e9 necess\u00e1ria qualquer manuten\u00e7\u00e3o. Est\u00e1 pronto a ser utilizado logo que sai da caixa e a sua ativa\u00e7\u00e3o autom\u00e1tica de baforadas simplifica e acelera o processo, tornando-o ideal para principiantes ou utilizadores que procuram uma alternativa aos cigarros tradicionais.<\/p>\t\t\t\t\t\t\t\t<\/div>\n\t\t\t\t<\/div>\n\t\t\t\t\t<\/div>\n\t\t\t\t<\/div>\n\t\t\t\t<\/div>","protected":false},"excerpt":{"rendered":"<p>La saveur cerise et baies de la RandM Fumot Tornado 20000 ajoute une saveur fruit\u00e9e unique \u00e0 votre exp\u00e9rience. Avec ses excellentes performances et son design \u00e9l\u00e9gant, cette cigarette \u00e9lectronique int\u00e8gre l&rsquo;\u00e9l\u00e9gance et la libert\u00e9 des rues parisiennes, ce qui en fait un incontournable pour explorer la ville. La saveur cerise et baies allie la [&hellip;]<\/p>\n","protected":false},"featured_media":8440,"comment_status":"open","ping_status":"closed","template":"","meta":{"site-sidebar-layout":"no-sidebar","site-content-layout":"page-builder","ast-site-content-layout":"normal-width-container","site-content-style":"default","site-sidebar-style":"default","ast-global-header-display":"","ast-banner-title-visibility":"","ast-main-header-display":"","ast-hfb-above-header-display":"","ast-hfb-below-header-display":"","ast-hfb-mobile-header-display":"","site-post-title":"disabled","ast-breadcrumbs-content":"","ast-featured-img":"disabled","footer-sml-layout":"","ast-disable-related-posts":"","theme-transparent-header-meta":"default","adv-header-id-meta":"","stick-header-meta":"default","header-above-stick-meta":"","header-main-stick-meta":"","header-below-stick-meta":"","astra-migrate-meta-layouts":"set","ast-page-background-enabled":"default","ast-page-background-meta":{"desktop":{"background-color":"","background-image":"","background-repeat":"repeat","background-position":"center center","background-size":"auto","background-attachment":"scroll","background-type":"","background-media":"","overlay-type":"","overlay-color":"","overlay-opacity":"","overlay-gradient":""},"tablet":{"background-color":"","background-image":"","background-repeat":"repeat","background-position":"center center","background-size":"auto","background-attachment":"scroll","background-type":"","background-media":"","overlay-type":"","overlay-color":"","overlay-opacity":"","overlay-gradient":""},"mobile":{"background-color":"","background-image":"","background-repeat":"repeat","background-position":"center center","background-size":"auto","background-attachment":"scroll","background-type":"","background-media":"","overlay-type":"","overlay-color":"","overlay-opacity":"","overlay-gradient":""}},"ast-content-background-meta":{"desktop":{"background-color":"var(--ast-global-color-5)","background-image":"","background-repeat":"repeat","background-position":"center center","background-size":"auto","background-attachment":"scroll","background-type":"","background-media":"","overlay-type":"","overlay-color":"","overlay-opacity":"","overlay-gradient":""},"tablet":{"background-color":"var(--ast-global-color-5)","background-image":"","background-repeat":"repeat","background-position":"center center","background-size":"auto","background-attachment":"scroll","background-type":"","background-media":"","overlay-type":"","overlay-color":"","overlay-opacity":"","overlay-gradient":""},"mobile":{"background-color":"var(--ast-global-color-5)","background-image":"","background-repeat":"repeat","background-position":"center center","background-size":"auto","background-attachment":"scroll","background-type":"","background-media":"","overlay-type":"","overlay-color":"","overlay-opacity":"","overlay-gradient":""}}},"product_brand":[42],"product_cat":[46,85,77,15],"product_tag":[],"class_list":{"0":"post-4171","1":"product","2":"type-product","3":"status-publish","4":"has-post-thumbnail","6":"product_brand-randm-tornado","7":"product_cat-randm-tornado-20000-performances-fiables","8":"product_cat-puff-20k","9":"product_cat-entrepot-de-lue","10":"product_cat-magasin-cigarette-electronique","11":"desktop-align-center","12":"tablet-align-center","13":"mobile-align-center","14":"ast-product-gallery-layout-horizontal","15":"ast-product-single-variable","16":"ast-product-tabs-layout-horizontal","17":"ast-qv-on-image","19":"first","20":"instock","21":"sale","22":"shipping-taxable","23":"purchasable","24":"product-type-variable","25":"has-default-attributes"},"tiered_pricing_type":"fixed","tiered_pricing_fixed_rules":{"30":10.37,"60":9.19,"100":7.85,"200":7.69,"500":7.19,"1000":7.09},"tiered_pricing_product_settings":{"layout":"default","base_unit_name":{"singular":null,"plural":null},"default_variation":null},"tiered_pricing_minimum_quantity":null,"tiered_pricing_roles_data":[],"tiered_pricing_percentage_rules":[],"_links":{"self":[{"href":"https:\/\/puffvapestore.com\/pt\/wp-json\/wp\/v2\/product\/4171","targetHints":{"allow":["GET"]}}],"collection":[{"href":"https:\/\/puffvapestore.com\/pt\/wp-json\/wp\/v2\/product"}],"about":[{"href":"https:\/\/puffvapestore.com\/pt\/wp-json\/wp\/v2\/types\/product"}],"replies":[{"embeddable":true,"href":"https:\/\/puffvapestore.com\/pt\/wp-json\/wp\/v2\/comments?post=4171"}],"version-history":[{"count":8,"href":"https:\/\/puffvapestore.com\/pt\/wp-json\/wp\/v2\/product\/4171\/revisions"}],"predecessor-version":[{"id":10322,"href":"https:\/\/puffvapestore.com\/pt\/wp-json\/wp\/v2\/product\/4171\/revisions\/10322"}],"wp:featuredmedia":[{"embeddable":true,"href":"https:\/\/puffvapestore.com\/pt\/wp-json\/wp\/v2\/media\/8440"}],"wp:attachment":[{"href":"https:\/\/puffvapestore.com\/pt\/wp-json\/wp\/v2\/media?parent=4171"}],"wp:term":[{"taxonomy":"product_brand","embeddable":true,"href":"https:\/\/puffvapestore.com\/pt\/wp-json\/wp\/v2\/product_brand?post=4171"},{"taxonomy":"product_cat","embeddable":true,"href":"https:\/\/puffvapestore.com\/pt\/wp-json\/wp\/v2\/product_cat?post=4171"},{"taxonomy":"product_tag","embeddable":true,"href":"https:\/\/puffvapestore.com\/pt\/wp-json\/wp\/v2\/product_tag?post=4171"}],"curies":[{"name":"wp","href":"https:\/\/api.w.org\/{rel}","templated":true}]}}