{"id":3396,"date":"2025-07-02T15:09:32","date_gmt":"2025-07-02T15:09:32","guid":{"rendered":"https:\/\/puffvapestore.com\/?post_type=product&#038;p=3396"},"modified":"2026-01-19T10:54:04","modified_gmt":"2026-01-19T10:54:04","slug":"randm-tornado-9000-puff-raspberry-watermelon","status":"publish","type":"product","link":"https:\/\/puffvapestore.com\/pt\/product\/randm-tornado-9000-puff-framboesa-melancia\/","title":{"rendered":"RandM Tornado 9000 Puff - Framboesa Melancia"},"content":{"rendered":"<div data-elementor-type=\"wp-post\" data-elementor-id=\"3396\" class=\"elementor elementor-3396\">\n\t\t\t\t<div class=\"elementor-element elementor-element-d3f3f97 e-flex e-con-boxed e-con e-parent\" data-id=\"d3f3f97\" data-element_type=\"container\" data-e-type=\"container\">\n\t\t\t\t\t<div class=\"e-con-inner\">\n\t\t\t\t<div class=\"elementor-element elementor-element-9600b1d elementor-widget elementor-widget-text-editor\" data-id=\"9600b1d\" data-element_type=\"widget\" data-e-type=\"widget\" data-widget_type=\"text-editor.default\">\n\t\t\t\t<div class=\"elementor-widget-container\">\n\t\t\t\t\t\t\t\t\t<h2>Sabor : Melancia Framboesa<\/h2><p>Raspberry Watermelon \u00e9 um sabor refrescante a frutos vermelhos e mel\u00e3o da s\u00e9rie RandM Tornado 9000, que combina a energia azeda e doce da framboesa com a do\u00e7ura sumarenta da melancia para uma experi\u00eancia de sabor rica, equilibrada e duradoura.<\/p><h3>Sabor: Framboesa doce e picante, com a frescura sumarenta da melancia.<\/h3><ul><li>Torta de framboesa: Ao ser inalado, o sabor doce e \u00e1cido das framboesas invade primeiro as papilas gustativas, trazendo um aroma frutado vivo e ligeiramente \u00e1cido que lembra as framboesas acabadas de colher. Esta acidez ligeira e doce confere uma nota de topo viva ao conjunto, como um brilho frutado na ponta da l\u00edngua.<\/li><li>Refresco de melancia: Depois da framboesa, o sabor refrescante e sumarento da melancia emerge gradualmente. A do\u00e7ura da melancia, ligeiramente frutada e refrescante, evoca a frescura de uma melancia gelada no ver\u00e3o. Suave e redondo, este sabor complementa a acidez da framboesa para um paladar refrescante e satisfat\u00f3rio.<\/li><\/ul><h3>Uma festa frutada com um equil\u00edbrio doce-tartaruga<\/h3><p>A carater\u00edstica distintiva de Watermelon Raspberry \u00e9 o seu requintado equil\u00edbrio doce-tartaruga. A do\u00e7ura picante da framboesa na nota de topo proporciona uma abertura revigorante, enquanto a do\u00e7ura da melancia suaviza a acidez das notas de cora\u00e7\u00e3o e de fundo, acrescentando uma suculenta cremosidade.<\/p><h3>Uma combina\u00e7\u00e3o de frescura e notas de ver\u00e3o<\/h3><p>Este sabor evoca o prazer dos frutos de ver\u00e3o, como se estiv\u00e9ssemos a saborear um prato de framboesas frescas e melancias banhadas pelo sol.<\/p>\t\t\t\t\t\t\t\t<\/div>\n\t\t\t\t<\/div>\n\t\t\t\t\t<\/div>\n\t\t\t\t<\/div>\n\t\t<div class=\"elementor-element elementor-element-08c26f9 e-flex e-con-boxed e-con e-parent\" data-id=\"08c26f9\" data-element_type=\"container\" data-e-type=\"container\">\n\t\t\t\t\t<div class=\"e-con-inner\">\n\t\t\t\t<div class=\"elementor-element elementor-element-a005a97 elementor-widget elementor-widget-text-editor\" data-id=\"a005a97\" data-element_type=\"widget\" data-e-type=\"widget\" data-widget_type=\"text-editor.default\">\n\t\t\t\t<div class=\"elementor-widget-container\">\n\t\t\t\t\t\t\t\t\t<h2>RandM Tornado 9000 Framboesa Melancia<\/h2><p>O cigarro eletr\u00f3nico RandM Tornado 9000 Raspberry Watermelon oferece at\u00e9 9000 baforadas para um prazer prolongado. Est\u00e1 equipado com uma potente bateria recarreg\u00e1vel de 850 mAh e uma porta de carregamento r\u00e1pido USB-C para utiliza\u00e7\u00e3o cont\u00ednua. O seu design elegante e ergon\u00f3mico combina portabilidade e estilo, tornando-o indispens\u00e1vel para os vapers que procuram desempenho e praticidade. O Tornado 9000 Raspberry Watermelon tem um dep\u00f3sito de 18 ml para um sabor duradouro sem recargas frequentes. A resist\u00eancia de malha de 0,8 ohm integrada melhora o fluxo de vapor para um sabor rico e cremoso em cada tragada.<\/p>\t\t\t\t\t\t\t\t<\/div>\n\t\t\t\t<\/div>\n\t\t\t\t\t<\/div>\n\t\t\t\t<\/div>\n\t\t<div class=\"elementor-element elementor-element-4ac287c e-flex e-con-boxed e-con e-parent\" data-id=\"4ac287c\" data-element_type=\"container\" data-e-type=\"container\">\n\t\t\t\t\t<div class=\"e-con-inner\">\n\t\t<div class=\"elementor-element elementor-element-bbd8e4a e-con-full e-flex e-con e-child\" data-id=\"bbd8e4a\" data-element_type=\"container\" data-e-type=\"container\">\n\t\t\t\t<div class=\"elementor-element elementor-element-0dc5338 elementor-widget elementor-widget-text-editor\" data-id=\"0dc5338\" data-element_type=\"widget\" data-e-type=\"widget\" data-widget_type=\"text-editor.default\">\n\t\t\t\t<div class=\"elementor-widget-container\">\n\t\t\t\t\t\t\t\t\t<h2>Carater\u00edsticas do RandM Tornado 9000 Raspberry Watermelon:<\/h2><ul><li>Capacidade de sopro : At\u00e9 9.000 baforadas, ideal para uma utiliza\u00e7\u00e3o prolongada.<\/li><li>Bateria: Bateria recarreg\u00e1vel de 850 mAh com fun\u00e7\u00e3o de carregamento Tipo C para um carregamento r\u00e1pido e eficiente.<\/li><li>E-l\u00edquido: Pr\u00e9-carregado com 18 ml de e-l\u00edquido, concentra\u00e7\u00e3o de nicotina 2% ou 5% opcional.<\/li><li>Tecnologia: Utiliza resist\u00eancias de rede avan\u00e7adas para um vapor suave e uniforme e um sabor intenso.<\/li><li>Design: Pequeno e leve, elegante e atrativo, possui LEDs RGB brilhantes para excelentes efeitos visuais. N\u00e3o necessita de bot\u00f5es: basta inalar para come\u00e7ar, o que \u00e9 pr\u00e1tico para os principiantes.<\/li><\/ul>\t\t\t\t\t\t\t\t<\/div>\n\t\t\t\t<\/div>\n\t\t\t\t<\/div>\n\t\t<div class=\"elementor-element elementor-element-8e0e87d e-con-full e-flex e-con e-child\" data-id=\"8e0e87d\" data-element_type=\"container\" data-e-type=\"container\">\n\t\t\t\t<div class=\"elementor-element elementor-element-63d978d elementor-widget elementor-widget-image-gallery\" data-id=\"63d978d\" data-element_type=\"widget\" data-e-type=\"widget\" data-widget_type=\"image-gallery.default\">\n\t\t\t\t<div class=\"elementor-widget-container\">\n\t\t\t\t\t\t\t<div class=\"elementor-image-gallery\">\n\t\t\t<div id='gallery-1' class='gallery galleryid-3396 gallery-columns-1 gallery-size-medium_large'><figure class='gallery-item'>\n\t\t\t<div class='gallery-icon landscape'>\n\t\t\t\t<img fetchpriority=\"high\" decoding=\"async\" width=\"768\" height=\"768\" src=\"https:\/\/puffvapestore.com\/wp-content\/uploads\/2025\/06\/randm-tornado-vape-9000-raspberry-watermelon-pvafrt9000-768x768.jpg\" class=\"attachment-medium_large size-medium_large\" alt=\"framboesa melancia randm vape 9000\" aria-describedby=\"gallery-1-3170\" srcset=\"https:\/\/puffvapestore.com\/wp-content\/uploads\/2025\/06\/randm-tornado-vape-9000-raspberry-watermelon-pvafrt9000-768x768.jpg 768w, https:\/\/puffvapestore.com\/wp-content\/uploads\/2025\/06\/randm-tornado-vape-9000-raspberry-watermelon-pvafrt9000-300x300.jpg 300w, https:\/\/puffvapestore.com\/wp-content\/uploads\/2025\/06\/randm-tornado-vape-9000-raspberry-watermelon-pvafrt9000-150x150.jpg 150w, https:\/\/puffvapestore.com\/wp-content\/uploads\/2025\/06\/randm-tornado-vape-9000-raspberry-watermelon-pvafrt9000-600x600.jpg 600w, https:\/\/puffvapestore.com\/wp-content\/uploads\/2025\/06\/randm-tornado-vape-9000-raspberry-watermelon-pvafrt9000-100x100.jpg 100w, https:\/\/puffvapestore.com\/wp-content\/uploads\/2025\/06\/randm-tornado-vape-9000-raspberry-watermelon-pvafrt9000.jpg 1016w\" sizes=\"(max-width: 768px) 100vw, 768px\" \/>\n\t\t\t<\/div>\n\t\t\t\t<figcaption class='wp-caption-text gallery-caption' id='gallery-1-3170'>\n\t\t\t\tframboesa melancia randm vape 9000\n\t\t\t\t<\/figcaption><\/figure>\n\t\t<\/div>\n\t\t<\/div>\n\t\t\t\t\t\t<\/div>\n\t\t\t\t<\/div>\n\t\t\t\t<\/div>\n\t\t\t\t\t<\/div>\n\t\t\t\t<\/div>\n\t\t<div class=\"elementor-element elementor-element-718b380 e-flex e-con-boxed e-con e-parent\" data-id=\"718b380\" data-element_type=\"container\" data-e-type=\"container\">\n\t\t\t\t\t<div class=\"e-con-inner\">\n\t\t\t\t<div class=\"elementor-element elementor-element-d2cc8fa elementor-widget elementor-widget-text-editor\" data-id=\"d2cc8fa\" data-element_type=\"widget\" data-e-type=\"widget\" data-widget_type=\"text-editor.default\">\n\t\t\t\t<div class=\"elementor-widget-container\">\n\t\t\t\t\t\t\t\t\t<h3>A autonomia da bateria do RandM Tornado 9000 \u00e9 suficiente para utilizar os 18 ml de e-l\u00edquido?<\/h3><p>Sim, sem d\u00favida. O cigarro eletr\u00f3nico RandM Tornado 9000 tem uma bateria de 850 mAh incorporada. Esta pequena bateria de i\u00f5es de l\u00edtio fornece geralmente 300 a 500 ciclos completos de carga e descarga. Para fumar 18 ml de e-l\u00edquido e obter 9000 baforadas, com uma m\u00e9dia de 600 baforadas por carga, s\u00e3o necess\u00e1rias cerca de 15 cargas completas. Isto est\u00e1 dentro do tempo de vida \u00fatil da bateria de i\u00f5es de l\u00edtio e a sua capacidade de ciclos \u00e9 suficiente para cobrir a quantidade de e-l\u00edquido utilizada. Al\u00e9m disso, o produto suporta carregamento r\u00e1pido por USB tipo C, o que facilita a sua utiliza\u00e7\u00e3o.<\/p><p>O RandM Tornado 9000 est\u00e1 equipado com uma bateria de i\u00f5es de l\u00edtio recarreg\u00e1vel de 850 mAh e suporta o carregamento r\u00e1pido Tipo C. Embora o RandM Tornado 9000 esteja equipado com uma bateria de 850 mAh, a capacidade de uma \u00fanica carga completa permite apenas cerca de 200 a 1.000 baforadas, consoante a dura\u00e7\u00e3o e a intensidade de cada baforada (inala\u00e7\u00e3o ligeira ou profunda). Assim, do ponto de vista da autonomia, a capacidade de uma \u00fanica carga \u00e9 obviamente insuficiente para 9.000 baforadas ou para consumir todos os 18 ml de e-l\u00edquido de uma s\u00f3 vez. No entanto, n\u00e3o se trata de uma falha de conce\u00e7\u00e3o, mas sim da estrat\u00e9gia do RandM para segmentar o tempo de vida da bateria: v\u00e1rios ciclos de carga permitem satisfazer as necessidades de consumo de e-l\u00edquido ao longo de todo o ciclo de vida.<\/p><h3>O sabor do RandM Tornado 9000 desvanece-se com o tempo?<\/h3><p>O sabor do RandM Tornado 9000 n\u00e3o se desvanece com o tempo.<\/p><p>O RandM Tornado 9000 possui um avan\u00e7ado atomizador de malha de 0,8 ohm e uma grande capacidade de armazenamento de e-l\u00edquido de 18 ml. Uma das suas principais vantagens \u00e9 a consist\u00eancia do sabor durante todo o ciclo de utiliza\u00e7\u00e3o. Esta tecnologia garante um equil\u00edbrio \u00f3timo entre a quantidade de fumo e o sabor de cada tragada, evitando o fen\u00f3meno de alta intensidade no in\u00edcio da vaporiza\u00e7\u00e3o e de atenua\u00e7\u00e3o no meio e no fim da vaporiza\u00e7\u00e3o dos cigarros electr\u00f3nicos tradicionais.<\/p><p>Embora a tecnologia do dispositivo garanta uma sa\u00edda est\u00e1vel, a experi\u00eancia de sabor real \u00e9 tamb\u00e9m influenciada pela sensibilidade gustativa do utilizador. Por exemplo, alguns sabores \u00abICE\u00bb, como \u00abICE Mango\u00bb e \u00abICE Watermelon\u00bb, dar\u00e3o uma impress\u00e3o subjectiva de \u00abmaior frescura e menor frutado\u00bb ap\u00f3s uma utiliza\u00e7\u00e3o prolongada. \u00c9 de notar que esta altera\u00e7\u00e3o n\u00e3o se deve frequentemente ao desempenho do aparelho, mas pode ser uma ilus\u00e3o sensorial causada pela fadiga gustativa. A utiliza\u00e7\u00e3o prolongada de um mesmo sabor conduzir\u00e1 a uma adapta\u00e7\u00e3o progressiva do paladar a certos ingredientes, dando-lhe uma sensa\u00e7\u00e3o \u00abmenos intensa\u00bb.<\/p><p>Se sentir que o sabor se tornou mais leve, verifique primeiro se a bateria e o e-l\u00edquido se esgotaram. Pode ent\u00e3o experimentar outros sabores para reduzir o cansa\u00e7o do sabor. Por exemplo, alternar o sabor \u00abICE\u00bb com sabores mais suaves, como \u00abmanga\u00bb e \u00abmeloa\u00bb, pode ajudar a restaurar a textura complexa do sabor.<\/p>\t\t\t\t\t\t\t\t<\/div>\n\t\t\t\t<\/div>\n\t\t\t\t\t<\/div>\n\t\t\t\t<\/div>\n\t\t\t\t<\/div>","protected":false},"excerpt":{"rendered":"<p>Go\u00fbt\u00a0: Raspberry Watermelon Framboise Past\u00e8que est un ar\u00f4me de fruits rouges et de melon rafra\u00eechissant de la s\u00e9rie RandM Tornado 9000, alliant l&rsquo;\u00e9nergie acidul\u00e9e et sucr\u00e9e de la framboise \u00e0 la douceur juteuse de la past\u00e8que pour une exp\u00e9rience gustative riche, \u00e9quilibr\u00e9e et durable. Go\u00fbt\u00a0: Framboise acidul\u00e9e et sucr\u00e9e avec la fra\u00eecheur juteuse de la [&hellip;]<\/p>\n","protected":false},"featured_media":3170,"comment_status":"open","ping_status":"closed","template":"","meta":{"site-sidebar-layout":"no-sidebar","site-content-layout":"page-builder","ast-site-content-layout":"normal-width-container","site-content-style":"default","site-sidebar-style":"default","ast-global-header-display":"","ast-banner-title-visibility":"","ast-main-header-display":"","ast-hfb-above-header-display":"","ast-hfb-below-header-display":"","ast-hfb-mobile-header-display":"","site-post-title":"disabled","ast-breadcrumbs-content":"","ast-featured-img":"disabled","footer-sml-layout":"","ast-disable-related-posts":"","theme-transparent-header-meta":"default","adv-header-id-meta":"","stick-header-meta":"default","header-above-stick-meta":"","header-main-stick-meta":"","header-below-stick-meta":"","astra-migrate-meta-layouts":"set","ast-page-background-enabled":"default","ast-page-background-meta":{"desktop":{"background-color":"","background-image":"","background-repeat":"repeat","background-position":"center center","background-size":"auto","background-attachment":"scroll","background-type":"","background-media":"","overlay-type":"","overlay-color":"","overlay-opacity":"","overlay-gradient":""},"tablet":{"background-color":"","background-image":"","background-repeat":"repeat","background-position":"center center","background-size":"auto","background-attachment":"scroll","background-type":"","background-media":"","overlay-type":"","overlay-color":"","overlay-opacity":"","overlay-gradient":""},"mobile":{"background-color":"","background-image":"","background-repeat":"repeat","background-position":"center center","background-size":"auto","background-attachment":"scroll","background-type":"","background-media":"","overlay-type":"","overlay-color":"","overlay-opacity":"","overlay-gradient":""}},"ast-content-background-meta":{"desktop":{"background-color":"var(--ast-global-color-5)","background-image":"","background-repeat":"repeat","background-position":"center center","background-size":"auto","background-attachment":"scroll","background-type":"","background-media":"","overlay-type":"","overlay-color":"","overlay-opacity":"","overlay-gradient":""},"tablet":{"background-color":"var(--ast-global-color-5)","background-image":"","background-repeat":"repeat","background-position":"center center","background-size":"auto","background-attachment":"scroll","background-type":"","background-media":"","overlay-type":"","overlay-color":"","overlay-opacity":"","overlay-gradient":""},"mobile":{"background-color":"var(--ast-global-color-5)","background-image":"","background-repeat":"repeat","background-position":"center center","background-size":"auto","background-attachment":"scroll","background-type":"","background-media":"","overlay-type":"","overlay-color":"","overlay-opacity":"","overlay-gradient":""}}},"product_brand":[42],"product_cat":[43,78,15],"product_tag":[],"class_list":{"0":"post-3396","1":"product","2":"type-product","3":"status-publish","4":"has-post-thumbnail","6":"product_brand-randm-tornado","7":"product_cat-randm-tornado-9000","8":"product_cat-puff-9k","9":"product_cat-magasin-cigarette-electronique","10":"desktop-align-center","11":"tablet-align-center","12":"mobile-align-center","13":"ast-product-gallery-layout-horizontal","14":"ast-product-gallery-with-no-image","15":"ast-product-single-variable","16":"ast-product-tabs-layout-horizontal","17":"ast-qv-on-image","19":"first","20":"outofstock","21":"sale","22":"shipping-taxable","23":"purchasable","24":"product-type-variable","25":"has-default-attributes"},"tiered_pricing_type":"fixed","tiered_pricing_fixed_rules":{"30":8.58,"60":8.13,"100":7.61,"200":7.12,"400":6.86},"tiered_pricing_product_settings":{"layout":"default","base_unit_name":{"singular":null,"plural":null},"default_variation":null},"tiered_pricing_minimum_quantity":null,"tiered_pricing_roles_data":[],"tiered_pricing_percentage_rules":[],"_links":{"self":[{"href":"https:\/\/puffvapestore.com\/pt\/wp-json\/wp\/v2\/product\/3396","targetHints":{"allow":["GET"]}}],"collection":[{"href":"https:\/\/puffvapestore.com\/pt\/wp-json\/wp\/v2\/product"}],"about":[{"href":"https:\/\/puffvapestore.com\/pt\/wp-json\/wp\/v2\/types\/product"}],"replies":[{"embeddable":true,"href":"https:\/\/puffvapestore.com\/pt\/wp-json\/wp\/v2\/comments?post=3396"}],"version-history":[{"count":8,"href":"https:\/\/puffvapestore.com\/pt\/wp-json\/wp\/v2\/product\/3396\/revisions"}],"predecessor-version":[{"id":4757,"href":"https:\/\/puffvapestore.com\/pt\/wp-json\/wp\/v2\/product\/3396\/revisions\/4757"}],"wp:featuredmedia":[{"embeddable":true,"href":"https:\/\/puffvapestore.com\/pt\/wp-json\/wp\/v2\/media\/3170"}],"wp:attachment":[{"href":"https:\/\/puffvapestore.com\/pt\/wp-json\/wp\/v2\/media?parent=3396"}],"wp:term":[{"taxonomy":"product_brand","embeddable":true,"href":"https:\/\/puffvapestore.com\/pt\/wp-json\/wp\/v2\/product_brand?post=3396"},{"taxonomy":"product_cat","embeddable":true,"href":"https:\/\/puffvapestore.com\/pt\/wp-json\/wp\/v2\/product_cat?post=3396"},{"taxonomy":"product_tag","embeddable":true,"href":"https:\/\/puffvapestore.com\/pt\/wp-json\/wp\/v2\/product_tag?post=3396"}],"curies":[{"name":"wp","href":"https:\/\/api.w.org\/{rel}","templated":true}]}}