{"id":3387,"date":"2025-06-29T03:01:09","date_gmt":"2025-06-29T03:01:09","guid":{"rendered":"https:\/\/puffvapestore.com\/?post_type=product&#038;p=3387"},"modified":"2026-01-19T10:54:04","modified_gmt":"2026-01-19T10:54:04","slug":"randm-tornado-9000-vimto","status":"publish","type":"product","link":"https:\/\/puffvapestore.com\/pt\/product\/randm-tornado-9000-vimto\/","title":{"rendered":"RandM Tornado 9000 - Vimto"},"content":{"rendered":"<div data-elementor-type=\"wp-post\" data-elementor-id=\"3387\" class=\"elementor elementor-3387\">\n\t\t\t\t<div class=\"elementor-element elementor-element-d3f3f97 e-flex e-con-boxed e-con e-parent\" data-id=\"d3f3f97\" data-element_type=\"container\" data-e-type=\"container\">\n\t\t\t\t\t<div class=\"e-con-inner\">\n\t\t\t\t<div class=\"elementor-element elementor-element-9600b1d elementor-widget elementor-widget-text-editor\" data-id=\"9600b1d\" data-element_type=\"widget\" data-e-type=\"widget\" data-widget_type=\"text-editor.default\">\n\t\t\t\t<div class=\"elementor-widget-container\">\n\t\t\t\t\t\t\t\t\t<h2>Sabor : Vimto<\/h2><p>Vimto \u00e9 um refrigerante brit\u00e2nico cl\u00e1ssico, misturado com groselhas negras, uvas e framboesas. O sabor Vimto em RandM Tornado 9000 capta perfeitamente o sabor ic\u00f3nico desta bebida, oferecendo o sabor agridoce de frutos silvestres ricos e bolhas carbonatadas subtis.<\/p><ul><li><strong>Notas de topo: Rica explos\u00e3o de frutos pretos<\/strong><br \/>Domin\u00e2ncia da groselha preta: Desde a primeira inala\u00e7\u00e3o, o sabor da groselha preta \u00e9 totalmente aparente, com o sabor agridoce dos frutos silvestres escuros a fazer lembrar a compota de groselha preta madura, com uma ligeira acidez selvagem. A do\u00e7ura redonda da uva vermelha suaviza a vivacidade da groselha preta e proporciona uma base suave, semelhante \u00e0 do sumo de uva concentrado.<\/li><li><strong>Notas de cora\u00e7\u00e3o: Aroma frutado de framboesa e carbonata\u00e7\u00e3o.<\/strong><br \/>Acidez viva da framboesa: Sobre a base rica de groselha preta e uva, a acidez frutada da framboesa emerge gradualmente, acrescentando um toque de frutos vermelhos frescos, suavizando o sabor geral.<\/li><li><strong>Notas de fundo: Um travo a compota doce.<\/strong><br \/>Mel de bagas mistas : No final da inala\u00e7\u00e3o, o sabor evolui gradualmente para a do\u00e7ura natural dos frutos silvestres maduros, com uma ligeira sensa\u00e7\u00e3o de cristaliza\u00e7\u00e3o.<\/li><\/ul>\t\t\t\t\t\t\t\t<\/div>\n\t\t\t\t<\/div>\n\t\t\t\t\t<\/div>\n\t\t\t\t<\/div>\n\t\t<div class=\"elementor-element elementor-element-08c26f9 e-flex e-con-boxed e-con e-parent\" data-id=\"08c26f9\" data-element_type=\"container\" data-e-type=\"container\">\n\t\t\t\t\t<div class=\"e-con-inner\">\n\t\t\t\t<div class=\"elementor-element elementor-element-a005a97 elementor-widget elementor-widget-text-editor\" data-id=\"a005a97\" data-element_type=\"widget\" data-e-type=\"widget\" data-widget_type=\"text-editor.default\">\n\t\t\t\t<div class=\"elementor-widget-container\">\n\t\t\t\t\t\t\t\t\t<h2>RandM Tornado 9000 Vimto<\/h2><p>O cigarro eletr\u00f3nico RandM Tornado 9000 Vimto oferece at\u00e9 9000 baforadas para um prazer prolongado. Est\u00e1 equipado com uma potente bateria recarreg\u00e1vel de 850 mAh e uma porta de carregamento r\u00e1pido USB-C para utiliza\u00e7\u00e3o cont\u00ednua. O seu design elegante e ergon\u00f3mico combina portabilidade e estilo, tornando-o indispens\u00e1vel para os vapers que procuram desempenho e praticidade. O Tornado 9000 Vimto possui um dep\u00f3sito de 18 ml para um sabor duradouro sem recargas frequentes. A resist\u00eancia de malha de 0,8 ohm integrada melhora o fluxo de vapor para um sabor rico e cremoso em cada tragada.<\/p>\t\t\t\t\t\t\t\t<\/div>\n\t\t\t\t<\/div>\n\t\t\t\t\t<\/div>\n\t\t\t\t<\/div>\n\t\t<div class=\"elementor-element elementor-element-4ac287c e-flex e-con-boxed e-con e-parent\" data-id=\"4ac287c\" data-element_type=\"container\" data-e-type=\"container\">\n\t\t\t\t\t<div class=\"e-con-inner\">\n\t\t<div class=\"elementor-element elementor-element-bbd8e4a e-con-full e-flex e-con e-child\" data-id=\"bbd8e4a\" data-element_type=\"container\" data-e-type=\"container\">\n\t\t\t\t<div class=\"elementor-element elementor-element-0dc5338 elementor-widget elementor-widget-text-editor\" data-id=\"0dc5338\" data-element_type=\"widget\" data-e-type=\"widget\" data-widget_type=\"text-editor.default\">\n\t\t\t\t<div class=\"elementor-widget-container\">\n\t\t\t\t\t\t\t\t\t<h2>Carater\u00edsticas do Vimto RandM Tornado 9K:<\/h2><ul><li>Capacidade de sopro : At\u00e9 9.000 baforadas, ideal para uma utiliza\u00e7\u00e3o prolongada.<\/li><li>Bateria: Bateria recarreg\u00e1vel de 850 mAh com fun\u00e7\u00e3o de carregamento Tipo C para um carregamento r\u00e1pido e eficiente.<\/li><li>E-l\u00edquido: Pr\u00e9-carregado com 18 ml de e-l\u00edquido, concentra\u00e7\u00e3o de nicotina 2% ou 5% opcional.<\/li><li>Tecnologia: Utiliza resist\u00eancias de rede avan\u00e7adas para um vapor suave e uniforme e um sabor intenso.<\/li><li>Design: Pequeno e leve, elegante e atrativo, possui LEDs RGB brilhantes para excelentes efeitos visuais. N\u00e3o necessita de bot\u00f5es: basta inalar para come\u00e7ar, o que \u00e9 pr\u00e1tico para os principiantes.<\/li><\/ul>\t\t\t\t\t\t\t\t<\/div>\n\t\t\t\t<\/div>\n\t\t\t\t<\/div>\n\t\t<div class=\"elementor-element elementor-element-8e0e87d e-con-full e-flex e-con e-child\" data-id=\"8e0e87d\" data-element_type=\"container\" data-e-type=\"container\">\n\t\t\t\t<div class=\"elementor-element elementor-element-63d978d elementor-widget elementor-widget-image-gallery\" data-id=\"63d978d\" data-element_type=\"widget\" data-e-type=\"widget\" data-widget_type=\"image-gallery.default\">\n\t\t\t\t<div class=\"elementor-widget-container\">\n\t\t\t\t\t\t\t<div class=\"elementor-image-gallery\">\n\t\t\t<div id='gallery-1' class='gallery galleryid-3387 gallery-columns-1 gallery-size-medium_large'><figure class='gallery-item'>\n\t\t\t<div class='gallery-icon landscape'>\n\t\t\t\t<img fetchpriority=\"high\" decoding=\"async\" width=\"768\" height=\"768\" src=\"https:\/\/puffvapestore.com\/wp-content\/uploads\/2025\/06\/randm-tornado-vape-9000-vimto-pvafrt9000-768x768.jpg\" class=\"attachment-medium_large size-medium_large\" alt=\"randm tornado 9000 vimto\" aria-describedby=\"gallery-1-3185\" srcset=\"https:\/\/puffvapestore.com\/wp-content\/uploads\/2025\/06\/randm-tornado-vape-9000-vimto-pvafrt9000-768x768.jpg 768w, https:\/\/puffvapestore.com\/wp-content\/uploads\/2025\/06\/randm-tornado-vape-9000-vimto-pvafrt9000-300x300.jpg 300w, https:\/\/puffvapestore.com\/wp-content\/uploads\/2025\/06\/randm-tornado-vape-9000-vimto-pvafrt9000-150x150.jpg 150w, https:\/\/puffvapestore.com\/wp-content\/uploads\/2025\/06\/randm-tornado-vape-9000-vimto-pvafrt9000-600x600.jpg 600w, https:\/\/puffvapestore.com\/wp-content\/uploads\/2025\/06\/randm-tornado-vape-9000-vimto-pvafrt9000-100x100.jpg 100w, https:\/\/puffvapestore.com\/wp-content\/uploads\/2025\/06\/randm-tornado-vape-9000-vimto-pvafrt9000.jpg 1016w\" sizes=\"(max-width: 768px) 100vw, 768px\" \/>\n\t\t\t<\/div>\n\t\t\t\t<figcaption class='wp-caption-text gallery-caption' id='gallery-1-3185'>\n\t\t\t\trandm tornado 9000 vimto\n\t\t\t\t<\/figcaption><\/figure>\n\t\t<\/div>\n\t\t<\/div>\n\t\t\t\t\t\t<\/div>\n\t\t\t\t<\/div>\n\t\t\t\t<\/div>\n\t\t\t\t\t<\/div>\n\t\t\t\t<\/div>\n\t\t<div class=\"elementor-element elementor-element-718b380 e-flex e-con-boxed e-con e-parent\" data-id=\"718b380\" data-element_type=\"container\" data-e-type=\"container\">\n\t\t\t\t\t<div class=\"e-con-inner\">\n\t\t\t\t<div class=\"elementor-element elementor-element-d2cc8fa elementor-widget elementor-widget-text-editor\" data-id=\"d2cc8fa\" data-element_type=\"widget\" data-e-type=\"widget\" data-widget_type=\"text-editor.default\">\n\t\t\t\t<div class=\"elementor-widget-container\">\n\t\t\t\t\t\t\t\t\t<h3>A autonomia da bateria do RandM Tornado 9000 \u00e9 suficiente para utilizar os 18 ml de e-l\u00edquido?<\/h3><p>Sim, sem d\u00favida. O cigarro eletr\u00f3nico RandM Tornado 9000 tem uma bateria de 850 mAh incorporada. Esta pequena bateria de i\u00f5es de l\u00edtio fornece geralmente 300 a 500 ciclos completos de carga e descarga. Para fumar 18 ml de e-l\u00edquido e obter 9000 baforadas, com uma m\u00e9dia de 600 baforadas por carga, s\u00e3o necess\u00e1rias cerca de 15 cargas completas. Isto est\u00e1 dentro do tempo de vida \u00fatil da bateria de i\u00f5es de l\u00edtio e a sua capacidade de ciclos \u00e9 suficiente para cobrir a quantidade de e-l\u00edquido utilizada. Al\u00e9m disso, o produto suporta carregamento r\u00e1pido por USB tipo C, o que facilita a sua utiliza\u00e7\u00e3o.<\/p><p>O RandM Tornado 9000 est\u00e1 equipado com uma bateria de i\u00f5es de l\u00edtio recarreg\u00e1vel de 850 mAh e suporta o carregamento r\u00e1pido Tipo C. Embora o RandM Tornado 9000 esteja equipado com uma bateria de 850 mAh, a capacidade de uma \u00fanica carga completa permite apenas cerca de 200 a 1.000 baforadas, consoante a dura\u00e7\u00e3o e a intensidade de cada baforada (inala\u00e7\u00e3o ligeira ou profunda). Assim, do ponto de vista da autonomia, a capacidade de uma \u00fanica carga \u00e9 obviamente insuficiente para 9.000 baforadas ou para consumir todos os 18 ml de e-l\u00edquido de uma s\u00f3 vez. No entanto, n\u00e3o se trata de uma falha de conce\u00e7\u00e3o, mas sim da estrat\u00e9gia do RandM para segmentar o tempo de vida da bateria: v\u00e1rios ciclos de carga permitem satisfazer as necessidades de consumo de e-l\u00edquido ao longo de todo o ciclo de vida.<\/p><h3>O sabor do RandM Tornado 9000 desvanece-se com o tempo?<\/h3><p>O sabor do RandM Tornado 9000 n\u00e3o se desvanece com o tempo.<\/p><p>O RandM Tornado 9000 possui um avan\u00e7ado atomizador de malha de 0,8 ohm e uma grande capacidade de armazenamento de e-l\u00edquido de 18 ml. Uma das suas principais vantagens \u00e9 a consist\u00eancia do sabor durante todo o ciclo de utiliza\u00e7\u00e3o. Esta tecnologia garante um equil\u00edbrio \u00f3timo entre a quantidade de fumo e o sabor de cada tragada, evitando o fen\u00f3meno de alta intensidade no in\u00edcio da vaporiza\u00e7\u00e3o e de atenua\u00e7\u00e3o no meio e no fim da vaporiza\u00e7\u00e3o dos cigarros electr\u00f3nicos tradicionais.<\/p><p>Embora a tecnologia do dispositivo garanta uma sa\u00edda est\u00e1vel, a experi\u00eancia de sabor real \u00e9 tamb\u00e9m influenciada pela sensibilidade gustativa do utilizador. Por exemplo, alguns sabores \u00abICE\u00bb, como \u00abICE Mango\u00bb e \u00abICE Watermelon\u00bb, dar\u00e3o uma impress\u00e3o subjectiva de \u00abmaior frescura e menor frutado\u00bb ap\u00f3s uma utiliza\u00e7\u00e3o prolongada. \u00c9 de notar que esta altera\u00e7\u00e3o n\u00e3o se deve frequentemente ao desempenho do aparelho, mas pode ser uma ilus\u00e3o sensorial causada pela fadiga gustativa. A utiliza\u00e7\u00e3o prolongada de um mesmo sabor conduzir\u00e1 a uma adapta\u00e7\u00e3o progressiva do paladar a certos ingredientes, dando-lhe uma sensa\u00e7\u00e3o \u00abmenos intensa\u00bb.<\/p><p>Se sentir que o sabor se tornou mais leve, verifique primeiro se a bateria e o e-l\u00edquido se esgotaram. Pode ent\u00e3o experimentar outros sabores para reduzir o cansa\u00e7o do sabor. Por exemplo, alternar o sabor \u00abICE\u00bb com sabores mais suaves, como \u00abmanga\u00bb e \u00abmeloa\u00bb, pode ajudar a restaurar a textura complexa do sabor.<\/p>\t\t\t\t\t\t\t\t<\/div>\n\t\t\t\t<\/div>\n\t\t\t\t\t<\/div>\n\t\t\t\t<\/div>\n\t\t\t\t<\/div>","protected":false},"excerpt":{"rendered":"<p>Go\u00fbt\u00a0: Vimto Le Vimto est une boisson gazeuse britannique classique, m\u00e9lang\u00e9e \u00e0 du cassis, du raisin et des framboises. L&rsquo;ar\u00f4me Vimto du RandM Tornado 9000 restitue parfaitement la saveur embl\u00e9matique de cette boisson, offrant le go\u00fbt aigre-doux de baies riches et de subtiles bulles gazeuses. Note de t\u00eate\u00a0: Riche explosion de fruits noirsDominance de cassis\u00a0: [&hellip;]<\/p>\n","protected":false},"featured_media":3185,"comment_status":"open","ping_status":"closed","template":"","meta":{"site-sidebar-layout":"no-sidebar","site-content-layout":"page-builder","ast-site-content-layout":"normal-width-container","site-content-style":"default","site-sidebar-style":"default","ast-global-header-display":"","ast-banner-title-visibility":"","ast-main-header-display":"","ast-hfb-above-header-display":"","ast-hfb-below-header-display":"","ast-hfb-mobile-header-display":"","site-post-title":"disabled","ast-breadcrumbs-content":"","ast-featured-img":"disabled","footer-sml-layout":"","ast-disable-related-posts":"","theme-transparent-header-meta":"default","adv-header-id-meta":"","stick-header-meta":"default","header-above-stick-meta":"","header-main-stick-meta":"","header-below-stick-meta":"","astra-migrate-meta-layouts":"set","ast-page-background-enabled":"default","ast-page-background-meta":{"desktop":{"background-color":"","background-image":"","background-repeat":"repeat","background-position":"center center","background-size":"auto","background-attachment":"scroll","background-type":"","background-media":"","overlay-type":"","overlay-color":"","overlay-opacity":"","overlay-gradient":""},"tablet":{"background-color":"","background-image":"","background-repeat":"repeat","background-position":"center center","background-size":"auto","background-attachment":"scroll","background-type":"","background-media":"","overlay-type":"","overlay-color":"","overlay-opacity":"","overlay-gradient":""},"mobile":{"background-color":"","background-image":"","background-repeat":"repeat","background-position":"center center","background-size":"auto","background-attachment":"scroll","background-type":"","background-media":"","overlay-type":"","overlay-color":"","overlay-opacity":"","overlay-gradient":""}},"ast-content-background-meta":{"desktop":{"background-color":"var(--ast-global-color-5)","background-image":"","background-repeat":"repeat","background-position":"center center","background-size":"auto","background-attachment":"scroll","background-type":"","background-media":"","overlay-type":"","overlay-color":"","overlay-opacity":"","overlay-gradient":""},"tablet":{"background-color":"var(--ast-global-color-5)","background-image":"","background-repeat":"repeat","background-position":"center center","background-size":"auto","background-attachment":"scroll","background-type":"","background-media":"","overlay-type":"","overlay-color":"","overlay-opacity":"","overlay-gradient":""},"mobile":{"background-color":"var(--ast-global-color-5)","background-image":"","background-repeat":"repeat","background-position":"center center","background-size":"auto","background-attachment":"scroll","background-type":"","background-media":"","overlay-type":"","overlay-color":"","overlay-opacity":"","overlay-gradient":""}}},"product_brand":[42],"product_cat":[43,78,15],"product_tag":[],"class_list":{"0":"post-3387","1":"product","2":"type-product","3":"status-publish","4":"has-post-thumbnail","6":"product_brand-randm-tornado","7":"product_cat-randm-tornado-9000","8":"product_cat-puff-9k","9":"product_cat-magasin-cigarette-electronique","10":"desktop-align-center","11":"tablet-align-center","12":"mobile-align-center","13":"ast-product-gallery-layout-horizontal","14":"ast-product-gallery-with-no-image","15":"ast-product-single-variable","16":"ast-product-tabs-layout-horizontal","17":"ast-qv-on-image","19":"first","20":"outofstock","21":"sale","22":"shipping-taxable","23":"purchasable","24":"product-type-variable","25":"has-default-attributes"},"tiered_pricing_type":"fixed","tiered_pricing_fixed_rules":{"30":8.58,"60":8.13,"100":7.61,"200":7.12,"400":6.86},"tiered_pricing_product_settings":{"layout":"default","base_unit_name":{"singular":null,"plural":null},"default_variation":null},"tiered_pricing_minimum_quantity":null,"tiered_pricing_roles_data":[],"tiered_pricing_percentage_rules":[],"_links":{"self":[{"href":"https:\/\/puffvapestore.com\/pt\/wp-json\/wp\/v2\/product\/3387","targetHints":{"allow":["GET"]}}],"collection":[{"href":"https:\/\/puffvapestore.com\/pt\/wp-json\/wp\/v2\/product"}],"about":[{"href":"https:\/\/puffvapestore.com\/pt\/wp-json\/wp\/v2\/types\/product"}],"replies":[{"embeddable":true,"href":"https:\/\/puffvapestore.com\/pt\/wp-json\/wp\/v2\/comments?post=3387"}],"version-history":[{"count":7,"href":"https:\/\/puffvapestore.com\/pt\/wp-json\/wp\/v2\/product\/3387\/revisions"}],"predecessor-version":[{"id":3999,"href":"https:\/\/puffvapestore.com\/pt\/wp-json\/wp\/v2\/product\/3387\/revisions\/3999"}],"wp:featuredmedia":[{"embeddable":true,"href":"https:\/\/puffvapestore.com\/pt\/wp-json\/wp\/v2\/media\/3185"}],"wp:attachment":[{"href":"https:\/\/puffvapestore.com\/pt\/wp-json\/wp\/v2\/media?parent=3387"}],"wp:term":[{"taxonomy":"product_brand","embeddable":true,"href":"https:\/\/puffvapestore.com\/pt\/wp-json\/wp\/v2\/product_brand?post=3387"},{"taxonomy":"product_cat","embeddable":true,"href":"https:\/\/puffvapestore.com\/pt\/wp-json\/wp\/v2\/product_cat?post=3387"},{"taxonomy":"product_tag","embeddable":true,"href":"https:\/\/puffvapestore.com\/pt\/wp-json\/wp\/v2\/product_tag?post=3387"}],"curies":[{"name":"wp","href":"https:\/\/api.w.org\/{rel}","templated":true}]}}