{"id":3343,"date":"2025-06-25T06:49:17","date_gmt":"2025-06-25T06:49:17","guid":{"rendered":"https:\/\/puffvapestore.com\/?post_type=product&#038;p=3343"},"modified":"2026-01-19T10:54:04","modified_gmt":"2026-01-19T10:54:04","slug":"randm-9000-vape-strawberry-cream","status":"publish","type":"product","link":"https:\/\/puffvapestore.com\/pt\/product\/randm-9000-vape-creme-de-morango\/","title":{"rendered":"RandM 9000 Vape - Creme de morango"},"content":{"rendered":"<div data-elementor-type=\"wp-post\" data-elementor-id=\"3343\" class=\"elementor elementor-3343\">\n\t\t\t\t<div class=\"elementor-element elementor-element-d3f3f97 e-flex e-con-boxed e-con e-parent\" data-id=\"d3f3f97\" data-element_type=\"container\" data-e-type=\"container\">\n\t\t\t\t\t<div class=\"e-con-inner\">\n\t\t\t\t<div class=\"elementor-element elementor-element-9600b1d elementor-widget elementor-widget-text-editor\" data-id=\"9600b1d\" data-element_type=\"widget\" data-e-type=\"widget\" data-widget_type=\"text-editor.default\">\n\t\t\t\t<div class=\"elementor-widget-container\">\n\t\t\t\t\t\t\t\t\t<h2>Sabor : Creme de morango<\/h2><p>RandM Tornado 9000 Cr\u00e8me Fraise \u00e9 um \u00f3leo para cigarros electr\u00f3nicos com um sabor frutado e doce combinado com uma rica nota l\u00e1ctea. O seu aroma foi concebido para recriar a deliciosa experi\u00eancia de uma sobremesa de morango.<\/p><ul><li>Do\u00e7ura de morango: Ao inalar, a primeira sensa\u00e7\u00e3o \u00e9 a frescura e a do\u00e7ura dos morangos maduros. Este aroma de morango \u00e9 sumarento e doce, com a frescura da fruta natural, semelhante \u00e0 dos morangos acabados de colher, doce sem ser gorduroso e apetitoso.<\/li><li>Suavidade cremosa: Ao expirar, o rico sabor cremoso revela-se gradualmente, proporcionando um sabor suave e cremoso. Este sabor cremoso acrescenta uma camada luxuosa \u00e0 do\u00e7ura dos morangos, como se estivesse a saborear uma tigela de morangos frescos cobertos com natas espessas, proporcionando uma sensa\u00e7\u00e3o sedosa e rica em camadas.<\/li><\/ul>\t\t\t\t\t\t\t\t<\/div>\n\t\t\t\t<\/div>\n\t\t\t\t\t<\/div>\n\t\t\t\t<\/div>\n\t\t<div class=\"elementor-element elementor-element-08c26f9 e-flex e-con-boxed e-con e-parent\" data-id=\"08c26f9\" data-element_type=\"container\" data-e-type=\"container\">\n\t\t\t\t\t<div class=\"e-con-inner\">\n\t\t\t\t<div class=\"elementor-element elementor-element-a005a97 elementor-widget elementor-widget-text-editor\" data-id=\"a005a97\" data-element_type=\"widget\" data-e-type=\"widget\" data-widget_type=\"text-editor.default\">\n\t\t\t\t<div class=\"elementor-widget-container\">\n\t\t\t\t\t\t\t\t\t<h2>RandM 9000 Creme de morango<\/h2><p>O cigarro eletr\u00f3nico RandM Tornado 9000 Strawberry Cream tem uma dura\u00e7\u00e3o extremamente longa (at\u00e9 9000 baforadas), um elevado desempenho e um design \u00fanico. Est\u00e1 equipado com uma bateria recarreg\u00e1vel de 850 mAh e uma interface de carregamento r\u00e1pido USB-C, que permite carreg\u00e1-lo totalmente em cerca de uma hora para uma utiliza\u00e7\u00e3o duradoura. O dep\u00f3sito de \u00f3leo integrado tem capacidade para cerca de 18 ml de \u00f3leo. Al\u00e9m disso, o RandM Tornado 9000 Strawberry Cream utiliza um atomizador de malha de 0,8 ohm para melhorar eficazmente a concentra\u00e7\u00e3o e o sabor do fumo.<\/p>\t\t\t\t\t\t\t\t<\/div>\n\t\t\t\t<\/div>\n\t\t\t\t\t<\/div>\n\t\t\t\t<\/div>\n\t\t<div class=\"elementor-element elementor-element-4ac287c e-flex e-con-boxed e-con e-parent\" data-id=\"4ac287c\" data-element_type=\"container\" data-e-type=\"container\">\n\t\t\t\t\t<div class=\"e-con-inner\">\n\t\t<div class=\"elementor-element elementor-element-bbd8e4a e-con-full e-flex e-con e-child\" data-id=\"bbd8e4a\" data-element_type=\"container\" data-e-type=\"container\">\n\t\t\t\t<div class=\"elementor-element elementor-element-0dc5338 elementor-widget elementor-widget-text-editor\" data-id=\"0dc5338\" data-element_type=\"widget\" data-e-type=\"widget\" data-widget_type=\"text-editor.default\">\n\t\t\t\t<div class=\"elementor-widget-container\">\n\t\t\t\t\t\t\t\t\t<h2>Carater\u00edsticas do RandM Tornado 9000 Strawberry Cream:<\/h2><ul><li>Capacidade de sopro : At\u00e9 9.000 baforadas, ideal para uma utiliza\u00e7\u00e3o prolongada.<\/li><li>Bateria: Bateria recarreg\u00e1vel de 850 mAh com fun\u00e7\u00e3o de carregamento Tipo C para um carregamento r\u00e1pido e eficiente.<\/li><li>E-l\u00edquido: Pr\u00e9-carregado com 18 ml de e-l\u00edquido, concentra\u00e7\u00e3o de nicotina 2% ou 5% opcional.<\/li><li>Tecnologia: Utiliza resist\u00eancias de rede avan\u00e7adas para um vapor suave e uniforme e um sabor intenso.<\/li><li>Design: Pequeno e leve, elegante e atrativo, possui LEDs RGB brilhantes para excelentes efeitos visuais. N\u00e3o necessita de bot\u00f5es: basta inalar para come\u00e7ar, o que \u00e9 pr\u00e1tico para os principiantes.<\/li><\/ul>\t\t\t\t\t\t\t\t<\/div>\n\t\t\t\t<\/div>\n\t\t\t\t<\/div>\n\t\t<div class=\"elementor-element elementor-element-8e0e87d e-con-full e-flex e-con e-child\" data-id=\"8e0e87d\" data-element_type=\"container\" data-e-type=\"container\">\n\t\t\t\t<div class=\"elementor-element elementor-element-63d978d elementor-widget elementor-widget-image-gallery\" data-id=\"63d978d\" data-element_type=\"widget\" data-e-type=\"widget\" data-widget_type=\"image-gallery.default\">\n\t\t\t\t<div class=\"elementor-widget-container\">\n\t\t\t\t\t\t\t<div class=\"elementor-image-gallery\">\n\t\t\t<div id='gallery-1' class='gallery galleryid-3343 gallery-columns-1 gallery-size-medium_large'><figure class='gallery-item'>\n\t\t\t<div class='gallery-icon landscape'>\n\t\t\t\t<img fetchpriority=\"high\" decoding=\"async\" width=\"768\" height=\"768\" src=\"https:\/\/puffvapestore.com\/wp-content\/uploads\/2025\/06\/randm-tornado-vape-9000-strawberry-cream-pvafrt9000-768x768.jpg\" class=\"attachment-medium_large size-medium_large\" alt=\"creme de morango randm tornado 9000\" aria-describedby=\"gallery-1-3174\" srcset=\"https:\/\/puffvapestore.com\/wp-content\/uploads\/2025\/06\/randm-tornado-vape-9000-strawberry-cream-pvafrt9000-768x768.jpg 768w, https:\/\/puffvapestore.com\/wp-content\/uploads\/2025\/06\/randm-tornado-vape-9000-strawberry-cream-pvafrt9000-300x300.jpg 300w, https:\/\/puffvapestore.com\/wp-content\/uploads\/2025\/06\/randm-tornado-vape-9000-strawberry-cream-pvafrt9000-150x150.jpg 150w, https:\/\/puffvapestore.com\/wp-content\/uploads\/2025\/06\/randm-tornado-vape-9000-strawberry-cream-pvafrt9000-600x600.jpg 600w, https:\/\/puffvapestore.com\/wp-content\/uploads\/2025\/06\/randm-tornado-vape-9000-strawberry-cream-pvafrt9000-100x100.jpg 100w, https:\/\/puffvapestore.com\/wp-content\/uploads\/2025\/06\/randm-tornado-vape-9000-strawberry-cream-pvafrt9000.jpg 1016w\" sizes=\"(max-width: 768px) 100vw, 768px\" \/>\n\t\t\t<\/div>\n\t\t\t\t<figcaption class='wp-caption-text gallery-caption' id='gallery-1-3174'>\n\t\t\t\tcreme de morango randm tornado 9000\n\t\t\t\t<\/figcaption><\/figure>\n\t\t<\/div>\n\t\t<\/div>\n\t\t\t\t\t\t<\/div>\n\t\t\t\t<\/div>\n\t\t\t\t<\/div>\n\t\t\t\t\t<\/div>\n\t\t\t\t<\/div>\n\t\t<div class=\"elementor-element elementor-element-718b380 e-flex e-con-boxed e-con e-parent\" data-id=\"718b380\" data-element_type=\"container\" data-e-type=\"container\">\n\t\t\t\t\t<div class=\"e-con-inner\">\n\t\t\t\t<div class=\"elementor-element elementor-element-d2cc8fa elementor-widget elementor-widget-text-editor\" data-id=\"d2cc8fa\" data-element_type=\"widget\" data-e-type=\"widget\" data-widget_type=\"text-editor.default\">\n\t\t\t\t<div class=\"elementor-widget-container\">\n\t\t\t\t\t\t\t\t\t<h3>A autonomia da bateria do RandM Tornado 9000 Strawberry Cream \u00e9 suficiente para utilizar os 18 ml de e-l\u00edquido?<\/h3><p>A bateria de 850 mAh do RandM Tornado 9000 Strawberry Cream d\u00e1-lhe 9000 baforadas de 18 ml de e-l\u00edquido ap\u00f3s v\u00e1rias cargas.<\/p><p>O RandM Tornado 9000 Strawberry Cream est\u00e1 equipado com uma bateria recarreg\u00e1vel de 850 mAh e 18 ml de e-l\u00edquido pr\u00e9-cheio, oferecendo cerca de 9000 baforadas. A bateria de 850 mAh oferece uma capacidade superior \u00e0 dos descart\u00e1veis e permite um carregamento r\u00e1pido atrav\u00e9s da porta Type-C. A bateria de 850 mAh do RandM Tornado 9000 Strawberry Cream pode suportar aproximadamente 200 a 1000 baforadas com uma \u00fanica carga completa (dependendo da dura\u00e7\u00e3o da baforada). Um \u00fanico carregamento de 850 mAh n\u00e3o \u00e9 suficiente para cobrir as 9000 baforadas, mas v\u00e1rios carregamentos podem compensar este d\u00e9fice. Al\u00e9m disso, as baterias de i\u00f5es de l\u00edtio (como as baterias de 850 mAh) suportam geralmente 300 a 500 ciclos de carga completa (de 0 % a 100 %), o que significa que a autonomia total excede em muito as necessidades dos dispositivos descart\u00e1veis.<\/p><h3>O sabor do RandM Tornado 9000 desvanece-se com o tempo?<\/h3><p>O sabor do RandM Tornado 9000 n\u00e3o se desvanece com o tempo.<\/p><p>O RandM Tornado 9000 oferece uma experi\u00eancia de sabor muito consistente ao longo do seu ciclo de utiliza\u00e7\u00e3o. A grande capacidade de 18 ml de e-l\u00edquido e a tecnologia de n\u00facleo de malha de 0,8 ohm garantem uma dose consistente e duradoura. Os sabores frutados como \u00abICE\u00bb e \u00abBlueberry Raspberry\u00bb mant\u00eam a sua frescura e n\u00e3o se desvanecem ao longo de semanas de utiliza\u00e7\u00e3o.<\/p><h5>Experi\u00eancias de utiliza\u00e7\u00e3o diferentes para pessoas diferentes<\/h5><p>Embora a tecnologia seja concebida para manter um sabor consistente, a experi\u00eancia do utilizador varia de pessoa para pessoa. Alguns utilizadores referem que certos sabores (como os que cont\u00eam elementos \u00abICE\u00bb) podem sofrer altera\u00e7\u00f5es no sabor ap\u00f3s uma utiliza\u00e7\u00e3o prolongada, como uma maior frescura e sabores frutados ligeiramente mais leves. Este facto pode estar relacionado com a fadiga gustativa. A maioria dos utilizadores do RandM Tornado 9000 considera que o sabor do cigarro eletr\u00f3nico RandM Tornado 9000 se mant\u00e9m est\u00e1vel durante todo o seu ciclo de vida. Se se cansar do sabor, pode mudar de sabor. Mudar frequentemente de sabor \u00e9 uma boa forma de aliviar o cansa\u00e7o do sabor.<\/p>\t\t\t\t\t\t\t\t<\/div>\n\t\t\t\t<\/div>\n\t\t\t\t\t<\/div>\n\t\t\t\t<\/div>\n\t\t\t\t<\/div>","protected":false},"excerpt":{"rendered":"<p>Ar\u00f4me\u00a0: Strawberry Cream La RandM Tornado 9000 Cr\u00e8me Fraise est une huile pour cigarette \u00e9lectronique aux ar\u00f4mes fruit\u00e9s et sucr\u00e9s, alli\u00e9s \u00e0 une riche note lact\u00e9e. Son ar\u00f4me est con\u00e7u pour recr\u00e9er la d\u00e9licieuse exp\u00e9rience d&rsquo;un dessert \u00e0 la fraise. Douceur de la fraise\u00a0: \u00c0 l&rsquo;inhalation, la premi\u00e8re sensation est la fra\u00eecheur et la douceur [&hellip;]<\/p>\n","protected":false},"featured_media":3174,"comment_status":"open","ping_status":"closed","template":"","meta":{"site-sidebar-layout":"no-sidebar","site-content-layout":"page-builder","ast-site-content-layout":"normal-width-container","site-content-style":"default","site-sidebar-style":"default","ast-global-header-display":"","ast-banner-title-visibility":"","ast-main-header-display":"","ast-hfb-above-header-display":"","ast-hfb-below-header-display":"","ast-hfb-mobile-header-display":"","site-post-title":"disabled","ast-breadcrumbs-content":"","ast-featured-img":"disabled","footer-sml-layout":"","ast-disable-related-posts":"","theme-transparent-header-meta":"default","adv-header-id-meta":"","stick-header-meta":"default","header-above-stick-meta":"","header-main-stick-meta":"","header-below-stick-meta":"","astra-migrate-meta-layouts":"set","ast-page-background-enabled":"default","ast-page-background-meta":{"desktop":{"background-color":"","background-image":"","background-repeat":"repeat","background-position":"center center","background-size":"auto","background-attachment":"scroll","background-type":"","background-media":"","overlay-type":"","overlay-color":"","overlay-opacity":"","overlay-gradient":""},"tablet":{"background-color":"","background-image":"","background-repeat":"repeat","background-position":"center center","background-size":"auto","background-attachment":"scroll","background-type":"","background-media":"","overlay-type":"","overlay-color":"","overlay-opacity":"","overlay-gradient":""},"mobile":{"background-color":"","background-image":"","background-repeat":"repeat","background-position":"center center","background-size":"auto","background-attachment":"scroll","background-type":"","background-media":"","overlay-type":"","overlay-color":"","overlay-opacity":"","overlay-gradient":""}},"ast-content-background-meta":{"desktop":{"background-color":"var(--ast-global-color-5)","background-image":"","background-repeat":"repeat","background-position":"center center","background-size":"auto","background-attachment":"scroll","background-type":"","background-media":"","overlay-type":"","overlay-color":"","overlay-opacity":"","overlay-gradient":""},"tablet":{"background-color":"var(--ast-global-color-5)","background-image":"","background-repeat":"repeat","background-position":"center center","background-size":"auto","background-attachment":"scroll","background-type":"","background-media":"","overlay-type":"","overlay-color":"","overlay-opacity":"","overlay-gradient":""},"mobile":{"background-color":"var(--ast-global-color-5)","background-image":"","background-repeat":"repeat","background-position":"center center","background-size":"auto","background-attachment":"scroll","background-type":"","background-media":"","overlay-type":"","overlay-color":"","overlay-opacity":"","overlay-gradient":""}}},"product_brand":[42],"product_cat":[43,78,15],"product_tag":[],"class_list":{"0":"post-3343","1":"product","2":"type-product","3":"status-publish","4":"has-post-thumbnail","6":"product_brand-randm-tornado","7":"product_cat-randm-tornado-9000","8":"product_cat-puff-9k","9":"product_cat-magasin-cigarette-electronique","10":"desktop-align-center","11":"tablet-align-center","12":"mobile-align-center","13":"ast-product-gallery-layout-horizontal","14":"ast-product-gallery-with-no-image","15":"ast-product-single-variable","16":"ast-product-tabs-layout-horizontal","17":"ast-qv-on-image","19":"first","20":"outofstock","21":"sale","22":"shipping-taxable","23":"purchasable","24":"product-type-variable","25":"has-default-attributes"},"tiered_pricing_type":"fixed","tiered_pricing_fixed_rules":{"30":8.58,"60":8.13,"100":7.61,"200":7.12,"400":6.86},"tiered_pricing_product_settings":{"layout":"default","base_unit_name":{"singular":null,"plural":null},"default_variation":null},"tiered_pricing_minimum_quantity":null,"tiered_pricing_roles_data":[],"tiered_pricing_percentage_rules":[],"_links":{"self":[{"href":"https:\/\/puffvapestore.com\/pt\/wp-json\/wp\/v2\/product\/3343","targetHints":{"allow":["GET"]}}],"collection":[{"href":"https:\/\/puffvapestore.com\/pt\/wp-json\/wp\/v2\/product"}],"about":[{"href":"https:\/\/puffvapestore.com\/pt\/wp-json\/wp\/v2\/types\/product"}],"replies":[{"embeddable":true,"href":"https:\/\/puffvapestore.com\/pt\/wp-json\/wp\/v2\/comments?post=3343"}],"version-history":[{"count":7,"href":"https:\/\/puffvapestore.com\/pt\/wp-json\/wp\/v2\/product\/3343\/revisions"}],"predecessor-version":[{"id":3721,"href":"https:\/\/puffvapestore.com\/pt\/wp-json\/wp\/v2\/product\/3343\/revisions\/3721"}],"wp:featuredmedia":[{"embeddable":true,"href":"https:\/\/puffvapestore.com\/pt\/wp-json\/wp\/v2\/media\/3174"}],"wp:attachment":[{"href":"https:\/\/puffvapestore.com\/pt\/wp-json\/wp\/v2\/media?parent=3343"}],"wp:term":[{"taxonomy":"product_brand","embeddable":true,"href":"https:\/\/puffvapestore.com\/pt\/wp-json\/wp\/v2\/product_brand?post=3343"},{"taxonomy":"product_cat","embeddable":true,"href":"https:\/\/puffvapestore.com\/pt\/wp-json\/wp\/v2\/product_cat?post=3343"},{"taxonomy":"product_tag","embeddable":true,"href":"https:\/\/puffvapestore.com\/pt\/wp-json\/wp\/v2\/product_tag?post=3343"}],"curies":[{"name":"wp","href":"https:\/\/api.w.org\/{rel}","templated":true}]}}