{"id":2517,"date":"2025-06-19T06:00:50","date_gmt":"2025-06-19T06:00:50","guid":{"rendered":"https:\/\/puffvapestore.com\/?post_type=product&#038;p=2517"},"modified":"2026-01-19T10:32:53","modified_gmt":"2026-01-19T10:32:53","slug":"puff-tornado-7000-strawberry-kiwi","status":"publish","type":"product","link":"https:\/\/puffvapestore.com\/pt\/product\/puff-tornado-7000-morango-kiwi\/","title":{"rendered":"Puff Tornado 7000 - Morango Kiwi"},"content":{"rendered":"<div data-elementor-type=\"wp-post\" data-elementor-id=\"2517\" class=\"elementor elementor-2517\">\n\t\t\t\t<div class=\"elementor-element elementor-element-d3f3f97 e-flex e-con-boxed e-con e-parent\" data-id=\"d3f3f97\" data-element_type=\"container\" data-e-type=\"container\">\n\t\t\t\t\t<div class=\"e-con-inner\">\n\t\t\t\t<div class=\"elementor-element elementor-element-9600b1d elementor-widget elementor-widget-text-editor\" data-id=\"9600b1d\" data-element_type=\"widget\" data-e-type=\"widget\" data-widget_type=\"text-editor.default\">\n\t\t\t\t<div class=\"elementor-widget-container\">\n\t\t\t\t\t\t\t\t\t<h2>Sabor : Morango Kiwi<\/h2><p>O sabor do RandM Tornado 7000 - Strawberry Kiwi \u00e9 uma combina\u00e7\u00e3o doce, fresca e frutada, que combina a do\u00e7ura dos morangos com a acidez do kiwi para uma experi\u00eancia de sabor agrad\u00e1vel.<\/p><ul><li><strong>Sabor doce e frutado a morango:<\/strong><br \/>Um dos principais aromas \u00e9 a rica do\u00e7ura dos morangos maduros, dando um sabor suculento que lembra os morangos acabados de colher. O sabor do morango \u00e9 suave e natural, com uma textura ligeiramente polpuda, e a sua do\u00e7ura suave e arredondada pode ser sentida no paladar.<\/li><li><strong>A vitalidade picante e refrescante do kiwi:<\/strong><br \/>O sabor do kiwi confere-lhe uma acidez refrescante e um aroma frutado vivo. O sabor do kiwi \u00e9 ligeiramente \u00e1cido e picante, com um sabor \u00fanico a frutos tropicais que contrasta fortemente com a do\u00e7ura do morango. Esta acidez \u00e9 particularmente pronunciada durante a inala\u00e7\u00e3o, estimulando as papilas gustativas e acentuando a din\u00e2mica e a complexidade globais. A frescura do kiwi confere vitalidade a cada tragada.<\/li><\/ul>\t\t\t\t\t\t\t\t<\/div>\n\t\t\t\t<\/div>\n\t\t\t\t\t<\/div>\n\t\t\t\t<\/div>\n\t\t<div class=\"elementor-element elementor-element-08c26f9 e-flex e-con-boxed e-con e-parent\" data-id=\"08c26f9\" data-element_type=\"container\" data-e-type=\"container\">\n\t\t\t\t\t<div class=\"e-con-inner\">\n\t\t\t\t<div class=\"elementor-element elementor-element-a005a97 elementor-widget elementor-widget-text-editor\" data-id=\"a005a97\" data-element_type=\"widget\" data-e-type=\"widget\" data-widget_type=\"text-editor.default\">\n\t\t\t\t<div class=\"elementor-widget-container\">\n\t\t\t\t\t\t\t\t\t<h2>RandM Tornado 7000 Morango Kiwi<\/h2><p>O cigarro eletr\u00f3nico descart\u00e1vel RandM Tornado 7000 Strawberry Kiwi \u00e9 pr\u00e9-carregado com 14 ml de e-l\u00edquido de qualidade superior com sais de nicotina, com duas concentra\u00e7\u00f5es de nicotina: 2 % e 5 %, satisfazendo as necessidades tanto dos vapers ocasionais como daqueles que procuram uma experi\u00eancia mais intensa. A bateria incorporada possui uma porta de carregamento Tipo C fi\u00e1vel para energia cont\u00ednua, permitindo aos utilizadores desfrutar de cada tragada. O seu design elegante e port\u00e1til combina praticidade com desempenho duradouro, tornando-o a escolha ideal para os entusiastas de cigarros electr\u00f3nicos.<\/p>\t\t\t\t\t\t\t\t<\/div>\n\t\t\t\t<\/div>\n\t\t\t\t\t<\/div>\n\t\t\t\t<\/div>\n\t\t<div class=\"elementor-element elementor-element-4ac287c e-flex e-con-boxed e-con e-parent\" data-id=\"4ac287c\" data-element_type=\"container\" data-e-type=\"container\">\n\t\t\t\t\t<div class=\"e-con-inner\">\n\t\t<div class=\"elementor-element elementor-element-bbd8e4a e-con-full e-flex e-con e-child\" data-id=\"bbd8e4a\" data-element_type=\"container\" data-e-type=\"container\">\n\t\t\t\t<div class=\"elementor-element elementor-element-0dc5338 elementor-widget elementor-widget-text-editor\" data-id=\"0dc5338\" data-element_type=\"widget\" data-e-type=\"widget\" data-widget_type=\"text-editor.default\">\n\t\t\t\t<div class=\"elementor-widget-container\">\n\t\t\t\t\t\t\t\t\t<h2>Carater\u00edsticas do RandM Tornado 7000 Strawberry Kiwi:<\/h2><ul><li><strong>N\u00famero de sopros<\/strong>\u00a0Cada dispositivo pode suportar at\u00e9 7.000 baforadas, o que \u00e9 ideal para uma utiliza\u00e7\u00e3o a longo prazo.<\/li><li><strong>Bateria\u00a0<\/strong>Bateria recarreg\u00e1vel de 850 mAh com porta de carregamento Tipo C para carregamento r\u00e1pido (30 a 60 minutos).<\/li><li><strong>Capacidade do e-l\u00edquido<\/strong>\u00a0Dep\u00f3sitos pr\u00e9-cheios de 14 ml com uma escolha de 2 sais de nicotina % ou 5 sais de nicotina %.<\/li><li><strong>Conce\u00e7\u00e3o\u00a0<\/strong>Port\u00e1til, feito de materiais dur\u00e1veis, possui um reservat\u00f3rio de \u00f3leo transparente para verificar o n\u00edvel de \u00f3leo restante. As luzes RGB e os indicadores LED d\u00e3o-lhe um toque de eleg\u00e2ncia.<\/li><li><strong>Resist\u00eancia da malha<\/strong>\u00a0Utilize uma resist\u00eancia Mesh para obter um sabor e uma produ\u00e7\u00e3o de vapor consistentes.<\/li><\/ul>\t\t\t\t\t\t\t\t<\/div>\n\t\t\t\t<\/div>\n\t\t\t\t<\/div>\n\t\t<div class=\"elementor-element elementor-element-8e0e87d e-con-full e-flex e-con e-child\" data-id=\"8e0e87d\" data-element_type=\"container\" data-e-type=\"container\">\n\t\t\t\t<div class=\"elementor-element elementor-element-63d978d elementor-widget elementor-widget-image-gallery\" data-id=\"63d978d\" data-element_type=\"widget\" data-e-type=\"widget\" data-widget_type=\"image-gallery.default\">\n\t\t\t\t<div class=\"elementor-widget-container\">\n\t\t\t\t\t\t\t<div class=\"elementor-image-gallery\">\n\t\t\t<div id='gallery-1' class='gallery galleryid-2517 gallery-columns-1 gallery-size-medium_large'><figure class='gallery-item'>\n\t\t\t<div class='gallery-icon landscape'>\n\t\t\t\t<img fetchpriority=\"high\" decoding=\"async\" width=\"768\" height=\"768\" src=\"https:\/\/puffvapestore.com\/wp-content\/uploads\/2025\/06\/RandM-Tornado-7000-Strawberry-Kiwi-pvafrt7000-768x768.jpg\" class=\"attachment-medium_large size-medium_large\" alt=\"Morango Kiwi RandM Tornado 7000\" aria-describedby=\"gallery-1-2289\" srcset=\"https:\/\/puffvapestore.com\/wp-content\/uploads\/2025\/06\/RandM-Tornado-7000-Strawberry-Kiwi-pvafrt7000-768x768.jpg 768w, https:\/\/puffvapestore.com\/wp-content\/uploads\/2025\/06\/RandM-Tornado-7000-Strawberry-Kiwi-pvafrt7000-300x300.jpg 300w, https:\/\/puffvapestore.com\/wp-content\/uploads\/2025\/06\/RandM-Tornado-7000-Strawberry-Kiwi-pvafrt7000-1024x1024.jpg 1024w, https:\/\/puffvapestore.com\/wp-content\/uploads\/2025\/06\/RandM-Tornado-7000-Strawberry-Kiwi-pvafrt7000-150x150.jpg 150w, https:\/\/puffvapestore.com\/wp-content\/uploads\/2025\/06\/RandM-Tornado-7000-Strawberry-Kiwi-pvafrt7000-600x600.jpg 600w, https:\/\/puffvapestore.com\/wp-content\/uploads\/2025\/06\/RandM-Tornado-7000-Strawberry-Kiwi-pvafrt7000-100x100.jpg 100w, https:\/\/puffvapestore.com\/wp-content\/uploads\/2025\/06\/RandM-Tornado-7000-Strawberry-Kiwi-pvafrt7000.jpg 1039w\" sizes=\"(max-width: 768px) 100vw, 768px\" \/>\n\t\t\t<\/div>\n\t\t\t\t<figcaption class='wp-caption-text gallery-caption' id='gallery-1-2289'>\n\t\t\t\tMorango Kiwi RandM Tornado 7000 \n\t\t\t\t<\/figcaption><\/figure>\n\t\t<\/div>\n\t\t<\/div>\n\t\t\t\t\t\t<\/div>\n\t\t\t\t<\/div>\n\t\t\t\t<\/div>\n\t\t\t\t\t<\/div>\n\t\t\t\t<\/div>\n\t\t<div class=\"elementor-element elementor-element-718b380 e-flex e-con-boxed e-con e-parent\" data-id=\"718b380\" data-element_type=\"container\" data-e-type=\"container\">\n\t\t\t\t\t<div class=\"e-con-inner\">\n\t\t\t\t<div class=\"elementor-element elementor-element-d2cc8fa elementor-widget elementor-widget-text-editor\" data-id=\"d2cc8fa\" data-element_type=\"widget\" data-e-type=\"widget\" data-widget_type=\"text-editor.default\">\n\t\t\t\t<div class=\"elementor-widget-container\">\n\t\t\t\t\t\t\t\t\t<h3>O RandM Tornado 7000 Strawberry Kiwi liberta odores ou tem fugas?<\/h3><p>RandM Tornado 7000 Os cigarros electr\u00f3nicos Strawberry Kiwi s\u00e3o inodoros e n\u00e3o apresentam fugas de \u00f3leo em condi\u00e7\u00f5es normais de utiliza\u00e7\u00e3o.<\/p><p>O cigarro eletr\u00f3nico RandM Tornado 7000 Strawberry Kiwi adopta um design fechado integrado: componentes como o reservat\u00f3rio de \u00f3leo, a bateria, a resist\u00eancia de rede e a boquilha est\u00e3o integrados num inv\u00f3lucro s\u00f3lido. Fabricado com materiais de alta resist\u00eancia e maquinado com precis\u00e3o, este inv\u00f3lucro melhora n\u00e3o s\u00f3 a sua resist\u00eancia estrutural, mas tamb\u00e9m a sua resist\u00eancia a fugas. Em particular, s\u00e3o utilizados materiais de qualidade alimentar para o armazenamento de \u00f3leo e \u00e9 aplicado um tratamento de veda\u00e7\u00e3o de v\u00e1rias camadas para evitar eficazmente a volatiliza\u00e7\u00e3o, a oxida\u00e7\u00e3o e as fugas de \u00f3leo.<\/p><p>Para evitar fugas de \u00f3leo, o RandM Tornado 7000 est\u00e1 equipado com vedantes e almofadas de borracha altamente el\u00e1stica e resistente \u00e0 corros\u00e3o em v\u00e1rios pontos-chave, incluindo a liga\u00e7\u00e3o entre o reservat\u00f3rio de \u00f3leo e o n\u00facleo do atomizador, a boquilha do cigarro eletr\u00f3nico, etc. Al\u00e9m disso, a parte inferior do dispositivo est\u00e1 equipada com um tamp\u00e3o de silicone ou autocolante de veda\u00e7\u00e3o, que absorve eficazmente os choques externos e as varia\u00e7\u00f5es de press\u00e3o do ar durante o transporte ou o armazenamento, evitando assim as fugas de \u00f3leo. O conjunto do cigarro eletr\u00f3nico \u00e9 protegido de v\u00e1rias formas, nomeadamente em termos de estrutura de veda\u00e7\u00e3o e de escolha dos materiais, para garantir a sua estabilidade e limpeza no dia a dia.<\/p><h3>O RandM Tornado 7000 Strawberry Kiwi \u00e9 compat\u00edvel com o in\u00edcio autom\u00e1tico da inala\u00e7\u00e3o?<\/h3><p>Sim, o cigarro eletr\u00f3nico RandM Tornado 7000 Strawberry Kiwi \u00e9 compat\u00edvel com a ativa\u00e7\u00e3o autom\u00e1tica por inala\u00e7\u00e3o. Este design n\u00e3o requer bot\u00f5es. Basta inalar e o atomizador acende-se automaticamente, aquece o e-l\u00edquido e produz fumo. O seu princ\u00edpio b\u00e1sico \u00e9 a integra\u00e7\u00e3o de um sensor de press\u00e3o de ar. Quando se inala, o fluxo de ar dispara o sinal do sensor, que alimenta instantaneamente a bateria e ativa o elemento de aquecimento para completar o processo de atomiza\u00e7\u00e3o. Esta tecnologia de \u00abinterrutor de ar\u00bb \u00e9 um dos m\u00e9todos mais comuns e comprovados de controlo dos cigarros electr\u00f3nicos descart\u00e1veis.<\/p><p>A tecnologia de ativa\u00e7\u00e3o autom\u00e1tica da inala\u00e7\u00e3o melhora consideravelmente o conforto e a intuitividade da utiliza\u00e7\u00e3o, especialmente para os utilizadores principiantes ou para aqueles que procuram uma experi\u00eancia pronta a utilizar. Simplifica a utiliza\u00e7\u00e3o dos bot\u00f5es e evita ajustes fastidiosos. \u00c9 ideal para uma utiliza\u00e7\u00e3o r\u00e1pida no autom\u00f3vel, durante actividades ao ar livre ou em situa\u00e7\u00f5es de dif\u00edcil acesso. Al\u00e9m disso, reduz o risco de contacto acidental, melhora a seguran\u00e7a geral e prolonga a vida \u00fatil do dispositivo.<\/p><p>Vale a pena mencionar que o sistema de ativa\u00e7\u00e3o autom\u00e1tica do RandM Tornado 7000 Strawberry Kiwi foi optimizado para manter uma resposta sens\u00edvel e um disparo est\u00e1vel, mesmo com m\u00faltiplas utiliza\u00e7\u00f5es cont\u00ednuas, evitando atrasos no disparo ou falhas no disparo.<\/p>\t\t\t\t\t\t\t\t<\/div>\n\t\t\t\t<\/div>\n\t\t\t\t\t<\/div>\n\t\t\t\t<\/div>\n\t\t\t\t<\/div>","protected":false},"excerpt":{"rendered":"<p>Saveur\u00a0: Strawberry Kiwi La saveur de la RandM Tornado 7000 &#8211; Fraise Kiwi est une combinaison sucr\u00e9e, fra\u00eeche et fruit\u00e9e, alliant la douceur de la fraise \u00e0 l&rsquo;acidit\u00e9 du kiwi, pour une exp\u00e9rience gustative agr\u00e9able. Ar\u00f4me sucr\u00e9 et fruit\u00e9 de la fraise\u00a0:L&rsquo;un des ar\u00f4mes principaux est la riche douceur des fraises m\u00fbres, qui conf\u00e8re un [&hellip;]<\/p>\n","protected":false},"featured_media":2289,"comment_status":"open","ping_status":"closed","template":"","meta":{"site-sidebar-layout":"no-sidebar","site-content-layout":"page-builder","ast-site-content-layout":"normal-width-container","site-content-style":"default","site-sidebar-style":"default","ast-global-header-display":"","ast-banner-title-visibility":"","ast-main-header-display":"","ast-hfb-above-header-display":"","ast-hfb-below-header-display":"","ast-hfb-mobile-header-display":"","site-post-title":"disabled","ast-breadcrumbs-content":"","ast-featured-img":"disabled","footer-sml-layout":"","ast-disable-related-posts":"","theme-transparent-header-meta":"default","adv-header-id-meta":"","stick-header-meta":"default","header-above-stick-meta":"","header-main-stick-meta":"","header-below-stick-meta":"","astra-migrate-meta-layouts":"set","ast-page-background-enabled":"default","ast-page-background-meta":{"desktop":{"background-color":"","background-image":"","background-repeat":"repeat","background-position":"center center","background-size":"auto","background-attachment":"scroll","background-type":"","background-media":"","overlay-type":"","overlay-color":"","overlay-opacity":"","overlay-gradient":""},"tablet":{"background-color":"","background-image":"","background-repeat":"repeat","background-position":"center center","background-size":"auto","background-attachment":"scroll","background-type":"","background-media":"","overlay-type":"","overlay-color":"","overlay-opacity":"","overlay-gradient":""},"mobile":{"background-color":"","background-image":"","background-repeat":"repeat","background-position":"center center","background-size":"auto","background-attachment":"scroll","background-type":"","background-media":"","overlay-type":"","overlay-color":"","overlay-opacity":"","overlay-gradient":""}},"ast-content-background-meta":{"desktop":{"background-color":"var(--ast-global-color-5)","background-image":"","background-repeat":"repeat","background-position":"center center","background-size":"auto","background-attachment":"scroll","background-type":"","background-media":"","overlay-type":"","overlay-color":"","overlay-opacity":"","overlay-gradient":""},"tablet":{"background-color":"var(--ast-global-color-5)","background-image":"","background-repeat":"repeat","background-position":"center center","background-size":"auto","background-attachment":"scroll","background-type":"","background-media":"","overlay-type":"","overlay-color":"","overlay-opacity":"","overlay-gradient":""},"mobile":{"background-color":"var(--ast-global-color-5)","background-image":"","background-repeat":"repeat","background-position":"center center","background-size":"auto","background-attachment":"scroll","background-type":"","background-media":"","overlay-type":"","overlay-color":"","overlay-opacity":"","overlay-gradient":""}}},"product_brand":[42],"product_cat":[41,94,15],"product_tag":[],"class_list":{"0":"post-2517","1":"product","2":"type-product","3":"status-publish","4":"has-post-thumbnail","6":"product_brand-randm-tornado","7":"product_cat-randm-tornado-7000","8":"product_cat-puff-7k","9":"product_cat-magasin-cigarette-electronique","10":"desktop-align-center","11":"tablet-align-center","12":"mobile-align-center","13":"ast-product-gallery-layout-horizontal","14":"ast-product-gallery-with-no-image","15":"ast-product-single-variable","16":"ast-product-tabs-layout-horizontal","17":"ast-qv-on-image","19":"first","20":"outofstock","21":"sale","22":"shipping-taxable","23":"purchasable","24":"product-type-variable","25":"has-default-attributes"},"tiered_pricing_type":"fixed","tiered_pricing_fixed_rules":{"30":8.58,"60":8.12,"100":7.48,"200":6.98},"tiered_pricing_product_settings":{"layout":"default","base_unit_name":{"singular":null,"plural":null},"default_variation":null},"tiered_pricing_minimum_quantity":null,"tiered_pricing_roles_data":[],"tiered_pricing_percentage_rules":[],"_links":{"self":[{"href":"https:\/\/puffvapestore.com\/pt\/wp-json\/wp\/v2\/product\/2517","targetHints":{"allow":["GET"]}}],"collection":[{"href":"https:\/\/puffvapestore.com\/pt\/wp-json\/wp\/v2\/product"}],"about":[{"href":"https:\/\/puffvapestore.com\/pt\/wp-json\/wp\/v2\/types\/product"}],"replies":[{"embeddable":true,"href":"https:\/\/puffvapestore.com\/pt\/wp-json\/wp\/v2\/comments?post=2517"}],"version-history":[{"count":7,"href":"https:\/\/puffvapestore.com\/pt\/wp-json\/wp\/v2\/product\/2517\/revisions"}],"predecessor-version":[{"id":3340,"href":"https:\/\/puffvapestore.com\/pt\/wp-json\/wp\/v2\/product\/2517\/revisions\/3340"}],"wp:featuredmedia":[{"embeddable":true,"href":"https:\/\/puffvapestore.com\/pt\/wp-json\/wp\/v2\/media\/2289"}],"wp:attachment":[{"href":"https:\/\/puffvapestore.com\/pt\/wp-json\/wp\/v2\/media?parent=2517"}],"wp:term":[{"taxonomy":"product_brand","embeddable":true,"href":"https:\/\/puffvapestore.com\/pt\/wp-json\/wp\/v2\/product_brand?post=2517"},{"taxonomy":"product_cat","embeddable":true,"href":"https:\/\/puffvapestore.com\/pt\/wp-json\/wp\/v2\/product_cat?post=2517"},{"taxonomy":"product_tag","embeddable":true,"href":"https:\/\/puffvapestore.com\/pt\/wp-json\/wp\/v2\/product_tag?post=2517"}],"curies":[{"name":"wp","href":"https:\/\/api.w.org\/{rel}","templated":true}]}}