{"id":2483,"date":"2025-06-16T02:11:47","date_gmt":"2025-06-16T02:11:47","guid":{"rendered":"https:\/\/puffvapestore.com\/?post_type=product&#038;p=2483"},"modified":"2026-01-19T10:32:53","modified_gmt":"2026-01-19T10:32:53","slug":"tornado-vape-7000-vimto","status":"publish","type":"product","link":"https:\/\/puffvapestore.com\/pt\/product\/tornado-vape-7000-vimto\/","title":{"rendered":"Tornado Vape 7000 - Vimto"},"content":{"rendered":"<div data-elementor-type=\"wp-post\" data-elementor-id=\"2483\" class=\"elementor elementor-2483\">\n\t\t\t\t<div class=\"elementor-element elementor-element-d3f3f97 e-flex e-con-boxed e-con e-parent\" data-id=\"d3f3f97\" data-element_type=\"container\" data-e-type=\"container\">\n\t\t\t\t\t<div class=\"e-con-inner\">\n\t\t\t\t<div class=\"elementor-element elementor-element-9600b1d elementor-widget elementor-widget-text-editor\" data-id=\"9600b1d\" data-element_type=\"widget\" data-e-type=\"widget\" data-widget_type=\"text-editor.default\">\n\t\t\t\t<div class=\"elementor-widget-container\">\n\t\t\t\t\t\t\t\t\t<h2>Sabor : Vimto<\/h2><p>Vimto \u00e9 uma bebida brit\u00e2nica cl\u00e1ssica feita de sumo de groselha, uva e framboesa. O sabor Vimto do RandM Tornado 7000 reproduz este ic\u00f3nico aroma frutado agridoce. Este cigarro eletr\u00f3nico com sabor a Vimto oferece uma experi\u00eancia \u00fanica que mistura uma rica explos\u00e3o de frutos vermelhos com uma sensa\u00e7\u00e3o micro-herb\u00e1cea, rica em nuances e cheia de nostalgia.<\/p><h3>Sabor principal : Mistura de frutos :<\/h3><ul><li>A do\u00e7ura das uvas: O sabor do Vimto \u00e9 inspirado no rico sabor das uvas, oferecendo um aroma frutado profundo e doce. Quando inalado, as papilas gustativas apercebem-se do sabor pleno das uvas maduras, com uma do\u00e7ura moderada e uma ligeira sensa\u00e7\u00e3o de sucul\u00eancia, como se estivesse a beber um copo de Vimto gelado.<\/li><li>Framboesas: As framboesas conferem uma acidez viva ao sabor, contrastando com a do\u00e7ura das uvas.<\/li><li>Groselha preta: A groselha preta confere uma profundidade \u00fanica e um aroma rico a frutos silvestres ao sabor do Vimto. O seu sabor \u00e9 mais calmo do que o das framboesas, oferecendo um subtil equil\u00edbrio entre o doce e o azedo. Juntamente com as uvas e as framboesas, constitui o sabor carater\u00edstico da bebida cl\u00e1ssica Vimto.<\/li><\/ul><h3>Um toque subtil de ervas e especiarias:<\/h3><p>Os sabores Vimto n\u00e3o se limitam \u00e0 fruta, mas tamb\u00e9m incorporam ervas e especiarias subtis para simular a f\u00f3rmula de sabor \u00fanica das bebidas Vimto. Estes aromas subtis aparecem na expira\u00e7\u00e3o, acrescentando um toque de calor e complexidade, aproximando o sabor de uma bebida real e n\u00e3o apenas de um vape frutado.<\/p>\t\t\t\t\t\t\t\t<\/div>\n\t\t\t\t<\/div>\n\t\t\t\t\t<\/div>\n\t\t\t\t<\/div>\n\t\t<div class=\"elementor-element elementor-element-08c26f9 e-flex e-con-boxed e-con e-parent\" data-id=\"08c26f9\" data-element_type=\"container\" data-e-type=\"container\">\n\t\t\t\t\t<div class=\"e-con-inner\">\n\t\t\t\t<div class=\"elementor-element elementor-element-a005a97 elementor-widget elementor-widget-text-editor\" data-id=\"a005a97\" data-element_type=\"widget\" data-e-type=\"widget\" data-widget_type=\"text-editor.default\">\n\t\t\t\t<div class=\"elementor-widget-container\">\n\t\t\t\t\t\t\t\t\t<h2>RandM Tornado 7000 Vimto<\/h2><p>O RandM Tornado 7000 Vimto \u00e9 um cigarro eletr\u00f3nico descart\u00e1vel e recarreg\u00e1vel, aclamado pelos utilizadores pela sua dura\u00e7\u00e3o de vida de 7000 baforadas e pelo seu desempenho topo de gama. Est\u00e1 pr\u00e9-carregado com 14 ml de e-l\u00edquido com sais de nicotina, com concentra\u00e7\u00f5es de nicotina de 2 % e 5 %, para satisfazer as necessidades dos diferentes fumadores. O dispositivo est\u00e1 equipado com uma bateria recarreg\u00e1vel e uma porta de carregamento de tipo C.<\/p><p>Outra carater\u00edstica importante deste cigarro eletr\u00f3nico \u00e9 a sua resist\u00eancia em malha, que oferece uma experi\u00eancia de fumo mais rica e uniforme. O dispositivo n\u00e3o tem bot\u00f5es e possui um arranque autom\u00e1tico da inala\u00e7\u00e3o, para uma utiliza\u00e7\u00e3o mais simples.<\/p>\t\t\t\t\t\t\t\t<\/div>\n\t\t\t\t<\/div>\n\t\t\t\t\t<\/div>\n\t\t\t\t<\/div>\n\t\t<div class=\"elementor-element elementor-element-4ac287c e-flex e-con-boxed e-con e-parent\" data-id=\"4ac287c\" data-element_type=\"container\" data-e-type=\"container\">\n\t\t\t\t\t<div class=\"e-con-inner\">\n\t\t<div class=\"elementor-element elementor-element-bbd8e4a e-con-full e-flex e-con e-child\" data-id=\"bbd8e4a\" data-element_type=\"container\" data-e-type=\"container\">\n\t\t\t\t<div class=\"elementor-element elementor-element-0dc5338 elementor-widget elementor-widget-text-editor\" data-id=\"0dc5338\" data-element_type=\"widget\" data-e-type=\"widget\" data-widget_type=\"text-editor.default\">\n\t\t\t\t<div class=\"elementor-widget-container\">\n\t\t\t\t\t\t\t\t\t<h2>Carater\u00edsticas do Vimto RandM Tornado 7K:<\/h2><ul><li><strong>N\u00famero de sopros<\/strong>\u00a0Cada dispositivo pode suportar at\u00e9 7.000 baforadas, o que \u00e9 ideal para uma utiliza\u00e7\u00e3o a longo prazo.<\/li><li><strong>Bateria\u00a0<\/strong>Bateria recarreg\u00e1vel de 850 mAh com porta de carregamento Tipo C para carregamento r\u00e1pido (30 a 60 minutos).<\/li><li><strong>Capacidade do e-l\u00edquido<\/strong>\u00a0Dep\u00f3sitos pr\u00e9-cheios de 14 ml com uma escolha de 2 sais de nicotina % ou 5 sais de nicotina %.<\/li><li><strong>Conce\u00e7\u00e3o\u00a0<\/strong>Port\u00e1til, feito de materiais dur\u00e1veis, possui um reservat\u00f3rio de \u00f3leo transparente para verificar o n\u00edvel de \u00f3leo restante. As luzes RGB e os indicadores LED d\u00e3o-lhe um toque de eleg\u00e2ncia.<\/li><li><strong>Resist\u00eancia da malha<\/strong>\u00a0Utilize uma resist\u00eancia Mesh para obter um sabor e uma produ\u00e7\u00e3o de vapor consistentes.<\/li><\/ul>\t\t\t\t\t\t\t\t<\/div>\n\t\t\t\t<\/div>\n\t\t\t\t<\/div>\n\t\t<div class=\"elementor-element elementor-element-8e0e87d e-con-full e-flex e-con e-child\" data-id=\"8e0e87d\" data-element_type=\"container\" data-e-type=\"container\">\n\t\t\t\t<div class=\"elementor-element elementor-element-63d978d elementor-widget elementor-widget-image-gallery\" data-id=\"63d978d\" data-element_type=\"widget\" data-e-type=\"widget\" data-widget_type=\"image-gallery.default\">\n\t\t\t\t<div class=\"elementor-widget-container\">\n\t\t\t\t\t\t\t<div class=\"elementor-image-gallery\">\n\t\t\t<div id='gallery-1' class='gallery galleryid-2483 gallery-columns-1 gallery-size-medium_large'><figure class='gallery-item'>\n\t\t\t<div class='gallery-icon landscape'>\n\t\t\t\t<img fetchpriority=\"high\" decoding=\"async\" width=\"768\" height=\"768\" src=\"https:\/\/puffvapestore.com\/wp-content\/uploads\/2025\/06\/RandM-Tornado-Vape-7000-Vimto-pvafrt7000-768x768.jpg\" class=\"attachment-medium_large size-medium_large\" alt=\"Vimto RandM Tornado Vape 7000\" aria-describedby=\"gallery-1-2299\" srcset=\"https:\/\/puffvapestore.com\/wp-content\/uploads\/2025\/06\/RandM-Tornado-Vape-7000-Vimto-pvafrt7000-768x768.jpg 768w, https:\/\/puffvapestore.com\/wp-content\/uploads\/2025\/06\/RandM-Tornado-Vape-7000-Vimto-pvafrt7000-300x300.jpg 300w, https:\/\/puffvapestore.com\/wp-content\/uploads\/2025\/06\/RandM-Tornado-Vape-7000-Vimto-pvafrt7000-1024x1024.jpg 1024w, https:\/\/puffvapestore.com\/wp-content\/uploads\/2025\/06\/RandM-Tornado-Vape-7000-Vimto-pvafrt7000-150x150.jpg 150w, https:\/\/puffvapestore.com\/wp-content\/uploads\/2025\/06\/RandM-Tornado-Vape-7000-Vimto-pvafrt7000-600x600.jpg 600w, https:\/\/puffvapestore.com\/wp-content\/uploads\/2025\/06\/RandM-Tornado-Vape-7000-Vimto-pvafrt7000-100x100.jpg 100w, https:\/\/puffvapestore.com\/wp-content\/uploads\/2025\/06\/RandM-Tornado-Vape-7000-Vimto-pvafrt7000.jpg 1039w\" sizes=\"(max-width: 768px) 100vw, 768px\" \/>\n\t\t\t<\/div>\n\t\t\t\t<figcaption class='wp-caption-text gallery-caption' id='gallery-1-2299'>\n\t\t\t\tVimto RandM Tornado Vape 7000 \n\t\t\t\t<\/figcaption><\/figure>\n\t\t<\/div>\n\t\t<\/div>\n\t\t\t\t\t\t<\/div>\n\t\t\t\t<\/div>\n\t\t\t\t<\/div>\n\t\t\t\t\t<\/div>\n\t\t\t\t<\/div>\n\t\t<div class=\"elementor-element elementor-element-718b380 e-flex e-con-boxed e-con e-parent\" data-id=\"718b380\" data-element_type=\"container\" data-e-type=\"container\">\n\t\t\t\t\t<div class=\"e-con-inner\">\n\t\t\t\t<div class=\"elementor-element elementor-element-d2cc8fa elementor-widget elementor-widget-text-editor\" data-id=\"d2cc8fa\" data-element_type=\"widget\" data-e-type=\"widget\" data-widget_type=\"text-editor.default\">\n\t\t\t\t<div class=\"elementor-widget-container\">\n\t\t\t\t\t\t\t\t\t<h3>O Vimto RandM Tornado 7000 emite odores ou tem fugas?<\/h3><p>Em condi\u00e7\u00f5es normais, o cigarro eletr\u00f3nico RandM Tornado 7000 Vimto \u00e9 inodoro e n\u00e3o apresenta fugas.<\/p><p>O RandM Tornado 7000 Vimto apresenta um design fechado integrado, que inclui o compartimento de armazenamento de e-l\u00edquido, a resist\u00eancia Mesh, a bateria e o canal de fluxo de ar. A caixa do dispositivo \u00e9 feita de materiais altamente resistentes, combinados com um processo de montagem sofisticado para garantir a estanquicidade da estrutura global. O reservat\u00f3rio de \u00f3leo \u00e9 a pe\u00e7a central da veda\u00e7\u00e3o. S\u00e3o utilizados materiais de qualidade alimentar para evitar qualquer rea\u00e7\u00e3o qu\u00edmica do \u00f3leo com o ambiente externo ou qualquer fuga. O cigarro eletr\u00f3nico RandM Tornado 7000 utiliza juntas de v\u00e1rias camadas na jun\u00e7\u00e3o entre o reservat\u00f3rio de \u00f3leo e a boquilha, a resist\u00eancia e outros componentes. Estas juntas s\u00e3o altamente el\u00e1sticas e resistentes a produtos qu\u00edmicos, evitando efetivamente fugas de l\u00edquidos. Al\u00e9m disso, a parte inferior da unidade est\u00e1 equipada com um tamp\u00e3o ou autocolante de silicone para proteger o reservat\u00f3rio de \u00f3leo durante o transporte e o armazenamento, evitando fugas devido a varia\u00e7\u00f5es de press\u00e3o ou impactos. Esta conce\u00e7\u00e3o estrutural proporciona uma base s\u00f3lida para evitar fugas de \u00f3leo, assegurando simultaneamente que o \u00f3leo n\u00e3o se evapora nem fica contaminado durante o armazenamento prolongado. O design fechado do RandM Tornado 7000, analisado acima, demonstra uma veda\u00e7\u00e3o particularmente cuidadosa, garantindo a aus\u00eancia de odores ou fugas de \u00f3leo em condi\u00e7\u00f5es normais.<\/p><h3>O Vimto RandM Tornado 7000 \u00e9 compat\u00edvel com o in\u00edcio autom\u00e1tico da inala\u00e7\u00e3o?<\/h3><p>Sim, o Vimto RandM Tornado 7000 \u00e9 compat\u00edvel com o arranque autom\u00e1tico por inala\u00e7\u00e3o.<\/p><p>O cigarro eletr\u00f3nico RandM Tornado 7000 Vimto utiliza a tecnologia de disparo autom\u00e1tico por inala\u00e7\u00e3o, a mais difundida no mercado. Isto significa que o utilizador n\u00e3o precisa de premir nenhum bot\u00e3o. Basta inalar para ativar o atomizador interno e produzir fumo. O princ\u00edpio b\u00e1sico consiste em utilizar o fluxo de ar para acionar o sensor interno, permitindo que a bateria alimente automaticamente o cora\u00e7\u00e3o do atomizador para aquecer o e-l\u00edquido.<\/p><p>O gatilho autom\u00e1tico de inala\u00e7\u00e3o torna a utiliza\u00e7\u00e3o do RandM Tornado 7000 mais simples, mais intuitiva e mais c\u00f3moda, sobretudo para os novos utilizadores de cigarros electr\u00f3nicos ou para situa\u00e7\u00f5es que exijam um cigarro pronto a usar. Por exemplo, durante a condu\u00e7\u00e3o, ao ar livre ou quando n\u00e3o \u00e9 pr\u00e1tico utilizar as m\u00e3os, basta segurar a boquilha e inalar para utilizar o cigarro eletr\u00f3nico RandM Tornado 7000, sem ter de procurar bot\u00f5es ou definir par\u00e2metros, melhorando significativamente a portabilidade e a comodidade.<\/p>\t\t\t\t\t\t\t\t<\/div>\n\t\t\t\t<\/div>\n\t\t\t\t\t<\/div>\n\t\t\t\t<\/div>\n\t\t\t\t<\/div>","protected":false},"excerpt":{"rendered":"<p>Saveur : Vimto Vimto est une boisson britannique classique \u00e0 base de jus de cassis, de raisin et de framboise. La saveur Vimto de la RandM Tornado 7000 reproduit cet ar\u00f4me fruit\u00e9 aigre-doux embl\u00e9matique. Cette cigarette \u00e9lectronique aromatis\u00e9e Vimto offre une exp\u00e9rience unique m\u00ealant une riche explosion de fruits rouges et une sensation micro-herbac\u00e9e, riche [&hellip;]<\/p>\n","protected":false},"featured_media":2299,"comment_status":"open","ping_status":"closed","template":"","meta":{"site-sidebar-layout":"no-sidebar","site-content-layout":"page-builder","ast-site-content-layout":"normal-width-container","site-content-style":"default","site-sidebar-style":"default","ast-global-header-display":"","ast-banner-title-visibility":"","ast-main-header-display":"","ast-hfb-above-header-display":"","ast-hfb-below-header-display":"","ast-hfb-mobile-header-display":"","site-post-title":"disabled","ast-breadcrumbs-content":"","ast-featured-img":"disabled","footer-sml-layout":"","ast-disable-related-posts":"","theme-transparent-header-meta":"default","adv-header-id-meta":"","stick-header-meta":"default","header-above-stick-meta":"","header-main-stick-meta":"","header-below-stick-meta":"","astra-migrate-meta-layouts":"set","ast-page-background-enabled":"default","ast-page-background-meta":{"desktop":{"background-color":"","background-image":"","background-repeat":"repeat","background-position":"center center","background-size":"auto","background-attachment":"scroll","background-type":"","background-media":"","overlay-type":"","overlay-color":"","overlay-opacity":"","overlay-gradient":""},"tablet":{"background-color":"","background-image":"","background-repeat":"repeat","background-position":"center center","background-size":"auto","background-attachment":"scroll","background-type":"","background-media":"","overlay-type":"","overlay-color":"","overlay-opacity":"","overlay-gradient":""},"mobile":{"background-color":"","background-image":"","background-repeat":"repeat","background-position":"center center","background-size":"auto","background-attachment":"scroll","background-type":"","background-media":"","overlay-type":"","overlay-color":"","overlay-opacity":"","overlay-gradient":""}},"ast-content-background-meta":{"desktop":{"background-color":"var(--ast-global-color-5)","background-image":"","background-repeat":"repeat","background-position":"center center","background-size":"auto","background-attachment":"scroll","background-type":"","background-media":"","overlay-type":"","overlay-color":"","overlay-opacity":"","overlay-gradient":""},"tablet":{"background-color":"var(--ast-global-color-5)","background-image":"","background-repeat":"repeat","background-position":"center center","background-size":"auto","background-attachment":"scroll","background-type":"","background-media":"","overlay-type":"","overlay-color":"","overlay-opacity":"","overlay-gradient":""},"mobile":{"background-color":"var(--ast-global-color-5)","background-image":"","background-repeat":"repeat","background-position":"center center","background-size":"auto","background-attachment":"scroll","background-type":"","background-media":"","overlay-type":"","overlay-color":"","overlay-opacity":"","overlay-gradient":""}}},"product_brand":[42],"product_cat":[41,94,15],"product_tag":[],"class_list":{"0":"post-2483","1":"product","2":"type-product","3":"status-publish","4":"has-post-thumbnail","6":"product_brand-randm-tornado","7":"product_cat-randm-tornado-7000","8":"product_cat-puff-7k","9":"product_cat-magasin-cigarette-electronique","10":"desktop-align-center","11":"tablet-align-center","12":"mobile-align-center","13":"ast-product-gallery-layout-horizontal","14":"ast-product-gallery-with-no-image","15":"ast-product-single-variable","16":"ast-product-tabs-layout-horizontal","17":"ast-qv-on-image","19":"first","20":"outofstock","21":"sale","22":"shipping-taxable","23":"purchasable","24":"product-type-variable","25":"has-default-attributes"},"tiered_pricing_type":"fixed","tiered_pricing_fixed_rules":{"30":8.58,"60":8.12,"100":7.48,"200":6.98},"tiered_pricing_product_settings":{"layout":"default","base_unit_name":{"singular":null,"plural":null},"default_variation":null},"tiered_pricing_minimum_quantity":null,"tiered_pricing_roles_data":[],"tiered_pricing_percentage_rules":[],"_links":{"self":[{"href":"https:\/\/puffvapestore.com\/pt\/wp-json\/wp\/v2\/product\/2483","targetHints":{"allow":["GET"]}}],"collection":[{"href":"https:\/\/puffvapestore.com\/pt\/wp-json\/wp\/v2\/product"}],"about":[{"href":"https:\/\/puffvapestore.com\/pt\/wp-json\/wp\/v2\/types\/product"}],"replies":[{"embeddable":true,"href":"https:\/\/puffvapestore.com\/pt\/wp-json\/wp\/v2\/comments?post=2483"}],"version-history":[{"count":7,"href":"https:\/\/puffvapestore.com\/pt\/wp-json\/wp\/v2\/product\/2483\/revisions"}],"predecessor-version":[{"id":2547,"href":"https:\/\/puffvapestore.com\/pt\/wp-json\/wp\/v2\/product\/2483\/revisions\/2547"}],"wp:featuredmedia":[{"embeddable":true,"href":"https:\/\/puffvapestore.com\/pt\/wp-json\/wp\/v2\/media\/2299"}],"wp:attachment":[{"href":"https:\/\/puffvapestore.com\/pt\/wp-json\/wp\/v2\/media?parent=2483"}],"wp:term":[{"taxonomy":"product_brand","embeddable":true,"href":"https:\/\/puffvapestore.com\/pt\/wp-json\/wp\/v2\/product_brand?post=2483"},{"taxonomy":"product_cat","embeddable":true,"href":"https:\/\/puffvapestore.com\/pt\/wp-json\/wp\/v2\/product_cat?post=2483"},{"taxonomy":"product_tag","embeddable":true,"href":"https:\/\/puffvapestore.com\/pt\/wp-json\/wp\/v2\/product_tag?post=2483"}],"curies":[{"name":"wp","href":"https:\/\/api.w.org\/{rel}","templated":true}]}}