{"id":2474,"date":"2025-06-15T09:02:10","date_gmt":"2025-06-15T09:02:10","guid":{"rendered":"https:\/\/puffvapestore.com\/?post_type=product&#038;p=2474"},"modified":"2026-01-19T10:32:53","modified_gmt":"2026-01-19T10:32:53","slug":"tornado-7000-vape-pina-colada-rum","status":"publish","type":"product","link":"https:\/\/puffvapestore.com\/pt\/product\/tornado-7000-vape-pina-colada-rum\/","title":{"rendered":"Tornado 7000 Vape - Rum Pina Colada"},"content":{"rendered":"<div data-elementor-type=\"wp-post\" data-elementor-id=\"2474\" class=\"elementor elementor-2474\">\n\t\t\t\t<div class=\"elementor-element elementor-element-d3f3f97 e-flex e-con-boxed e-con e-parent\" data-id=\"d3f3f97\" data-element_type=\"container\" data-e-type=\"container\">\n\t\t\t\t\t<div class=\"e-con-inner\">\n\t\t\t\t<div class=\"elementor-element elementor-element-9600b1d elementor-widget elementor-widget-text-editor\" data-id=\"9600b1d\" data-element_type=\"widget\" data-e-type=\"widget\" data-widget_type=\"text-editor.default\">\n\t\t\t\t<div class=\"elementor-widget-container\">\n\t\t\t\t\t\t\t\t\t<h2>Sabor: Rum Pina Colada<\/h2><p>O Rum Pina Colada \u00e9 um RandM Tornado 7000 sabor tropical que reproduz o sabor doce e picante do cl\u00e1ssico cocktail Pi\u00f1a Colada. Este sabor combina anan\u00e1s fresco, leite de coco suave e rum doce para uma experi\u00eancia de sabor intenso.<\/p><ul><li><strong>O aroma frutado doce e \u00e1cido do anan\u00e1s:<\/strong><br \/>O cora\u00e7\u00e3o do Rum Pina Colada reside no sabor doce e ligeiramente \u00e1cido do anan\u00e1s maduro. Ao inalar, as papilas gustativas apercebem-se do rico aroma frutado do anan\u00e1s fresco, doce e azedo, como a polpa de um anan\u00e1s acabado de cortar, trazendo uma fragr\u00e2ncia tropical brilhante e solarenga. Fresco e sumarento, este aroma de anan\u00e1s faz lembrar um sumo refrescante na praia.<\/li><li><strong>Coco cremoso :<\/strong><br \/>Na expira\u00e7\u00e3o, o sabor cremoso do coco \u00e9 revelado, proporcionando uma sensa\u00e7\u00e3o suave e rica na boca que imita a textura sedosa do leite de coco. Esta cremosidade confere uma sensa\u00e7\u00e3o de luxo ao sabor, complementando na perfei\u00e7\u00e3o a frescura do anan\u00e1s e recordando a riqueza do cl\u00e1ssico cocktail Pi\u00f1a Colada.<\/li><li><strong>O calor subtil do rum :<\/strong><br \/>A singularidade do rum Pi\u00f1a Colada reside no seu aroma subtil, que confere um toque de calor e profundidade ao conjunto. Este rum n\u00e3o \u00e9 uma verdadeira bebida espirituosa, mas sim um leve sabor alco\u00f3lico, simulado por aromas naturais e artificiais, que d\u00e1 uma sensa\u00e7\u00e3o de do\u00e7ura no paladar e aumenta a complexidade do sabor.<\/li><\/ul>\t\t\t\t\t\t\t\t<\/div>\n\t\t\t\t<\/div>\n\t\t\t\t\t<\/div>\n\t\t\t\t<\/div>\n\t\t<div class=\"elementor-element elementor-element-08c26f9 e-flex e-con-boxed e-con e-parent\" data-id=\"08c26f9\" data-element_type=\"container\" data-e-type=\"container\">\n\t\t\t\t\t<div class=\"e-con-inner\">\n\t\t\t\t<div class=\"elementor-element elementor-element-a005a97 elementor-widget elementor-widget-text-editor\" data-id=\"a005a97\" data-element_type=\"widget\" data-e-type=\"widget\" data-widget_type=\"text-editor.default\">\n\t\t\t\t<div class=\"elementor-widget-container\">\n\t\t\t\t\t\t\t\t\t<h2>Tornado 7000 Rum Pina Colada<\/h2><p>O RandM Tornado 7000 Pina Colada Rum \u00e9 um cigarro eletr\u00f3nico descart\u00e1vel recarreg\u00e1vel, aclamado pelos utilizadores pela sua dura\u00e7\u00e3o de 7.000 baforadas e desempenho topo de gama. Est\u00e1 pr\u00e9-carregado com 14 ml de e-l\u00edquido com sais de nicotina, com concentra\u00e7\u00f5es de nicotina de 2 % e 5 %, para satisfazer as necessidades dos diferentes fumadores. O dispositivo est\u00e1 equipado com uma bateria recarreg\u00e1vel e uma porta de carregamento de tipo C.<\/p><p>Outra carater\u00edstica importante deste cigarro eletr\u00f3nico \u00e9 a sua resist\u00eancia em malha, que oferece uma experi\u00eancia de fumo mais rica e uniforme. O dispositivo n\u00e3o tem bot\u00f5es e possui um arranque autom\u00e1tico da inala\u00e7\u00e3o, para uma utiliza\u00e7\u00e3o mais simples.<\/p>\t\t\t\t\t\t\t\t<\/div>\n\t\t\t\t<\/div>\n\t\t\t\t\t<\/div>\n\t\t\t\t<\/div>\n\t\t<div class=\"elementor-element elementor-element-4ac287c e-flex e-con-boxed e-con e-parent\" data-id=\"4ac287c\" data-element_type=\"container\" data-e-type=\"container\">\n\t\t\t\t\t<div class=\"e-con-inner\">\n\t\t<div class=\"elementor-element elementor-element-bbd8e4a e-con-full e-flex e-con e-child\" data-id=\"bbd8e4a\" data-element_type=\"container\" data-e-type=\"container\">\n\t\t\t\t<div class=\"elementor-element elementor-element-0dc5338 elementor-widget elementor-widget-text-editor\" data-id=\"0dc5338\" data-element_type=\"widget\" data-e-type=\"widget\" data-widget_type=\"text-editor.default\">\n\t\t\t\t<div class=\"elementor-widget-container\">\n\t\t\t\t\t\t\t\t\t<h2>Carater\u00edsticas do RandM Tornado 7000 Pina Colada Rum:<\/h2><ul><li><strong>N\u00famero de sopros<\/strong>\u00a0Cada dispositivo pode suportar at\u00e9 7.000 baforadas, o que \u00e9 ideal para uma utiliza\u00e7\u00e3o a longo prazo.<\/li><li><strong>Bateria\u00a0<\/strong>Bateria recarreg\u00e1vel de 850 mAh com porta de carregamento Tipo C para carregamento r\u00e1pido (30 a 60 minutos).<\/li><li><strong>Capacidade do e-l\u00edquido<\/strong>\u00a0Dep\u00f3sitos pr\u00e9-cheios de 14 ml com uma escolha de 2 sais de nicotina % ou 5 sais de nicotina %.<\/li><li><strong>Conce\u00e7\u00e3o\u00a0<\/strong>Port\u00e1til, feito de materiais dur\u00e1veis, possui um reservat\u00f3rio de \u00f3leo transparente para verificar o n\u00edvel de \u00f3leo restante. As luzes RGB e os indicadores LED d\u00e3o-lhe um toque de eleg\u00e2ncia.<\/li><li><strong>Resist\u00eancia da malha<\/strong>\u00a0Utilize uma resist\u00eancia Mesh para obter um sabor e uma produ\u00e7\u00e3o de vapor consistentes.<\/li><\/ul>\t\t\t\t\t\t\t\t<\/div>\n\t\t\t\t<\/div>\n\t\t\t\t<\/div>\n\t\t<div class=\"elementor-element elementor-element-8e0e87d e-con-full e-flex e-con e-child\" data-id=\"8e0e87d\" data-element_type=\"container\" data-e-type=\"container\">\n\t\t\t\t<div class=\"elementor-element elementor-element-63d978d elementor-widget elementor-widget-image-gallery\" data-id=\"63d978d\" data-element_type=\"widget\" data-e-type=\"widget\" data-widget_type=\"image-gallery.default\">\n\t\t\t\t<div class=\"elementor-widget-container\">\n\t\t\t\t\t\t\t<div class=\"elementor-image-gallery\">\n\t\t\t<div id='gallery-1' class='gallery galleryid-2474 gallery-columns-1 gallery-size-medium_large'><figure class='gallery-item'>\n\t\t\t<div class='gallery-icon landscape'>\n\t\t\t\t<img fetchpriority=\"high\" decoding=\"async\" width=\"768\" height=\"768\" src=\"https:\/\/puffvapestore.com\/wp-content\/uploads\/2025\/06\/RandM-Tornado-Vape-7000-Pina-Colada-Rum-pvafrt7000-768x768.jpg\" class=\"attachment-medium_large size-medium_large\" alt=\"Pina Colada Rum RandM Tornado Vape 7000\" aria-describedby=\"gallery-1-2282\" srcset=\"https:\/\/puffvapestore.com\/wp-content\/uploads\/2025\/06\/RandM-Tornado-Vape-7000-Pina-Colada-Rum-pvafrt7000-768x768.jpg 768w, https:\/\/puffvapestore.com\/wp-content\/uploads\/2025\/06\/RandM-Tornado-Vape-7000-Pina-Colada-Rum-pvafrt7000-300x300.jpg 300w, https:\/\/puffvapestore.com\/wp-content\/uploads\/2025\/06\/RandM-Tornado-Vape-7000-Pina-Colada-Rum-pvafrt7000-1024x1024.jpg 1024w, https:\/\/puffvapestore.com\/wp-content\/uploads\/2025\/06\/RandM-Tornado-Vape-7000-Pina-Colada-Rum-pvafrt7000-150x150.jpg 150w, https:\/\/puffvapestore.com\/wp-content\/uploads\/2025\/06\/RandM-Tornado-Vape-7000-Pina-Colada-Rum-pvafrt7000-600x600.jpg 600w, https:\/\/puffvapestore.com\/wp-content\/uploads\/2025\/06\/RandM-Tornado-Vape-7000-Pina-Colada-Rum-pvafrt7000-100x100.jpg 100w, https:\/\/puffvapestore.com\/wp-content\/uploads\/2025\/06\/RandM-Tornado-Vape-7000-Pina-Colada-Rum-pvafrt7000.jpg 1039w\" sizes=\"(max-width: 768px) 100vw, 768px\" \/>\n\t\t\t<\/div>\n\t\t\t\t<figcaption class='wp-caption-text gallery-caption' id='gallery-1-2282'>\n\t\t\t\tPina Colada Rum RandM Tornado Vape 7000 \n\t\t\t\t<\/figcaption><\/figure>\n\t\t<\/div>\n\t\t<\/div>\n\t\t\t\t\t\t<\/div>\n\t\t\t\t<\/div>\n\t\t\t\t<\/div>\n\t\t\t\t\t<\/div>\n\t\t\t\t<\/div>\n\t\t<div class=\"elementor-element elementor-element-718b380 e-flex e-con-boxed e-con e-parent\" data-id=\"718b380\" data-element_type=\"container\" data-e-type=\"container\">\n\t\t\t\t\t<div class=\"e-con-inner\">\n\t\t\t\t<div class=\"elementor-element elementor-element-d2cc8fa elementor-widget elementor-widget-text-editor\" data-id=\"d2cc8fa\" data-element_type=\"widget\" data-e-type=\"widget\" data-widget_type=\"text-editor.default\">\n\t\t\t\t<div class=\"elementor-widget-container\">\n\t\t\t\t\t\t\t\t\t<h3>O RandM Tornado 7000 Pina Colada Rum tem cheiro ou vazamento?<\/h3><p>Em condi\u00e7\u00f5es normais, o cigarro eletr\u00f3nico RandM Tornado 7000 Pina Colada Rum \u00e9 inodoro e n\u00e3o apresenta fugas.<\/p><p>O RandM Tornado 7000 apresenta um design fechado integrado, que inclui o compartimento de armazenamento de e-l\u00edquido, a resist\u00eancia Mesh, a bateria e o canal de fluxo de ar. A caixa do dispositivo \u00e9 fabricada com materiais altamente resistentes, combinados com um processo de montagem sofisticado para garantir a estanquicidade da estrutura global. O reservat\u00f3rio de \u00f3leo \u00e9 a pe\u00e7a central da veda\u00e7\u00e3o. S\u00e3o utilizados materiais de qualidade alimentar para evitar qualquer rea\u00e7\u00e3o qu\u00edmica do \u00f3leo com o ambiente externo ou qualquer fuga. O cigarro eletr\u00f3nico RandM Tornado 7000 utiliza juntas de v\u00e1rias camadas na jun\u00e7\u00e3o entre o reservat\u00f3rio de \u00f3leo e a boquilha, a resist\u00eancia e outros componentes. Estas juntas s\u00e3o altamente el\u00e1sticas e resistentes a produtos qu\u00edmicos, evitando efetivamente fugas de l\u00edquidos. Al\u00e9m disso, a parte inferior do dispositivo est\u00e1 equipada com um tamp\u00e3o ou autocolante de silicone para proteger o reservat\u00f3rio de \u00f3leo durante o transporte e o armazenamento, evitando fugas devido a varia\u00e7\u00f5es de press\u00e3o ou impactos. Esta conce\u00e7\u00e3o estrutural proporciona uma base s\u00f3lida para evitar fugas de \u00f3leo, assegurando simultaneamente que o \u00f3leo n\u00e3o se evapora nem fica contaminado durante o armazenamento prolongado. O design fechado do RandM Tornado 7000, analisado acima, demonstra uma veda\u00e7\u00e3o particularmente cuidadosa, garantindo a aus\u00eancia de odores e de fugas de \u00f3leo em condi\u00e7\u00f5es normais.<\/p><h3>O RandM Tornado 7000 Pina Colada Rum \u00e9 compat\u00edvel com o in\u00edcio autom\u00e1tico da inala\u00e7\u00e3o?<\/h3><p>Sim, o RandM Tornado 7000 Pina Colada Rum \u00e9 compat\u00edvel com o in\u00edcio autom\u00e1tico da inala\u00e7\u00e3o.<\/p><p>O cigarro eletr\u00f3nico RandM Tornado 7000 Pina Colada Rum utiliza a tecnologia de disparo autom\u00e1tico da inala\u00e7\u00e3o, a mais difundida no mercado. Isto significa que o utilizador n\u00e3o precisa de premir nenhum bot\u00e3o. Basta inalar para ativar o atomizador interno e produzir fumo. O princ\u00edpio b\u00e1sico consiste em utilizar o fluxo de ar para acionar o sensor interno, permitindo que a bateria alimente automaticamente o cora\u00e7\u00e3o do atomizador para aquecer o e-l\u00edquido.<\/p><p>O gatilho de inala\u00e7\u00e3o autom\u00e1tica torna a utiliza\u00e7\u00e3o do RandM Tornado 7000 mais simples, mais intuitiva e mais conveniente, especialmente para os novos utilizadores de cigarros electr\u00f3nicos ou para situa\u00e7\u00f5es que exijam um cigarro pronto a usar. Por exemplo, durante a condu\u00e7\u00e3o, ao ar livre ou quando n\u00e3o \u00e9 conveniente usar as m\u00e3os, basta segurar a boquilha e inalar para utilizar o cigarro eletr\u00f3nico RandM Tornado 7000 Pina Colada Rum, sem ter de procurar bot\u00f5es ou definir par\u00e2metros, melhorando consideravelmente a portabilidade e a comodidade.<\/p>\t\t\t\t\t\t\t\t<\/div>\n\t\t\t\t<\/div>\n\t\t\t\t\t<\/div>\n\t\t\t\t<\/div>\n\t\t\t\t<\/div>","protected":false},"excerpt":{"rendered":"<p>Ar\u00f4me : Rhum Pina Colada Le rhum Pina Colada est un ar\u00f4me tropical de RandM Tornado 7000 qui reproduit le go\u00fbt sucr\u00e9 et acidul\u00e9 du cocktail classique Pi\u00f1a Colada. Cet ar\u00f4me allie ananas frais, lait de coco onctueux et rhum doux pour une exp\u00e9rience gustative intense. L&rsquo;ar\u00f4me fruit\u00e9 aigre-doux de l&rsquo;ananas : Le c\u0153ur du [&hellip;]<\/p>\n","protected":false},"featured_media":2282,"comment_status":"open","ping_status":"closed","template":"","meta":{"site-sidebar-layout":"no-sidebar","site-content-layout":"page-builder","ast-site-content-layout":"normal-width-container","site-content-style":"default","site-sidebar-style":"default","ast-global-header-display":"","ast-banner-title-visibility":"","ast-main-header-display":"","ast-hfb-above-header-display":"","ast-hfb-below-header-display":"","ast-hfb-mobile-header-display":"","site-post-title":"disabled","ast-breadcrumbs-content":"","ast-featured-img":"disabled","footer-sml-layout":"","ast-disable-related-posts":"","theme-transparent-header-meta":"default","adv-header-id-meta":"","stick-header-meta":"default","header-above-stick-meta":"","header-main-stick-meta":"","header-below-stick-meta":"","astra-migrate-meta-layouts":"set","ast-page-background-enabled":"default","ast-page-background-meta":{"desktop":{"background-color":"","background-image":"","background-repeat":"repeat","background-position":"center center","background-size":"auto","background-attachment":"scroll","background-type":"","background-media":"","overlay-type":"","overlay-color":"","overlay-opacity":"","overlay-gradient":""},"tablet":{"background-color":"","background-image":"","background-repeat":"repeat","background-position":"center center","background-size":"auto","background-attachment":"scroll","background-type":"","background-media":"","overlay-type":"","overlay-color":"","overlay-opacity":"","overlay-gradient":""},"mobile":{"background-color":"","background-image":"","background-repeat":"repeat","background-position":"center center","background-size":"auto","background-attachment":"scroll","background-type":"","background-media":"","overlay-type":"","overlay-color":"","overlay-opacity":"","overlay-gradient":""}},"ast-content-background-meta":{"desktop":{"background-color":"var(--ast-global-color-5)","background-image":"","background-repeat":"repeat","background-position":"center center","background-size":"auto","background-attachment":"scroll","background-type":"","background-media":"","overlay-type":"","overlay-color":"","overlay-opacity":"","overlay-gradient":""},"tablet":{"background-color":"var(--ast-global-color-5)","background-image":"","background-repeat":"repeat","background-position":"center center","background-size":"auto","background-attachment":"scroll","background-type":"","background-media":"","overlay-type":"","overlay-color":"","overlay-opacity":"","overlay-gradient":""},"mobile":{"background-color":"var(--ast-global-color-5)","background-image":"","background-repeat":"repeat","background-position":"center center","background-size":"auto","background-attachment":"scroll","background-type":"","background-media":"","overlay-type":"","overlay-color":"","overlay-opacity":"","overlay-gradient":""}}},"product_brand":[42],"product_cat":[41,94,15],"product_tag":[],"class_list":{"0":"post-2474","1":"product","2":"type-product","3":"status-publish","4":"has-post-thumbnail","6":"product_brand-randm-tornado","7":"product_cat-randm-tornado-7000","8":"product_cat-puff-7k","9":"product_cat-magasin-cigarette-electronique","10":"desktop-align-center","11":"tablet-align-center","12":"mobile-align-center","13":"ast-product-gallery-layout-horizontal","14":"ast-product-gallery-with-no-image","15":"ast-product-single-variable","16":"ast-product-tabs-layout-horizontal","17":"ast-qv-on-image","19":"first","20":"outofstock","21":"sale","22":"shipping-taxable","23":"purchasable","24":"product-type-variable","25":"has-default-attributes"},"tiered_pricing_type":"fixed","tiered_pricing_fixed_rules":{"30":8.58,"60":8.12,"100":7.48,"200":6.98},"tiered_pricing_product_settings":{"layout":"default","base_unit_name":{"singular":null,"plural":null},"default_variation":null},"tiered_pricing_minimum_quantity":null,"tiered_pricing_roles_data":[],"tiered_pricing_percentage_rules":[],"_links":{"self":[{"href":"https:\/\/puffvapestore.com\/pt\/wp-json\/wp\/v2\/product\/2474","targetHints":{"allow":["GET"]}}],"collection":[{"href":"https:\/\/puffvapestore.com\/pt\/wp-json\/wp\/v2\/product"}],"about":[{"href":"https:\/\/puffvapestore.com\/pt\/wp-json\/wp\/v2\/types\/product"}],"replies":[{"embeddable":true,"href":"https:\/\/puffvapestore.com\/pt\/wp-json\/wp\/v2\/comments?post=2474"}],"version-history":[{"count":8,"href":"https:\/\/puffvapestore.com\/pt\/wp-json\/wp\/v2\/product\/2474\/revisions"}],"predecessor-version":[{"id":7249,"href":"https:\/\/puffvapestore.com\/pt\/wp-json\/wp\/v2\/product\/2474\/revisions\/7249"}],"wp:featuredmedia":[{"embeddable":true,"href":"https:\/\/puffvapestore.com\/pt\/wp-json\/wp\/v2\/media\/2282"}],"wp:attachment":[{"href":"https:\/\/puffvapestore.com\/pt\/wp-json\/wp\/v2\/media?parent=2474"}],"wp:term":[{"taxonomy":"product_brand","embeddable":true,"href":"https:\/\/puffvapestore.com\/pt\/wp-json\/wp\/v2\/product_brand?post=2474"},{"taxonomy":"product_cat","embeddable":true,"href":"https:\/\/puffvapestore.com\/pt\/wp-json\/wp\/v2\/product_cat?post=2474"},{"taxonomy":"product_tag","embeddable":true,"href":"https:\/\/puffvapestore.com\/pt\/wp-json\/wp\/v2\/product_tag?post=2474"}],"curies":[{"name":"wp","href":"https:\/\/api.w.org\/{rel}","templated":true}]}}