{"id":2134,"date":"2025-04-18T19:20:39","date_gmt":"2025-04-18T19:20:39","guid":{"rendered":"https:\/\/puffvapestore.com\/?post_type=product&#038;p=2134"},"modified":"2026-01-19T10:37:33","modified_gmt":"2026-01-19T10:37:33","slug":"blueberry-kiwi-puff-18000-jnr-falcon","status":"publish","type":"product","link":"https:\/\/puffvapestore.com\/pt\/product\/folhado-de-mirtilo-e-kiwi-18000-jnr-falcon\/","title":{"rendered":"Puff de mirtilo e kiwi 18000 JNR Falcon X"},"content":{"rendered":"<div data-elementor-type=\"wp-post\" data-elementor-id=\"2134\" class=\"elementor elementor-2134\">\n\t\t\t\t<div class=\"elementor-element elementor-element-0510f80 e-flex e-con-boxed e-con e-parent\" data-id=\"0510f80\" data-element_type=\"container\" data-e-type=\"container\">\n\t\t\t\t\t<div class=\"e-con-inner\">\n\t\t<div class=\"elementor-element elementor-element-5f144d5 e-con-full e-flex e-con e-child\" data-id=\"5f144d5\" data-element_type=\"container\" data-e-type=\"container\">\n\t\t\t\t<div class=\"elementor-element elementor-element-53019a1 elementor-widget elementor-widget-text-editor\" data-id=\"53019a1\" data-element_type=\"widget\" data-e-type=\"widget\" data-widget_type=\"text-editor.default\">\n\t\t\t\t<div class=\"elementor-widget-container\">\n\t\t\t\t\t\t\t\t\t<h2>Carater\u00edsticas do JNR Falcon 18K Blueberry Kiwi:<\/h2><p>Puffs : At\u00e9 18.000 baforadas<br \/>L\u00edquido: 24 ml<br \/>N\u00edveis de nicotina: 0 %, 2 %, 5 %<br \/>Resist\u00eancia: 0,6 ohm<br \/>Capacidade da bateria: 950 mAh<br \/>Carregamento: Tipo C<br \/>Fluxo de ar ajust\u00e1vel: Sim<br \/>Ecr\u00e3 digital<br \/>Dupla malha e dupla resist\u00eancia do n\u00facleo<br \/>Dimens\u00f5es: 53,5 x 32 x 121 mm<\/p>\t\t\t\t\t\t\t\t<\/div>\n\t\t\t\t<\/div>\n\t\t\t\t<\/div>\n\t\t<div class=\"elementor-element elementor-element-434c269 e-con-full e-flex e-con e-child\" data-id=\"434c269\" data-element_type=\"container\" data-e-type=\"container\">\n\t\t\t\t<div class=\"elementor-element elementor-element-baaa2b5 elementor-widget elementor-widget-image-gallery\" data-id=\"baaa2b5\" data-element_type=\"widget\" data-e-type=\"widget\" data-widget_type=\"image-gallery.default\">\n\t\t\t\t<div class=\"elementor-widget-container\">\n\t\t\t\t\t\t\t<div class=\"elementor-image-gallery\">\n\t\t\t<div id='gallery-1' class='gallery galleryid-2134 gallery-columns-1 gallery-size-medium_large'><figure class='gallery-item'>\n\t\t\t<div class='gallery-icon portrait'>\n\t\t\t\t<img fetchpriority=\"high\" decoding=\"async\" width=\"654\" height=\"690\" src=\"https:\/\/puffvapestore.com\/wp-content\/uploads\/2025\/04\/pvajf18000-9.jpg\" class=\"attachment-medium_large size-medium_large\" alt=\"JNR Falcon Mirtilo Kiwi 18000 pvajf18000\" aria-describedby=\"gallery-1-1949\" srcset=\"https:\/\/puffvapestore.com\/wp-content\/uploads\/2025\/04\/pvajf18000-9.jpg 654w, https:\/\/puffvapestore.com\/wp-content\/uploads\/2025\/04\/pvajf18000-9-284x300.jpg 284w, https:\/\/puffvapestore.com\/wp-content\/uploads\/2025\/04\/pvajf18000-9-600x633.jpg 600w\" sizes=\"(max-width: 654px) 100vw, 654px\" \/>\n\t\t\t<\/div>\n\t\t\t\t<figcaption class='wp-caption-text gallery-caption' id='gallery-1-1949'>\n\t\t\t\tJNR Falcon Mirtilo Kiwi 18000 pvajf18000\n\t\t\t\t<\/figcaption><\/figure>\n\t\t<\/div>\n\t\t<\/div>\n\t\t\t\t\t\t<\/div>\n\t\t\t\t<\/div>\n\t\t\t\t<\/div>\n\t\t\t\t\t<\/div>\n\t\t\t\t<\/div>\n\t\t<div class=\"elementor-element elementor-element-cad69f4 e-flex e-con-boxed e-con e-parent\" data-id=\"cad69f4\" data-element_type=\"container\" data-e-type=\"container\">\n\t\t\t\t\t<div class=\"e-con-inner\">\n\t\t\t\t<div class=\"elementor-element elementor-element-6bc25e5 elementor-widget elementor-widget-n-accordion\" data-id=\"6bc25e5\" data-element_type=\"widget\" data-e-type=\"widget\" data-settings=\"{&quot;default_state&quot;:&quot;expanded&quot;,&quot;max_items_expended&quot;:&quot;one&quot;,&quot;n_accordion_animation_duration&quot;:{&quot;unit&quot;:&quot;ms&quot;,&quot;size&quot;:400,&quot;sizes&quot;:[]}}\" data-widget_type=\"nested-accordion.default\">\n\t\t\t\t<div class=\"elementor-widget-container\">\n\t\t\t\t\t\t\t<div class=\"e-n-accordion\" aria-label=\"Acorde\u00e3o. Abrir liga\u00e7\u00f5es com Enter ou Espa\u00e7o, fechar com Escape e navegar com Setas\">\n\t\t\t\t\t\t<details id=\"e-n-accordion-item-1120\" class=\"e-n-accordion-item\" open>\n\t\t\t\t<summary class=\"e-n-accordion-item-title\" data-accordion-index=\"1\" tabindex=\"0\" aria-expanded=\"true\" aria-controls=\"e-n-accordion-item-1120\" >\n\t\t\t\t\t<span class='e-n-accordion-item-title-header'><div class=\"e-n-accordion-item-title-text\"> Carater\u00edsticas e fun\u00e7\u00f5es do JNR Falcon X 18K Blueberry Kiwi <\/div><\/span>\n\t\t\t\t\t\t\t<span class='e-n-accordion-item-title-icon'>\n\t\t\t<span class='e-opened' ><svg aria-hidden=\"true\" class=\"e-font-icon-svg e-fas-minus\" viewbox=\"0 0 448 512\" xmlns=\"http:\/\/www.w3.org\/2000\/svg\"><path d=\"M416 208H32c-17.67 0-32 14.33-32 32v32c0 17.67 14.33 32 32 32h384c17.67 0 32-14.33 32-32v-32c0-17.67-14.33-32-32-32z\"><\/path><\/svg><\/span>\n\t\t\t<span class='e-closed'><svg aria-hidden=\"true\" class=\"e-font-icon-svg e-fas-plus\" viewbox=\"0 0 448 512\" xmlns=\"http:\/\/www.w3.org\/2000\/svg\"><path d=\"M416 208H272V64c0-17.67-14.33-32-32-32h-32c-17.67 0-32 14.33-32 32v144H32c-17.67 0-32 14.33-32 32v32c0 17.67 14.33 32 32 32h144v144c0 17.67 14.33 32 32 32h32c17.67 0 32-14.33 32-32V304h144c17.67 0 32-14.33 32-32v-32c0-17.67-14.33-32-32-32z\"><\/path><\/svg><\/span>\n\t\t<\/span>\n\n\t\t\t\t\t\t<\/summary>\n\t\t\t\t<div role=\"region\" aria-labelledby=\"e-n-accordion-item-1120\" class=\"elementor-element elementor-element-57ad40e e-con-full e-flex e-con e-child\" data-id=\"57ad40e\" data-element_type=\"container\" data-e-type=\"container\">\n\t\t<div role=\"region\" aria-labelledby=\"e-n-accordion-item-1120\" class=\"elementor-element elementor-element-e7698e3 e-flex e-con-boxed e-con e-child\" data-id=\"e7698e3\" data-element_type=\"container\" data-e-type=\"container\">\n\t\t\t\t\t<div class=\"e-con-inner\">\n\t\t\t\t<div class=\"elementor-element elementor-element-76f0fd1 elementor-widget elementor-widget-text-editor\" data-id=\"76f0fd1\" data-element_type=\"widget\" data-e-type=\"widget\" data-widget_type=\"text-editor.default\">\n\t\t\t\t<div class=\"elementor-widget-container\">\n\t\t\t\t\t\t\t\t\t<h2>Grande capacidade de e-l\u00edquido<\/h2><p>O JNR Falcon-X 18K oferece uma capacidade de e-l\u00edquido de 24 ml, mais do que a maioria dos cigarros electr\u00f3nicos descart\u00e1veis no mercado. Esta capacidade generosa n\u00e3o s\u00f3 reduz a necessidade de recargas frequentes, como tamb\u00e9m significa que pode fumar durante longos per\u00edodos sem interrup\u00e7\u00e3o. Por isso, \u00e9 ideal para quem procura uma utiliza\u00e7\u00e3o duradoura e um sabor consistente no trabalho, em viagem ou nos tempos livres.<\/p><p>O JNR Falcon-X 18K est\u00e1 equipado com uma bateria integrada de alto desempenho de 950 mAh para utiliza\u00e7\u00e3o durante todo o dia. A moderna porta de carregamento Tipo C torna o carregamento mais r\u00e1pido e seguro, para que possa recarregar o seu dispositivo sem ter de esperar muito tempo.<\/p><h2>Resist\u00eancias Dual-Mesh Dual-Core de 0,6 ohm para maior vapor e sabor<\/h2><p>O JNR Falcon-X 18K utiliza uma resist\u00eancia Dual-Mesh Dual-Core de 0,6 ohm, melhorando drasticamente a produ\u00e7\u00e3o e a espessura do vapor. A estrutura de dupla mecha assegura um aquecimento mais uniforme, evita odores a queimado e proporciona uma experi\u00eancia de vaporiza\u00e7\u00e3o mais suave e refinada. Quer esteja \u00e0 procura de um grande volume de vapor ou de um sabor puro, o JNR Falcon 18K \u00e9 perfeito para as suas necessidades.<\/p><h2>Sistema de fluxo de ar flex\u00edvel e ajust\u00e1vel para uma inala\u00e7\u00e3o personalizada<\/h2><p>O JNR Falcon-X 18K possui uma fun\u00e7\u00e3o inovadora de ajuste do fluxo de ar, que permite aos utilizadores ajustar livremente a quantidade de ar inalado de acordo com as suas prefer\u00eancias, criando uma experi\u00eancia de fumo variada, desde um fumo firme e suave at\u00e9 um fumo cheio e amplo.<\/p><h2>Duradouro, econ\u00f3mico e pr\u00e1tico<\/h2><p>Gra\u00e7as \u00e0 sua tecnologia avan\u00e7ada, o JNR Falcon-X 18K oferece at\u00e9 18.000 baforadas, excedendo em muito a vida \u00fatil dos cigarros electr\u00f3nicos descart\u00e1veis convencionais. A sua durabilidade melhora significativamente a rela\u00e7\u00e3o qualidade\/pre\u00e7o, tornando-o ideal para utilizadores intensivos e longos per\u00edodos de utiliza\u00e7\u00e3o. Elimina a necessidade de substitui\u00e7\u00e3o frequente, tornando-o amigo do ambiente e econ\u00f3mico.<\/p><p>Um visor digital de alta defini\u00e7\u00e3o integrado mostra o n\u00edvel da bateria e o e-l\u00edquido restante em tempo real, dando aos utilizadores uma vis\u00e3o clara do estado do dispositivo. O feedback intuitivo simplifica a utiliza\u00e7\u00e3o, eliminando as interrup\u00e7\u00f5es devidas a uma bateria fraca ou a um e-l\u00edquido esgotado, garantindo sempre uma baforada suave e sem preocupa\u00e7\u00f5es.<\/p><p>O JNR Falcon-X 18K oferece tr\u00eas n\u00edveis de nicotina: 0 %, 2 % e 5 %, para satisfazer as necessidades e os gostos de cada utilizador para deixar de fumar. Desde o puro prazer sem nicotina at\u00e9 \u00e0 cessa\u00e7\u00e3o gradual com n\u00edveis baixos de nicotina e necessidades elevadas de nicotina, as op\u00e7\u00f5es flex\u00edveis ajudam-no a encontrar a solu\u00e7\u00e3o certa para si.<\/p>\t\t\t\t\t\t\t\t<\/div>\n\t\t\t\t<\/div>\n\t\t\t\t\t<\/div>\n\t\t\t\t<\/div>\n\t\t\t\t<\/div>\n\t\t\t\t\t<\/details>\n\t\t\t\t\t\t<details id=\"e-n-accordion-item-1121\" class=\"e-n-accordion-item\" >\n\t\t\t\t<summary class=\"e-n-accordion-item-title\" data-accordion-index=\"2\" tabindex=\"-1\" aria-expanded=\"false\" aria-controls=\"e-n-accordion-item-1121\" >\n\t\t\t\t\t<span class='e-n-accordion-item-title-header'><div class=\"e-n-accordion-item-title-text\"> Puff JNR Falcon X 18K Blueberry Kiwi <\/div><\/span>\n\t\t\t\t\t\t\t<span class='e-n-accordion-item-title-icon'>\n\t\t\t<span class='e-opened' ><svg aria-hidden=\"true\" class=\"e-font-icon-svg e-fas-minus\" viewbox=\"0 0 448 512\" xmlns=\"http:\/\/www.w3.org\/2000\/svg\"><path d=\"M416 208H32c-17.67 0-32 14.33-32 32v32c0 17.67 14.33 32 32 32h384c17.67 0 32-14.33 32-32v-32c0-17.67-14.33-32-32-32z\"><\/path><\/svg><\/span>\n\t\t\t<span class='e-closed'><svg aria-hidden=\"true\" class=\"e-font-icon-svg e-fas-plus\" viewbox=\"0 0 448 512\" xmlns=\"http:\/\/www.w3.org\/2000\/svg\"><path d=\"M416 208H272V64c0-17.67-14.33-32-32-32h-32c-17.67 0-32 14.33-32 32v144H32c-17.67 0-32 14.33-32 32v32c0 17.67 14.33 32 32 32h144v144c0 17.67 14.33 32 32 32h32c17.67 0 32-14.33 32-32V304h144c17.67 0 32-14.33 32-32v-32c0-17.67-14.33-32-32-32z\"><\/path><\/svg><\/span>\n\t\t<\/span>\n\n\t\t\t\t\t\t<\/summary>\n\t\t\t\t<div role=\"region\" aria-labelledby=\"e-n-accordion-item-1121\" class=\"elementor-element elementor-element-b6b0c11 e-con-full e-flex e-con e-child\" data-id=\"b6b0c11\" data-element_type=\"container\" data-e-type=\"container\">\n\t\t<div role=\"region\" aria-labelledby=\"e-n-accordion-item-1121\" class=\"elementor-element elementor-element-615d36f e-flex e-con-boxed e-con e-child\" data-id=\"615d36f\" data-element_type=\"container\" data-e-type=\"container\">\n\t\t\t\t\t<div class=\"e-con-inner\">\n\t\t\t\t<div class=\"elementor-element elementor-element-55fd5fa elementor-widget elementor-widget-text-editor\" data-id=\"55fd5fa\" data-element_type=\"widget\" data-e-type=\"widget\" data-widget_type=\"text-editor.default\">\n\t\t\t\t<div class=\"elementor-widget-container\">\n\t\t\t\t\t\t\t\t\t<p>Na zona de chegadas do aeroporto de Paris, os viajantes de neg\u00f3cios cansados precisam muitas vezes de um momento para relaxar. Atualmente, o sabor mirtilo kiwi do cigarro eletr\u00f3nico JNR Falcon 18000 tornou-se a primeira escolha de muitas pessoas. Este cigarro eletr\u00f3nico n\u00e3o s\u00f3 tem um sabor excelente, como tamb\u00e9m \u00e9 port\u00e1til e pr\u00e1tico, o que o torna particularmente adequado para uma utiliza\u00e7\u00e3o de curta dura\u00e7\u00e3o em espa\u00e7os semi-abertos.<\/p><p>A principal carater\u00edstica do aroma de mirtilo e kiwi \u00e9 a sua experi\u00eancia de sabor em camadas. A do\u00e7ura dos mirtilos e a acidez dos kiwis misturam-se perfeitamente, oferecendo aos utilizadores um sabor familiar mas fresco. O sabor \u00e9 bem equilibrado, nem demasiado doce nem demasiado \u00e1cido, adequado para consumidores com todas as prefer\u00eancias de gosto. A tecnologia da bobina de malha dupla de 0,6 ohm do JNR Falcon garante que este sabor complexo \u00e9 totalmente libertado em cada inala\u00e7\u00e3o, permitindo aos utilizadores experimentar a riqueza do mirtilo e a frescura do kiwi.<\/p><p>Em termos de experi\u00eancia do utilizador, o JNR Falcon 18000 oferece vantagens claras. A grande capacidade de 24 ml de e-l\u00edquido e a vida \u00fatil de at\u00e9 18.000 baforadas significam que mesmo os utilizadores frequentes n\u00e3o precisam de substituir o dispositivo com frequ\u00eancia. O teor de nicotina do 2% proporciona uma satisfa\u00e7\u00e3o moderada, evitando uma estimula\u00e7\u00e3o excessiva. O design de fluxo de ar ajust\u00e1vel permite que os utilizadores ajustem a experi\u00eancia de inala\u00e7\u00e3o de acordo com as suas prefer\u00eancias pessoais, pelo que, quer gostem de baforadas ligeiras ou de baforadas completas, podem obter o efeito ideal.<\/p>\t\t\t\t\t\t\t\t<\/div>\n\t\t\t\t<\/div>\n\t\t<div role=\"region\" aria-labelledby=\"e-n-accordion-item-1121\" class=\"elementor-element elementor-element-942ccb0 e-con-full e-flex e-con e-child\" data-id=\"942ccb0\" data-element_type=\"container\" data-e-type=\"container\">\n\t\t<div role=\"region\" aria-labelledby=\"e-n-accordion-item-1121\" class=\"elementor-element elementor-element-d5e4b56 e-con-full e-flex e-con e-child\" data-id=\"d5e4b56\" data-element_type=\"container\" data-e-type=\"container\">\n\t\t\t\t<div class=\"elementor-element elementor-element-381dfcb elementor-widget elementor-widget-image-gallery\" data-id=\"381dfcb\" data-element_type=\"widget\" data-e-type=\"widget\" data-widget_type=\"image-gallery.default\">\n\t\t\t\t<div class=\"elementor-widget-container\">\n\t\t\t\t\t\t\t<div class=\"elementor-image-gallery\">\n\t\t\t<div id='gallery-1' class='gallery galleryid-2134 gallery-columns-1 gallery-size-medium_large'><figure class='gallery-item'>\n\t\t\t<div class='gallery-icon portrait'>\n\t\t\t\t<img fetchpriority=\"high\" decoding=\"async\" width=\"654\" height=\"690\" src=\"https:\/\/puffvapestore.com\/wp-content\/uploads\/2025\/04\/pvajf18000-9.jpg\" class=\"attachment-medium_large size-medium_large\" alt=\"JNR Falcon Mirtilo Kiwi 18000 pvajf18000\" aria-describedby=\"gallery-1-1949\" srcset=\"https:\/\/puffvapestore.com\/wp-content\/uploads\/2025\/04\/pvajf18000-9.jpg 654w, https:\/\/puffvapestore.com\/wp-content\/uploads\/2025\/04\/pvajf18000-9-284x300.jpg 284w, https:\/\/puffvapestore.com\/wp-content\/uploads\/2025\/04\/pvajf18000-9-600x633.jpg 600w\" sizes=\"(max-width: 654px) 100vw, 654px\" \/>\n\t\t\t<\/div>\n\t\t\t\t<figcaption class='wp-caption-text gallery-caption' id='gallery-1-1949'>\n\t\t\t\tJNR Falcon Mirtilo Kiwi 18000 pvajf18000\n\t\t\t\t<\/figcaption><\/figure>\n\t\t<\/div>\n\t\t<\/div>\n\t\t\t\t\t\t<\/div>\n\t\t\t\t<\/div>\n\t\t\t\t<\/div>\n\t\t<div role=\"region\" aria-labelledby=\"e-n-accordion-item-1121\" class=\"elementor-element elementor-element-577deeb e-con-full e-flex e-con e-child\" data-id=\"577deeb\" data-element_type=\"container\" data-e-type=\"container\">\n\t\t\t\t<div class=\"elementor-element elementor-element-5d167cf elementor-widget elementor-widget-text-editor\" data-id=\"5d167cf\" data-element_type=\"widget\" data-e-type=\"widget\" data-widget_type=\"text-editor.default\">\n\t\t\t\t<div class=\"elementor-widget-container\">\n\t\t\t\t\t\t\t\t\t<p>O car\u00e1cter pr\u00e1tico do produto \u00e9 tamb\u00e9m um dos seus pontos de venda. A capacidade da bateria de 950 mAh garante uma utiliza\u00e7\u00e3o a longo prazo, o que \u00e9 particularmente adequado para os utilizadores que viajam ou est\u00e3o ocupados no trabalho. A porta de carregamento Tipo C oferece uma experi\u00eancia de carregamento c\u00f3moda e pode continuar a utiliz\u00e1-lo ap\u00f3s um breve carregamento. O visor digital LED indica claramente o n\u00edvel de energia e a utiliza\u00e7\u00e3o, permitindo aos utilizadores compreender o estado do dispositivo em qualquer altura.<\/p><p>O JNR Falcon 18000 integra muitas funcionalidades avan\u00e7adas num corpo port\u00e1til de 53,5 \u00d7 32 \u00d7 121 mm, que poupa espa\u00e7o e \u00e9 f\u00e1cil de transportar. Quer esteja \u00e0 espera de amigos e familiares no aeroporto ou a fazer uma pequena pausa, este dispositivo pode proporcionar uma experi\u00eancia de utiliza\u00e7\u00e3o conveniente e satisfat\u00f3ria.<\/p>\t\t\t\t\t\t\t\t<\/div>\n\t\t\t\t<\/div>\n\t\t\t\t<\/div>\n\t\t\t\t<\/div>\n\t\t<div role=\"region\" aria-labelledby=\"e-n-accordion-item-1121\" class=\"elementor-element elementor-element-7926c6b e-con-full e-flex e-con e-child\" data-id=\"7926c6b\" data-element_type=\"container\" data-e-type=\"container\">\n\t\t\t\t<div class=\"elementor-element elementor-element-2b41948 elementor-widget elementor-widget-text-editor\" data-id=\"2b41948\" data-element_type=\"widget\" data-e-type=\"widget\" data-widget_type=\"text-editor.default\">\n\t\t\t\t<div class=\"elementor-widget-container\">\n\t\t\t\t\t\t\t\t\t<p>Em suma, h\u00e1 boas raz\u00f5es para que o sabor mirtilo kiwi do JNR Falcon 18000 seja popular entre os consumidores franceses. N\u00e3o s\u00f3 satisfaz a procura de qualidade, como tamb\u00e9m oferece uma experi\u00eancia de utiliza\u00e7\u00e3o c\u00f3moda e pr\u00e1tica. Para os consumidores que procuram um cigarro eletr\u00f3nico descart\u00e1vel de qualidade, esta \u00e9 certamente uma op\u00e7\u00e3o a considerar.<\/p>\t\t\t\t\t\t\t\t<\/div>\n\t\t\t\t<\/div>\n\t\t\t\t<\/div>\n\t\t\t\t\t<\/div>\n\t\t\t\t<\/div>\n\t\t\t\t<\/div>\n\t\t\t\t\t<\/details>\n\t\t\t\t\t<\/div>\n\t\t\t\t\t\t<\/div>\n\t\t\t\t<\/div>\n\t\t\t\t\t<\/div>\n\t\t\t\t<\/div>\n\t\t\t\t<\/div>","protected":false},"excerpt":{"rendered":"<p>Caract\u00e9ristiques du JNR Falcon 18K Blueberry Kiwi: Bouff\u00e9es : Jusqu\u2019\u00e0 18000 bouff\u00e9es Liquide : 24 ml Taux de nicotine : 0 %, 2 %, 5 % R\u00e9sistance : 0.6 ohm Capacit\u00e9 de la batterie : 950 mAh Chargement : Type-C D\u00e9bit d\u2019air r\u00e9glable : Oui Affichage num\u00e9rique R\u00e9sistance double maille et double c\u0153ur Dimensions : [&hellip;]<\/p>\n","protected":false},"featured_media":1949,"comment_status":"open","ping_status":"closed","template":"","meta":{"site-sidebar-layout":"no-sidebar","site-content-layout":"page-builder","ast-site-content-layout":"normal-width-container","site-content-style":"default","site-sidebar-style":"default","ast-global-header-display":"","ast-banner-title-visibility":"","ast-main-header-display":"","ast-hfb-above-header-display":"","ast-hfb-below-header-display":"","ast-hfb-mobile-header-display":"","site-post-title":"disabled","ast-breadcrumbs-content":"","ast-featured-img":"disabled","footer-sml-layout":"","ast-disable-related-posts":"","theme-transparent-header-meta":"default","adv-header-id-meta":"","stick-header-meta":"default","header-above-stick-meta":"","header-main-stick-meta":"","header-below-stick-meta":"","astra-migrate-meta-layouts":"set","ast-page-background-enabled":"default","ast-page-background-meta":{"desktop":{"background-color":"","background-image":"","background-repeat":"repeat","background-position":"center center","background-size":"auto","background-attachment":"scroll","background-type":"","background-media":"","overlay-type":"","overlay-color":"","overlay-opacity":"","overlay-gradient":""},"tablet":{"background-color":"","background-image":"","background-repeat":"repeat","background-position":"center center","background-size":"auto","background-attachment":"scroll","background-type":"","background-media":"","overlay-type":"","overlay-color":"","overlay-opacity":"","overlay-gradient":""},"mobile":{"background-color":"","background-image":"","background-repeat":"repeat","background-position":"center center","background-size":"auto","background-attachment":"scroll","background-type":"","background-media":"","overlay-type":"","overlay-color":"","overlay-opacity":"","overlay-gradient":""}},"ast-content-background-meta":{"desktop":{"background-color":"var(--ast-global-color-5)","background-image":"","background-repeat":"repeat","background-position":"center center","background-size":"auto","background-attachment":"scroll","background-type":"","background-media":"","overlay-type":"","overlay-color":"","overlay-opacity":"","overlay-gradient":""},"tablet":{"background-color":"var(--ast-global-color-5)","background-image":"","background-repeat":"repeat","background-position":"center center","background-size":"auto","background-attachment":"scroll","background-type":"","background-media":"","overlay-type":"","overlay-color":"","overlay-opacity":"","overlay-gradient":""},"mobile":{"background-color":"var(--ast-global-color-5)","background-image":"","background-repeat":"repeat","background-position":"center center","background-size":"auto","background-attachment":"scroll","background-type":"","background-media":"","overlay-type":"","overlay-color":"","overlay-opacity":"","overlay-gradient":""}}},"product_brand":[30],"product_cat":[40,84,77,34,31],"product_tag":[],"class_list":{"0":"post-2134","1":"product","2":"type-product","3":"status-publish","4":"has-post-thumbnail","6":"product_brand-jnr","7":"product_cat-jnr-18k","8":"product_cat-puff-18k","9":"product_cat-entrepot-de-lue","10":"product_cat-puff-jnr","11":"product_cat-jnr-falcon","12":"desktop-align-center","13":"tablet-align-center","14":"mobile-align-center","15":"ast-product-gallery-layout-horizontal","16":"ast-product-gallery-with-no-image","17":"ast-product-single-variable","18":"ast-product-tabs-layout-horizontal","19":"ast-qv-on-image","21":"first","22":"instock","23":"sale","24":"shipping-taxable","25":"purchasable","26":"product-type-variable","27":"has-default-attributes"},"tiered_pricing_type":"fixed","tiered_pricing_fixed_rules":{"30":10.08,"60":9.28,"100":8.13,"200":7.48,"500":7.28,"1000":6.98},"tiered_pricing_product_settings":{"layout":"default","base_unit_name":{"singular":null,"plural":null},"default_variation":null},"tiered_pricing_minimum_quantity":null,"tiered_pricing_roles_data":[],"tiered_pricing_percentage_rules":[],"_links":{"self":[{"href":"https:\/\/puffvapestore.com\/pt\/wp-json\/wp\/v2\/product\/2134","targetHints":{"allow":["GET"]}}],"collection":[{"href":"https:\/\/puffvapestore.com\/pt\/wp-json\/wp\/v2\/product"}],"about":[{"href":"https:\/\/puffvapestore.com\/pt\/wp-json\/wp\/v2\/types\/product"}],"replies":[{"embeddable":true,"href":"https:\/\/puffvapestore.com\/pt\/wp-json\/wp\/v2\/comments?post=2134"}],"version-history":[{"count":24,"href":"https:\/\/puffvapestore.com\/pt\/wp-json\/wp\/v2\/product\/2134\/revisions"}],"predecessor-version":[{"id":13602,"href":"https:\/\/puffvapestore.com\/pt\/wp-json\/wp\/v2\/product\/2134\/revisions\/13602"}],"wp:featuredmedia":[{"embeddable":true,"href":"https:\/\/puffvapestore.com\/pt\/wp-json\/wp\/v2\/media\/1949"}],"wp:attachment":[{"href":"https:\/\/puffvapestore.com\/pt\/wp-json\/wp\/v2\/media?parent=2134"}],"wp:term":[{"taxonomy":"product_brand","embeddable":true,"href":"https:\/\/puffvapestore.com\/pt\/wp-json\/wp\/v2\/product_brand?post=2134"},{"taxonomy":"product_cat","embeddable":true,"href":"https:\/\/puffvapestore.com\/pt\/wp-json\/wp\/v2\/product_cat?post=2134"},{"taxonomy":"product_tag","embeddable":true,"href":"https:\/\/puffvapestore.com\/pt\/wp-json\/wp\/v2\/product_tag?post=2134"}],"curies":[{"name":"wp","href":"https:\/\/api.w.org\/{rel}","templated":true}]}}